{"id":1909,"date":"2025-11-27T14:41:30","date_gmt":"2025-11-27T06:41:30","guid":{"rendered":"https:\/\/www.epotr.com\/?post_type=product&#038;p=1909"},"modified":"2026-01-19T16:03:54","modified_gmt":"2026-01-19T08:03:54","slug":"eph-off-grid-hybrid-inverter","status":"publish","type":"product","link":"https:\/\/www.epotr.com\/fr\/off-grid-inverter\/eph-off-grid-hybrid-inverter\/","title":{"rendered":"EPH OFF GRID INVERTER HYBRIDE"},"content":{"rendered":"<table style=\"width: 64.0859%; height: 1035px;\" width=\"931\">\n<tbody>\n<tr style=\"height: 23px;\">\n<td style=\"height: 23px;\" width=\"347\">Mod\u00e8le<\/td>\n<td style=\"height: 23px;\" colspan=\"2\" width=\"296\">EP-H8K5S-48L-NG<\/td>\n<td style=\"height: 23px;\" colspan=\"2\" width=\"288\">EP-H11KS-48L-NG<\/td>\n<\/tr>\n<tr style=\"height: 23px;\">\n<td style=\"height: 23px;\" width=\"347\">Capacit\u00e9<\/td>\n<td style=\"height: 23px;\" colspan=\"2\" width=\"296\">8.5KVA\/8.5KW<\/td>\n<td style=\"height: 23px;\" colspan=\"2\" width=\"288\">11 KW<\/td>\n<\/tr>\n<tr style=\"height: 23px;\">\n<td style=\"height: 23px;\" width=\"347\">Puissance d'entr\u00e9e PV maximale<\/td>\n<td style=\"height: 23px;\" colspan=\"2\" width=\"296\">10 kilowatts<\/td>\n<td style=\"height: 23px;\" colspan=\"2\" width=\"288\">11 kilowatts<\/td>\n<\/tr>\n<tr style=\"height: 23px;\">\n<td style=\"height: 23px;\" width=\"347\">Capacit\u00e9 parall\u00e8le<\/td>\n<td style=\"height: 23px;\" colspan=\"2\" width=\"296\">NON<\/td>\n<td style=\"height: 23px;\" colspan=\"2\" width=\"288\">NON<\/td>\n<\/tr>\n<tr style=\"height: 23px;\">\n<td style=\"height: 23px;\" width=\"347\">Activation batterie lithium<\/td>\n<td style=\"height: 23px;\" colspan=\"4\" width=\"584\">OUI (par PV ou utilit\u00e9)<\/td>\n<\/tr>\n<tr style=\"height: 23px;\">\n<td style=\"height: 23px;\" width=\"347\">Communication batterie lithium<\/td>\n<td style=\"height: 23px;\" colspan=\"4\" width=\"584\">Oui (RS485)<\/td>\n<\/tr>\n<tr style=\"height: 23px;\">\n<td style=\"height: 23px;\" colspan=\"5\" width=\"931\">Entr\u00e9e<\/td>\n<\/tr>\n<tr style=\"height: 23px;\">\n<td style=\"height: 23px;\" width=\"347\">Tension nominale<\/td>\n<td style=\"height: 23px;\" colspan=\"4\" width=\"584\">230VAC<\/td>\n<\/tr>\n<tr style=\"height: 23px;\">\n<td style=\"height: 23px;\" width=\"347\">Plage de tension acceptable<\/td>\n<td style=\"height: 23px;\" colspan=\"4\" width=\"584\">170-280VAC (pour ordinateur personnel); 90-280VAC (pour les appareils \u00e9lectrom\u00e9nagers)<\/td>\n<\/tr>\n<tr style=\"height: 23px;\">\n<td style=\"height: 23px;\" width=\"347\">Fr\u00e9quence<\/td>\n<td style=\"height: 23px;\" colspan=\"4\" width=\"584\">50\/60 Hz (d\u00e9tection automatique)<\/td>\n<\/tr>\n<tr style=\"height: 23px;\">\n<td style=\"height: 23px;\" colspan=\"5\" width=\"931\">Sortie<\/td>\n<\/tr>\n<tr style=\"height: 23px;\">\n<td style=\"height: 23px;\" width=\"347\">Tension nominale<\/td>\n<td style=\"height: 23px;\" colspan=\"4\" width=\"584\">220\/230\/240VAC<\/td>\n<\/tr>\n<tr style=\"height: 23px;\">\n<td style=\"height: 23px;\" width=\"347\">Puissance Surge<\/td>\n<td style=\"height: 23px;\" colspan=\"2\" width=\"296\">17000VA<\/td>\n<td style=\"height: 23px;\" colspan=\"2\" width=\"288\">22000VA<\/td>\n<\/tr>\n<tr style=\"height: 23px;\">\n<td style=\"height: 23px;\" width=\"347\">Fr\u00e9quence<\/td>\n<td style=\"height: 23px;\" colspan=\"4\" width=\"584\">50\/60 Hz<\/td>\n<\/tr>\n<tr style=\"height: 23px;\">\n<td style=\"height: 23px;\" width=\"347\">Forme d'onde<\/td>\n<td style=\"height: 23px;\" colspan=\"4\" width=\"584\">Onde sinusoidale pure<\/td>\n<\/tr>\n<tr style=\"height: 23px;\">\n<td style=\"height: 23px;\" width=\"347\">Doubles sorties<\/td>\n<td style=\"height: 23px;\" colspan=\"4\" width=\"584\">Oui<\/td>\n<\/tr>\n<tr style=\"height: 23px;\">\n<td style=\"height: 23px;\" width=\"347\">Temps de transfert<\/td>\n<td style=\"height: 23px;\" colspan=\"4\" width=\"584\">10ms (pour ordinateur personnel); 20ms (pour les appareils \u00e9lectrom\u00e9nagers)<\/td>\n<\/tr>\n<tr style=\"height: 23px;\">\n<td style=\"height: 23px;\" width=\"347\">Efficacit\u00e9 maximale<\/td>\n<td style=\"height: 23px;\" colspan=\"4\" width=\"584\">94%<\/td>\n<\/tr>\n<tr style=\"height: 23px;\">\n<td style=\"height: 23px;\" width=\"347\">Protection contre la surcharge<\/td>\n<td style=\"height: 23px;\" colspan=\"4\" width=\"584\">5s@&gt;  = 140% de charge; 10s@110  % \u00e0 140 % de charge<\/td>\n<\/tr>\n<tr style=\"height: 23px;\">\n<td style=\"height: 23px;\" width=\"347\">Facteur de puissance admissible<\/td>\n<td style=\"height: 23px;\" colspan=\"4\" width=\"584\">0,6 ~ 1 (inductif ou capacitif)<\/td>\n<\/tr>\n<tr style=\"height: 23px;\">\n<td style=\"height: 23px;\" colspan=\"5\" width=\"931\">BATTERIE<\/td>\n<\/tr>\n<tr style=\"height: 23px;\">\n<td style=\"height: 23px;\" width=\"347\">Voltage de la batterie<\/td>\n<td style=\"height: 23px;\" colspan=\"2\" width=\"296\">48Vdc<\/td>\n<td style=\"height: 23px;\" colspan=\"2\" width=\"288\">48Vdc<\/td>\n<\/tr>\n<tr style=\"height: 23px;\">\n<td style=\"height: 23px;\" width=\"347\">Courant de d\u00e9charge maximum<\/td>\n<td style=\"height: 23px;\" colspan=\"2\" width=\"296\">180A<\/td>\n<td style=\"height: 23px;\" colspan=\"2\" width=\"288\">220A<\/td>\n<\/tr>\n<tr style=\"height: 23px;\">\n<td style=\"height: 23px;\" width=\"347\">Voltage de charge flottante<\/td>\n<td style=\"height: 23px;\" colspan=\"2\" width=\"296\">54Vdc<\/td>\n<td style=\"height: 23px;\" colspan=\"2\" width=\"288\">54Vdc<\/td>\n<\/tr>\n<tr style=\"height: 23px;\">\n<td style=\"height: 23px;\" width=\"347\">Protection contre les surcharges<\/td>\n<td style=\"height: 23px;\" colspan=\"2\" width=\"296\">63 Vdc<\/td>\n<td style=\"height: 23px;\" colspan=\"2\" width=\"288\">63 Vdc<\/td>\n<\/tr>\n<tr style=\"height: 23px;\">\n<td style=\"height: 23px;\" width=\"347\">M\u00e9thode de charge<\/td>\n<td style=\"height: 23px;\" colspan=\"4\" width=\"584\">CC\/CV<\/td>\n<\/tr>\n<tr style=\"height: 23px;\">\n<td style=\"height: 23px;\" colspan=\"5\" width=\"931\">Chargeur solaire &amp; Chargeur AC<\/td>\n<\/tr>\n<tr style=\"height: 23px;\">\n<td style=\"height: 23px;\" width=\"347\">TYPE de chargeur solaire<\/td>\n<td style=\"height: 23px;\" colspan=\"2\" width=\"296\">MPPT<\/td>\n<td style=\"height: 23px;\" colspan=\"2\" width=\"288\">MPPT<\/td>\n<\/tr>\n<tr style=\"height: 23px;\">\n<td style=\"height: 23px;\" width=\"347\">\u00a0Puissance du tableau Max.PV<\/td>\n<td style=\"height: 23px;\" colspan=\"2\" width=\"296\">5000W * 2<\/td>\n<td style=\"height: 23px;\" colspan=\"2\" width=\"288\">5000W * 2<\/td>\n<\/tr>\n<tr style=\"height: 23px;\">\n<td style=\"height: 23px;\" width=\"347\">Voltage de circuit ouvert de matrice Max.PV<\/td>\n<td style=\"height: 23px;\" colspan=\"2\" width=\"296\">500Vdc<\/td>\n<td style=\"height: 23px;\" colspan=\"2\" width=\"288\">500Vdc<\/td>\n<\/tr>\n<tr style=\"height: 23px;\">\n<td style=\"height: 23px;\" width=\"347\">Plage de tension MPPT du r\u00e9seau PV<\/td>\n<td style=\"height: 23px;\" colspan=\"2\" width=\"296\">60Vdc ~ 500Vdc<\/td>\n<td style=\"height: 23px;\" colspan=\"2\" width=\"288\">60Vdc ~ 500Vdc<\/td>\n<\/tr>\n<tr style=\"height: 23px;\">\n<td style=\"height: 23px;\" width=\"347\">Courant d'entr\u00e9e Max.Solar<\/td>\n<td style=\"height: 23px;\" colspan=\"2\" width=\"296\">18A*2<\/td>\n<td style=\"height: 23px;\" colspan=\"2\" width=\"288\">18A*2<\/td>\n<\/tr>\n<tr style=\"height: 23px;\">\n<td style=\"height: 23px;\" width=\"347\">Max.Solar courant de charge<\/td>\n<td style=\"height: 23px;\" colspan=\"2\" width=\"296\">140A<\/td>\n<td style=\"height: 23px;\" colspan=\"2\" width=\"288\">160A<\/td>\n<\/tr>\n<tr style=\"height: 23px;\">\n<td style=\"height: 23px;\" width=\"347\">Courant de charge Max.AC<\/td>\n<td style=\"height: 23px;\" colspan=\"2\" width=\"296\">120A<\/td>\n<td style=\"height: 23px;\" colspan=\"2\" width=\"288\">120A<\/td>\n<\/tr>\n<tr style=\"height: 23px;\">\n<td style=\"height: 23px;\" width=\"347\">\u00a0Max.Charge courant<\/td>\n<td style=\"height: 23px;\" colspan=\"2\" width=\"296\">140A<\/td>\n<td style=\"height: 23px;\" colspan=\"2\" width=\"288\">160A<\/td>\n<\/tr>\n<tr style=\"height: 23px;\">\n<td style=\"height: 23px;\" colspan=\"5\" width=\"931\">PHYSIQUE<\/td>\n<\/tr>\n<tr style=\"height: 23px;\">\n<td style=\"height: 23px;\" width=\"347\">Dimensions, LxLxH (mm)<\/td>\n<td style=\"height: 23px;\" colspan=\"2\" width=\"296\">540x403x122<\/td>\n<td style=\"height: 23px;\" colspan=\"2\" width=\"288\">540x403x122<\/td>\n<\/tr>\n<tr style=\"height: 23px;\">\n<td style=\"height: 23px;\" width=\"347\">Dimensions de l'emballage, D \u00d7 L \u00d7 H (mm)<\/td>\n<td style=\"height: 23px;\" colspan=\"2\" width=\"296\">637x495x214<\/td>\n<td style=\"height: 23px;\" colspan=\"2\" width=\"288\">637x495x214<\/td>\n<\/tr>\n<tr style=\"height: 23px;\">\n<td style=\"height: 23px;\" width=\"347\">Poids net (kg)<\/td>\n<td style=\"height: 23px;\" colspan=\"2\" width=\"296\">14.5<\/td>\n<td style=\"height: 23px;\" colspan=\"2\" width=\"288\">14.8<\/td>\n<\/tr>\n<tr style=\"height: 23px;\">\n<td style=\"height: 23px;\" width=\"347\">Interface de communication<\/td>\n<td style=\"height: 23px;\" colspan=\"4\" width=\"584\">RS232 \/ RS485 \/ sec CONTACT<\/td>\n<\/tr>\n<tr style=\"height: 23px;\">\n<td style=\"height: 23px;\" width=\"347\">\u00e9cran LCD<\/td>\n<td style=\"height: 23px;\" colspan=\"4\" width=\"584\">\u00a0\u00c9cran color\u00e9 lumi\u00e8re RGB<\/td>\n<\/tr>\n<tr style=\"height: 23px;\">\n<td style=\"height: 23px;\" colspan=\"5\" width=\"931\">ENVIRONNEMENT<\/td>\n<\/tr>\n<tr style=\"height: 23px;\">\n<td style=\"height: 23px;\" width=\"347\">Plage de temp\u00e9rature de fonctionnement<\/td>\n<td style=\"height: 23px;\" colspan=\"4\" width=\"584\">\u00a0-10 \u2103 \u00e0 55 \u2103<\/td>\n<\/tr>\n<tr style=\"height: 23px;\">\n<td style=\"height: 23px;\" width=\"347\">Temp\u00e9rature de stockage<\/td>\n<td style=\"height: 23px;\" colspan=\"4\" width=\"584\">- 15 \u2103 ~ 60 \u2103<\/td>\n<\/tr>\n<tr style=\"height: 23px;\">\n<td style=\"height: 23px;\" width=\"347\">Humidit\u00e9<\/td>\n<td style=\"height: 23px;\" colspan=\"4\" width=\"584\">5% \u00e0 95% d'humidit\u00e9 relative (non condensant)<\/td>\n<\/tr>\n<\/tbody>\n<\/table>","protected":false},"excerpt":{"rendered":"<p>BRAND NEW DESIGN, conception technologique, qualit\u00e9 fiable, prix raisonnable<\/p>","protected":false},"featured_media":1910,"comment_status":"closed","ping_status":"closed","template":"","meta":[],"product_brand":[],"product_cat":[30,31],"product_tag":[],"class_list":{"0":"post-1909","1":"product","2":"type-product","3":"status-publish","4":"has-post-thumbnail","6":"product_cat-hybrid-inverter","7":"product_cat-off-grid-inverter","9":"first","10":"instock","11":"shipping-taxable","12":"product-type-simple"},"_links":{"self":[{"href":"https:\/\/www.epotr.com\/fr\/wp-json\/wp\/v2\/product\/1909","targetHints":{"allow":["GET"]}}],"collection":[{"href":"https:\/\/www.epotr.com\/fr\/wp-json\/wp\/v2\/product"}],"about":[{"href":"https:\/\/www.epotr.com\/fr\/wp-json\/wp\/v2\/types\/product"}],"replies":[{"embeddable":true,"href":"https:\/\/www.epotr.com\/fr\/wp-json\/wp\/v2\/comments?post=1909"}],"wp:featuredmedia":[{"embeddable":true,"href":"https:\/\/www.epotr.com\/fr\/wp-json\/wp\/v2\/media\/1910"}],"wp:attachment":[{"href":"https:\/\/www.epotr.com\/fr\/wp-json\/wp\/v2\/media?parent=1909"}],"wp:term":[{"taxonomy":"product_brand","embeddable":true,"href":"https:\/\/www.epotr.com\/fr\/wp-json\/wp\/v2\/product_brand?post=1909"},{"taxonomy":"product_cat","embeddable":true,"href":"https:\/\/www.epotr.com\/fr\/wp-json\/wp\/v2\/product_cat?post=1909"},{"taxonomy":"product_tag","embeddable":true,"href":"https:\/\/www.epotr.com\/fr\/wp-json\/wp\/v2\/product_tag?post=1909"}],"curies":[{"name":"WP","href":"https:\/\/api.w.org\/{rel}","templated":true}]}}