{"id":1670,"date":"2025-08-29T17:14:22","date_gmt":"2025-08-29T09:14:22","guid":{"rendered":"https:\/\/www.epotr.com\/?post_type=product&#038;p=1670"},"modified":"2026-01-19T16:06:31","modified_gmt":"2026-01-19T08:06:31","slug":"eph-series-8-5-11kw-off-grid-inverter","status":"publish","type":"product","link":"https:\/\/www.epotr.com\/fr\/home-ess\/eph-series-8-5-11kw-off-grid-inverter\/","title":{"rendered":"S\u00e9rie EPH 8.5\/11KW OFF GRID INVERTER"},"content":{"rendered":"<table width=\"916\">\n<tbody>\n<tr>\n<td width=\"333\">Mod\u00e8le<\/td>\n<td colspan=\"3\" width=\"294\">EP-H8K5S-48L-NG<\/td>\n<td colspan=\"2\" width=\"288\">EP-H11KS-48L-NG<\/td>\n<\/tr>\n<tr>\n<td width=\"333\">Capacit\u00e9<\/td>\n<td colspan=\"3\" width=\"294\">8.5KVA\/8.5KW<\/td>\n<td colspan=\"2\" width=\"288\">11 KW<\/td>\n<\/tr>\n<tr>\n<td width=\"333\">Puissance d'entr\u00e9e PV maximale<\/td>\n<td colspan=\"3\" width=\"294\">10 kilowatts<\/td>\n<td colspan=\"2\" width=\"288\">11 kilowatts<\/td>\n<\/tr>\n<tr>\n<td width=\"333\">Capacit\u00e9 parall\u00e8le<\/td>\n<td colspan=\"3\" width=\"294\">NON<\/td>\n<td colspan=\"2\" width=\"288\">NON<\/td>\n<\/tr>\n<tr>\n<td width=\"333\">Activation batterie lithium<\/td>\n<td colspan=\"5\" width=\"582\">OUI (par PV ou utilit\u00e9)<\/td>\n<\/tr>\n<tr>\n<td width=\"333\">Communication batterie lithium<\/td>\n<td colspan=\"5\" width=\"582\">Oui (RS485)<\/td>\n<\/tr>\n<tr>\n<td colspan=\"6\" width=\"916\">Entr\u00e9e<\/td>\n<\/tr>\n<tr>\n<td width=\"333\">Tension nominale<\/td>\n<td colspan=\"5\" width=\"582\">\u00a0\u00a0\u00a0\u00a0\u00a0\u00a0\u00a0230VAC<\/td>\n<\/tr>\n<tr>\n<td width=\"333\">Plage de tension acceptable<\/td>\n<td colspan=\"5\" width=\"582\">170-280VAC (pour ordinateur personnel); 90-280VAC (pour les appareils \u00e9lectrom\u00e9nagers)<\/td>\n<\/tr>\n<tr>\n<td width=\"333\">Fr\u00e9quence<\/td>\n<td colspan=\"5\" width=\"582\">50\/60 Hz (d\u00e9tection automatique)<\/td>\n<\/tr>\n<tr>\n<td colspan=\"6\" width=\"916\">Sortie<\/td>\n<\/tr>\n<tr>\n<td width=\"333\">Tension nominale<\/td>\n<td colspan=\"5\" width=\"582\">220\/230\/240VAC<\/td>\n<\/tr>\n<tr>\n<td width=\"333\">Puissance Surge<\/td>\n<td colspan=\"3\" width=\"294\">17000VA<\/td>\n<td colspan=\"2\" width=\"288\">\u00a022000VA<\/td>\n<\/tr>\n<tr>\n<td width=\"333\">Fr\u00e9quence<\/td>\n<td colspan=\"5\" width=\"582\">50\/60 Hz<\/td>\n<\/tr>\n<tr>\n<td colspan=\"2\" width=\"364\"><\/td>\n<td colspan=\"4\" width=\"552\">Onde sinusoidale pure<\/td>\n<\/tr>\n<tr>\n<td colspan=\"2\" width=\"364\">Doubles sorties<\/td>\n<td colspan=\"4\" width=\"552\">Oui<\/td>\n<\/tr>\n<tr>\n<td colspan=\"2\" width=\"364\"><\/td>\n<td colspan=\"4\" width=\"552\">10ms (pour ordinateur personnel); 20ms (pour les appareils \u00e9lectrom\u00e9nagers)<\/td>\n<\/tr>\n<tr>\n<td colspan=\"2\" width=\"364\">Efficacit\u00e9 maximale<\/td>\n<td colspan=\"4\" width=\"552\">94%<\/td>\n<\/tr>\n<tr>\n<td colspan=\"2\" width=\"364\">Protection contre la surcharge<\/td>\n<td colspan=\"4\" width=\"552\">5s@&gt;  = 140% de charge; 10s@110  % \u00e0 140 % de charge<\/td>\n<\/tr>\n<tr>\n<td colspan=\"2\" width=\"364\">Facteur de puissance admissible<\/td>\n<td colspan=\"4\" width=\"552\">0,6 ~ 1 (inductif ou capacitif)<\/td>\n<\/tr>\n<tr>\n<td colspan=\"6\" width=\"916\">BATTERIE<\/td>\n<\/tr>\n<tr>\n<td colspan=\"2\" width=\"364\">Voltage de la batterie<\/td>\n<td width=\"188\">48Vdc<\/td>\n<td colspan=\"3\" width=\"364\">48Vdc<\/td>\n<\/tr>\n<tr>\n<td colspan=\"2\" width=\"364\">Courant de d\u00e9charge maximum<\/td>\n<td width=\"188\">180A<\/td>\n<td colspan=\"3\" width=\"364\">220A<\/td>\n<\/tr>\n<tr>\n<td colspan=\"2\" width=\"364\">Voltage de charge flottante<\/td>\n<td width=\"188\">54Vdc<\/td>\n<td colspan=\"3\" width=\"364\">54Vdc<\/td>\n<\/tr>\n<tr>\n<td colspan=\"2\" width=\"364\">Protection contre les surcharges<\/td>\n<td width=\"188\">63 Vdc<\/td>\n<td colspan=\"3\" width=\"364\">63 Vdc<\/td>\n<\/tr>\n<tr>\n<td colspan=\"2\" width=\"364\">M\u00e9thode de charge<\/td>\n<td width=\"188\"><\/td>\n<td colspan=\"3\" width=\"364\">\u00a0 CC\/CV<\/td>\n<\/tr>\n<tr>\n<td width=\"333\">Chargeur solaire &amp; Chargeur AC<\/td>\n<td colspan=\"5\" width=\"582\"><\/td>\n<\/tr>\n<tr>\n<td colspan=\"2\" width=\"364\">TYPE de chargeur solaire<\/td>\n<td width=\"188\">MPPT<\/td>\n<td colspan=\"3\" width=\"364\">MPPT<\/td>\n<\/tr>\n<tr>\n<td colspan=\"2\" width=\"364\">Puissance du tableau Max.PV<\/td>\n<td width=\"188\">5000W * 2<\/td>\n<td colspan=\"3\" width=\"364\">5000W * 2<\/td>\n<\/tr>\n<tr>\n<td colspan=\"2\" width=\"364\">Voltage de circuit ouvert de matrice Max.PV<\/td>\n<td width=\"188\">500Vdc<\/td>\n<td colspan=\"3\" width=\"364\">500Vdc<\/td>\n<\/tr>\n<tr>\n<td colspan=\"2\" width=\"364\">Plage de tension MPPT du r\u00e9seau PV<\/td>\n<td width=\"188\">60Vdc ~ 500Vdc<\/td>\n<td colspan=\"3\" width=\"364\">60Vdc ~ 500Vdc<\/td>\n<\/tr>\n<tr>\n<td colspan=\"2\" width=\"364\">Courant d'entr\u00e9e Max.Solar<\/td>\n<td width=\"188\">18A*2<\/td>\n<td colspan=\"3\" width=\"364\">18A*2<\/td>\n<\/tr>\n<tr>\n<td colspan=\"2\" width=\"364\">Max.Solar courant de charge<\/td>\n<td width=\"188\">140A<\/td>\n<td colspan=\"3\" width=\"364\">160A<\/td>\n<\/tr>\n<tr>\n<td colspan=\"2\" width=\"364\">Courant de charge Max.AC<\/td>\n<td width=\"188\">120A<\/td>\n<td colspan=\"3\" width=\"364\">120A<\/td>\n<\/tr>\n<tr>\n<td colspan=\"2\" width=\"364\">Max.Charge courant<\/td>\n<td width=\"188\">140A<\/td>\n<td colspan=\"3\" width=\"364\">160A<\/td>\n<\/tr>\n<tr>\n<td colspan=\"6\" width=\"916\">PHYSIQUE<\/td>\n<\/tr>\n<tr>\n<td width=\"333\">Dimensions, LxLxH (mm)<\/td>\n<td colspan=\"5\" width=\"582\">\u00a0 540x403x122<\/td>\n<\/tr>\n<tr>\n<td width=\"333\">Dimensions de l'emballage, D \u00d7 L \u00d7 H (mm)<\/td>\n<td colspan=\"3\" width=\"294\">637x495x214<\/td>\n<td colspan=\"2\" width=\"288\">637 et 215; 495 \u00d7 214<\/td>\n<\/tr>\n<tr>\n<td width=\"333\">Poids net (kg)<\/td>\n<td colspan=\"3\" width=\"294\">14.5<\/td>\n<td colspan=\"2\" width=\"288\">14.8<\/td>\n<\/tr>\n<tr>\n<td width=\"333\">Interface de communication<\/td>\n<td colspan=\"5\" width=\"582\">RS232 \/ RS485 \/ sec CONTACT<\/td>\n<\/tr>\n<tr>\n<td width=\"333\">\u00e9cran LCD<\/td>\n<td colspan=\"5\" width=\"582\">\u00a0 \u00c9cran color\u00e9 lumi\u00e8re RGB<\/td>\n<\/tr>\n<tr>\n<td colspan=\"6\" width=\"916\">ENVIRONNEMENT<\/td>\n<\/tr>\n<tr>\n<td width=\"333\">Plage de temp\u00e9rature de fonctionnement<\/td>\n<td colspan=\"5\" width=\"582\">\u00a0 -10 \u2103 \u00e0 55 \u2103<\/td>\n<\/tr>\n<tr>\n<td width=\"333\">Temp\u00e9rature de stockage<\/td>\n<td colspan=\"5\" width=\"582\">- 15 \u2103 ~ 60 \u2103<\/td>\n<\/tr>\n<tr>\n<td width=\"333\">Humidit\u00e9<\/td>\n<td colspan=\"5\" width=\"582\">5% \u00e0 95% d'humidit\u00e9 relative (non condensant)<\/td>\n<\/tr>\n<\/tbody>\n<\/table>","protected":false},"excerpt":{"rendered":"<p>MODEL EP-H8K5S-48L-NG EP-H11KS-48L-NG Capacity 8.5KVA\/8.5KW 11KVA\/11KW Maximum PV Input Power 10KW 11KW Parallel Capability NO NO Lithium Battery Activation YES(By PV or Utility) Lithium Battery Communication YES(RS485) INPUT Nominal Voltage \u00a0\u00a0\u00a0\u00a0\u00a0\u00a0\u00a0230VAC Acceptable Voltage Range 170-280VAC(For\u00a0 personal\u00a0 Computer);90-280VAC(For\u00a0 Home\u00a0 Appliances) Frequency 50\/60 Hz(Auto sensing) OUTPUT Nominal Voltage 220\/230\/240VAC Surge\u00a0 Power 17000VA \u00a022000VA Frequency 50\/60\u00a0 Hz Pure [&hellip;]<\/p>\n","protected":false},"featured_media":2021,"comment_status":"closed","ping_status":"closed","template":"","meta":[],"product_brand":[],"product_cat":[15],"product_tag":[],"class_list":{"0":"post-1670","1":"product","2":"type-product","3":"status-publish","4":"has-post-thumbnail","6":"product_cat-home-ess","8":"first","9":"instock","10":"shipping-taxable","11":"product-type-simple"},"_links":{"self":[{"href":"https:\/\/www.epotr.com\/fr\/wp-json\/wp\/v2\/product\/1670","targetHints":{"allow":["GET"]}}],"collection":[{"href":"https:\/\/www.epotr.com\/fr\/wp-json\/wp\/v2\/product"}],"about":[{"href":"https:\/\/www.epotr.com\/fr\/wp-json\/wp\/v2\/types\/product"}],"replies":[{"embeddable":true,"href":"https:\/\/www.epotr.com\/fr\/wp-json\/wp\/v2\/comments?post=1670"}],"wp:featuredmedia":[{"embeddable":true,"href":"https:\/\/www.epotr.com\/fr\/wp-json\/wp\/v2\/media\/2021"}],"wp:attachment":[{"href":"https:\/\/www.epotr.com\/fr\/wp-json\/wp\/v2\/media?parent=1670"}],"wp:term":[{"taxonomy":"product_brand","embeddable":true,"href":"https:\/\/www.epotr.com\/fr\/wp-json\/wp\/v2\/product_brand?post=1670"},{"taxonomy":"product_cat","embeddable":true,"href":"https:\/\/www.epotr.com\/fr\/wp-json\/wp\/v2\/product_cat?post=1670"},{"taxonomy":"product_tag","embeddable":true,"href":"https:\/\/www.epotr.com\/fr\/wp-json\/wp\/v2\/product_tag?post=1670"}],"curies":[{"name":"WP","href":"https:\/\/api.w.org\/{rel}","templated":true}]}}