{"id":1663,"date":"2025-08-29T16:45:59","date_gmt":"2025-08-29T08:45:59","guid":{"rendered":"https:\/\/www.epotr.com\/?post_type=product&#038;p=1663"},"modified":"2025-09-18T13:46:03","modified_gmt":"2025-09-18T05:46:03","slug":"ci-ess-solutions","status":"publish","type":"product","link":"https:\/\/www.epotr.com\/fr\/ci-ess\/ci-ess-solutions\/","title":{"rendered":"C&#038; I Solutions ESS"},"content":{"rendered":"<table width=\"887\">\n<tbody>\n<tr>\n<td style=\"text-align: center;\" colspan=\"5\" width=\"887\">Mod\u00e8le ESS<br \/>\nEP-ST-80KH-40K<\/td>\n<\/tr>\n<tr>\n<td style=\"text-align: center;\" colspan=\"4\" width=\"485\">Param\u00e8tres principaux<\/td>\n<td style=\"text-align: center;\" width=\"402\"><\/td>\n<\/tr>\n<tr>\n<td style=\"text-align: center;\" colspan=\"4\" width=\"485\">\u00c9nergie du module de batterie (kWh)<\/td>\n<td style=\"text-align: center;\" width=\"402\">16.08<\/td>\n<\/tr>\n<tr>\n<td style=\"text-align: center;\" colspan=\"4\" width=\"485\">Voltage nominale du module de batterie (V)<\/td>\n<td style=\"text-align: center;\" width=\"402\">51.2<\/td>\n<\/tr>\n<tr>\n<td style=\"text-align: center;\" colspan=\"4\" width=\"485\">Capacit\u00e9 du module de batterie (Ah)<\/td>\n<td style=\"text-align: center;\" width=\"402\">314<\/td>\n<\/tr>\n<tr>\n<td style=\"text-align: center;\" colspan=\"4\" width=\"485\">Poids du module Approximatif (kg)<\/td>\n<td style=\"text-align: center;\" width=\"402\">135<\/td>\n<\/tr>\n<tr>\n<td style=\"text-align: center;\" colspan=\"4\" width=\"485\">Module de batterie Qty en s\u00e9rie (facultatif)<\/td>\n<td style=\"text-align: center;\" width=\"402\">15<\/td>\n<\/tr>\n<tr>\n<td style=\"text-align: center;\" colspan=\"4\" width=\"485\">\u00c9scalabilit\u00e9<\/td>\n<td style=\"text-align: center;\" width=\"402\">5 \u00e0 15<\/td>\n<\/tr>\n<tr>\n<td style=\"text-align: center;\" colspan=\"4\" width=\"485\">Tension nominale du syst\u00e8me (V)<\/td>\n<td style=\"text-align: center;\" width=\"402\">768<\/td>\n<\/tr>\n<tr>\n<td style=\"text-align: center;\" colspan=\"4\" width=\"485\">\u00c9nergie du syst\u00e8me (kWh)<\/td>\n<td style=\"text-align: center;\" width=\"402\">241<\/td>\n<\/tr>\n<tr>\n<td style=\"text-align: center;\" colspan=\"4\" width=\"485\">\u00c9nergie utilisable du syst\u00e8me (kWh)<\/td>\n<td style=\"text-align: center;\" width=\"402\">216.9<\/td>\n<\/tr>\n<tr>\n<td style=\"text-align: center;\" colspan=\"4\" width=\"485\">Courant de charge\/d\u00e9charge (A)<\/td>\n<td style=\"text-align: center;\" width=\"402\">Recommander 150<\/td>\n<\/tr>\n<tr>\n<td style=\"text-align: center;\" colspan=\"4\" width=\"485\"><\/td>\n<td style=\"text-align: center;\" width=\"402\">MAX 200<\/td>\n<\/tr>\n<tr>\n<td style=\"text-align: center;\" colspan=\"5\" width=\"887\">AUTRES PARAMENTS<\/td>\n<\/tr>\n<tr>\n<td style=\"text-align: center;\" colspan=\"2\" width=\"329\">Temp\u00e9rature de fonctionnement (\u2103)<\/td>\n<td style=\"text-align: center;\" colspan=\"3\" width=\"557\">d\u00e9charge: -20 ~ 55 charge: 0 ~ 55<\/td>\n<\/tr>\n<tr>\n<td style=\"text-align: center;\" colspan=\"2\" width=\"329\">Temp\u00e9rature de stockage (\u2103)<\/td>\n<td style=\"text-align: center;\" colspan=\"3\" width=\"557\">0 \u00e0 35<\/td>\n<\/tr>\n<tr>\n<td style=\"text-align: center;\" colspan=\"2\" width=\"329\">Gestion thermique<\/td>\n<td style=\"text-align: center;\" colspan=\"3\" width=\"557\">Refroidissement intelligent du ventilateur<\/td>\n<\/tr>\n<tr>\n<td style=\"text-align: center;\" colspan=\"2\" width=\"329\"><\/td>\n<td style=\"text-align: center;\" colspan=\"3\" width=\"557\">SOC\/Code de d\u00e9faut<\/td>\n<\/tr>\n<tr>\n<td style=\"text-align: center;\" colspan=\"2\" width=\"329\">Indicateur de statut<\/td>\n<td style=\"text-align: center;\" colspan=\"3\" width=\"557\">Jaune: batterie haute tension alimentation sur rouge: alarme syst\u00e8me de batterie<\/td>\n<\/tr>\n<tr>\n<td style=\"text-align: center;\" colspan=\"2\" width=\"329\">Port de communication<\/td>\n<td style=\"text-align: center;\" colspan=\"3\" width=\"557\">TCP \/ RS485 \/ CAN<\/td>\n<\/tr>\n<tr>\n<td style=\"text-align: center;\" colspan=\"2\" width=\"329\">Communication avec BMS<\/td>\n<td style=\"text-align: center;\" colspan=\"3\" width=\"557\">CAN<\/td>\n<\/tr>\n<tr>\n<td style=\"text-align: center;\" colspan=\"2\" width=\"329\"><\/td>\n<td style=\"text-align: center;\" colspan=\"3\" width=\"557\">5 \u00e0 85%<\/td>\n<\/tr>\n<tr>\n<td style=\"text-align: center;\" colspan=\"2\" width=\"329\">Altitude<\/td>\n<td style=\"text-align: center;\" colspan=\"3\" width=\"557\">\u22643000m<\/td>\n<\/tr>\n<tr>\n<td style=\"text-align: center;\" colspan=\"2\" width=\"329\">Classement IP de l'enceinte<\/td>\n<td style=\"text-align: center;\" colspan=\"3\" width=\"557\">IP20<\/td>\n<\/tr>\n<tr>\n<td style=\"text-align: center;\" colspan=\"2\" width=\"329\">Bruit (dB)<\/td>\n<td style=\"text-align: center;\" colspan=\"3\" width=\"557\">TBD<\/td>\n<\/tr>\n<tr>\n<td style=\"text-align: center;\" colspan=\"2\" width=\"329\">Dimension du syst\u00e8me (L \u00d7 H \u00d7 D, mm)<\/td>\n<td style=\"text-align: center;\" colspan=\"3\" width=\"557\">2150 \u00d7 1100 \u00d7 810<\/td>\n<\/tr>\n<tr>\n<td style=\"text-align: center;\" colspan=\"2\" width=\"329\">Poids du syst\u00e8me Approximatif (kg)<\/td>\n<td style=\"text-align: center;\" colspan=\"3\" width=\"557\">1920<\/td>\n<\/tr>\n<tr>\n<td style=\"text-align: center;\" colspan=\"2\" width=\"329\">Emplacement de l'installation<\/td>\n<td style=\"text-align: center;\" colspan=\"3\" width=\"557\">Rack mont\u00e9<\/td>\n<\/tr>\n<tr>\n<td style=\"text-align: center;\" colspan=\"2\" width=\"329\">Recommander la profondeur de d\u00e9charge<\/td>\n<td style=\"text-align: center;\" colspan=\"3\" width=\"557\">0.9<\/td>\n<\/tr>\n<tr>\n<td style=\"text-align: center;\" colspan=\"2\" width=\"329\"><\/td>\n<td style=\"text-align: center;\" colspan=\"3\" width=\"557\">25 \u00b1 2 \u2103, 0.5C \/ 0.5C, EOL70% \u22658000<\/td>\n<\/tr>\n<tr>\n<td style=\"text-align: center;\" colspan=\"2\" width=\"329\">P\u00e9riode de garantie<\/td>\n<td style=\"text-align: center;\" colspan=\"3\" width=\"557\">5 ans<\/td>\n<\/tr>\n<\/tbody>\n<\/table>\n<p>&nbsp;<\/p>","protected":false},"excerpt":{"rendered":"<p>Notre C&amp; La solution I BESS optimise la consommation d'\u00e9nergie commerciale\/industrielle avec un stockage intelligent de batteries, permettant le rasage de pointe, l'int\u00e9gration des \u00e9nergies renouvelables, l'alimentation de secours et la r\u00e9duction des co\u00fbts pour des op\u00e9rations plus propres et plus efficaces.<\/p>","protected":false},"featured_media":1665,"comment_status":"closed","ping_status":"closed","template":"","meta":[],"product_brand":[],"product_cat":[29,15],"product_tag":[],"class_list":{"0":"post-1663","1":"product","2":"type-product","3":"status-publish","4":"has-post-thumbnail","6":"product_cat-ci-ess","7":"product_cat-home-ess","9":"first","10":"instock","11":"shipping-taxable","12":"product-type-simple"},"_links":{"self":[{"href":"https:\/\/www.epotr.com\/fr\/wp-json\/wp\/v2\/product\/1663","targetHints":{"allow":["GET"]}}],"collection":[{"href":"https:\/\/www.epotr.com\/fr\/wp-json\/wp\/v2\/product"}],"about":[{"href":"https:\/\/www.epotr.com\/fr\/wp-json\/wp\/v2\/types\/product"}],"replies":[{"embeddable":true,"href":"https:\/\/www.epotr.com\/fr\/wp-json\/wp\/v2\/comments?post=1663"}],"wp:featuredmedia":[{"embeddable":true,"href":"https:\/\/www.epotr.com\/fr\/wp-json\/wp\/v2\/media\/1665"}],"wp:attachment":[{"href":"https:\/\/www.epotr.com\/fr\/wp-json\/wp\/v2\/media?parent=1663"}],"wp:term":[{"taxonomy":"product_brand","embeddable":true,"href":"https:\/\/www.epotr.com\/fr\/wp-json\/wp\/v2\/product_brand?post=1663"},{"taxonomy":"product_cat","embeddable":true,"href":"https:\/\/www.epotr.com\/fr\/wp-json\/wp\/v2\/product_cat?post=1663"},{"taxonomy":"product_tag","embeddable":true,"href":"https:\/\/www.epotr.com\/fr\/wp-json\/wp\/v2\/product_tag?post=1663"}],"curies":[{"name":"WP","href":"https:\/\/api.w.org\/{rel}","templated":true}]}}