{"id":1452,"date":"2025-06-23T17:34:28","date_gmt":"2025-06-23T09:34:28","guid":{"rendered":"https:\/\/www.epotr.com\/?post_type=product&#038;p=1452"},"modified":"2025-07-17T10:16:53","modified_gmt":"2025-07-17T02:16:53","slug":"commercialindustrial-ess","status":"publish","type":"product","link":"https:\/\/www.epotr.com\/fr\/ci-ess\/commercialindustrial-ess\/","title":{"rendered":"C&#038; I ESS-Commercial&#038; ESS industriel | EPOTR"},"content":{"rendered":"<table style=\"width: 98.0846%; height: 1082px;\" width=\"704\">\n<tbody>\n<tr style=\"height: 24px;\">\n<td style=\"height: 24px; text-align: center; width: 32.8612%;\" width=\"267\">\u00a0 Mod\u00e8le<\/td>\n<td style=\"height: 24px; text-align: center; width: 88.8102%;\" width=\"437\">EP215L-100K<\/td>\n<\/tr>\n<tr style=\"height: 24px;\">\n<td style=\"height: 24px; text-align: center; width: 121.671%;\" colspan=\"2\" width=\"704\">\u00a0 AC (sur r\u00e9seau)<\/td>\n<\/tr>\n<tr style=\"height: 24px;\">\n<td style=\"height: 24px; text-align: center; width: 32.8612%;\" width=\"267\">\u00a0 Puissance AC nominale<\/td>\n<td style=\"height: 24px; text-align: center; width: 88.8102%;\" width=\"437\">100 kW<\/td>\n<\/tr>\n<tr style=\"height: 24px;\">\n<td style=\"height: 24px; text-align: center; width: 32.8612%;\" width=\"267\">\u00a0 Puissance max.output<\/td>\n<td style=\"height: 24px; text-align: center; width: 88.8102%;\" width=\"437\">110 kW<\/td>\n<\/tr>\n<tr style=\"height: 24px;\">\n<td style=\"height: 24px; text-align: center; width: 32.8612%;\" width=\"267\">\u00a0 Voltage de r\u00e9seau autoris\u00e9<\/td>\n<td style=\"height: 24px; text-align: center; width: 88.8102%;\" width=\"437\">400V (-15% ~ 10%)<\/td>\n<\/tr>\n<tr style=\"height: 24px;\">\n<td style=\"height: 24px; text-align: center; width: 32.8612%;\" width=\"267\">\u00a0 Fr\u00e9quence de r\u00e9seau autoris\u00e9e<\/td>\n<td style=\"height: 24px; text-align: center; width: 88.8102%;\" width=\"437\">50\/60Hz \u00b1 5Hz<\/td>\n<\/tr>\n<tr style=\"height: 24px;\">\n<td style=\"height: 24px; text-align: center; width: 32.8612%;\" width=\"267\">\u00a0 Max.THD du courant<\/td>\n<td style=\"height: 24px; text-align: center; width: 88.8102%;\" width=\"437\">&lt; 3% (puissance nominale)<\/td>\n<\/tr>\n<tr style=\"height: 24px;\">\n<td style=\"height: 24px; text-align: center; width: 32.8612%;\" width=\"267\">\u00a0 composant DC<\/td>\n<td style=\"height: 24px; text-align: center; width: 88.8102%;\" width=\"437\">&lt; 5% (puissance nominale)<\/td>\n<\/tr>\n<tr style=\"height: 24px;\">\n<td style=\"height: 24px; text-align: center; width: 32.8612%;\" width=\"267\">\u00a0 Gamme de facteurs de puissance<\/td>\n<td style=\"height: 24px; text-align: center; width: 88.8102%;\" width=\"437\">501.0 avant ~ 1.0 en retard<\/td>\n<\/tr>\n<tr style=\"height: 24px;\">\n<td style=\"height: 24px; text-align: center; width: 32.8612%;\" width=\"267\">\u00a0 M\u00e9thode de c\u00e2blage<\/td>\n<td style=\"height: 24px; text-align: center; width: 88.8102%;\" width=\"437\">3P4W PE<\/td>\n<\/tr>\n<tr style=\"height: 24px;\">\n<td style=\"height: 24px; text-align: center; width: 121.671%;\" colspan=\"2\" width=\"704\">\u00a0 AC (hors r\u00e9seau)<\/td>\n<\/tr>\n<tr style=\"height: 24px;\">\n<td style=\"height: 24px; text-align: center; width: 32.8612%;\" width=\"267\">\u00a0 Tension nominale<\/td>\n<td style=\"height: 24px; text-align: center; width: 88.8102%;\" width=\"437\">400 V<\/td>\n<\/tr>\n<tr style=\"height: 1.86917px;\">\n<td style=\"height: 49.8692px; text-align: center; width: 32.8612%;\" rowspan=\"2\" width=\"267\">\u00a0 Max.THD de tension<\/td>\n<td style=\"height: 49.8692px; text-align: center; width: 88.8102%;\" rowspan=\"2\" width=\"437\">&lt; 3% (charge lin\u00e9aire)<br \/>\n100 %<\/td>\n<\/tr>\n<tr style=\"height: 48px;\">\n<td style=\"height: 48px; width: 2.83286%;\" colspan=\"2\" width=\"704\">\u00a0 c\u00f4t\u00e9 DC<\/td>\n<\/tr>\n<tr style=\"height: 24px;\">\n<td style=\"height: 24px; text-align: center; width: 32.8612%;\" width=\"267\">\u00a0 Cellules de batterie<\/td>\n<td style=\"height: 24px; text-align: center; width: 88.8102%;\" width=\"437\">LFP 3.2V \/ 280Ah<\/td>\n<\/tr>\n<tr style=\"height: 24px;\">\n<td style=\"height: 24px; text-align: center; width: 32.8612%;\" width=\"267\">\u00a0 Configuration PACK<\/td>\n<td style=\"height: 24px; text-align: center; width: 88.8102%;\" width=\"437\">1P48S\/43kWh<\/td>\n<\/tr>\n<tr style=\"height: 24px;\">\n<td style=\"height: 24px; text-align: center; width: 32.8612%;\" width=\"267\">\u00a0 Configuration du syst\u00e8me<\/td>\n<td style=\"height: 24px; text-align: center; width: 88.8102%;\" width=\"437\">1P240S<\/td>\n<\/tr>\n<tr style=\"height: 24px;\">\n<td style=\"height: 24px; text-align: center; width: 32.8612%;\" width=\"267\">\u00a0 Capacit\u00e9 du syst\u00e8me<\/td>\n<td style=\"height: 24px; text-align: center; width: 88.8102%;\" width=\"437\">215.04kWh<\/td>\n<\/tr>\n<tr style=\"height: 24px;\">\n<td style=\"height: 24px; text-align: center; width: 32.8612%;\" width=\"267\">\u00a0 Plage de tension<\/td>\n<td style=\"height: 24px; text-align: center; width: 88.8102%;\" width=\"437\">648 ~ 864V<\/td>\n<\/tr>\n<tr style=\"height: 24px;\">\n<td style=\"height: 24px; text-align: center; width: 32.8612%;\" width=\"267\">\u00a0 Efficacit\u00e9 Max.EPS<\/td>\n<td style=\"height: 24px; text-align: center; width: 88.8102%;\" width=\"437\">98%<\/td>\n<\/tr>\n<tr style=\"height: 24px;\">\n<td style=\"height: 24px; text-align: center; width: 32.8612%;\" width=\"267\">\u00a0 Efficacit\u00e9 du syst\u00e8me<\/td>\n<td style=\"height: 24px; text-align: center; width: 88.8102%;\" width=\"437\">&gt; 88%<\/td>\n<\/tr>\n<tr style=\"height: 24px;\">\n<td style=\"height: 24px; text-align: center; width: 32.8612%;\" width=\"267\">\u00a0 Taux C<\/td>\n<td style=\"height: 24px; text-align: center; width: 88.8102%;\" width=\"437\">\u22640.5C<\/td>\n<\/tr>\n<tr style=\"height: 24px;\">\n<td style=\"height: 24px; text-align: center; width: 121.671%;\" colspan=\"2\" width=\"704\">Param\u00e8tre du syst\u00e8me<\/td>\n<\/tr>\n<tr style=\"height: 48px;\">\n<td style=\"height: 48px; text-align: center; width: 32.8612%;\" width=\"267\">\u00a0 Dimension<\/td>\n<td style=\"height: 48px; text-align: center; width: 88.8102%;\" width=\"437\">1000 * 1350 * 2391mm (Incl.lifting lug)<br \/>\n1000 * 1350 * 2300mm (Excl.lifting lug)<\/td>\n<\/tr>\n<tr style=\"height: 24px;\">\n<td style=\"height: 24px; text-align: center; width: 32.8612%;\" width=\"267\">\u00a0 Poids<\/td>\n<td style=\"height: 24px; text-align: center; width: 88.8102%;\" width=\"437\">2400kg<\/td>\n<\/tr>\n<tr style=\"height: 24px;\">\n<td style=\"height: 24px; text-align: center; width: 32.8612%;\" width=\"267\">\u00a0 Bruit<\/td>\n<td style=\"height: 24px; text-align: center; width: 88.8102%;\" width=\"437\">&lt; 75dB @ 1m<\/td>\n<\/tr>\n<tr style=\"height: 24px;\">\n<td style=\"height: 24px; text-align: center; width: 32.8612%;\" width=\"267\">\u00a0 Classe IP<\/td>\n<td style=\"height: 24px; text-align: center; width: 88.8102%;\" width=\"437\">IP54<\/td>\n<\/tr>\n<tr style=\"height: 24px;\">\n<td style=\"height: 24px; text-align: center; width: 32.8612%;\" width=\"267\">\u00a0 refroidissement<\/td>\n<td style=\"height: 24px; text-align: center; width: 88.8102%;\" width=\"437\">Refroidissement par air<\/td>\n<\/tr>\n<tr style=\"height: 24px;\">\n<td style=\"height: 24px; text-align: center; width: 32.8612%;\" width=\"267\">\u00a0 Temp\u00e9rature ambiante<\/td>\n<td style=\"height: 24px; text-align: center; width: 88.8102%;\" width=\"437\">-20~50\u2103 (&gt; 45\u2103 d\u00e9gradant)<\/td>\n<\/tr>\n<tr style=\"height: 24px;\">\n<td style=\"height: 24px; text-align: center; width: 32.8612%;\" width=\"267\">\u00a0 Humidit\u00e9<\/td>\n<td style=\"height: 24px; text-align: center; width: 88.8102%;\" width=\"437\">\u2264 95%<\/td>\n<\/tr>\n<tr style=\"height: 24px;\">\n<td style=\"height: 24px; text-align: center; width: 32.8612%;\" width=\"267\">\u00a0 Altitude<\/td>\n<td style=\"height: 24px; text-align: center; width: 88.8102%;\" width=\"437\">&gt; 2000m d\u00e9ratant<\/td>\n<\/tr>\n<tr style=\"height: 72px;\">\n<td style=\"height: 72px; text-align: center; width: 32.8612%;\" width=\"267\">\u00a0 Protection contre les incendies<\/td>\n<td style=\"height: 72px; text-align: center; width: 88.8102%;\" width=\"437\">Par d\u00e9faut:D\u00e9tecteur de gaz inflammable,D\u00e9tecteur de fum\u00e9e,D\u00e9tecteur de chaleur,<br \/>\nSonneur d'alarme, Aersol, arroseur, facultatif: FK5112<\/td>\n<\/tr>\n<tr style=\"height: 24px;\">\n<td style=\"height: 24px; text-align: center; width: 32.8612%;\" width=\"267\">\u00a0 Communication<\/td>\n<td style=\"height: 24px; text-align: center; width: 88.8102%;\" width=\"437\">RS485 \/ Ethernet<\/td>\n<\/tr>\n<tr style=\"height: 23px;\">\n<td style=\"height: 23px; text-align: center; width: 32.8612%;\" width=\"267\">\u00a0 Protocole de communication<\/td>\n<td style=\"height: 23px; text-align: center; width: 88.8102%;\" width=\"437\">IEC61850\/MODBUS-RTU\/MODBUS-TCP<\/td>\n<\/tr>\n<\/tbody>\n<\/table>","protected":false},"excerpt":{"rendered":"<p><span style=\"font-family: 'arial black', sans-serif; font-size: 14pt;\"><strong>Syst\u00e8me de stockage d'\u00e9nergie commercial et industriel (ESS)<\/strong><\/span><br \/>\nNotre ESS commercial et industriel est une solution enti\u00e8rement int\u00e9gr\u00e9e con\u00e7ue pour des applications commerciales et industrielles. Combinant une technologie avanc\u00e9e de batterie au lithium, un onduleur haute performance et une gestion intelligente de l'\u00e9nergie dans une seule unit\u00e9 compacte, il assure un stockage efficace de l'\u00e9nergie, une interaction sans faille avec le r\u00e9seau et une sauvegarde fiable. Id\u00e9al pour le rasage de pointe, le d\u00e9placement de charge et l'int\u00e9gration des \u00e9nergies renouvelables, ce syst\u00e8me aide les entreprises \u00e0 r\u00e9duire les co\u00fbts \u00e9nerg\u00e9tiques, \u00e0 am\u00e9liorer la stabilit\u00e9 de l'\u00e9nergie et \u00e0 soutenir les objectifs de durabilit\u00e9.<\/p>","protected":false},"featured_media":1453,"comment_status":"closed","ping_status":"closed","template":"","meta":[],"product_brand":[],"product_cat":[29],"product_tag":[],"class_list":{"0":"post-1452","1":"product","2":"type-product","3":"status-publish","4":"has-post-thumbnail","6":"product_cat-ci-ess","8":"first","9":"instock","10":"virtual","11":"product-type-simple"},"_links":{"self":[{"href":"https:\/\/www.epotr.com\/fr\/wp-json\/wp\/v2\/product\/1452","targetHints":{"allow":["GET"]}}],"collection":[{"href":"https:\/\/www.epotr.com\/fr\/wp-json\/wp\/v2\/product"}],"about":[{"href":"https:\/\/www.epotr.com\/fr\/wp-json\/wp\/v2\/types\/product"}],"replies":[{"embeddable":true,"href":"https:\/\/www.epotr.com\/fr\/wp-json\/wp\/v2\/comments?post=1452"}],"wp:featuredmedia":[{"embeddable":true,"href":"https:\/\/www.epotr.com\/fr\/wp-json\/wp\/v2\/media\/1453"}],"wp:attachment":[{"href":"https:\/\/www.epotr.com\/fr\/wp-json\/wp\/v2\/media?parent=1452"}],"wp:term":[{"taxonomy":"product_brand","embeddable":true,"href":"https:\/\/www.epotr.com\/fr\/wp-json\/wp\/v2\/product_brand?post=1452"},{"taxonomy":"product_cat","embeddable":true,"href":"https:\/\/www.epotr.com\/fr\/wp-json\/wp\/v2\/product_cat?post=1452"},{"taxonomy":"product_tag","embeddable":true,"href":"https:\/\/www.epotr.com\/fr\/wp-json\/wp\/v2\/product_tag?post=1452"}],"curies":[{"name":"WP","href":"https:\/\/api.w.org\/{rel}","templated":true}]}}