{"id":1445,"date":"2025-06-23T17:04:58","date_gmt":"2025-06-23T09:04:58","guid":{"rendered":"https:\/\/www.epotr.com\/?post_type=product&#038;p=1445"},"modified":"2025-07-17T09:54:29","modified_gmt":"2025-07-17T01:54:29","slug":"stack-mounted-residential-ess-lv","status":"publish","type":"product","link":"https:\/\/www.epotr.com\/fr\/off-grid-inverter\/stack-mounted-residential-ess-lv\/","title":{"rendered":"Inverteur hors r\u00e9seau ESS-LV r\u00e9sidentiel mont\u00e9 en pile | EPOTR"},"content":{"rendered":"<table width=\"771\">\n<tbody>\n<tr>\n<td style=\"text-align: center;\" width=\"215\">mod\u00e8le<\/td>\n<td style=\"text-align: center;\" colspan=\"7\" width=\"556\">Puissance refroidissement LFP LV<\/td>\n<\/tr>\n<tr>\n<td style=\"text-align: center;\" width=\"215\">Type de batterie<\/td>\n<td style=\"text-align: center;\" colspan=\"7\" width=\"556\">Le LFp<\/td>\n<\/tr>\n<tr>\n<td style=\"text-align: center;\" width=\"215\">Nombre de connexion<\/td>\n<td style=\"text-align: center;\" width=\"89\">1pcs<\/td>\n<td style=\"text-align: center;\" width=\"96\">2 pi\u00e8ces<\/td>\n<td style=\"text-align: center;\" width=\"96\">3 pi\u00e8ces<\/td>\n<td style=\"text-align: center;\" width=\"68\">4 pi\u00e8ces<\/td>\n<td style=\"text-align: center;\" width=\"69\">5 pi\u00e8ces<\/td>\n<td style=\"text-align: center;\" width=\"69\">6 pi\u00e8ces<\/td>\n<td style=\"text-align: center;\" width=\"69\">7 pi\u00e8ces<\/td>\n<\/tr>\n<tr>\n<td style=\"text-align: center;\" width=\"215\">\u00c9nergie totale<\/td>\n<td style=\"text-align: center;\" width=\"89\">5.22kWh<\/td>\n<td style=\"text-align: center;\" width=\"96\">10.44kWh<\/td>\n<td style=\"text-align: center;\" width=\"96\">15.67kWh<\/td>\n<td style=\"text-align: center;\" width=\"68\">20.89kWh<\/td>\n<td style=\"text-align: center;\" width=\"69\">26.11kWh<\/td>\n<td style=\"text-align: center;\" width=\"69\">31.33kWh<\/td>\n<td style=\"text-align: center;\" width=\"69\">36.56kWh<\/td>\n<\/tr>\n<tr>\n<td style=\"text-align: center;\" width=\"215\">\u00c9nergie utilisable<\/td>\n<td style=\"text-align: center;\" width=\"89\">4.96kWh<\/td>\n<td style=\"text-align: center;\" width=\"96\">9.92kWh<\/td>\n<td style=\"text-align: center;\" width=\"96\">14.88kWh<\/td>\n<td style=\"text-align: center;\" width=\"68\">19.85kWh<\/td>\n<td style=\"text-align: center;\" width=\"69\">24.81kWh<\/td>\n<td style=\"text-align: center;\" width=\"69\">29.77kWh<\/td>\n<td style=\"text-align: center;\" width=\"69\">34.73kWh<\/td>\n<\/tr>\n<tr>\n<td style=\"text-align: center;\" width=\"215\">Num\u00e9ro de connexion Max.parallel<\/td>\n<td style=\"text-align: center;\" colspan=\"7\" width=\"556\">160A<\/td>\n<\/tr>\n<tr>\n<td style=\"text-align: center;\" width=\"215\">Voltage<\/td>\n<td style=\"text-align: center;\" colspan=\"7\" width=\"556\">3P<\/td>\n<\/tr>\n<tr>\n<td style=\"text-align: center;\" width=\"215\">Voltage de charge maximale<\/td>\n<td style=\"text-align: center;\" colspan=\"7\" width=\"556\">51.2V<\/td>\n<\/tr>\n<tr>\n<td style=\"text-align: center;\" width=\"215\">Courant de charge nominal<\/td>\n<td style=\"text-align: center;\" colspan=\"7\" width=\"556\">57.6V<\/td>\n<\/tr>\n<tr>\n<td style=\"text-align: center;\" width=\"215\">Discharge de la tension de coupure<\/td>\n<td style=\"text-align: center;\" colspan=\"7\" width=\"556\">44.8V<\/td>\n<\/tr>\n<tr>\n<td style=\"text-align: center;\" width=\"215\">Efficacit\u00e9 de la batterie<\/td>\n<td style=\"text-align: center;\" colspan=\"7\" width=\"556\">95%<\/td>\n<\/tr>\n<tr>\n<td style=\"text-align: center;\" width=\"215\">Max.recommand\u00e9 DOD<\/td>\n<td style=\"text-align: center;\" colspan=\"7\" width=\"556\">95%<\/td>\n<\/tr>\n<tr>\n<td style=\"text-align: center;\" width=\"215\">Communication<\/td>\n<td style=\"text-align: center;\" colspan=\"7\" width=\"556\">RS485 \/ CAN<\/td>\n<\/tr>\n<tr>\n<td style=\"text-align: center;\" width=\"215\">Classement IP<\/td>\n<td style=\"text-align: center;\" colspan=\"7\" width=\"556\">IP55<\/td>\n<\/tr>\n<tr>\n<td style=\"text-align: center;\" width=\"215\">Temp\u00e9rature de fonctionnement<\/td>\n<td style=\"text-align: center;\" colspan=\"7\" width=\"556\">- 10 ~ 50 \u2103<\/td>\n<\/tr>\n<tr>\n<td style=\"text-align: center;\" width=\"215\">Altitude<\/td>\n<td style=\"text-align: center;\" colspan=\"7\" width=\"556\">\u22645 000 m<\/td>\n<\/tr>\n<tr>\n<td style=\"text-align: center;\" width=\"215\">Humidit\u00e9<\/td>\n<td style=\"text-align: center;\" colspan=\"7\" width=\"556\">5 \u00e0 95%<\/td>\n<\/tr>\n<tr>\n<td style=\"text-align: center;\" width=\"215\">garantie<\/td>\n<td style=\"text-align: center;\" colspan=\"7\" width=\"556\">5 ans de garantie du produit, 10 ans de garantie de performance<\/td>\n<\/tr>\n<tr>\n<td style=\"text-align: center;\" width=\"215\">Dimension<\/td>\n<td style=\"text-align: center;\" colspan=\"7\" width=\"556\">720 * 420 * 458 mm 720 * 420 * 608 mm 720 * 420 * 758 mm 720 * 420 * 908 mm 720 * 420 * 1058 mm 720 * 420 * 1208 mm 720 * 420 * 1358 mm<\/td>\n<\/tr>\n<tr>\n<td style=\"text-align: center;\" width=\"215\">Poids net<\/td>\n<td style=\"text-align: center;\" width=\"89\">63 kg<\/td>\n<td style=\"text-align: center;\" width=\"96\">113kg<\/td>\n<td style=\"text-align: center;\" width=\"96\">163kg<\/td>\n<td style=\"text-align: center;\" width=\"68\">213kg<\/td>\n<td style=\"text-align: center;\" width=\"69\">263kg<\/td>\n<td style=\"text-align: center;\" width=\"69\">313kg<\/td>\n<td style=\"text-align: center;\" width=\"69\">363kg<\/td>\n<\/tr>\n<tr>\n<td style=\"text-align: center;\" width=\"215\">Certificats<\/td>\n<td style=\"text-align: center;\" colspan=\"7\" width=\"556\">CE, IEC62619, IEC61000, IEC62040, IEC63056, UN38.3, MSDS<\/td>\n<\/tr>\n<\/tbody>\n<\/table>\n<p>&nbsp;<\/p>\n<p>&nbsp;<\/p>\n<table style=\"border-collapse: collapse; width: 526.52pt;\" border=\"0\" width=\"702\" cellspacing=\"0\" cellpadding=\"0\">\n<tbody>\n<tr style=\"height: 14.25pt;\">\n<td class=\"et3\" style=\"height: 14.25pt; width: 161.25pt; text-align: center;\" width=\"215\" height=\"19\">mod\u00e8le<\/td>\n<td class=\"et3\" style=\"width: 365.25pt; text-align: center;\" colspan=\"6\" width=\"487\">Puissance refroidissement LFP LV<\/td>\n<\/tr>\n<tr style=\"height: 14.25pt;\">\n<td class=\"et5\" style=\"height: 14.25pt; width: 161.25pt; text-align: center;\" width=\"215\" height=\"19\"><span class=\"font4\">Type de batterie<\/span><\/td>\n<td class=\"et5\" style=\"width: 365.25pt; text-align: center;\" colspan=\"6\" width=\"487\"><span class=\"font4\">Le LFp<\/span><\/td>\n<\/tr>\n<tr style=\"height: 14.25pt;\">\n<td class=\"et5\" style=\"height: 14.25pt; width: 161.25pt; text-align: center;\" width=\"215\" height=\"19\"><span class=\"font4\">Nombre de connexion<\/span><\/td>\n<td class=\"et5\" style=\"width: 66.75pt; text-align: center;\" width=\"89\"><span class=\"font4\">2 pi\u00e8ces<\/span><\/td>\n<td class=\"et5\" style=\"width: 72pt; text-align: center;\" width=\"96\"><span class=\"font4\">3 pi\u00e8ces<\/span><\/td>\n<td class=\"et5\" style=\"width: 72pt; text-align: center;\" width=\"96\"><span class=\"font4\">4 pi\u00e8ces<\/span><\/td>\n<td class=\"et5\" style=\"width: 51pt; text-align: center;\" width=\"68\"><span class=\"font4\">5 pi\u00e8ces<\/span><\/td>\n<td class=\"et5\" style=\"width: 51.75pt; text-align: center;\" width=\"69\"><span class=\"font4\">6 pi\u00e8ces<\/span><\/td>\n<td class=\"et5\" style=\"width: 51.75pt; text-align: center;\" width=\"69\"><span class=\"font4\">7 pi\u00e8ces<\/span><\/td>\n<\/tr>\n<tr style=\"height: 14.25pt;\">\n<td class=\"et5\" style=\"height: 14.25pt; width: 161.25pt; text-align: center;\" width=\"215\" height=\"19\"><span class=\"font4\">\u00c9nergie totale<\/span><\/td>\n<td class=\"et5\" style=\"width: 66.75pt; text-align: center;\" width=\"89\"><span class=\"font4\">10.44kWh<\/span><\/td>\n<td class=\"et5\" style=\"width: 72pt; text-align: center;\" width=\"96\"><span class=\"font4\">15.67kWh<\/span><\/td>\n<td class=\"et5\" style=\"width: 72pt; text-align: center;\" width=\"96\"><span class=\"font4\">20.89kWh<\/span><\/td>\n<td class=\"et5\" style=\"width: 51pt; text-align: center;\" width=\"68\"><span class=\"font4\">26.11kWh<\/span><\/td>\n<td class=\"et5\" style=\"width: 51.75pt; text-align: center;\" width=\"69\"><span class=\"font4\">31.33kWh<\/span><\/td>\n<td class=\"et5\" style=\"width: 51.75pt; text-align: center;\" width=\"69\"><span class=\"font4\">36.56kWh<\/span><\/td>\n<\/tr>\n<tr style=\"height: 14.25pt;\">\n<td class=\"et5\" style=\"height: 14.25pt; width: 161.25pt; text-align: center;\" width=\"215\" height=\"19\"><span class=\"font4\">\u00c9nergie utilisable<\/span><\/td>\n<td class=\"et5\" style=\"width: 66.75pt; text-align: center;\" width=\"89\"><span class=\"font4\">9.92kWh<\/span><\/td>\n<td class=\"et5\" style=\"width: 72pt; text-align: center;\" width=\"96\"><span class=\"font4\">14.88kWh<\/span><\/td>\n<td class=\"et5\" style=\"width: 72pt; text-align: center;\" width=\"96\"><span class=\"font4\">19.85kWh<\/span><\/td>\n<td class=\"et5\" style=\"width: 51pt; text-align: center;\" width=\"68\"><span class=\"font4\">24.81kWh<\/span><\/td>\n<td class=\"et5\" style=\"width: 51.75pt; text-align: center;\" width=\"69\"><span class=\"font4\">29.77kWh<\/span><\/td>\n<td class=\"et5\" style=\"width: 51.75pt; text-align: center;\" width=\"69\"><span class=\"font4\">34.73kWh<\/span><\/td>\n<\/tr>\n<tr style=\"height: 14.25pt;\">\n<td class=\"et5\" style=\"height: 14.25pt; width: 161.25pt; text-align: center;\" width=\"215\" height=\"19\"><span class=\"font4\">Cha\u00eenes max.parall\u00e8les<\/span><\/td>\n<td class=\"et5\" style=\"width: 365.25pt; text-align: center;\" colspan=\"6\" width=\"487\"><span class=\"font4\">3P<\/span><\/td>\n<\/tr>\n<tr style=\"height: 14.25pt;\">\n<td class=\"et5\" style=\"height: 14.25pt; width: 161.25pt; text-align: center;\" width=\"215\" height=\"19\"><span class=\"font4\">Voltage<\/span><\/td>\n<td class=\"et5\" style=\"width: 66.75pt; text-align: center;\" width=\"89\"><span class=\"font4\">102.4V<\/span><\/td>\n<td class=\"et5\" style=\"width: 72pt; text-align: center;\" width=\"96\"><span class=\"font4\">153.6V<\/span><\/td>\n<td class=\"et5\" style=\"width: 72pt; text-align: center;\" width=\"96\"><span class=\"font4\">204.8V<\/span><\/td>\n<td class=\"et5\" style=\"width: 51pt; text-align: center;\" width=\"68\"><span class=\"font4\">256V<\/span><\/td>\n<td class=\"et5\" style=\"width: 51.75pt; text-align: center;\" width=\"69\"><span class=\"font4\">307.2V<\/span><\/td>\n<td class=\"et5\" style=\"width: 51.75pt; text-align: center;\" width=\"69\"><span class=\"font4\">358.4V<\/span><\/td>\n<\/tr>\n<tr style=\"height: 14.25pt;\">\n<td class=\"et5\" style=\"height: 14.25pt; width: 161.25pt; text-align: center;\" width=\"215\" height=\"19\"><span class=\"font4\">Voltage de charge nominale<\/span><\/td>\n<td class=\"et5\" style=\"width: 66.75pt; text-align: center;\" width=\"89\"><span class=\"font4\">115.2V<\/span><\/td>\n<td class=\"et5\" style=\"width: 72pt; text-align: center;\" width=\"96\"><span class=\"font4\">172.8V<\/span><\/td>\n<td class=\"et5\" style=\"width: 72pt; text-align: center;\" width=\"96\"><span class=\"font4\">230.4V<\/span><\/td>\n<td class=\"et5\" style=\"width: 51pt; text-align: center;\" width=\"68\"><span class=\"font4\">288V<\/span><\/td>\n<td class=\"et5\" style=\"width: 51.75pt; text-align: center;\" width=\"69\"><span class=\"font4\">345.6V<\/span><\/td>\n<td class=\"et7\" style=\"width: 51.75pt; text-align: center;\" width=\"69\"><span class=\"font5\">403.2V<\/span><\/td>\n<\/tr>\n<tr style=\"height: 24.00pt;\">\n<td class=\"et5\" style=\"height: 24pt; width: 161.25pt; text-align: center;\" width=\"215\" height=\"32\"><span class=\"font4\">Max.charging\/d\u00e9charge courant<\/span><\/td>\n<td class=\"et5\" style=\"width: 365.25pt; text-align: center;\" colspan=\"6\" width=\"487\"><span class=\"font4\">50A<\/span><\/td>\n<\/tr>\n<tr style=\"height: 14.25pt;\">\n<td class=\"et5\" style=\"height: 14.25pt; width: 161.25pt; text-align: center;\" width=\"215\" height=\"19\"><span class=\"font4\">Tension de coupure de d\u00e9charge<\/span><\/td>\n<td class=\"et5\" style=\"width: 66.75pt; text-align: center;\" width=\"89\"><span class=\"font4\">89.6V<\/span><\/td>\n<td class=\"et5\" style=\"width: 72pt; text-align: center;\" width=\"96\"><span class=\"font4\">134.4V<\/span><\/td>\n<td class=\"et5\" style=\"width: 72pt; text-align: center;\" width=\"96\"><span class=\"font4\">179.2V<\/span><\/td>\n<td class=\"et5\" style=\"width: 51pt; text-align: center;\" width=\"68\"><span class=\"font4\">224V<\/span><\/td>\n<td class=\"et5\" style=\"width: 51.75pt; text-align: center;\" width=\"69\"><span class=\"font4\">268.8V<\/span><\/td>\n<td class=\"et7\" style=\"width: 51.75pt; text-align: center;\" width=\"69\"><span class=\"font5\">313.6V<\/span><\/td>\n<\/tr>\n<tr style=\"height: 14.25pt;\">\n<td class=\"et5\" style=\"height: 14.25pt; width: 161.25pt; text-align: center;\" width=\"215\" height=\"19\"><span class=\"font4\">Efficacit\u00e9 de la batterie<\/span><\/td>\n<td class=\"et8\" style=\"width: 365.25pt; text-align: center;\" colspan=\"6\" width=\"487\">95%<\/td>\n<\/tr>\n<tr style=\"height: 14.25pt;\">\n<td class=\"et5\" style=\"height: 14.25pt; width: 161.25pt; text-align: center;\" width=\"215\" height=\"19\"><span class=\"font4\">Maximum recommand\u00e9 DOD<\/span><\/td>\n<td class=\"et8\" style=\"width: 365.25pt; text-align: center;\" colspan=\"6\" width=\"487\">95%<\/td>\n<\/tr>\n<tr style=\"height: 14.25pt;\">\n<td class=\"et5\" style=\"height: 14.25pt; width: 161.25pt; text-align: center;\" width=\"215\" height=\"19\"><span class=\"font4\">Communication<\/span><\/td>\n<td class=\"et5\" style=\"width: 365.25pt; text-align: center;\" colspan=\"6\" width=\"487\"><span class=\"font4\">RS485 \/ CAN<\/span><\/td>\n<\/tr>\n<tr style=\"height: 14.25pt;\">\n<td class=\"et5\" style=\"height: 14.25pt; width: 161.25pt; text-align: center;\" width=\"215\" height=\"19\"><span class=\"font4\">Classement IP<\/span><\/td>\n<td class=\"et5\" style=\"width: 365.25pt; text-align: center;\" colspan=\"6\" width=\"487\"><span class=\"font4\">IP55<\/span><\/td>\n<\/tr>\n<tr style=\"height: 14.25pt;\">\n<td class=\"et5\" style=\"height: 14.25pt; width: 161.25pt; text-align: center;\" width=\"215\" height=\"19\"><span class=\"font4\">Temp\u00e9rature de fonctionnement<\/span><\/td>\n<td class=\"et9\" style=\"width: 365.25pt; text-align: center;\" colspan=\"6\" width=\"487\"><span class=\"font4\">- 10 ~ 50 \u2103<\/span><\/td>\n<\/tr>\n<tr style=\"height: 14.25pt;\">\n<td class=\"et5\" style=\"height: 14.25pt; width: 161.25pt; text-align: center;\" width=\"215\" height=\"19\"><span class=\"font4\">Altitude<\/span><\/td>\n<td class=\"et5\" style=\"width: 365.25pt; text-align: center;\" colspan=\"6\" width=\"487\"><span class=\"font4\">\u22645 000 m<\/span><\/td>\n<\/tr>\n<tr style=\"height: 14.25pt;\">\n<td class=\"et5\" style=\"height: 14.25pt; width: 161.25pt; text-align: center;\" width=\"215\" height=\"19\"><span class=\"font4\">Humidit\u00e9<\/span><\/td>\n<td class=\"et5\" style=\"width: 365.25pt; text-align: center;\" colspan=\"6\" width=\"487\"><span class=\"font4\">5 \u00e0 95%<\/span><\/td>\n<\/tr>\n<tr style=\"height: 14.25pt;\">\n<td class=\"et5\" style=\"height: 14.25pt; width: 161.25pt; text-align: center;\" width=\"215\" height=\"19\"><span class=\"font4\">garantie<\/span><\/td>\n<td class=\"et5\" style=\"width: 365.25pt; text-align: center;\" colspan=\"6\" width=\"487\"><span class=\"font4\">5 ans de garantie du produit, 10 ans de garantie de performance<\/span><\/td>\n<\/tr>\n<tr style=\"height: 24.00pt;\">\n<td class=\"et5\" style=\"height: 24pt; width: 161.25pt; text-align: center;\" width=\"215\" height=\"32\"><span class=\"font4\">Dimension<\/span><\/td>\n<td class=\"et5\" style=\"width: 66.75pt; text-align: center;\" width=\"89\"><span class=\"font4\">720 * 420 * 608mm<\/span><\/td>\n<td class=\"et5\" style=\"width: 72pt; text-align: center;\" width=\"96\"><span class=\"font4\">720 * 420 * 758 mm<\/span><\/td>\n<td class=\"et5\" style=\"width: 72pt; text-align: center;\" width=\"96\"><span class=\"font4\">720 * 420 * 908 mm<\/span><\/td>\n<td class=\"et10\" style=\"width: 154.5pt; text-align: center;\" colspan=\"3\" width=\"206\">720 * 420 * 1058mm 720 * 420 * 1208mm 720 * 420 * 1358mm<\/td>\n<\/tr>\n<tr style=\"height: 14.25pt;\">\n<td class=\"et5\" style=\"height: 14.25pt; width: 161.25pt; text-align: center;\" width=\"215\" height=\"19\"><span class=\"font4\">Poids net<\/span><\/td>\n<td class=\"et5\" style=\"width: 66.75pt; text-align: center;\" width=\"89\"><span class=\"font4\">113kg<\/span><\/td>\n<td class=\"et5\" style=\"width: 72pt; text-align: center;\" width=\"96\"><span class=\"font4\">163kg<\/span><\/td>\n<td class=\"et5\" style=\"width: 72pt; text-align: center;\" width=\"96\"><span class=\"font4\">213kg<\/span><\/td>\n<td class=\"et5\" style=\"width: 51pt; text-align: center;\" width=\"68\"><span class=\"font4\">263kg<\/span><\/td>\n<td class=\"et5\" style=\"width: 51.75pt; text-align: center;\" width=\"69\"><span class=\"font4\">313kg<\/span><\/td>\n<td class=\"et5\" style=\"width: 51.75pt; text-align: center;\" width=\"69\"><span class=\"font4\">363kg<\/span><\/td>\n<\/tr>\n<tr style=\"height: 14.25pt;\">\n<td class=\"et5\" style=\"height: 14.25pt; width: 161.25pt; text-align: center;\" width=\"215\" height=\"19\"><span class=\"font4\">Certificats<\/span><\/td>\n<td class=\"et5\" style=\"width: 365.25pt; text-align: center;\" colspan=\"6\" width=\"487\"><span class=\"font4\">CE, IEC62619, IEC61000, IEC62040, IEC63056, UN38.3, MSDS<\/span><\/td>\n<\/tr>\n<\/tbody>\n<\/table>","protected":false},"excerpt":{"rendered":"<h2><strong><b>PowerCool-LFP-LV \u2013 ESS r\u00e9sidentiel mont\u00e9 en pile (basse tension)<\/b><\/strong><\/h2>\n<p>Le PowerCool-LFP-LV prend en charge des capacit\u00e9s de 5,22 kWh \u00e0 36,56 kWh gr\u00e2ce \u00e0 une conception de montage en pile \u00e9volutive. Avec 95% de DOD, une classification IP55 et une garantie de 10 ans acceptable, il est id\u00e9al pour les utilisateurs r\u00e9sidentiels qui recherchent un stockage d'\u00e9nergie fiable, \u00e9conomisant de l'espace et rentable pour des sc\u00e9narios d'autoconsommation, de temps d'utilisation ou de sauvegarde du r\u00e9seau.<\/p>","protected":false},"featured_media":1446,"comment_status":"closed","ping_status":"closed","template":"","meta":[],"product_brand":[],"product_cat":[31],"product_tag":[],"class_list":{"0":"post-1445","1":"product","2":"type-product","3":"status-publish","4":"has-post-thumbnail","6":"product_cat-off-grid-inverter","8":"first","9":"instock","10":"shipping-taxable","11":"product-type-simple"},"_links":{"self":[{"href":"https:\/\/www.epotr.com\/fr\/wp-json\/wp\/v2\/product\/1445","targetHints":{"allow":["GET"]}}],"collection":[{"href":"https:\/\/www.epotr.com\/fr\/wp-json\/wp\/v2\/product"}],"about":[{"href":"https:\/\/www.epotr.com\/fr\/wp-json\/wp\/v2\/types\/product"}],"replies":[{"embeddable":true,"href":"https:\/\/www.epotr.com\/fr\/wp-json\/wp\/v2\/comments?post=1445"}],"wp:featuredmedia":[{"embeddable":true,"href":"https:\/\/www.epotr.com\/fr\/wp-json\/wp\/v2\/media\/1446"}],"wp:attachment":[{"href":"https:\/\/www.epotr.com\/fr\/wp-json\/wp\/v2\/media?parent=1445"}],"wp:term":[{"taxonomy":"product_brand","embeddable":true,"href":"https:\/\/www.epotr.com\/fr\/wp-json\/wp\/v2\/product_brand?post=1445"},{"taxonomy":"product_cat","embeddable":true,"href":"https:\/\/www.epotr.com\/fr\/wp-json\/wp\/v2\/product_cat?post=1445"},{"taxonomy":"product_tag","embeddable":true,"href":"https:\/\/www.epotr.com\/fr\/wp-json\/wp\/v2\/product_tag?post=1445"}],"curies":[{"name":"WP","href":"https:\/\/api.w.org\/{rel}","templated":true}]}}