{"id":1443,"date":"2025-06-23T17:01:51","date_gmt":"2025-06-23T09:01:51","guid":{"rendered":"https:\/\/www.epotr.com\/?post_type=product&#038;p=1443"},"modified":"2025-07-17T10:01:02","modified_gmt":"2025-07-17T02:01:02","slug":"stack-mounted-residential-ess-hv","status":"publish","type":"product","link":"https:\/\/www.epotr.com\/fr\/off-grid-inverter\/stack-mounted-residential-ess-hv\/","title":{"rendered":"Inverteur hors r\u00e9seau ESS-HV r\u00e9sidentiel mont\u00e9 en pile | EPOTR"},"content":{"rendered":"<table width=\"597\">\n<tbody>\n<tr>\n<td style=\"text-align: center;\" width=\"139\">Mod\u00e8le<\/td>\n<td style=\"text-align: center;\" colspan=\"6\" width=\"457\">\u00a0 PowerCool-LFP-HV2<\/td>\n<\/tr>\n<tr>\n<td style=\"text-align: center;\" width=\"139\">Type de batterie<\/td>\n<td style=\"text-align: center;\" colspan=\"6\" width=\"457\">\u00a0Le LFp<\/td>\n<\/tr>\n<tr>\n<td style=\"text-align: center;\" width=\"139\">Nombre de connexion<\/td>\n<td style=\"text-align: center;\" width=\"73\">2 pi\u00e8ces<\/td>\n<td style=\"text-align: center;\" width=\"76\">3 pi\u00e8ces<\/td>\n<td style=\"text-align: center;\" width=\"76\">4 pi\u00e8ces<\/td>\n<td style=\"text-align: center;\" width=\"76\">5 pi\u00e8ces<\/td>\n<td style=\"text-align: center;\" width=\"74\">6 pi\u00e8ces<\/td>\n<td style=\"text-align: center;\" width=\"81\">7 pi\u00e8ces<\/td>\n<\/tr>\n<tr>\n<td style=\"text-align: center;\" width=\"139\">\u00c9nergie totale<\/td>\n<td style=\"text-align: center;\" width=\"73\">10.44kWh<\/td>\n<td style=\"text-align: center;\" width=\"76\">15.67kWh<\/td>\n<td style=\"text-align: center;\" width=\"76\">20.89kWh<\/td>\n<td style=\"text-align: center;\" width=\"76\">26.11kWh<\/td>\n<td style=\"text-align: center;\" width=\"74\">31.33kWh<\/td>\n<td style=\"text-align: center;\" width=\"81\">36.56kWh<\/td>\n<\/tr>\n<tr>\n<td style=\"text-align: center;\" width=\"139\">\u00c9nergie utilisable<\/td>\n<td style=\"text-align: center;\" width=\"73\">9.92kWh<\/td>\n<td style=\"text-align: center;\" width=\"76\">14.88kWh<\/td>\n<td style=\"text-align: center;\" width=\"76\">19.85kWh<\/td>\n<td style=\"text-align: center;\" width=\"76\">24.81kWh<\/td>\n<td style=\"text-align: center;\" width=\"74\">29.77kWh<\/td>\n<td style=\"text-align: center;\" width=\"81\">34.73kWh<\/td>\n<\/tr>\n<tr>\n<td style=\"text-align: center;\" width=\"139\">Cha\u00eenes max.parall\u00e8les<\/td>\n<td style=\"text-align: center;\" colspan=\"6\" width=\"457\">8P<\/td>\n<\/tr>\n<tr>\n<td style=\"text-align: center;\" width=\"139\">Voltage<\/td>\n<td style=\"text-align: center;\" width=\"73\">102.4V<\/td>\n<td style=\"text-align: center;\" width=\"76\">153.6V<\/td>\n<td style=\"text-align: center;\" width=\"76\">204.8V<\/td>\n<td style=\"text-align: center;\" width=\"76\">256V<\/td>\n<td style=\"text-align: center;\" width=\"74\">307.2V<\/td>\n<td style=\"text-align: center;\" width=\"81\">358.4V<\/td>\n<\/tr>\n<tr>\n<td style=\"text-align: center;\" width=\"139\">Voltage de charge nominale<\/td>\n<td style=\"text-align: center;\" width=\"73\">115.2V<\/td>\n<td style=\"text-align: center;\" width=\"76\">172.8V<\/td>\n<td style=\"text-align: center;\" width=\"76\">230.4V<\/td>\n<td style=\"text-align: center;\" width=\"76\">288V<\/td>\n<td style=\"text-align: center;\" width=\"74\">345.6V<\/td>\n<td style=\"text-align: center;\" width=\"81\">403.2V<\/td>\n<\/tr>\n<tr>\n<td style=\"text-align: center;\" width=\"139\">Max.charging courant<\/td>\n<td style=\"text-align: center;\" colspan=\"6\" width=\"457\">50A<\/td>\n<\/tr>\n<tr>\n<td style=\"text-align: center;\" width=\"139\">Tension de d\u00e9charge nominale<\/td>\n<td style=\"text-align: center;\" colspan=\"6\" width=\"457\">50A<\/td>\n<\/tr>\n<tr>\n<td style=\"text-align: center;\" width=\"139\">Tension de coupure de d\u00e9charge<\/td>\n<td style=\"text-align: center;\" width=\"73\">89.6V<\/td>\n<td style=\"text-align: center;\" width=\"76\">134.4V<\/td>\n<td style=\"text-align: center;\" width=\"76\">179.2V<\/td>\n<td style=\"text-align: center;\" width=\"76\">224V<\/td>\n<td style=\"text-align: center;\" width=\"74\">268.8V<\/td>\n<td style=\"text-align: center;\" width=\"81\">313.6V<\/td>\n<\/tr>\n<tr>\n<td style=\"text-align: center;\" width=\"139\">Efficacit\u00e9 de la batterie<\/td>\n<td style=\"text-align: center;\" colspan=\"6\" width=\"457\">95%<\/td>\n<\/tr>\n<tr>\n<td style=\"text-align: center;\" width=\"139\">Protection de la batterie<\/td>\n<td style=\"text-align: center;\" colspan=\"6\" width=\"457\">\u00a0 Surcourant\/Surtension\/Court-circuit\/Sous-tension\/Surtemp\u00e9rature<\/td>\n<\/tr>\n<tr>\n<td style=\"text-align: center;\" width=\"139\">Maximum recommand\u00e9 DOD<\/td>\n<td style=\"text-align: center;\" colspan=\"6\" width=\"457\">95%<\/td>\n<\/tr>\n<tr>\n<td style=\"text-align: center;\" width=\"139\">Communication<\/td>\n<td style=\"text-align: center;\" colspan=\"6\" width=\"457\">RS485 \/ CAN<\/td>\n<\/tr>\n<tr>\n<td style=\"text-align: center;\" width=\"139\">Classement IP<\/td>\n<td style=\"text-align: center;\" colspan=\"6\" width=\"457\">IP65<\/td>\n<\/tr>\n<tr>\n<td style=\"text-align: center;\" width=\"139\">Temp\u00e9rature de fonctionnement<\/td>\n<td style=\"text-align: center;\" colspan=\"6\" width=\"457\">- 10 ~ 50 \u2103<\/td>\n<\/tr>\n<tr>\n<td style=\"text-align: center;\" width=\"139\">Altitude<\/td>\n<td style=\"text-align: center;\" colspan=\"6\" width=\"457\">\u22645 000 m<\/td>\n<\/tr>\n<tr>\n<td style=\"text-align: center;\" width=\"139\">Humidit\u00e9<\/td>\n<td style=\"text-align: center;\" colspan=\"6\" width=\"457\">5 \u00e0 95%<\/td>\n<\/tr>\n<tr>\n<td style=\"text-align: center;\" width=\"139\">garantie<\/td>\n<td style=\"text-align: center;\" colspan=\"6\" width=\"457\">10 ans<\/td>\n<\/tr>\n<tr>\n<td style=\"text-align: center;\" width=\"139\">Dimension<\/td>\n<td style=\"text-align: center;\" width=\"73\">660 * 390 * 515mm<\/td>\n<td style=\"text-align: center;\" width=\"76\">660 * 390 * 665 mm<\/td>\n<td style=\"text-align: center;\" width=\"76\">660 * 390 * 815mm<\/td>\n<td style=\"text-align: center;\" colspan=\"3\" width=\"232\">660 * 390 * 965 mm 660 * 390 * 1115 mm 660 * 390 * 1265 mm<\/td>\n<\/tr>\n<tr>\n<td style=\"text-align: center;\" width=\"139\">Poids net<\/td>\n<td style=\"text-align: center;\" width=\"73\">110 kg<\/td>\n<td style=\"text-align: center;\" width=\"76\">156kg<\/td>\n<td style=\"text-align: center;\" width=\"76\">202kg<\/td>\n<td style=\"text-align: center;\" width=\"76\">248kg<\/td>\n<td style=\"text-align: center;\" width=\"74\">294kg<\/td>\n<td style=\"text-align: center;\" width=\"81\">340kg<\/td>\n<\/tr>\n<tr>\n<td style=\"text-align: center;\" width=\"139\">Certificats<\/td>\n<td style=\"text-align: center;\" colspan=\"6\" width=\"457\">\u00a0 CE, IEC62619, IEC61000, IEC62040, IEC63056, UN38.3, MSDS<\/td>\n<\/tr>\n<tr>\n<td style=\"text-align: center;\" width=\"139\">Installation<\/td>\n<td style=\"text-align: center;\" colspan=\"6\" width=\"457\">\u00a0 Installation au sol<\/td>\n<\/tr>\n<\/tbody>\n<\/table>","protected":false},"excerpt":{"rendered":"<h2><strong><b>PowerCool-LFP-HV2 \u2013 ESS r\u00e9sidentiel mont\u00e9 en pile (haute tension)<\/b><\/strong><\/h2>\n<p>La s\u00e9rie PowerCool-LFP-HV2 offre un stockage d'\u00e9nergie r\u00e9sidentiel \u00e0 haute tension flexible de 10,44 kWh \u00e0 36,56 kWh, en 2 \u00e0 7 modules empilables. En utilisant des cellules LiFePO4 avec protection IP65, communication CAN \/ RS485 et garantie de 10 ans, il prend en charge les applications de sauvegarde et de temps d'utilisation. Convient aux maisons modernes qui visent \u00e0 r\u00e9duire les co\u00fbts \u00e9nerg\u00e9tiques \u00e0 long terme et \u00e0 assurer leur ind\u00e9pendance.<\/p>","protected":false},"featured_media":1444,"comment_status":"closed","ping_status":"closed","template":"","meta":[],"product_brand":[],"product_cat":[31],"product_tag":[],"class_list":{"0":"post-1443","1":"product","2":"type-product","3":"status-publish","4":"has-post-thumbnail","6":"product_cat-off-grid-inverter","8":"first","9":"instock","10":"shipping-taxable","11":"product-type-simple"},"_links":{"self":[{"href":"https:\/\/www.epotr.com\/fr\/wp-json\/wp\/v2\/product\/1443","targetHints":{"allow":["GET"]}}],"collection":[{"href":"https:\/\/www.epotr.com\/fr\/wp-json\/wp\/v2\/product"}],"about":[{"href":"https:\/\/www.epotr.com\/fr\/wp-json\/wp\/v2\/types\/product"}],"replies":[{"embeddable":true,"href":"https:\/\/www.epotr.com\/fr\/wp-json\/wp\/v2\/comments?post=1443"}],"wp:featuredmedia":[{"embeddable":true,"href":"https:\/\/www.epotr.com\/fr\/wp-json\/wp\/v2\/media\/1444"}],"wp:attachment":[{"href":"https:\/\/www.epotr.com\/fr\/wp-json\/wp\/v2\/media?parent=1443"}],"wp:term":[{"taxonomy":"product_brand","embeddable":true,"href":"https:\/\/www.epotr.com\/fr\/wp-json\/wp\/v2\/product_brand?post=1443"},{"taxonomy":"product_cat","embeddable":true,"href":"https:\/\/www.epotr.com\/fr\/wp-json\/wp\/v2\/product_cat?post=1443"},{"taxonomy":"product_tag","embeddable":true,"href":"https:\/\/www.epotr.com\/fr\/wp-json\/wp\/v2\/product_tag?post=1443"}],"curies":[{"name":"WP","href":"https:\/\/api.w.org\/{rel}","templated":true}]}}