{"id":1439,"date":"2025-06-23T16:47:52","date_gmt":"2025-06-23T08:47:52","guid":{"rendered":"https:\/\/www.epotr.com\/?post_type=product&#038;p=1439"},"modified":"2025-12-22T11:02:00","modified_gmt":"2025-12-22T03:02:00","slug":"floor-standing-residential-ess","status":"publish","type":"product","link":"https:\/\/www.epotr.com\/fr\/home-ess\/floor-standing-residential-ess\/","title":{"rendered":"Syst\u00e8me de stockage d'\u00e9nergie \u00e0 domicile - ESS r\u00e9sidentiel debout | EPOTR"},"content":{"rendered":"<table style=\"border-collapse: collapse; width: 98.4604%;\" border=\"0\" width=\"547\" cellspacing=\"0\" cellpadding=\"0\">\n<tbody>\n<tr style=\"height: 13.75pt;\">\n<td class=\"et3\" style=\"height: 13.75pt; width: 36.7089%; background-color: #0068b7;\" width=\"201\" height=\"18\"><span style=\"color: #ffffff;\"><strong>Mod\u00e8le<\/strong><\/span><\/td>\n<td class=\"et4\" style=\"width: 206.51%; background-color: #0068b7;\" width=\"346\"><span style=\"color: #ffffff;\"><strong><span class=\"font3\">EP-FS016K<\/span><\/strong><\/span><\/td>\n<\/tr>\n<tr style=\"height: 15.50pt;\">\n<td class=\"et5\" style=\"height: 15.5pt; width: 36.7089%;\" width=\"201\" height=\"20\"><span class=\"font4\">\u00c9nergie totale<\/span><\/td>\n<td class=\"et6\" style=\"width: 206.51%;\" width=\"346\"><span class=\"font4\">16.08kWh<\/span><\/td>\n<\/tr>\n<tr style=\"height: 13.00pt;\">\n<td class=\"et5\" style=\"height: 13pt; width: 36.7089%;\" width=\"201\" height=\"17\"><span class=\"font4\">Enegie utilisable (DC) *<\/span><\/td>\n<td class=\"et6\" style=\"width: 206.51%;\" width=\"346\"><span class=\"font4\">15.27kWh<\/span><\/td>\n<\/tr>\n<tr style=\"height: 12.50pt;\">\n<td class=\"et5\" style=\"height: 12.5pt; width: 36.7089%;\" width=\"201\" height=\"16\"><span class=\"font4\">Voltage<\/span><\/td>\n<td class=\"et6\" style=\"width: 206.51%;\" width=\"346\"><span class=\"font4\">44,8 ~ 57,6Vdc<\/span><\/td>\n<\/tr>\n<tr style=\"height: 12.50pt;\">\n<td class=\"et5\" style=\"height: 12.5pt; width: 36.7089%;\" width=\"201\" height=\"16\"><span class=\"font4\">Tension nominale<\/span><\/td>\n<td class=\"et6\" style=\"width: 206.51%;\" width=\"346\"><span class=\"font4\">51.2Vdc<\/span><\/td>\n<\/tr>\n<tr style=\"height: 12.50pt;\">\n<td class=\"et5\" style=\"height: 12.5pt; width: 36.7089%;\" width=\"201\" height=\"16\"><span class=\"font4\">Capacit\u00e9 nominale<\/span><\/td>\n<td class=\"et6\" style=\"width: 206.51%;\" width=\"346\"><span class=\"font4\">314Ah<\/span><\/td>\n<\/tr>\n<tr style=\"height: 13.00pt;\">\n<td class=\"et5\" style=\"height: 13pt; width: 36.7089%;\" width=\"201\" height=\"17\"><span class=\"font4\">Voltage Max.Charge<\/span><\/td>\n<td class=\"et6\" style=\"width: 206.51%;\" width=\"346\"><span class=\"font4\">57.6Vdc<\/span><\/td>\n<\/tr>\n<tr style=\"height: 12.50pt;\">\n<td class=\"et5\" style=\"height: 12.5pt; width: 36.7089%;\" width=\"201\" height=\"16\"><span class=\"font4\">Max.Charging courant<\/span><\/td>\n<td class=\"et6\" style=\"width: 206.51%;\" width=\"346\"><span class=\"font4\">150A<\/span><\/td>\n<\/tr>\n<tr style=\"height: 13.50pt;\">\n<td class=\"et5\" style=\"height: 13.5pt; width: 36.7089%;\" width=\"201\" height=\"18\"><span class=\"font4\">Puissance Max.Charging<\/span><\/td>\n<td class=\"et6\" style=\"width: 206.51%;\" width=\"346\"><span class=\"font4\">7680W<\/span><\/td>\n<\/tr>\n<tr style=\"height: 12.00pt;\">\n<td class=\"et7\" style=\"height: 12pt; width: 36.7089%;\" width=\"201\" height=\"16\">Max.Dischaging courant<\/td>\n<td class=\"et6\" style=\"width: 206.51%;\" width=\"346\"><span class=\"font4\">200A<\/span><\/td>\n<\/tr>\n<tr style=\"height: 12.50pt;\">\n<td class=\"et5\" style=\"height: 12.5pt; width: 36.7089%;\" width=\"201\" height=\"16\"><span class=\"font4\">Puissance Max.Discharging<\/span><\/td>\n<td class=\"et6\" style=\"width: 206.51%;\" width=\"346\"><span class=\"font4\">10240W<\/span><\/td>\n<\/tr>\n<tr style=\"height: 11.50pt;\">\n<td class=\"et5\" style=\"height: 11.5pt; width: 36.7089%;\" width=\"201\" height=\"15\"><span class=\"font4\">Courte courant<\/span><\/td>\n<td class=\"et6\" style=\"width: 206.51%;\" width=\"346\"><span class=\"font4\">540A<\/span><\/td>\n<\/tr>\n<tr style=\"height: 11.50pt;\">\n<td class=\"et5\" style=\"height: 11.5pt; width: 36.7089%;\" width=\"201\" height=\"15\"><span class=\"font4\">Max.recommand\u00e9 DOD<\/span><\/td>\n<td class=\"et8\" style=\"width: 206.51%;\" width=\"346\">95%<\/td>\n<\/tr>\n<tr style=\"height: 12.00pt;\">\n<td class=\"et5\" style=\"height: 12pt; width: 36.7089%;\" width=\"201\" height=\"16\"><span class=\"font4\">Poids<\/span><\/td>\n<td class=\"et6\" style=\"width: 206.51%;\" width=\"346\"><span class=\"font4\">135 kg<\/span><\/td>\n<\/tr>\n<tr style=\"height: 12.00pt;\">\n<td class=\"et5\" style=\"height: 12pt; width: 36.7089%;\" width=\"201\" height=\"16\"><span class=\"font4\">Dimension (mm) (H * L * W)<\/span><\/td>\n<td class=\"et9\" style=\"width: 206.51%;\" width=\"346\"><span class=\"font4\">870 * 425 * 230mm<\/span><\/td>\n<\/tr>\n<tr style=\"height: 12.00pt;\">\n<td class=\"et10\" style=\"height: 12pt; width: 36.7089%;\" width=\"201\" height=\"16\"><span class=\"font4\">Installation<\/span><\/td>\n<td class=\"et9\" style=\"width: 206.51%;\" width=\"346\"><span class=\"font4\">stand au sol<\/span><\/td>\n<\/tr>\n<tr style=\"height: 11.50pt;\">\n<td class=\"et5\" style=\"height: 11.5pt; width: 36.7089%;\" width=\"201\" height=\"15\"><span class=\"font4\">Technologie cellulaire<\/span><\/td>\n<td class=\"et6\" style=\"width: 206.51%;\" width=\"346\"><span class=\"font4\">LiFePO4, phosphate de fer de lithium<\/span><\/td>\n<\/tr>\n<tr style=\"height: 11.50pt;\">\n<td class=\"et5\" style=\"height: 11.5pt; width: 36.7089%;\" width=\"201\" height=\"15\"><span class=\"font4\">cycle de vie<\/span><\/td>\n<td class=\"et6\" style=\"width: 206.51%;\" width=\"346\"><span class=\"font4\">6000 Cydes@90  % DOD, 25 \u2103 \/ 0,5 C, 60 % EOL<\/span><\/td>\n<\/tr>\n<tr style=\"height: 11.00pt;\">\n<td class=\"et7\" style=\"height: 11pt; width: 243.219%;\" colspan=\"2\" width=\"547\" height=\"14\"><strong>Condition de fonctionnement :<\/strong><\/td>\n<\/tr>\n<tr style=\"height: 12.00pt;\">\n<td class=\"et7\" style=\"height: 12pt; width: 36.7089%;\" width=\"201\" height=\"16\">Frais d'exploitation<\/td>\n<td class=\"et9\" style=\"width: 206.51%;\" width=\"346\"><span class=\"font4\">0 ~ 55 \u2103<\/span><\/td>\n<\/tr>\n<tr style=\"height: 13.00pt;\">\n<td class=\"et7\" style=\"height: 13pt; width: 36.7089%;\" width=\"201\" height=\"17\">D\u00e9charge de temp\u00e9rature<\/td>\n<td class=\"et6\" style=\"width: 206.51%;\" width=\"346\"><span class=\"font4\">0 ~ 55 \u2103<\/span><\/td>\n<\/tr>\n<tr style=\"height: 12.50pt;\">\n<td class=\"et5\" style=\"height: 12.5pt; width: 36.7089%;\" width=\"201\" height=\"16\"><span class=\"font4\">Plage de temp\u00e9rature ambiante standard<\/span><\/td>\n<td class=\"et6\" style=\"width: 206.51%;\" width=\"346\"><span class=\"font4\">0 ~ 40 \u2103<\/span><\/td>\n<\/tr>\n<tr style=\"height: 12.00pt;\">\n<td class=\"et5\" style=\"height: 12pt; width: 36.7089%;\" width=\"201\" height=\"16\"><span class=\"font4\">Plage de temp\u00e9rature de stockage<\/span><\/td>\n<td class=\"et6\" style=\"width: 206.51%;\" width=\"346\"><span class=\"font4\">&gt; 1 mois 0~35\u2103\/\u22641 mois -20~45\u2103<\/span><\/td>\n<\/tr>\n<tr style=\"height: 11.00pt;\">\n<td class=\"et5\" style=\"height: 11pt; width: 36.7089%;\" width=\"201\" height=\"14\"><span class=\"font4\">Humidit\u00e9<\/span><\/td>\n<td class=\"et6\" style=\"width: 206.51%;\" width=\"346\"><span class=\"font4\">5% ~ 95% (RH) (Pas de condensation)<\/span><\/td>\n<\/tr>\n<tr style=\"height: 11.50pt;\">\n<td class=\"et5\" style=\"height: 11.5pt; width: 36.7089%;\" width=\"201\" height=\"15\"><span class=\"font4\">Type de refroidissement<\/span><\/td>\n<td class=\"et6\" style=\"width: 206.51%;\" width=\"346\"><span class=\"font4\">Refroidissement naturel<\/span><\/td>\n<\/tr>\n<tr style=\"height: 12.50pt;\">\n<td class=\"et5\" style=\"height: 12.5pt; width: 36.7089%;\" width=\"201\" height=\"16\"><span class=\"font4\">Mat\u00e9riel de bo\u00eetier<\/span><\/td>\n<td class=\"et6\" style=\"width: 206.51%;\" width=\"346\"><span class=\"font4\">M\u00e9tal<\/span><\/td>\n<\/tr>\n<tr style=\"height: 13.00pt;\">\n<td class=\"et5\" style=\"height: 13pt; width: 36.7089%;\" width=\"201\" height=\"17\"><span class=\"font4\">Classement IP<\/span><\/td>\n<td class=\"et6\" style=\"width: 206.51%;\" width=\"346\"><span class=\"font4\">IP20<\/span><\/td>\n<\/tr>\n<tr style=\"height: 12.50pt;\">\n<td class=\"et5\" style=\"height: 12.5pt; width: 36.7089%;\" width=\"201\" height=\"16\"><span class=\"font4\">Classe de protection<\/span><\/td>\n<td class=\"et6\" style=\"width: 206.51%;\" width=\"346\"><span class=\"font4\">Je<\/span><\/td>\n<\/tr>\n<tr style=\"height: 12.00pt;\">\n<td class=\"et5\" style=\"height: 12pt; width: 36.7089%;\" width=\"201\" height=\"16\"><span class=\"font4\">\u00c9scalabilit\u00e9<\/span><\/td>\n<td class=\"et9\" style=\"width: 206.51%;\" width=\"346\"><span class=\"font4\">Max.25 batteries en parall\u00e8le<\/span><\/td>\n<\/tr>\n<tr style=\"height: 13.50pt;\">\n<td class=\"et5\" style=\"height: 13.5pt; width: 36.7089%;\" width=\"201\" height=\"18\"><span class=\"font4\">Communication<\/span><\/td>\n<td class=\"et6\" style=\"width: 206.51%;\" width=\"346\"><span class=\"font4\">CAN \/ RS485<\/span><\/td>\n<\/tr>\n<tr style=\"height: 12.50pt;\">\n<td class=\"et5\" style=\"height: 12.5pt; width: 36.7089%;\" width=\"201\" height=\"16\"><span class=\"font4\">Protection de la batterie<\/span><\/td>\n<td class=\"et6\" style=\"width: 206.51%;\" width=\"346\"><span class=\"font4\">Surcourant\/Surtension\/Court-circuit\/Sous-tension\/Surtemp\u00e9rature<\/span><\/td>\n<\/tr>\n<tr style=\"height: 13.00pt;\">\n<td class=\"et5\" style=\"height: 13pt; width: 36.7089%;\" width=\"201\" height=\"17\"><span class=\"font4\">Certificats<\/span><\/td>\n<td class=\"et6\" style=\"width: 206.51%;\" width=\"346\"><span class=\"font4\">CE, UN38.3, MSDS<\/span><\/td>\n<\/tr>\n<tr style=\"height: 13.25pt;\">\n<td class=\"et5\" style=\"height: 13.25pt; width: 36.7089%;\" width=\"201\" height=\"17\"><span class=\"font4\">garantie<\/span><\/td>\n<td class=\"et6\" style=\"width: 206.51%;\" width=\"346\"><span class=\"font4\">10 ans<\/span><\/td>\n<\/tr>\n<\/tbody>\n<\/table>","protected":false},"excerpt":{"rendered":"<h2><strong><b>Le <\/b><\/strong><strong><b>EP-FS016A1 \u2013 ESS r\u00e9sidentiel au sol<\/b><\/strong><\/h2>\n<p>L'ESS \u00e9tanche EP-FS016A1 dispose d'un total de 16,08 kWh et d'une \u00e9nergie utilisable de 15,27 kWh. Construit avec des cellules LiFePO4 robustes par des cellules 314Ah, il offre une dur\u00e9e de vie super longue (8000 cycles). Avec une puissance de pointe de 10,24 kW, 95% DOD et une extensibilit\u00e9 de 25 parall\u00e8les, la communication CAN\/RS485\/wifi (facultative), il est con\u00e7u pour les utilisateurs r\u00e9sidentiels ou commerciaux \u00e0 forte demande qui n\u00e9cessitent un stockage d'\u00e9nergie hors r\u00e9seau stable, durable et \u00e9volutif.<\/p>","protected":false},"featured_media":1433,"comment_status":"closed","ping_status":"closed","template":"","meta":[],"product_brand":[],"product_cat":[15],"product_tag":[],"class_list":{"0":"post-1439","1":"product","2":"type-product","3":"status-publish","4":"has-post-thumbnail","6":"product_cat-home-ess","8":"first","9":"instock","10":"shipping-taxable","11":"product-type-simple"},"_links":{"self":[{"href":"https:\/\/www.epotr.com\/fr\/wp-json\/wp\/v2\/product\/1439","targetHints":{"allow":["GET"]}}],"collection":[{"href":"https:\/\/www.epotr.com\/fr\/wp-json\/wp\/v2\/product"}],"about":[{"href":"https:\/\/www.epotr.com\/fr\/wp-json\/wp\/v2\/types\/product"}],"replies":[{"embeddable":true,"href":"https:\/\/www.epotr.com\/fr\/wp-json\/wp\/v2\/comments?post=1439"}],"wp:featuredmedia":[{"embeddable":true,"href":"https:\/\/www.epotr.com\/fr\/wp-json\/wp\/v2\/media\/1433"}],"wp:attachment":[{"href":"https:\/\/www.epotr.com\/fr\/wp-json\/wp\/v2\/media?parent=1439"}],"wp:term":[{"taxonomy":"product_brand","embeddable":true,"href":"https:\/\/www.epotr.com\/fr\/wp-json\/wp\/v2\/product_brand?post=1439"},{"taxonomy":"product_cat","embeddable":true,"href":"https:\/\/www.epotr.com\/fr\/wp-json\/wp\/v2\/product_cat?post=1439"},{"taxonomy":"product_tag","embeddable":true,"href":"https:\/\/www.epotr.com\/fr\/wp-json\/wp\/v2\/product_tag?post=1439"}],"curies":[{"name":"WP","href":"https:\/\/api.w.org\/{rel}","templated":true}]}}