{"id":1431,"date":"2025-06-23T16:41:35","date_gmt":"2025-06-23T08:41:35","guid":{"rendered":"https:\/\/www.epotr.com\/?post_type=product&#038;p=1431"},"modified":"2025-12-22T11:02:31","modified_gmt":"2025-12-22T03:02:31","slug":"floor-staning-ess","status":"publish","type":"product","link":"https:\/\/www.epotr.com\/fr\/home-ess\/floor-staning-ess\/","title":{"rendered":"Syst\u00e8me de stockage d'\u00e9nergie \u00e0 domicile - ESS au sol | EPOTR"},"content":{"rendered":"<table style=\"width: 99.8716%;\" width=\"469\">\n<tbody>\n<tr>\n<td style=\"width: 42.5532%; background-color: #0068b7;\" width=\"172\"><strong><span style=\"color: #ffffff;\">Mod\u00e8le<\/span><\/strong><\/td>\n<td style=\"width: 248.723%; background-color: #0068b7;\" width=\"297\"><strong><span style=\"color: #ffffff;\">EP-WL012A1<\/span><\/strong><\/td>\n<\/tr>\n<tr>\n<td style=\"width: 42.5532%;\" width=\"172\">\u00c9nergie totale<\/td>\n<td style=\"width: 248.723%;\" width=\"297\">11.78kWh<\/td>\n<\/tr>\n<tr>\n<td style=\"width: 42.5532%;\" width=\"172\">\u00c9nergie utilisable (DC)<\/td>\n<td style=\"width: 248.723%;\" width=\"297\">11.00kWh<\/td>\n<\/tr>\n<tr>\n<td style=\"width: 42.5532%;\" width=\"172\">Voltage<\/td>\n<td style=\"width: 248.723%;\" width=\"297\">44,8 ~ 57,6Vdc<\/td>\n<\/tr>\n<tr>\n<td style=\"width: 42.5532%;\" width=\"172\">Tension nominale<\/td>\n<td style=\"width: 248.723%;\" width=\"297\">51.2Vdc<\/td>\n<\/tr>\n<tr>\n<td style=\"width: 42.5532%;\" width=\"172\">Capacit\u00e9 nominale<\/td>\n<td style=\"width: 248.723%;\" width=\"297\">230Ah<\/td>\n<\/tr>\n<tr>\n<td style=\"width: 42.5532%;\" width=\"172\">Voltage de charge maximale<\/td>\n<td style=\"width: 248.723%;\" width=\"297\">57.6Vdc<\/td>\n<\/tr>\n<tr>\n<td style=\"width: 42.5532%;\" width=\"172\">Max.Charging courant<\/td>\n<td style=\"width: 248.723%;\" width=\"297\">115A<\/td>\n<\/tr>\n<tr>\n<td style=\"width: 42.5532%;\" width=\"172\">Puissance Max.Charging<\/td>\n<td style=\"width: 248.723%;\" width=\"297\">6144W<\/td>\n<\/tr>\n<tr>\n<td style=\"width: 42.5532%;\" width=\"172\">Max.Discharging courant<\/td>\n<td style=\"width: 248.723%;\" width=\"297\">150A<\/td>\n<\/tr>\n<tr>\n<td style=\"width: 42.5532%;\" width=\"172\">Puissance Max.Discharging<\/td>\n<td style=\"width: 248.723%;\" width=\"297\">7680W<\/td>\n<\/tr>\n<tr>\n<td style=\"width: 42.5532%;\" width=\"172\">Courant de circuit court<\/td>\n<td style=\"width: 248.723%;\" width=\"297\">540A<\/td>\n<\/tr>\n<tr>\n<td style=\"width: 42.5532%;\" width=\"172\">Max.Recommand\u00e9 DOD<\/td>\n<td style=\"width: 248.723%;\" width=\"297\">95%<\/td>\n<\/tr>\n<tr>\n<td style=\"width: 42.5532%;\" width=\"172\">Poids<\/td>\n<td style=\"width: 248.723%;\" width=\"297\">82 kg<\/td>\n<\/tr>\n<tr>\n<td style=\"width: 42.5532%;\" width=\"172\">Dimension (mm) (HL * W)<\/td>\n<td style=\"width: 248.723%;\" width=\"297\">720 * 425 * 230mm<\/td>\n<\/tr>\n<tr>\n<td style=\"width: 42.5532%;\" width=\"172\">Installation<\/td>\n<td style=\"width: 248.723%;\" width=\"297\">Monture murale ou au sol<\/td>\n<\/tr>\n<tr>\n<td style=\"width: 42.5532%;\" width=\"172\">Technologie cellulaire<\/td>\n<td style=\"width: 248.723%;\" width=\"297\">LIEePO4, phosphate de fer de lithium<\/td>\n<\/tr>\n<tr>\n<td style=\"width: 42.5532%;\" width=\"172\">cycle de vie<\/td>\n<td style=\"width: 248.723%;\" width=\"297\">6000 cycles @90%DOD, 25\u00b0C\/0.5C, 60%EOL<\/td>\n<\/tr>\n<tr>\n<td style=\"width: 42.5532%;\" width=\"172\"><strong>Condition de fonctionnement :<\/strong><\/td>\n<td style=\"width: 248.723%;\" width=\"297\"><\/td>\n<\/tr>\n<tr>\n<td style=\"width: 42.5532%;\" width=\"172\">Frais d'exploitation<\/td>\n<td style=\"width: 248.723%;\" width=\"297\">0 ~ 55 \u2103<\/td>\n<\/tr>\n<tr>\n<td style=\"width: 42.5532%;\" width=\"172\">D\u00e9charge de temp\u00e9rature<\/td>\n<td style=\"width: 248.723%;\" width=\"297\">- 15 ~ 55 \u2103<\/td>\n<\/tr>\n<tr>\n<td style=\"width: 42.5532%;\" width=\"172\">Plage de temp\u00e9rature ambiante standard<\/td>\n<td style=\"width: 248.723%;\" width=\"297\">0 ~ 40 \u2103<\/td>\n<\/tr>\n<tr>\n<td style=\"width: 42.5532%;\" width=\"172\">Plage de temp\u00e9rature de stockage<\/td>\n<td style=\"width: 248.723%;\" width=\"297\">&gt; 1 mois 0~35\u2103\/\u22641 mois-20~45\u2103<\/td>\n<\/tr>\n<tr>\n<td style=\"width: 42.5532%;\" width=\"172\">Humidit\u00e9<\/td>\n<td style=\"width: 248.723%;\" width=\"297\">5% ~ 85% (RH) (Pas de condensation)<\/td>\n<\/tr>\n<tr>\n<td style=\"width: 42.5532%;\" width=\"172\">Type de refroidissement<\/td>\n<td style=\"width: 248.723%;\" width=\"297\">Refroidissement naturel<\/td>\n<\/tr>\n<tr>\n<td style=\"width: 42.5532%;\" width=\"172\">Protection contre les entr\u00e9es<\/td>\n<td style=\"width: 248.723%;\" width=\"297\">IP20<\/td>\n<\/tr>\n<tr>\n<td style=\"width: 42.5532%;\" width=\"172\">Classe de protection<\/td>\n<td style=\"width: 248.723%;\" width=\"297\">Je<\/td>\n<\/tr>\n<tr>\n<td style=\"width: 42.5532%;\" width=\"172\">\u00c9scalabilit\u00e9<\/td>\n<td style=\"width: 248.723%;\" width=\"297\">Max.25 batteries en parall\u00e8le<\/td>\n<\/tr>\n<tr>\n<td style=\"width: 42.5532%;\" width=\"172\">Communication<\/td>\n<td style=\"width: 248.723%;\" width=\"297\">CAN \/ RS485<\/td>\n<\/tr>\n<tr>\n<td style=\"width: 42.5532%;\" width=\"172\">Protection de la batterie<\/td>\n<td style=\"width: 248.723%;\" width=\"297\">Surcourant\/Surtension\/Court-circuit\/Sous-tension\/Surtemp\u00e9rature<\/td>\n<\/tr>\n<tr>\n<td style=\"width: 42.5532%;\" width=\"172\">Certificats<\/td>\n<td style=\"width: 248.723%;\" width=\"297\">CE, UN38.3, MSDS<\/td>\n<\/tr>\n<tr>\n<td style=\"width: 42.5532%;\" width=\"172\">garantie<\/td>\n<td style=\"width: 248.723%;\" width=\"297\">10 ans<\/td>\n<\/tr>\n<\/tbody>\n<\/table>","protected":false},"excerpt":{"rendered":"<h2><strong><b>EP-WL010A1 \u2013 ESS debout au sol<\/b><\/strong><\/h2>\n<p>L'EP-WL010A1 est un syst\u00e8me de stockage d'\u00e9nergie r\u00e9sidentiel \u00e0 basse tension robuste de 11,78 kWh con\u00e7u sp\u00e9cifiquement pour l'installation au sol. Avec 230Ah LiFePO avanc\u00e9 \u2084  Cellules de batterie, cette unit\u00e9 fournit une capacit\u00e9 \u00e9nerg\u00e9tique utilisable de 11,00kWh et supporte une longue dur\u00e9e de vie de plus de 6000 cycles. Con\u00e7u pour une int\u00e9gration sans faille avec les syst\u00e8mes solaires r\u00e9sidentiels, il permet jusqu'\u00e0 25 unit\u00e9s en parall\u00e8le pour des besoins de stockage \u00e9tendus.<\/p>\n<p>L'EP-WL010A1 assure des performances fiables avec refroidissement naturel et offre des options de communication polyvalentes, y compris CAN, RS485 et Wi-Fi en option. Une solution \u00e9cologique parfaite pour l'alimentation de secours domestique, le d\u00e9placement de charge et l'autoconsommation solaire.<\/p>","protected":false},"featured_media":1433,"comment_status":"closed","ping_status":"closed","template":"","meta":[],"product_brand":[],"product_cat":[15],"product_tag":[],"class_list":{"0":"post-1431","1":"product","2":"type-product","3":"status-publish","4":"has-post-thumbnail","6":"product_cat-home-ess","8":"first","9":"instock","10":"shipping-taxable","11":"product-type-simple"},"_links":{"self":[{"href":"https:\/\/www.epotr.com\/fr\/wp-json\/wp\/v2\/product\/1431","targetHints":{"allow":["GET"]}}],"collection":[{"href":"https:\/\/www.epotr.com\/fr\/wp-json\/wp\/v2\/product"}],"about":[{"href":"https:\/\/www.epotr.com\/fr\/wp-json\/wp\/v2\/types\/product"}],"replies":[{"embeddable":true,"href":"https:\/\/www.epotr.com\/fr\/wp-json\/wp\/v2\/comments?post=1431"}],"wp:featuredmedia":[{"embeddable":true,"href":"https:\/\/www.epotr.com\/fr\/wp-json\/wp\/v2\/media\/1433"}],"wp:attachment":[{"href":"https:\/\/www.epotr.com\/fr\/wp-json\/wp\/v2\/media?parent=1431"}],"wp:term":[{"taxonomy":"product_brand","embeddable":true,"href":"https:\/\/www.epotr.com\/fr\/wp-json\/wp\/v2\/product_brand?post=1431"},{"taxonomy":"product_cat","embeddable":true,"href":"https:\/\/www.epotr.com\/fr\/wp-json\/wp\/v2\/product_cat?post=1431"},{"taxonomy":"product_tag","embeddable":true,"href":"https:\/\/www.epotr.com\/fr\/wp-json\/wp\/v2\/product_tag?post=1431"}],"curies":[{"name":"WP","href":"https:\/\/api.w.org\/{rel}","templated":true}]}}