{"id":1430,"date":"2025-06-23T16:38:17","date_gmt":"2025-06-23T08:38:17","guid":{"rendered":"https:\/\/www.epotr.com\/?post_type=product&#038;p=1430"},"modified":"2025-12-22T11:03:05","modified_gmt":"2025-12-22T03:03:05","slug":"wall-mounted-residential-ess","status":"publish","type":"product","link":"https:\/\/www.epotr.com\/fr\/home-ess\/wall-mounted-residential-ess\/","title":{"rendered":"Syst\u00e8me de stockage d'\u00e9nergie \u00e0 domicile-ESS r\u00e9sidentiel mural | EPOTR"},"content":{"rendered":"<table style=\"width: 97.6776%;\" width=\"329\">\n<tbody>\n<tr>\n<td style=\"width: 37.2159%; background-color: #0068b7;\" width=\"117\"><span style=\"color: #ffffff;\"><strong>Mod\u00e8le<\/strong><\/span><\/td>\n<td style=\"width: 347.753%; background-color: #0068b7;\" width=\"212\"><span style=\"color: #ffffff;\"><strong>EP-WL005A1<\/strong><\/span><\/td>\n<\/tr>\n<tr>\n<td style=\"width: 37.2159%;\" width=\"117\">\u00c9nergie totale<\/td>\n<td style=\"width: 347.753%;\" width=\"212\">5.22kWh<\/td>\n<\/tr>\n<tr>\n<td style=\"width: 37.2159%;\" width=\"117\">\u00c9nergie utilisable (DC) \u00b0<\/td>\n<td style=\"width: 347.753%;\" width=\"212\">4.96kWh<\/td>\n<\/tr>\n<tr>\n<td style=\"width: 37.2159%;\" width=\"117\">tension<\/td>\n<td style=\"width: 347.753%;\" width=\"212\">44.8-57.6ve<\/td>\n<\/tr>\n<tr>\n<td style=\"width: 37.2159%;\" width=\"117\">Tension nominale<\/td>\n<td style=\"width: 347.753%;\" width=\"212\">5.1ZVdc<\/td>\n<\/tr>\n<tr>\n<td style=\"width: 37.2159%;\" width=\"117\">Capacit\u00e9 nominale<\/td>\n<td style=\"width: 347.753%;\" width=\"212\">102Ah<\/td>\n<\/tr>\n<tr>\n<td style=\"width: 37.2159%;\" width=\"117\">M&amp; x Voltage de charge<\/td>\n<td style=\"width: 347.753%;\" width=\"212\">57.6Vdc<\/td>\n<\/tr>\n<tr>\n<td style=\"width: 37.2159%;\" width=\"117\">Courant de charge nominal<\/td>\n<td style=\"width: 347.753%;\" width=\"212\">50A<\/td>\n<\/tr>\n<tr>\n<td style=\"width: 37.2159%;\" width=\"117\">Puissance de charge nominale<\/td>\n<td style=\"width: 347.753%;\" width=\"212\">2500W<\/td>\n<\/tr>\n<tr>\n<td style=\"width: 37.2159%;\" width=\"117\">Max.Discharging courant<\/td>\n<td style=\"width: 347.753%;\" width=\"212\">100A<\/td>\n<\/tr>\n<tr>\n<td style=\"width: 37.2159%;\" width=\"117\">Puissance de d\u00e9charge maximale<\/td>\n<td style=\"width: 347.753%;\" width=\"212\">5000W<\/td>\n<\/tr>\n<tr>\n<td style=\"width: 37.2159%;\" width=\"117\">Curret court circuit<\/td>\n<td style=\"width: 347.753%;\" width=\"212\">350A<\/td>\n<\/tr>\n<tr>\n<td style=\"width: 37.2159%;\" width=\"117\">Max recommand\u00e9 DOD<\/td>\n<td style=\"width: 347.753%;\" width=\"212\">95%<\/td>\n<\/tr>\n<tr>\n<td style=\"width: 37.2159%;\" width=\"117\">Poids<\/td>\n<td style=\"width: 347.753%;\" width=\"212\">42 kg<\/td>\n<\/tr>\n<tr>\n<td style=\"width: 37.2159%;\" width=\"117\">Dimensioni (mm) (H&#8221;L&#8221;W)<\/td>\n<td style=\"width: 347.753%;\" width=\"212\">600 * 380 * 136,5 mm<\/td>\n<\/tr>\n<tr>\n<td style=\"width: 37.2159%;\" width=\"117\">Installation<\/td>\n<td style=\"width: 347.753%;\" width=\"212\">Montage mural<\/td>\n<\/tr>\n<tr>\n<td style=\"width: 37.2159%;\" width=\"117\">Technologie cellulaire<\/td>\n<td style=\"width: 347.753%;\" width=\"212\">LIFePO4, phosphate de fer de lithium<\/td>\n<\/tr>\n<tr>\n<td style=\"width: 37.2159%;\" width=\"117\">Cycle Ife<\/td>\n<td style=\"width: 347.753%;\" width=\"212\">6000 cycles @90%DoD.25C\/O.5C, 60%EOL<\/td>\n<\/tr>\n<tr>\n<td style=\"width: 384.969%;\" colspan=\"2\" width=\"329\"><strong>Op\u00e9rabng Condtlon :<\/strong><\/td>\n<\/tr>\n<tr>\n<td style=\"width: 37.2159%;\" width=\"117\">Frais d'exploitation<\/td>\n<td style=\"width: 347.753%;\" width=\"212\">0 \u00e0 55C<\/td>\n<\/tr>\n<tr>\n<td style=\"width: 37.2159%;\" width=\"117\">D\u00e9charge de temp\u00e9rature<\/td>\n<td style=\"width: 347.753%;\" width=\"212\">0 - 55\u2103<\/td>\n<\/tr>\n<tr>\n<td style=\"width: 37.2159%;\" width=\"117\">Plage de temp\u00e9rature ambiante standard<\/td>\n<td style=\"width: 347.753%;\" width=\"212\">0 - 40\u2103<\/td>\n<\/tr>\n<tr>\n<td style=\"width: 37.2159%;\" width=\"117\">Plage de temp\u00e9rature de stockage<\/td>\n<td style=\"width: 347.753%;\" width=\"212\">1 mois 0-35\u2103\/\u22641 mois-20-45\u2103<\/td>\n<\/tr>\n<tr>\n<td style=\"width: 37.2159%;\" width=\"117\">Humidit\u00e9<\/td>\n<td style=\"width: 347.753%;\" width=\"212\">5% -95% \/ (RH) (Pas de condensation)<\/td>\n<\/tr>\n<tr>\n<td style=\"width: 37.2159%;\" width=\"117\">Type de refroidissement<\/td>\n<td style=\"width: 347.753%;\" width=\"212\">Refroidissement Naturad<\/td>\n<\/tr>\n<tr>\n<td style=\"width: 37.2159%;\" width=\"117\">Protection contre les entr\u00e9es<\/td>\n<td style=\"width: 347.753%;\" width=\"212\">IP20<\/td>\n<\/tr>\n<tr>\n<td style=\"width: 37.2159%;\" width=\"117\">Classe de protection<\/td>\n<td style=\"width: 347.753%;\" width=\"212\">Je<\/td>\n<\/tr>\n<tr>\n<td style=\"width: 37.2159%;\" width=\"117\">\u00c9scalabilit\u00e9<\/td>\n<td style=\"width: 347.753%;\" width=\"212\">Max 25 batteries en prallel<\/td>\n<\/tr>\n<tr>\n<td style=\"width: 37.2159%;\" width=\"117\">Communication<\/td>\n<td style=\"width: 347.753%;\" width=\"212\">CAN \/ RS485<\/td>\n<\/tr>\n<tr>\n<td style=\"width: 37.2159%;\" width=\"117\">Protection de la batterie<\/td>\n<td style=\"width: 347.753%;\" width=\"212\">Surcourant\/Surtension court-circuit\/Sous-tension\/Surtemp\u00e9rature<\/td>\n<\/tr>\n<tr>\n<td style=\"width: 37.2159%;\" width=\"117\">Cerifcates<\/td>\n<td style=\"width: 347.753%;\" width=\"212\">CE. UN38.3, MSDS<\/td>\n<\/tr>\n<tr>\n<td style=\"width: 37.2159%;\" width=\"117\">garantie<\/td>\n<td style=\"width: 347.753%;\" width=\"212\">10 ans<\/td>\n<\/tr>\n<\/tbody>\n<\/table>","protected":false},"excerpt":{"rendered":"<p>EP-WL005A1 \u2013 ESS r\u00e9sidentiel mural<\/p>\n<p>L'EP-WL005A1 d'EPOTR offre une capacit\u00e9 \u00e9nerg\u00e9tique totale compacte de 5,22 kWh, avec une \u00e9nergie utilisable de 4,96 kWh. Id\u00e9al pour les petites maisons et les zones recul\u00e9es, il prend en charge le refroidissement naturel et l'installation murale. Il prend en charge jusqu'\u00e0 20 unit\u00e9s parall\u00e8les. La puissance de d\u00e9charge maximale de 5000W du syst\u00e8me offre une ind\u00e9pendance \u00e9nerg\u00e9tique robuste pour les applications hors r\u00e9seau ou de sauvegarde. Les utilisateurs cibles b\u00e9n\u00e9ficient de la stabilit\u00e9, de la durabilit\u00e9 et de la s\u00e9curit\u00e9.<\/p>","protected":false},"featured_media":1432,"comment_status":"closed","ping_status":"closed","template":"","meta":[],"product_brand":[],"product_cat":[15],"product_tag":[],"class_list":{"0":"post-1430","1":"product","2":"type-product","3":"status-publish","4":"has-post-thumbnail","6":"product_cat-home-ess","8":"first","9":"instock","10":"shipping-taxable","11":"product-type-simple"},"_links":{"self":[{"href":"https:\/\/www.epotr.com\/fr\/wp-json\/wp\/v2\/product\/1430","targetHints":{"allow":["GET"]}}],"collection":[{"href":"https:\/\/www.epotr.com\/fr\/wp-json\/wp\/v2\/product"}],"about":[{"href":"https:\/\/www.epotr.com\/fr\/wp-json\/wp\/v2\/types\/product"}],"replies":[{"embeddable":true,"href":"https:\/\/www.epotr.com\/fr\/wp-json\/wp\/v2\/comments?post=1430"}],"wp:featuredmedia":[{"embeddable":true,"href":"https:\/\/www.epotr.com\/fr\/wp-json\/wp\/v2\/media\/1432"}],"wp:attachment":[{"href":"https:\/\/www.epotr.com\/fr\/wp-json\/wp\/v2\/media?parent=1430"}],"wp:term":[{"taxonomy":"product_brand","embeddable":true,"href":"https:\/\/www.epotr.com\/fr\/wp-json\/wp\/v2\/product_brand?post=1430"},{"taxonomy":"product_cat","embeddable":true,"href":"https:\/\/www.epotr.com\/fr\/wp-json\/wp\/v2\/product_cat?post=1430"},{"taxonomy":"product_tag","embeddable":true,"href":"https:\/\/www.epotr.com\/fr\/wp-json\/wp\/v2\/product_tag?post=1430"}],"curies":[{"name":"WP","href":"https:\/\/api.w.org\/{rel}","templated":true}]}}