{"id":1425,"date":"2025-06-23T16:09:50","date_gmt":"2025-06-23T08:09:50","guid":{"rendered":"https:\/\/www.epotr.com\/?post_type=product&#038;p=1425"},"modified":"2025-07-17T15:25:41","modified_gmt":"2025-07-17T07:25:41","slug":"ep3-single-phase-all-in-one-solution","status":"publish","type":"product","link":"https:\/\/www.epotr.com\/fr\/home-ess\/ep3-single-phase-all-in-one-solution\/","title":{"rendered":"Syst\u00e8me de stockage d'\u00e9nergie \u00e0 domicile - EP3 Single Phase All In One Solution | EPOTR"},"content":{"rendered":"<table style=\"width: 93.5379%; height: 2607px;\" width=\"1043\">\n<tbody>\n<tr>\n<td style=\"width: 22.3771%; text-align: center;\" width=\"237\">Module<\/td>\n<td style=\"width: 11.372%; text-align: center;\" width=\"119\">EP3-3K-S2-W\/G-PX<\/td>\n<td style=\"width: 13.1328%; text-align: center;\" width=\"96\">EP3-3.6K-S2-W\/G-PX<\/td>\n<td style=\"width: 12.0323%; text-align: center;\" width=\"168\">EP3-4K-S2-W\/G-PX<\/td>\n<td style=\"width: 11.2986%; text-align: center;\" width=\"101\">EP3-4.6K-S2-W\/G-PX<\/td>\n<td style=\"width: 11.8122%; text-align: center;\" width=\"140\">EP3-5K-S2-W\/G-PX<\/td>\n<td style=\"width: 17.168%; text-align: center;\" width=\"181\">EP3-6K-S2-W\/G-PX<\/td>\n<\/tr>\n<tr>\n<td style=\"width: 99.193%; text-align: center;\" colspan=\"7\" width=\"1043\">DC Input<\/td>\n<\/tr>\n<tr>\n<td style=\"width: 22.3771%; text-align: center;\" width=\"237\">Max.PVArray Power [Wp]@STC<\/td>\n<td style=\"width: 11.372%; text-align: center;\" width=\"119\">6000<\/td>\n<td style=\"width: 13.1328%; text-align: center;\" width=\"96\">7200<\/td>\n<td style=\"width: 12.0323%; text-align: center;\" width=\"168\">8000<\/td>\n<td style=\"width: 11.2986%; text-align: center;\" width=\"101\">9200<\/td>\n<td style=\"width: 11.8122%; text-align: center;\" width=\"140\">10000<\/td>\n<td style=\"width: 17.168%; text-align: center;\" width=\"181\">12000<\/td>\n<\/tr>\n<tr>\n<td style=\"width: 22.3771%; text-align: center;\" width=\"237\">Max.DC Voltage [V]<\/td>\n<td style=\"width: 76.8159%; text-align: center;\" colspan=\"6\" width=\"806\">600<\/td>\n<\/tr>\n<tr>\n<td style=\"width: 22.3771%; text-align: center;\" width=\"237\">MPPTVoltage Range [V]<\/td>\n<td style=\"width: 76.8159%; text-align: center;\" colspan=\"6\" width=\"806\">\u00a090~550<\/td>\n<\/tr>\n<tr>\n<td style=\"width: 22.3771%; text-align: center;\" width=\"237\">Rated DCVoltage [V]<\/td>\n<td style=\"width: 76.8159%; text-align: center;\" colspan=\"6\" width=\"806\">360<\/td>\n<\/tr>\n<tr>\n<td style=\"width: 22.3771%; text-align: center;\" width=\"237\">Start Voltage [V]<\/td>\n<td style=\"width: 76.8159%; text-align: center;\" colspan=\"6\" width=\"806\">100<\/td>\n<\/tr>\n<tr>\n<td style=\"width: 22.3771%; text-align: center;\" width=\"237\">Max.DC Input Current [A]<\/td>\n<td style=\"width: 76.8159%; text-align: center;\" colspan=\"6\" width=\"806\">20\/20<\/td>\n<\/tr>\n<tr>\n<td style=\"width: 22.3771%; text-align: center;\" width=\"237\">Max.DC Short Circuit Current [A]<\/td>\n<td style=\"width: 76.8159%; text-align: center;\" colspan=\"6\" width=\"806\">\u00a025\/25<\/td>\n<\/tr>\n<tr>\n<td style=\"width: 22.3771%; text-align: center;\" width=\"237\">No.of MPPT<\/td>\n<td style=\"width: 76.8159%; text-align: center;\" colspan=\"6\" width=\"806\">\u00a02<\/td>\n<\/tr>\n<tr>\n<td style=\"width: 99.193%; text-align: center;\" colspan=\"7\" width=\"1043\">AC Output\/nput [On-grid]<\/td>\n<\/tr>\n<tr>\n<td style=\"width: 22.3771%; text-align: center;\" width=\"237\">Rated AC Power [W]<\/td>\n<td style=\"width: 11.372%; text-align: center;\" width=\"119\">3000<\/td>\n<td style=\"width: 13.1328%; text-align: center;\" width=\"96\">3600<\/td>\n<td style=\"width: 12.0323%; text-align: center;\" width=\"168\">4000<\/td>\n<td style=\"width: 11.2986%; text-align: center;\" width=\"101\">\u00a0 4600<\/td>\n<td style=\"width: 11.8122%; text-align: center;\" width=\"140\">5000<\/td>\n<td style=\"width: 17.168%; text-align: center;\" width=\"181\">6000<\/td>\n<\/tr>\n<tr>\n<td style=\"width: 22.3771%; text-align: center;\" width=\"237\">Max.Apparent Power[VA]<\/td>\n<td style=\"width: 11.372%; text-align: center;\" width=\"119\">3300<\/td>\n<td style=\"width: 13.1328%; text-align: center;\" width=\"96\">3600<\/td>\n<td style=\"width: 12.0323%; text-align: center;\" width=\"168\">4400<\/td>\n<td style=\"width: 11.2986%; text-align: center;\" width=\"101\">\u00a0 4600<\/td>\n<td style=\"width: 11.8122%; text-align: center;\" width=\"140\">5500<\/td>\n<td style=\"width: 17.168%; text-align: center;\" width=\"181\">6000<\/td>\n<\/tr>\n<tr>\n<td style=\"width: 22.3771%; text-align: center;\" width=\"237\">Rated Output Current [A]@230Vac<\/td>\n<td style=\"width: 11.372%; text-align: center;\" width=\"119\">13.0<\/td>\n<td style=\"width: 13.1328%; text-align: center;\" width=\"96\">15.7<\/td>\n<td style=\"width: 12.0323%; text-align: center;\" width=\"168\">17.4<\/td>\n<td style=\"width: 11.2986%; text-align: center;\" width=\"101\">\u00a0 20.0<\/td>\n<td style=\"width: 11.8122%; text-align: center;\" width=\"140\">\u00a0 21.7<\/td>\n<td style=\"width: 17.168%; text-align: center;\" width=\"181\">\u00a0\u00a0\u00a0\u00a0\u00a0 26.1<\/td>\n<\/tr>\n<tr>\n<td style=\"width: 22.3771%; text-align: center;\" width=\"237\">Max.Output Current [A]<\/td>\n<td style=\"width: 11.372%; text-align: center;\" width=\"119\">14.3<\/td>\n<td style=\"width: 13.1328%; text-align: center;\" width=\"96\">15.7<\/td>\n<td style=\"width: 12.0323%; text-align: center;\" width=\"168\">19.1<\/td>\n<td style=\"width: 11.2986%; text-align: center;\" width=\"101\">\u00a0 20.0<\/td>\n<td style=\"width: 11.8122%; text-align: center;\" width=\"140\">23.9<\/td>\n<td style=\"width: 17.168%; text-align: center;\" width=\"181\">27.3<\/td>\n<\/tr>\n<tr>\n<td style=\"width: 22.3771%; text-align: center;\" width=\"237\">Max.Input Current [A]@230Vac<\/td>\n<td style=\"width: 76.8159%; text-align: center;\" colspan=\"6\" width=\"806\">54.5<\/td>\n<\/tr>\n<tr>\n<td style=\"width: 22.3771%; text-align: center;\" width=\"237\">Rated ACVoltage\/Range [V]<\/td>\n<td style=\"width: 76.8159%; text-align: center;\" colspan=\"6\" width=\"806\">L+N+PE,220,230,240\/180\uff5e280<\/td>\n<\/tr>\n<tr>\n<td style=\"width: 22.3771%; text-align: center;\" width=\"237\">Rated Output Frequency\/Range [Hz]<\/td>\n<td style=\"width: 76.8159%; text-align: center;\" colspan=\"6\" width=\"806\">\u00a050,60\/45\uff5e55,55\uff5e65<\/td>\n<\/tr>\n<tr>\n<td style=\"width: 22.3771%; text-align: center;\" width=\"237\">Power Factor [cos \u03c6]<\/td>\n<td style=\"width: 76.8159%; text-align: center;\" colspan=\"6\" width=\"806\">\u00a00.8 leading\uff5e0.8 lagging<\/td>\n<\/tr>\n<tr>\n<td style=\"width: 22.3771%; text-align: center;\" width=\"237\">Total Harmonic Distortion [THDi]<\/td>\n<td style=\"width: 76.8159%; text-align: center;\" colspan=\"6\" width=\"806\">&lt;3%<\/td>\n<\/tr>\n<tr>\n<td style=\"width: 99.193%; text-align: center;\" colspan=\"7\" width=\"1043\">Battery Parameters<\/td>\n<\/tr>\n<tr>\n<td style=\"width: 22.3771%; text-align: center;\" width=\"237\">Battery Type<\/td>\n<td style=\"width: 76.8159%; text-align: center;\" colspan=\"6\" width=\"806\">\u00a0LiFePO4<\/td>\n<\/tr>\n<tr>\n<td style=\"width: 22.3771%; text-align: center;\" width=\"237\">Battery Voltage Range[V]<\/td>\n<td style=\"width: 76.8159%; text-align: center;\" colspan=\"6\" width=\"806\">\u00a0380\uff5e500<\/td>\n<\/tr>\n<tr>\n<td style=\"width: 22.3771%; text-align: center;\" width=\"237\">Max.Charging\/Discharging Current [A]<\/td>\n<td style=\"width: 11.372%; text-align: center;\" width=\"119\">15.8\/9.2<\/td>\n<td style=\"width: 13.1328%; text-align: center;\" width=\"96\">15.8\/10<\/td>\n<td style=\"width: 12.0323%; text-align: center;\" width=\"168\">15.8\/12.4<\/td>\n<td style=\"width: 11.2986%; text-align: center;\" width=\"101\">\u00a0 15.8\/12.9<\/td>\n<td style=\"width: 11.8122%; text-align: center;\" width=\"140\">\u00a0 15.8\/15.2<\/td>\n<td style=\"width: 17.168%; text-align: center;\" width=\"181\">\u00a0 15.8\/16.8<\/td>\n<\/tr>\n<tr>\n<td style=\"width: 22.3771%; text-align: center;\" width=\"237\">Scalability<\/td>\n<td style=\"width: 76.8159%; text-align: center;\" colspan=\"6\" width=\"806\">BU3-5.0-TV2-PRO(up to 8 battery modules)<\/td>\n<\/tr>\n<tr>\n<td style=\"width: 99.193%; text-align: center;\" colspan=\"7\" width=\"1043\">AC Output [Back-up]<\/td>\n<\/tr>\n<tr>\n<td style=\"width: 22.3771%; text-align: center;\" width=\"237\">Rated Output Power [W]<\/td>\n<td style=\"width: 11.372%; text-align: center;\" width=\"119\">3000<\/td>\n<td style=\"width: 13.1328%; text-align: center;\" width=\"96\">3680<\/td>\n<td style=\"width: 12.0323%; text-align: center;\" width=\"168\">4000<\/td>\n<td style=\"width: 11.2986%; text-align: center;\" width=\"101\">\u00a0 4600<\/td>\n<td style=\"width: 28.9802%; text-align: center;\" colspan=\"2\" width=\"321\">5000***\u00a0\u00a0\u00a0\u00a0\u00a0\u00a0\u00a0\u00a0\u00a0\u00a0\u00a0\u00a0 6000<\/td>\n<\/tr>\n<tr>\n<td style=\"width: 22.3771%; text-align: center;\" width=\"237\">Peak Output Apparent Power [VA]<br \/>\nRated Output Frequency\/Range [Hz]<\/td>\n<td style=\"width: 11.372%; text-align: center;\" width=\"119\">3600,60s<\/td>\n<td style=\"width: 13.1328%; text-align: center;\" width=\"96\">4416,60s<\/td>\n<td style=\"width: 12.0323%; text-align: center;\" width=\"168\">4800,60s<\/td>\n<td style=\"width: 11.2986%; text-align: center;\" width=\"101\">\u00a05520,60s<\/td>\n<td style=\"width: 11.8122%; text-align: center;\" width=\"140\">6000,60s<\/td>\n<td style=\"width: 17.168%; text-align: center;\" width=\"181\">7200,60s<\/td>\n<\/tr>\n<tr>\n<td style=\"width: 22.3771%; text-align: center;\" width=\"237\">Rated AC Voltage\/Range [V]<\/td>\n<td style=\"width: 76.8159%; text-align: center;\" colspan=\"6\" width=\"806\">L+N+PE,220,230,240\/180\uff5e280<\/td>\n<\/tr>\n<tr>\n<td style=\"width: 22.3771%; text-align: center;\" width=\"237\">Rated Output Frequency\/Range [Hz]<\/td>\n<td style=\"width: 76.8159%; text-align: center;\" colspan=\"6\" width=\"806\">50,60\/45\uff5e55,55\uff5e65<\/td>\n<\/tr>\n<tr>\n<td style=\"width: 22.3771%; text-align: center;\" width=\"237\">Output THDv(@Linear Load)<\/td>\n<td style=\"width: 76.8159%; text-align: center;\" colspan=\"6\" width=\"806\">&lt;3%<\/td>\n<\/tr>\n<tr>\n<td style=\"width: 99.193%; text-align: center;\" colspan=\"7\" width=\"1043\">Efficiency<\/td>\n<\/tr>\n<tr>\n<td style=\"width: 22.3771%; text-align: center;\" width=\"237\">Max.Efficiency<\/td>\n<td style=\"width: 76.8159%; text-align: center;\" colspan=\"6\" width=\"806\">\u00a097.6%<\/td>\n<\/tr>\n<tr>\n<td style=\"width: 22.3771%; text-align: center;\" width=\"237\">Euro Efficiency<\/td>\n<td style=\"width: 76.8159%; text-align: center;\" colspan=\"6\" width=\"806\">\u00a097.2%<\/td>\n<\/tr>\n<tr>\n<td style=\"width: 99.193%; text-align: center;\" colspan=\"7\" width=\"1043\">Protection<\/td>\n<\/tr>\n<tr>\n<td style=\"width: 22.3771%; text-align: center;\" width=\"237\">Battery Input Reverse Polarity Protection<\/td>\n<td style=\"width: 76.8159%; text-align: center;\" colspan=\"6\" width=\"806\">\u00a0Integrated<\/td>\n<\/tr>\n<tr>\n<td style=\"width: 22.3771%; text-align: center;\" width=\"237\">Over load Protection<\/td>\n<td style=\"width: 76.8159%; text-align: center;\" colspan=\"6\" width=\"806\">\u00a0Integrated<\/td>\n<\/tr>\n<tr>\n<td style=\"width: 22.3771%; text-align: center;\" width=\"237\">AC Short Circuit Current Protection<\/td>\n<td style=\"width: 76.8159%; text-align: center;\" colspan=\"6\" width=\"806\">\u00a0Integrated<\/td>\n<\/tr>\n<tr>\n<td style=\"width: 22.3771%; text-align: center;\" width=\"237\">AC Overcurrent Protection<\/td>\n<td style=\"width: 76.8159%; text-align: center;\" colspan=\"6\" width=\"806\">\u00a0Integrated<\/td>\n<\/tr>\n<tr>\n<td style=\"width: 22.3771%; text-align: center;\" width=\"237\">AC Overvoltage Protection<\/td>\n<td style=\"width: 76.8159%; text-align: center;\" colspan=\"6\" width=\"806\">\u00a0Integrated<\/td>\n<\/tr>\n<tr>\n<td style=\"width: 22.3771%; text-align: center;\" width=\"237\">DC Surge Protection<\/td>\n<td style=\"width: 76.8159%; text-align: center;\" colspan=\"6\" width=\"806\">\u00a0Type ll<\/td>\n<\/tr>\n<tr>\n<td style=\"width: 22.3771%; text-align: center;\" width=\"237\">AC Surge Protection<\/td>\n<td style=\"width: 76.8159%; text-align: center;\" colspan=\"6\" width=\"806\">\u00a0Type ll<\/td>\n<\/tr>\n<tr>\n<td style=\"width: 22.3771%; text-align: center;\" width=\"237\">Anti-islanding Protection<\/td>\n<td style=\"width: 76.8159%; text-align: center;\" colspan=\"6\" width=\"806\">\u00a0Integrated<\/td>\n<\/tr>\n<tr>\n<td style=\"width: 22.3771%; text-align: center;\" width=\"237\">AFCI Protection<\/td>\n<td style=\"width: 76.8159%; text-align: center;\" colspan=\"6\" width=\"806\">\u00a0Integrated<\/td>\n<\/tr>\n<tr>\n<td style=\"width: 99.193%; text-align: center;\" colspan=\"7\" width=\"1043\">Interface<\/td>\n<\/tr>\n<tr>\n<td style=\"width: 22.3771%; text-align: center;\" width=\"237\">PV Connection<\/td>\n<td style=\"width: 76.8159%; text-align: center;\" colspan=\"6\" width=\"806\">MC4\/D4<\/td>\n<\/tr>\n<tr>\n<td style=\"width: 22.3771%; text-align: center;\" width=\"237\">AC Connection<\/td>\n<td style=\"width: 76.8159%; text-align: center;\" colspan=\"6\" width=\"806\">Plug-in connector<\/td>\n<\/tr>\n<tr>\n<td style=\"width: 22.3771%; text-align: center;\" width=\"237\">Battery Connection<\/td>\n<td style=\"width: 76.8159%; text-align: center;\" colspan=\"6\" width=\"806\">\u00a0Quick connector<\/td>\n<\/tr>\n<tr>\n<td style=\"width: 22.3771%; text-align: center;\" width=\"237\">Display<\/td>\n<td style=\"width: 76.8159%; text-align: center;\" colspan=\"6\" width=\"806\">LED+APP<\/td>\n<\/tr>\n<tr>\n<td style=\"width: 22.3771%; text-align: center;\" width=\"237\">Communication<\/td>\n<td style=\"width: 76.8159%; text-align: center;\" colspan=\"6\" width=\"806\">Wi-Fi\/Ethernet\/4G(Optional)<\/td>\n<\/tr>\n<tr>\n<td style=\"width: 99.193%; text-align: center;\" colspan=\"7\" width=\"1043\">General\u00a0Parameters<\/td>\n<\/tr>\n<tr>\n<td style=\"width: 22.3771%; text-align: center;\" width=\"237\">Topology<\/td>\n<td style=\"width: 76.8159%; text-align: center;\" colspan=\"6\" width=\"806\">\u00a0Non-isolated<\/td>\n<\/tr>\n<tr>\n<td style=\"width: 22.3771%; text-align: center;\" width=\"237\">Operating Temperature Range<\/td>\n<td style=\"width: 76.8159%; text-align: center;\" colspan=\"6\" width=\"806\">\u00a0-30\u2103~+50\u2103<\/td>\n<\/tr>\n<tr>\n<td style=\"width: 22.3771%; text-align: center;\" width=\"237\">Cooling Method<\/td>\n<td style=\"width: 76.8159%; text-align: center;\" colspan=\"6\" width=\"806\">\u00a0Natural Convection<\/td>\n<\/tr>\n<tr>\n<td style=\"width: 22.3771%; text-align: center;\" width=\"237\">Relative Humidity Range<\/td>\n<td style=\"width: 76.8159%; text-align: center;\" colspan=\"6\" width=\"806\">\u00a00-100%Non-condensing<\/td>\n<\/tr>\n<tr>\n<td style=\"width: 22.3771%; text-align: center;\" width=\"237\">Max.Operating Altitude [m]<\/td>\n<td style=\"width: 76.8159%; text-align: center;\" colspan=\"6\" width=\"806\">\u00a0 3000<\/td>\n<\/tr>\n<tr>\n<td style=\"width: 22.3771%; text-align: center;\" width=\"237\">Noise [dBA]<\/td>\n<td style=\"width: 76.8159%; text-align: center;\" colspan=\"6\" width=\"806\">\u00a0&lt;35<\/td>\n<\/tr>\n<tr>\n<td style=\"width: 22.3771%; text-align: center;\" width=\"237\">Ingress Protection<\/td>\n<td style=\"width: 76.8159%; text-align: center;\" colspan=\"6\" width=\"806\">\u00a0IP65<\/td>\n<\/tr>\n<tr>\n<td style=\"width: 22.3771%; text-align: center;\" width=\"237\">Inverter Dimensions [H*W*D][mm]<\/td>\n<td style=\"width: 76.8159%; text-align: center;\" colspan=\"6\" width=\"806\">\u00a0400*695*170<\/td>\n<\/tr>\n<tr>\n<td style=\"width: 22.3771%; text-align: center;\" width=\"237\">Battery Dimensions [H*W*D][mm]<\/td>\n<td style=\"width: 76.8159%; text-align: center;\" colspan=\"6\" width=\"806\">\u00a0420*695*170<\/td>\n<\/tr>\n<tr>\n<td style=\"width: 22.3771%; text-align: center;\" width=\"237\">Inverter Weight [kg]<\/td>\n<td style=\"width: 76.8159%; text-align: center;\" colspan=\"6\" width=\"806\">\u00a027.5<\/td>\n<\/tr>\n<tr>\n<td style=\"width: 22.3771%; text-align: center;\" width=\"237\">Battery Weight [kg]<\/td>\n<td style=\"width: 76.8159%; text-align: center;\" colspan=\"6\" width=\"806\">\u00a053.0<\/td>\n<\/tr>\n<tr>\n<td style=\"width: 22.3771%; text-align: center;\" width=\"237\">Standard<\/td>\n<td style=\"width: 76.8159%; text-align: center;\" colspan=\"6\" width=\"806\">EN 62109-1\/2,EN61000-6-2\/4,EN 50438,EN 50549,C10\/11,IEC 62116,IEC61727,RD 1699,RD 413,UNE 206006,UNE 206007,<br \/>\nNTS,CEI 0-16,CEI 0-21,AS4777.2,NBR 16149,NBR 16150 VDE-AR-N 4105,VDE 0126-1-1<\/td>\n<\/tr>\n<tr>\n<td style=\"width: 22.3771%; text-align: center;\" width=\"237\">Charger\u00a0Model<\/td>\n<td style=\"width: 76.8159%; text-align: center;\" colspan=\"6\" width=\"806\">CU2-7.4K-S-I<\/td>\n<\/tr>\n<tr>\n<td style=\"width: 22.3771%; text-align: center;\" width=\"237\">Output Voltage [VAC]<\/td>\n<td style=\"width: 76.8159%; text-align: center;\" colspan=\"6\" width=\"806\">\u00a0230,\u00b120%<\/td>\n<\/tr>\n<tr>\n<td style=\"width: 22.3771%; text-align: center;\" width=\"237\">Max.output Current [A]<\/td>\n<td style=\"width: 76.8159%; text-align: center;\" colspan=\"6\" width=\"806\">\u00a032<\/td>\n<\/tr>\n<tr>\n<td style=\"width: 22.3771%; text-align: center;\" width=\"237\">Rated Output Power [kW]<\/td>\n<td style=\"width: 76.8159%; text-align: center;\" colspan=\"6\" width=\"806\">\u00a07<\/td>\n<\/tr>\n<tr>\n<td style=\"width: 22.3771%; text-align: center;\" width=\"237\">Power Consumption(standby)[W]<\/td>\n<td style=\"width: 76.8159%; text-align: center;\" colspan=\"6\" width=\"806\">\u00a07<\/td>\n<\/tr>\n<tr>\n<td style=\"width: 22.3771%; text-align: center;\" width=\"237\">Dimension [mm][H*W*D]<br \/>\nWeight [kg]<\/td>\n<td style=\"width: 76.8159%; text-align: center;\" colspan=\"6\" width=\"806\">\u00a0 160*695*170<br \/>\n9<\/td>\n<\/tr>\n<tr>\n<td style=\"width: 22.3771%; text-align: center;\" width=\"237\">Working Temperature<\/td>\n<td style=\"width: 76.8159%; text-align: center;\" colspan=\"6\" width=\"806\">\u00a0-30\u2103to+50\u2103<\/td>\n<\/tr>\n<tr>\n<td style=\"width: 22.3771%; text-align: center;\" width=\"237\">Ambient Humidity<\/td>\n<td style=\"width: 76.8159%; text-align: center;\" colspan=\"6\" width=\"806\">\u00a05-95%non-condensing<\/td>\n<\/tr>\n<\/tbody>\n<\/table>\n","protected":false},"excerpt":{"rendered":"<p><span style=\"font-size: 14pt; font-family: 'arial black', sans-serif;\"><strong>S\u00e9rie EP3 \u2013 ESS r\u00e9sidentiel tout-en-un monophase (3-6kW)<\/strong><\/span><\/p>\n<p>La s\u00e9rie EP3 est un syst\u00e8me de stockage d'\u00e9nergie r\u00e9sidentiel monophase tout-en-un compact, disponible en configurations de 3 \u00e0 6 kW. Il int\u00e8gre parfaitement un onduleur hybride, le syst\u00e8me de gestion de la batterie (BMS), le syst\u00e8me de gestion de l'\u00e9nergie (EMS) et un chargeur EV en option dans une unit\u00e9 \u00e9l\u00e9gante.<\/p>\n<p>Dot\u00e9e de deux MPPT, d'une protection IP65 et d'une connectivit\u00e9 intelligente (Wi-Fi\/4G), la s\u00e9rie EP3 prend en charge l'installation plug-and-play, permettant un d\u00e9ploiement rapide dans les maisons intelligentes. Id\u00e9al pour l'optimisation de l'\u00e9nergie solaire, l'alimentation de secours et les sc\u00e9narios de consommation autonome.<\/p>","protected":false},"featured_media":1427,"comment_status":"closed","ping_status":"closed","template":"","meta":[],"product_brand":[],"product_cat":[15],"product_tag":[],"class_list":{"0":"post-1425","1":"product","2":"type-product","3":"status-publish","4":"has-post-thumbnail","6":"product_cat-home-ess","8":"first","9":"instock","10":"shipping-taxable","11":"product-type-simple"},"_links":{"self":[{"href":"https:\/\/www.epotr.com\/fr\/wp-json\/wp\/v2\/product\/1425","targetHints":{"allow":["GET"]}}],"collection":[{"href":"https:\/\/www.epotr.com\/fr\/wp-json\/wp\/v2\/product"}],"about":[{"href":"https:\/\/www.epotr.com\/fr\/wp-json\/wp\/v2\/types\/product"}],"replies":[{"embeddable":true,"href":"https:\/\/www.epotr.com\/fr\/wp-json\/wp\/v2\/comments?post=1425"}],"wp:featuredmedia":[{"embeddable":true,"href":"https:\/\/www.epotr.com\/fr\/wp-json\/wp\/v2\/media\/1427"}],"wp:attachment":[{"href":"https:\/\/www.epotr.com\/fr\/wp-json\/wp\/v2\/media?parent=1425"}],"wp:term":[{"taxonomy":"product_brand","embeddable":true,"href":"https:\/\/www.epotr.com\/fr\/wp-json\/wp\/v2\/product_brand?post=1425"},{"taxonomy":"product_cat","embeddable":true,"href":"https:\/\/www.epotr.com\/fr\/wp-json\/wp\/v2\/product_cat?post=1425"},{"taxonomy":"product_tag","embeddable":true,"href":"https:\/\/www.epotr.com\/fr\/wp-json\/wp\/v2\/product_tag?post=1425"}],"curies":[{"name":"WP","href":"https:\/\/api.w.org\/{rel}","templated":true}]}}