{"id":1423,"date":"2025-06-23T16:07:10","date_gmt":"2025-06-23T08:07:10","guid":{"rendered":"https:\/\/www.epotr.com\/?post_type=product&#038;p=1423"},"modified":"2025-07-17T15:00:22","modified_gmt":"2025-07-17T07:00:22","slug":"ep2-three-phase-all-in-the-one-solution","status":"publish","type":"product","link":"https:\/\/www.epotr.com\/fr\/home-ess\/ep2-three-phase-all-in-the-one-solution\/","title":{"rendered":"Syst\u00e8me de stockage d'\u00e9nergie pour la maison - EP2 Three Phase All In The One Solution | EPOTR"},"content":{"rendered":"<table style=\"width: 82.5238%; height: 1612px;\" width=\"1216\">\n<tbody>\n<tr style=\"height: 23px;\">\n<td style=\"text-align: center; height: 23px;\" width=\"299\">MODEL<\/td>\n<td style=\"text-align: center; height: 23px;\" width=\"123\">EP2-5K-T2-X<\/td>\n<td style=\"text-align: center; height: 23px;\" width=\"106\">EP2-6K-T2-X<\/td>\n<td style=\"text-align: center; height: 23px;\" width=\"209\">EP2-8K-T2-X<\/td>\n<td style=\"text-align: center; height: 23px;\" width=\"236\">EP2-10K-T2-X<\/td>\n<td style=\"text-align: center; height: 23px;\" width=\"243\">EP2-10K-T2-B-X<\/td>\n<\/tr>\n<tr style=\"height: 23px;\">\n<td style=\"text-align: center; height: 23px;\" colspan=\"6\" width=\"973\">DC Input<\/td>\n<\/tr>\n<tr style=\"height: 23px;\">\n<td style=\"text-align: center; height: 23px;\" width=\"299\">Max.PVArray Power [Wp]@STC<\/td>\n<td style=\"text-align: center; height: 23px;\" width=\"123\">7500<\/td>\n<td style=\"text-align: center; height: 23px;\" width=\"106\">9000<\/td>\n<td style=\"text-align: center; height: 23px;\" width=\"209\">12000<\/td>\n<td style=\"text-align: center; height: 23px;\" width=\"236\">15000<\/td>\n<td style=\"text-align: center; height: 23px;\" width=\"243\">15000<\/td>\n<\/tr>\n<tr style=\"height: 23px;\">\n<td style=\"text-align: center; height: 23px;\" width=\"299\">Max.DC Voltage [V]<\/td>\n<td style=\"text-align: center; height: 23px;\" colspan=\"5\" width=\"917\">1000<\/td>\n<\/tr>\n<tr style=\"height: 23px;\">\n<td style=\"text-align: center; height: 23px;\" width=\"299\">MPPTVoltage Range [V]<\/td>\n<td style=\"text-align: center; height: 23px;\" colspan=\"5\" width=\"917\">180\uff5e900<\/td>\n<\/tr>\n<tr style=\"height: 23px;\">\n<td style=\"text-align: center; height: 23px;\" width=\"299\">Rated DC Voltage [V]<\/td>\n<td style=\"text-align: center; height: 23px;\" colspan=\"5\" width=\"917\">600<\/td>\n<\/tr>\n<tr style=\"height: 23px;\">\n<td style=\"text-align: center; height: 23px;\" width=\"299\">Start Voltage[V]<\/td>\n<td style=\"text-align: center; height: 23px;\" colspan=\"5\" width=\"917\">180<\/td>\n<\/tr>\n<tr style=\"height: 23px;\">\n<td style=\"text-align: center; height: 23px;\" width=\"299\">Max.DC Input Current [A]<\/td>\n<td style=\"text-align: center; height: 23px;\" colspan=\"5\" width=\"917\">16\/16<\/td>\n<\/tr>\n<tr style=\"height: 23px;\">\n<td style=\"text-align: center; height: 23px;\" width=\"299\">Max.DC Short Circuit Current [A]<\/td>\n<td style=\"text-align: center; height: 23px;\" colspan=\"5\" width=\"917\">19.2\/19.2<\/td>\n<\/tr>\n<tr style=\"height: 23px;\">\n<td style=\"text-align: center; height: 23px;\" width=\"299\">No.of MPPT<\/td>\n<td style=\"text-align: center; height: 23px;\" colspan=\"5\" width=\"917\">2<\/td>\n<\/tr>\n<tr style=\"height: 23px;\">\n<td style=\"text-align: center; height: 23px;\" colspan=\"6\" width=\"973\">Battery Parameters<\/td>\n<\/tr>\n<tr style=\"height: 23px;\">\n<td style=\"text-align: center; height: 23px;\" width=\"299\">Battery Type<\/td>\n<td style=\"text-align: center; height: 23px;\" colspan=\"5\" width=\"123\">LiFePO4<\/td>\n<\/tr>\n<tr style=\"height: 23px;\">\n<td style=\"text-align: center; height: 23px;\" width=\"299\">Battery Voltage Range [V]<\/td>\n<td style=\"text-align: center; height: 23px;\" colspan=\"5\" width=\"123\">180\uff5e600<\/td>\n<\/tr>\n<tr style=\"height: 23px;\">\n<td style=\"text-align: center; height: 23px;\" width=\"299\">Max.Charging\/Discharging Current [A]<\/td>\n<td style=\"text-align: center; height: 23px;\" colspan=\"5\" width=\"123\">30\/30<\/td>\n<\/tr>\n<tr style=\"height: 23px;\">\n<td style=\"text-align: center; height: 23px;\" colspan=\"2\" width=\"422\">Scalability<\/td>\n<td style=\"text-align: center; height: 23px;\" colspan=\"4\" width=\"551\">BU2-5.0-HV1\/5(up to 5 battery modules)<\/td>\n<\/tr>\n<tr style=\"height: 23px;\">\n<td style=\"text-align: center; height: 23px;\" colspan=\"5\" width=\"973\">AC Output [On-grid]<\/td>\n<td style=\"text-align: center; height: 23px;\" width=\"243\"><\/td>\n<\/tr>\n<tr style=\"height: 23px;\">\n<td style=\"text-align: center; height: 23px;\" width=\"299\">Rated AC Power [W]<\/td>\n<td style=\"text-align: center; height: 23px;\" width=\"123\">5000<\/td>\n<td style=\"text-align: center; height: 23px;\" width=\"106\">6000<\/td>\n<td style=\"text-align: center; height: 23px;\" width=\"209\">8000<\/td>\n<td style=\"text-align: center; height: 23px;\" width=\"236\">10000<\/td>\n<td style=\"text-align: center; height: 23px;\" width=\"243\">10000<\/td>\n<\/tr>\n<tr style=\"height: 23px;\">\n<td style=\"text-align: center; height: 23px;\" width=\"299\">Max.Apparent Power [VA]<\/td>\n<td style=\"text-align: center; height: 23px;\" width=\"123\">5500<\/td>\n<td style=\"text-align: center; height: 23px;\" width=\"106\">6600<\/td>\n<td style=\"text-align: center; height: 23px;\" width=\"209\">8800<\/td>\n<td style=\"text-align: center; height: 23px;\" width=\"236\">11000<\/td>\n<td style=\"text-align: center; height: 23px;\" width=\"243\">10000<\/td>\n<\/tr>\n<tr style=\"height: 23px;\">\n<td style=\"text-align: center; height: 23px;\" width=\"299\">Rated Output Current [A]@230Vac<\/td>\n<td style=\"text-align: center; height: 23px;\" width=\"123\">7.2<\/td>\n<td style=\"text-align: center; height: 23px;\" width=\"106\">8.7<\/td>\n<td style=\"text-align: center; height: 23px;\" width=\"209\">11.6<\/td>\n<td style=\"text-align: center; height: 23px;\" width=\"236\">14.5<\/td>\n<td style=\"text-align: center; height: 23px;\" width=\"243\">14.5<\/td>\n<\/tr>\n<tr style=\"height: 23px;\">\n<td style=\"text-align: center; height: 23px;\" width=\"299\">Max.Output Current [A]<\/td>\n<td style=\"text-align: center; height: 23px;\" width=\"123\">8.3<\/td>\n<td style=\"text-align: center; height: 23px;\" width=\"106\">10.0<\/td>\n<td style=\"text-align: center; height: 23px;\" width=\"209\">13.3<\/td>\n<td style=\"text-align: center; height: 23px;\" width=\"236\">16.7<\/td>\n<td style=\"text-align: center; height: 23px;\" width=\"243\">15.2<\/td>\n<\/tr>\n<tr style=\"height: 23px;\">\n<td style=\"text-align: center; height: 23px;\" width=\"299\">Current Inrush [A]<\/td>\n<td style=\"text-align: center; height: 23px;\" colspan=\"5\" width=\"917\">52.0<\/td>\n<\/tr>\n<tr style=\"height: 23px;\">\n<td style=\"text-align: center; height: 23px;\" width=\"299\">Max.AC Fault Current [A]<\/td>\n<td style=\"text-align: center; height: 23px;\" colspan=\"5\" width=\"917\">45.0<\/td>\n<\/tr>\n<tr style=\"height: 23px;\">\n<td style=\"text-align: center; height: 23px;\" width=\"299\">Max.AC Over Current Protection [A]<\/td>\n<td style=\"text-align: center; height: 23px;\" width=\"123\">20.8<\/td>\n<td style=\"text-align: center; height: 23px;\" width=\"106\">25.0<\/td>\n<td style=\"text-align: center; height: 23px;\" width=\"209\">33.3<\/td>\n<td style=\"text-align: center; height: 23px;\" width=\"236\">41.8<\/td>\n<td style=\"text-align: center; height: 23px;\" width=\"243\">41.8<\/td>\n<\/tr>\n<tr style=\"height: 23px;\">\n<td style=\"text-align: center; height: 23px;\" width=\"299\">Rated AC Voltage\/Range [V]<\/td>\n<td style=\"text-align: center; height: 23px;\" colspan=\"5\" width=\"917\">3L+N+PE,220\/380,230\/400,240\/415;180\uff5e280\/312\uff5e485<\/td>\n<\/tr>\n<tr style=\"height: 23px;\">\n<td style=\"text-align: center; height: 23px;\" width=\"299\">Rated Output Frequency\/Range [Hz]<\/td>\n<td style=\"text-align: center; height: 23px;\" colspan=\"5\" width=\"917\">50,60\/45\uff5e55,55\uff5e65<\/td>\n<\/tr>\n<tr style=\"height: 23px;\">\n<td style=\"text-align: center; height: 23px;\" width=\"299\">Power Factor [cos\u03c6]<\/td>\n<td style=\"text-align: center; height: 23px;\" colspan=\"5\" width=\"917\">0.8 leading\uff5e0.8 lagging<\/td>\n<\/tr>\n<tr style=\"height: 23px;\">\n<td style=\"text-align: center; height: 23px;\" width=\"299\">Total Harmonic Distortion [THDi]<\/td>\n<td style=\"text-align: center; height: 23px;\" colspan=\"5\" width=\"917\">&lt;3%<\/td>\n<\/tr>\n<tr style=\"height: 23px;\">\n<td style=\"text-align: center; height: 23px;\" colspan=\"6\" width=\"1216\">AC\u00a0Input\u00a0[On-grid]<\/td>\n<\/tr>\n<tr style=\"height: 23px;\">\n<td style=\"text-align: center; height: 23px;\" width=\"299\">Rated ACVoltage\/Range [V]<\/td>\n<td style=\"text-align: center; height: 23px;\" colspan=\"5\" width=\"917\">3L+N+PE,220\/380,230\/400,240\/415;180\uff5e280\/312\uff5e485<\/td>\n<\/tr>\n<tr style=\"height: 23px;\">\n<td style=\"text-align: center; height: 23px;\" width=\"299\">Rated Input Frequency [Hz]<\/td>\n<td style=\"text-align: center; height: 23px;\" colspan=\"5\" width=\"917\">5,060<\/td>\n<\/tr>\n<tr style=\"height: 23px;\">\n<td style=\"text-align: center; height: 23px;\" width=\"299\">Max.Input Current [A]@230Vac<\/td>\n<td style=\"text-align: center; height: 23px;\" width=\"123\">14.5<\/td>\n<td style=\"text-align: center; height: 23px;\" width=\"106\">17.4<\/td>\n<td style=\"text-align: center; height: 23px;\" width=\"209\">23.2<\/td>\n<td style=\"text-align: center; height: 23px;\" width=\"236\">29<\/td>\n<td style=\"text-align: center; height: 23px;\" width=\"243\">29<\/td>\n<\/tr>\n<tr style=\"height: 23px;\">\n<td style=\"text-align: center; height: 23px;\" colspan=\"6\" width=\"1216\">AC\u00a0Output\u00a0[Back-up]<\/td>\n<\/tr>\n<tr style=\"height: 23px;\">\n<td style=\"text-align: center; height: 23px;\" width=\"299\">Max.Output Power [VA]<\/td>\n<td style=\"text-align: center; height: 23px;\" width=\"123\">5000<\/td>\n<td style=\"text-align: center; height: 23px;\" width=\"106\">6000<\/td>\n<td style=\"text-align: center; height: 23px;\" width=\"209\">8000<\/td>\n<td style=\"text-align: center; height: 23px;\" width=\"236\">10000<\/td>\n<td style=\"text-align: center; height: 23px;\" width=\"243\">10000<\/td>\n<\/tr>\n<tr style=\"height: 23px;\">\n<td style=\"text-align: center; height: 23px;\" width=\"299\">Max.Output Current [A]<\/td>\n<td style=\"text-align: center; height: 23px;\" width=\"123\">8.0<\/td>\n<td style=\"text-align: center; height: 23px;\" width=\"106\">9.6<\/td>\n<td style=\"text-align: center; height: 23px;\" width=\"209\">12.8<\/td>\n<td style=\"text-align: center; height: 23px;\" width=\"236\">15.9<\/td>\n<td style=\"text-align: center; height: 23px;\" width=\"243\">15.9<\/td>\n<\/tr>\n<tr style=\"height: 23px;\">\n<td style=\"text-align: center; height: 23px;\" width=\"299\">Peak Output Apparent Power [VA]<\/td>\n<td style=\"text-align: center; height: 23px;\" width=\"123\">10000,60s<\/td>\n<td style=\"text-align: center; height: 23px;\" width=\"106\">12000,60s<\/td>\n<td style=\"text-align: center; height: 23px;\" width=\"209\">16000,60s<\/td>\n<td style=\"text-align: center; height: 23px;\" width=\"236\">16500,60s<\/td>\n<td style=\"text-align: center; height: 23px;\" width=\"243\">16500,60s<\/td>\n<\/tr>\n<tr style=\"height: 23px;\">\n<td style=\"text-align: center; height: 23px;\" width=\"299\">Rated AC Voltage\/Range [V]<\/td>\n<td style=\"text-align: center; height: 23px;\" colspan=\"5\" width=\"917\">3L+N+PE,220\/380,230\/400,240\/415;180\uff5e280\/312\uff5e485<\/td>\n<\/tr>\n<tr style=\"height: 23px;\">\n<td style=\"text-align: center; height: 23px;\" width=\"299\">Rated Output Frequency\/Range [Hz]<\/td>\n<td style=\"text-align: center; height: 23px;\" colspan=\"5\" width=\"917\">\u00a050,60\/45\uff5e55,55\uff5e65<\/td>\n<\/tr>\n<tr style=\"height: 23px;\">\n<td style=\"text-align: center; height: 23px;\" width=\"299\">Output THDv(@Linear Load)<\/td>\n<td style=\"text-align: center; height: 23px;\" colspan=\"5\" width=\"917\">&lt;3%<\/td>\n<\/tr>\n<tr style=\"height: 23px;\">\n<td style=\"text-align: center; height: 23px;\" colspan=\"6\" width=\"1216\">Efficiency<\/td>\n<\/tr>\n<tr style=\"height: 23px;\">\n<td style=\"text-align: center; height: 23px;\" width=\"299\">Max.Efficiency<\/td>\n<td style=\"text-align: center; height: 23px;\" colspan=\"5\" width=\"917\">98.0%<\/td>\n<\/tr>\n<tr style=\"height: 23px;\">\n<td style=\"text-align: center; height: 23px;\" width=\"299\">Euro Efficiency<\/td>\n<td style=\"text-align: center; height: 23px;\" colspan=\"5\" width=\"917\">97.6%<\/td>\n<\/tr>\n<tr style=\"height: 23px;\">\n<td style=\"text-align: center; height: 23px;\" colspan=\"6\" width=\"1216\">Protection<\/td>\n<\/tr>\n<tr style=\"height: 23px;\">\n<td style=\"text-align: center; height: 23px;\" width=\"299\">Battery Input Reverse Polarity Protection<\/td>\n<td style=\"text-align: center; height: 23px;\" colspan=\"5\" width=\"917\">Integrated<\/td>\n<\/tr>\n<tr style=\"height: 23px;\">\n<td style=\"text-align: center; height: 23px;\" width=\"299\">Over load Protection<\/td>\n<td style=\"text-align: center; height: 23px;\" colspan=\"5\" width=\"917\">Integrated<\/td>\n<\/tr>\n<tr style=\"height: 23px;\">\n<td style=\"text-align: center; height: 23px;\" width=\"299\">AC Short Circuit Current Protection<\/td>\n<td style=\"text-align: center; height: 23px;\" colspan=\"5\" width=\"917\">Integrated<\/td>\n<\/tr>\n<tr style=\"height: 23px;\">\n<td style=\"text-align: center; height: 23px;\" width=\"299\">DC Surge Protection<\/td>\n<td style=\"text-align: center; height: 23px;\" colspan=\"5\" width=\"917\">Integrated<\/td>\n<\/tr>\n<tr style=\"height: 23px;\">\n<td style=\"text-align: center; height: 23px;\" width=\"299\">AC Surge Protection<\/td>\n<td style=\"text-align: center; height: 23px;\" colspan=\"5\" width=\"917\">Integrated<\/td>\n<\/tr>\n<tr style=\"height: 23px;\">\n<td style=\"text-align: center; height: 23px;\" width=\"299\">Anti-islanding Protection<\/td>\n<td style=\"text-align: center; height: 23px;\" colspan=\"5\" width=\"917\">Integrated<\/td>\n<\/tr>\n<tr style=\"height: 23px;\">\n<td style=\"text-align: center; height: 23px;\" width=\"299\">AFCI Protection<\/td>\n<td style=\"text-align: center; height: 23px;\" colspan=\"5\" width=\"917\">Optional<\/td>\n<\/tr>\n<tr style=\"height: 23px;\">\n<td style=\"text-align: center; height: 23px;\" width=\"299\">RSD Protection<\/td>\n<td style=\"text-align: center; height: 23px;\" colspan=\"5\" width=\"917\">Optional<\/td>\n<\/tr>\n<tr style=\"height: 23px;\">\n<td style=\"text-align: center; height: 23px;\" colspan=\"6\" width=\"1216\">Interface<\/td>\n<\/tr>\n<tr style=\"height: 23px;\">\n<td style=\"text-align: center; height: 23px;\" width=\"299\">PV Connection<\/td>\n<td style=\"text-align: center; height: 23px;\" colspan=\"5\" width=\"917\">MC4\/D4<\/td>\n<\/tr>\n<tr style=\"height: 23px;\">\n<td style=\"text-align: center; height: 23px;\" width=\"299\">AC Connection<\/td>\n<td style=\"text-align: center; height: 23px;\" colspan=\"5\" width=\"917\">Plug-in connector<\/td>\n<\/tr>\n<tr style=\"height: 23px;\">\n<td style=\"text-align: center; height: 23px;\" width=\"299\">Battery Connection<\/td>\n<td style=\"text-align: center; height: 23px;\" colspan=\"5\" width=\"917\">Quick connector<\/td>\n<\/tr>\n<tr style=\"height: 23px;\">\n<td style=\"text-align: center; height: 23px;\" width=\"299\">Display<\/td>\n<td style=\"text-align: center; height: 23px;\" colspan=\"5\" width=\"917\">LED+APP<\/td>\n<\/tr>\n<tr style=\"height: 23px;\">\n<td style=\"text-align: center; height: 23px;\" width=\"299\">Communication<\/td>\n<td style=\"text-align: center; height: 23px;\" colspan=\"5\" width=\"917\">Wi-Fi\/Ethernet\/4G(Optional)<\/td>\n<\/tr>\n<tr style=\"height: 23px;\">\n<td style=\"text-align: center; height: 23px;\" colspan=\"6\" width=\"1216\">General\u00a0Parameters<\/td>\n<\/tr>\n<tr style=\"height: 23px;\">\n<td style=\"text-align: center; height: 23px;\" width=\"299\">Topology<\/td>\n<td style=\"text-align: center; height: 23px;\" colspan=\"5\" width=\"917\">Non-isolated<\/td>\n<\/tr>\n<tr style=\"height: 23px;\">\n<td style=\"text-align: center; height: 23px;\" width=\"299\">Operating Temperature Range<\/td>\n<td style=\"text-align: center; height: 23px;\" colspan=\"5\" width=\"917\">-10\u2103to+50\u2103(&gt;45\u2103 derating)<\/td>\n<\/tr>\n<tr style=\"height: 23px;\">\n<td style=\"text-align: center; height: 23px;\" width=\"299\">Cooling Method<\/td>\n<td style=\"text-align: center; height: 23px;\" colspan=\"5\" width=\"917\">Natural Convection<\/td>\n<\/tr>\n<tr style=\"height: 23px;\">\n<td style=\"text-align: center; height: 23px;\" width=\"299\">Ambient Humidity<\/td>\n<td style=\"text-align: center; height: 23px;\" colspan=\"5\" width=\"917\">0-100%Non-condensing<\/td>\n<\/tr>\n<tr style=\"height: 23px;\">\n<td style=\"text-align: center; height: 23px;\" width=\"299\">Altitude<\/td>\n<td style=\"text-align: center; height: 23px;\" colspan=\"5\" width=\"917\">4000m(&gt;3000m Power Derating)<\/td>\n<\/tr>\n<tr style=\"height: 23px;\">\n<td style=\"text-align: center; height: 23px;\" width=\"299\">Noise [dBA]<\/td>\n<td style=\"text-align: center; height: 23px;\" colspan=\"5\" width=\"917\">&lt;35<\/td>\n<\/tr>\n<tr style=\"height: 23px;\">\n<td style=\"text-align: center; height: 23px;\" width=\"299\">Ingress Protection<\/td>\n<td style=\"text-align: center; height: 23px;\" colspan=\"5\" width=\"917\">IP65<\/td>\n<\/tr>\n<tr style=\"height: 23px;\">\n<td style=\"text-align: center; height: 23px;\" width=\"299\">Dimensions [H*W*D][mm]<\/td>\n<td style=\"text-align: center; height: 23px;\" colspan=\"5\" width=\"917\">450*626*365<\/td>\n<\/tr>\n<tr style=\"height: 47px;\">\n<td style=\"text-align: center; height: 47px;\" width=\"299\">Weight [kg]<br \/>\nWarranty [Year]<\/td>\n<td style=\"text-align: center; height: 47px;\" colspan=\"5\" width=\"917\">32<br \/>\n5\/10\/15\/20<\/td>\n<\/tr>\n<tr style=\"height: 23px;\">\n<td style=\"text-align: center; height: 23px;\" width=\"299\">Warranty [Year]<\/td>\n<td style=\"text-align: center; height: 23px;\" colspan=\"5\" width=\"917\">5\/10\/15\/20<\/td>\n<\/tr>\n<tr style=\"height: 47px;\">\n<td style=\"text-align: center; height: 47px;\" width=\"299\">Standard<\/td>\n<td style=\"text-align: center; height: 47px;\" colspan=\"5\" width=\"917\">EN 62109-1\/2,EN 61000-6-2\/4,EN 50438,EN 50549,C10\/11,IEC 62116,IEC61727,RD 1699,RD 413,UNE 206006,<br \/>\nUNE 206007,NTS,CEI 0-16,CEI 0-21,AS 4777.2,NBR 16149,NBR 16150 VDE-AR-N 4105,VDE 0126-1-1<\/td>\n<\/tr>\n<\/tbody>\n<\/table>\n","protected":false},"excerpt":{"rendered":"<p><span style=\"font-family: 'arial black', sans-serif; font-size: 14pt;\"><strong>S\u00e9rie EP2 \u2013 ESS modulaire tout-en-un triphase (5\u201310kW)<\/strong><\/span><\/p>\n<p>La s\u00e9rie EP2-P est un ESS modulaire tout-en-un triphas\u00e9, offrant une puissance de 5 \u00e0 10 kW avec un onduleur hybride enti\u00e8rement int\u00e9gr\u00e9, un BMS et des modules de batterie empilables. Con\u00e7u pour r\u00e9pondre \u00e0 des exigences de puissance plus \u00e9lev\u00e9es, il maintient sa conception modulaire sans c\u00e2ble et sa protection IP65, permettant une installation ext\u00e9rieure rapide et s\u00e9curis\u00e9e.<\/p>\n<p>La connectivit\u00e9 des applications intelligentes, l\u2019\u00e9volutivit\u00e9 facile et les performances robustes rendent l\u2019EP2-P id\u00e9al pour les grandes maisons ou les petits b\u00e2timents commerciaux ax\u00e9s sur l\u2019autoconsommation solaire, l\u2019ind\u00e9pendance \u00e9nerg\u00e9tique et l\u2019int\u00e9gration pr\u00eate aux v\u00e9hicules \u00e9lectriques.<\/p>","protected":false},"featured_media":1424,"comment_status":"closed","ping_status":"closed","template":"","meta":[],"product_brand":[],"product_cat":[15],"product_tag":[],"class_list":{"0":"post-1423","1":"product","2":"type-product","3":"status-publish","4":"has-post-thumbnail","6":"product_cat-home-ess","8":"first","9":"instock","10":"shipping-taxable","11":"product-type-simple"},"_links":{"self":[{"href":"https:\/\/www.epotr.com\/fr\/wp-json\/wp\/v2\/product\/1423","targetHints":{"allow":["GET"]}}],"collection":[{"href":"https:\/\/www.epotr.com\/fr\/wp-json\/wp\/v2\/product"}],"about":[{"href":"https:\/\/www.epotr.com\/fr\/wp-json\/wp\/v2\/types\/product"}],"replies":[{"embeddable":true,"href":"https:\/\/www.epotr.com\/fr\/wp-json\/wp\/v2\/comments?post=1423"}],"wp:featuredmedia":[{"embeddable":true,"href":"https:\/\/www.epotr.com\/fr\/wp-json\/wp\/v2\/media\/1424"}],"wp:attachment":[{"href":"https:\/\/www.epotr.com\/fr\/wp-json\/wp\/v2\/media?parent=1423"}],"wp:term":[{"taxonomy":"product_brand","embeddable":true,"href":"https:\/\/www.epotr.com\/fr\/wp-json\/wp\/v2\/product_brand?post=1423"},{"taxonomy":"product_cat","embeddable":true,"href":"https:\/\/www.epotr.com\/fr\/wp-json\/wp\/v2\/product_cat?post=1423"},{"taxonomy":"product_tag","embeddable":true,"href":"https:\/\/www.epotr.com\/fr\/wp-json\/wp\/v2\/product_tag?post=1423"}],"curies":[{"name":"WP","href":"https:\/\/api.w.org\/{rel}","templated":true}]}}