{"id":1410,"date":"2025-06-23T14:29:26","date_gmt":"2025-06-23T06:29:26","guid":{"rendered":"https:\/\/www.epotr.com\/?post_type=product&#038;p=1410"},"modified":"2025-07-16T16:28:01","modified_gmt":"2025-07-16T08:28:01","slug":"three-phase-hv-hybrid-inverter","status":"publish","type":"product","link":"https:\/\/www.epotr.com\/fr\/hybrid-inverter\/three-phase-hv-hybrid-inverter\/","title":{"rendered":"Inverteur hybride-Inverteur hybride HV triphase | EPOTR"},"content":{"rendered":"<table style=\"border-collapse: collapse; width: 100%; height: 1488px;\">\n<tbody>\n<tr style=\"height: 24px;\">\n<td style=\"width: 100%; height: 24px;\" colspan=\"5\"><strong>Sp\u00e9cifications techniques<\/strong><\/td>\n<\/tr>\n<tr style=\"height: 24px;\">\n<td style=\"width: 20.1446%; height: 24px; background-color: #0068b7;\"><strong><span style=\"color: #ffffff;\">entr\u00e9e PV<\/span><\/strong><\/td>\n<td style=\"width: 19.9277%; height: 24px; background-color: #0068b7;\"><strong><span style=\"color: #ffffff;\">Ares 8KHP3<\/span><\/strong><\/td>\n<td style=\"width: 19.9277%; height: 24px; background-color: #0068b7;\"><span style=\"color: #ffffff;\"><strong>Ar\u00e9s 10KH3<\/strong><\/span><\/td>\n<td style=\"width: 20.5061%; height: 24px; background-color: #0068b7;\"><span style=\"color: #ffffff;\"><strong>Ar\u00e9s 12KH3<\/strong><\/span><\/td>\n<td style=\"width: 19.4939%; height: 24px; background-color: #0068b7;\"><span style=\"color: #ffffff;\"><strong>Ar\u00e9s 15KH3<\/strong><\/span><\/td>\n<\/tr>\n<tr style=\"height: 24px;\">\n<td style=\"width: 20.1446%; height: 24px;\">Puissance Max.DClnput<\/td>\n<td style=\"width: 19.9277%; height: 24px;\">12 kW<\/td>\n<td style=\"width: 19.9277%; height: 24px;\">15 kW<\/td>\n<td style=\"width: 20.5061%; height: 24px;\">18 kW<\/td>\n<td style=\"width: 19.4939%; height: 24px;\">22.5kW<\/td>\n<\/tr>\n<tr style=\"height: 24px;\">\n<td style=\"width: 20.1446%; height: 24px;\">Voltage Max.PV<\/td>\n<td style=\"width: 79.8554%; height: 24px; text-align: center;\" colspan=\"4\">1000V<\/td>\n<\/tr>\n<tr style=\"height: 24px;\">\n<td style=\"width: 20.1446%; height: 24px;\">Voltage d'entr\u00e9e DC nominale<\/td>\n<td style=\"width: 79.8554%; height: 24px; text-align: center;\" colspan=\"4\">620V<\/td>\n<\/tr>\n<tr style=\"height: 24px;\">\n<td style=\"width: 20.1446%; height: 24px;\">Plage de tension d'entr\u00e9e DCInput<\/td>\n<td style=\"width: 79.8554%; height: 24px; text-align: center;\" colspan=\"4\">150 \u00e0 1000V<\/td>\n<\/tr>\n<tr style=\"height: 24px;\">\n<td style=\"width: 20.1446%; height: 24px;\">Plage de tension MPPT<\/td>\n<td style=\"width: 79.8554%; height: 24px; text-align: center;\" colspan=\"4\">150 \u00e0 850V<\/td>\n<\/tr>\n<tr style=\"height: 24px;\">\n<td style=\"width: 20.1446%; height: 24px;\">Gamme MPPT compl\u00e8te<\/td>\n<td style=\"width: 19.9277%; height: 24px;\">300 \u00e0 850V<\/td>\n<td style=\"width: 19.9277%; height: 24px;\">500 \u00e0 850V<\/td>\n<td style=\"width: 20.5061%; height: 24px;\">500 \u00e0 850V<\/td>\n<td style=\"width: 19.4939%; height: 24px;\">500 \u00e0 850V<\/td>\n<\/tr>\n<tr style=\"height: 24px;\">\n<td style=\"width: 20.1446%; height: 24px;\">Voltage de d\u00e9marrage<\/td>\n<td style=\"width: 79.8554%; height: 24px; text-align: center;\" colspan=\"4\">160V<\/td>\n<\/tr>\n<tr style=\"height: 24px;\">\n<td style=\"width: 20.1446%; height: 24px;\">Courant d'entr\u00e9e Max.DC<\/td>\n<td style=\"width: 19.9277%; height: 24px;\"><\/td>\n<td style=\"width: 19.9277%; height: 24px;\">20 \u00d7 2A<\/td>\n<td style=\"width: 20.5061%; height: 24px;\"><\/td>\n<td style=\"width: 19.4939%; height: 24px;\">20+32<\/td>\n<\/tr>\n<tr style=\"height: 24px;\">\n<td style=\"width: 20.1446%; height: 24px;\">Courant Max.Short<\/td>\n<td style=\"width: 19.9277%; height: 24px;\"><\/td>\n<td style=\"width: 19.9277%; height: 24px;\">30x2A<\/td>\n<td style=\"width: 20.5061%; height: 24px;\"><\/td>\n<td style=\"width: 19.4939%; height: 24px;\">30+48<\/td>\n<\/tr>\n<tr style=\"height: 24px;\">\n<td style=\"width: 20.1446%; height: 24px;\">Courant d'entr\u00e9e Max.DC<\/td>\n<td style=\"width: 19.9277%; height: 24px;\"><\/td>\n<td style=\"width: 19.9277%; height: 24px;\">2\/2<\/td>\n<td style=\"width: 20.5061%; height: 24px;\"><\/td>\n<td style=\"width: 19.4939%; height: 24px;\">2\/3<\/td>\n<\/tr>\n<tr style=\"height: 24px;\">\n<td style=\"width: 20.1446%; height: 24px;\">Courant d'entr\u00e9e Max.DC<\/td>\n<td style=\"width: 19.9277%; height: 24px;\"><\/td>\n<td style=\"width: 19.9277%; height: 24px;\">20 \u00d7 2A<\/td>\n<td style=\"width: 20.5061%; height: 24px;\"><\/td>\n<td style=\"width: 19.4939%; height: 24px;\">20+32<\/td>\n<\/tr>\n<tr style=\"height: 24px;\">\n<td style=\"width: 100%; height: 24px; background-color: #0068b7;\" colspan=\"5\"><span style=\"color: #ffffff;\"><strong>Port de batterie<\/strong><\/span><\/td>\n<\/tr>\n<tr style=\"height: 24px;\">\n<td style=\"width: 20.1446%; height: 24px;\">Voltage nominale de la batterie<\/td>\n<td style=\"width: 19.9277%; height: 24px;\">200 volts<\/td>\n<td style=\"width: 19.9277%; height: 24px;\">400 V<\/td>\n<td style=\"width: 20.5061%; height: 24px;\">450 V<\/td>\n<td style=\"width: 19.4939%; height: 24px;\">500V<\/td>\n<\/tr>\n<tr style=\"height: 24px;\">\n<td style=\"width: 20.1446%; height: 24px;\">Gamme de tension de la batterie<\/td>\n<td style=\"width: 19.9277%; height: 24px;\">80 \u00e0 600V<\/td>\n<td style=\"width: 19.9277%; height: 24px;\">150 \u00e0 800V<\/td>\n<td style=\"width: 20.5061%; height: 24px;\">150 \u00e0 800V<\/td>\n<td style=\"width: 19.4939%; height: 24px;\">150 \u00e0 800V<\/td>\n<\/tr>\n<tr style=\"height: 24px;\">\n<td style=\"width: 20.1446%; height: 24px;\">Max.Charge \/ courant de d\u00e9charge<\/td>\n<td style=\"width: 19.9277%; height: 24px;\">50A<\/td>\n<td style=\"width: 19.9277%; height: 24px;\">30A<\/td>\n<td style=\"width: 20.5061%; height: 24px;\">30A<\/td>\n<td style=\"width: 19.4939%; height: 24px;\">50A<\/td>\n<\/tr>\n<tr style=\"height: 24px;\">\n<td style=\"width: 20.1446%; height: 24px;\">Puissance Max.Charge\/Discharge<\/td>\n<td style=\"width: 19.9277%; height: 24px;\">8 kilowatts<\/td>\n<td style=\"width: 19.9277%; height: 24px;\">10 kilowatts<\/td>\n<td style=\"width: 20.5061%; height: 24px;\">12 kilowatts<\/td>\n<td style=\"width: 19.4939%; height: 24px;\">15 kilowatts<\/td>\n<\/tr>\n<tr style=\"height: 24px;\">\n<td style=\"width: 20.1446%; height: 24px;\">Courbe de charge<\/td>\n<td style=\"width: 79.8554%; height: 24px; text-align: center;\" colspan=\"4\">3 \u00e9tapes<\/td>\n<\/tr>\n<tr style=\"height: 24px;\">\n<td style=\"width: 20.1446%; height: 24px;\">Type de batterie compatible<\/td>\n<td style=\"width: 79.8554%; height: 24px; text-align: center;\" colspan=\"4\">Batterie Li-ion<\/td>\n<\/tr>\n<tr style=\"height: 24px;\">\n<td style=\"width: 100%; height: 24px; background-color: #0068b7;\" colspan=\"5\"><span style=\"color: #ffffff;\"><strong>Grille AC<\/strong><\/span><\/td>\n<\/tr>\n<tr style=\"height: 24px;\">\n<td style=\"width: 20.1446%; height: 24px;\">Puissance nominale de sortie AC<\/td>\n<td style=\"width: 19.9277%; height: 24px;\">8 kW<\/td>\n<td style=\"width: 19.9277%; height: 24px;\">10 kW<\/td>\n<td style=\"width: 20.5061%; height: 24px;\">12 kW<\/td>\n<td style=\"width: 19.4939%; height: 24px;\">15 kW<\/td>\n<\/tr>\n<tr style=\"height: 24px;\">\n<td style=\"width: 20.1446%; height: 24px;\">Puissance d'entr\u00e9e\/sortie Max.AC<\/td>\n<td style=\"width: 19.9277%; height: 24px;\">12\/8.8kVA<\/td>\n<td style=\"width: 19.9277%; height: 24px;\">15 \/ 11 kVA<\/td>\n<td style=\"width: 20.5061%; height: 24px;\">18\/13.2kVA<\/td>\n<td style=\"width: 19.4939%; height: 24px;\">22.5\/16.5kVA<\/td>\n<\/tr>\n<tr style=\"height: 24px;\">\n<td style=\"width: 20.1446%; height: 24px;\">Courant de sortie Max.AC<\/td>\n<td style=\"width: 19.9277%; height: 24px;\">13.5A<\/td>\n<td style=\"width: 19.9277%; height: 24px;\">17A<\/td>\n<td style=\"width: 20.5061%; height: 24px;\">21.5A<\/td>\n<td style=\"width: 19.4939%; height: 24px;\">27A<\/td>\n<\/tr>\n<tr style=\"height: 24px;\">\n<td style=\"width: 20.1446%; height: 24px;\">Tension AC nominale<\/td>\n<td style=\"width: 79.8554%; height: 24px; text-align: center;\" colspan=\"4\">230\/400V<\/td>\n<\/tr>\n<tr style=\"height: 24px;\">\n<td style=\"width: 20.1446%; height: 24px;\">Fr\u00e9quence nominale AC<\/td>\n<td style=\"width: 79.8554%; height: 24px; text-align: center;\" colspan=\"4\">50\/60Hz<\/td>\n<\/tr>\n<tr style=\"height: 24px;\">\n<td style=\"width: 20.1446%; height: 24px;\">Facteur de puissance<\/td>\n<td style=\"width: 79.8554%; height: 24px; text-align: center;\" colspan=\"4\">1(-0.8-0.8)<\/td>\n<\/tr>\n<tr style=\"height: 24px;\">\n<td style=\"width: 20.1446%; height: 24px;\">THD actuel<\/td>\n<td style=\"width: 79.8554%; height: 24px; text-align: center;\" colspan=\"4\">&amp; lt; 3.<\/td>\n<\/tr>\n<tr style=\"height: 24px;\">\n<td style=\"width: 100%; height: 24px; background-color: #0068b7;\" colspan=\"5\"><span style=\"color: #ffffff;\"><strong>Sortie de charge AC (sauvegarde)<\/strong><\/span><\/td>\n<\/tr>\n<tr style=\"height: 24px;\">\n<td style=\"width: 20.1446%; height: 24px;\">Puissance nominale de sortie<\/td>\n<td style=\"width: 19.9277%; height: 24px;\">8000VA<\/td>\n<td style=\"width: 19.9277%; height: 24px;\">10000VA<\/td>\n<td style=\"width: 20.5061%; height: 24px;\">12000VA<\/td>\n<td style=\"width: 19.4939%; height: 24px;\">15000VA<\/td>\n<\/tr>\n<tr style=\"height: 24px;\">\n<td style=\"width: 20.1446%; height: 24px;\">Tension nominale de sortie<\/td>\n<td style=\"width: 79.8554%; height: 24px; text-align: center;\" colspan=\"4\">230\/400V<\/td>\n<\/tr>\n<tr style=\"height: 24px;\">\n<td style=\"width: 20.1446%; height: 24px;\">Fr\u00e9quence nominale de sortie<\/td>\n<td style=\"width: 79.8554%; height: 24px; text-align: center;\" colspan=\"4\">50\/60Hz<\/td>\n<\/tr>\n<tr style=\"height: 24px;\">\n<td style=\"width: 20.1446%; height: 24px;\">Courant de sortie nominal<\/td>\n<td style=\"width: 19.9277%; height: 24px;\">11.6 A<\/td>\n<td style=\"width: 19.9277%; height: 24px;\">14.5A<\/td>\n<td style=\"width: 20.5061%; height: 24px;\">17.4A<\/td>\n<td style=\"width: 19.4939%; height: 24px;\">21.8A<\/td>\n<\/tr>\n<tr style=\"height: 24px;\">\n<td style=\"width: 20.1446%; height: 24px;\">Puissance de sortie maximale<\/td>\n<td style=\"width: 19.9277%; height: 24px;\">8800VA, 60s<\/td>\n<td style=\"width: 19.9277%; height: 24px;\">11000VA, 60s<\/td>\n<td style=\"width: 20.5061%; height: 24px;\">13200VA, 60s<\/td>\n<td style=\"width: 19.4939%; height: 24px;\">16500VA, 60s<\/td>\n<\/tr>\n<tr style=\"height: 24px;\">\n<td style=\"width: 20.1446%; height: 24px;\">THDV (avec charge lin\u00e9aire)<\/td>\n<td style=\"width: 79.8554%; height: 24px; text-align: center;\" colspan=\"4\">&amp; lt; 3.<\/td>\n<\/tr>\n<tr style=\"height: 24px;\">\n<td style=\"width: 20.1446%; height: 24px;\">Temps de commutation<\/td>\n<td style=\"width: 79.8554%; height: 24px; text-align: center;\" colspan=\"4\">&lt; 10 ms<\/td>\n<\/tr>\n<tr style=\"height: 24px;\">\n<td style=\"width: 100%; height: 24px; background-color: #0068b7;\" colspan=\"5\"><span style=\"color: #ffffff;\"><strong>Efficacit\u00e9<\/strong><\/span><\/td>\n<\/tr>\n<tr style=\"height: 24px;\">\n<td style=\"width: 20.1446%; height: 24px;\">Europe Efficacit\u00e9<\/td>\n<td style=\"width: 79.8554%; height: 24px; text-align: center;\" colspan=\"4\">97.50%<\/td>\n<\/tr>\n<tr style=\"height: 24px;\">\n<td style=\"width: 20.1446%; height: 24px;\">Max.Efficiency<\/td>\n<td style=\"width: 19.9277%; height: 24px;\">98.20%<\/td>\n<td style=\"width: 19.9277%; height: 24px;\">98.20%<\/td>\n<td style=\"width: 20.5061%; height: 24px;\">98.30%<\/td>\n<td style=\"width: 19.4939%; height: 24px;\">98.30%<\/td>\n<\/tr>\n<tr style=\"height: 24px;\">\n<td style=\"width: 20.1446%; height: 24px;\">Efficacit\u00e9 de charge\/d\u00e9charge de la batterie<\/td>\n<td style=\"width: 79.8554%; height: 24px; text-align: center;\" colspan=\"4\">98.00%<\/td>\n<\/tr>\n<tr style=\"height: 24px;\">\n<td style=\"width: 100%; height: 24px; background-color: #0068b7;\" colspan=\"5\"><span style=\"color: #ffffff;\"><strong>Protection<\/strong><\/span><\/td>\n<\/tr>\n<tr style=\"height: 24px;\">\n<td style=\"width: 20.1446%; height: 24px;\">Protection contre la polarit\u00e9 inverse<\/td>\n<td style=\"width: 79.8554%; height: 24px; text-align: center;\" colspan=\"4\">Oui<\/td>\n<\/tr>\n<tr style=\"height: 24px;\">\n<td style=\"width: 20.1446%; height: 24px;\">Protection contre le courant\/la tension<\/td>\n<td style=\"width: 79.8554%; height: 24px; text-align: center;\" colspan=\"4\">Oui<\/td>\n<\/tr>\n<tr style=\"height: 24px;\">\n<td style=\"width: 20.1446%; height: 24px;\">Protection contre les \u00eeles<\/td>\n<td style=\"width: 79.8554%; height: 24px; text-align: center;\" colspan=\"4\">Oui<\/td>\n<\/tr>\n<tr style=\"height: 24px;\">\n<td style=\"width: 20.1446%; height: 24px;\">Protection contre court-circuit AC<\/td>\n<td style=\"width: 79.8554%; height: 24px; text-align: center;\" colspan=\"4\">Oui<\/td>\n<\/tr>\n<tr style=\"height: 24px;\">\n<td style=\"width: 20.1446%; height: 24px;\">D\u00e9tection du courant de fuite<\/td>\n<td style=\"width: 79.8554%; height: 24px; text-align: center;\" colspan=\"4\">Oui<\/td>\n<\/tr>\n<tr style=\"height: 24px;\">\n<td style=\"width: 20.1446%; height: 24px;\">Surveillance des d\u00e9faillances au sol<\/td>\n<td style=\"width: 79.8554%; height: 24px; text-align: center;\" colspan=\"4\">Oui<\/td>\n<\/tr>\n<tr style=\"height: 24px;\">\n<td style=\"width: 20.1446%; height: 24px;\">Surveillance du r\u00e9seau<\/td>\n<td style=\"width: 79.8554%; height: 24px; text-align: center;\" colspan=\"4\">Oui<\/td>\n<\/tr>\n<tr style=\"height: 24px;\">\n<td style=\"width: 20.1446%; height: 24px;\">Niveau de protection de l'enceinte<\/td>\n<td style=\"width: 79.8554%; height: 24px; text-align: center;\" colspan=\"4\">IP65<\/td>\n<\/tr>\n<tr style=\"height: 24px;\">\n<td style=\"width: 100%; height: 24px; background-color: #0068b7;\" colspan=\"5\"><span style=\"color: #ffffff;\"><strong>Donn\u00e9es g\u00e9n\u00e9rales<\/strong><\/span><\/td>\n<\/tr>\n<tr style=\"height: 24px;\">\n<td style=\"width: 20.1446%; height: 24px;\">Dimensions<\/td>\n<td style=\"width: 19.9277%; height: 24px;\">558 \u00d7 535 \u00d7 260 mm<\/td>\n<td style=\"width: 19.9277%; height: 24px;\">370 x 497 x 192 mm<\/td>\n<td style=\"width: 20.5061%; height: 24px;\">370 x 497 x 192 mm<\/td>\n<td style=\"width: 19.4939%; height: 24px;\">558 \u00d7 535 \u00d7 260 mm<\/td>\n<\/tr>\n<tr style=\"height: 24px;\">\n<td style=\"width: 20.1446%; height: 24px;\">Poids<\/td>\n<td style=\"width: 19.9277%; height: 24px;\">29 kg<\/td>\n<td style=\"width: 19.9277%; height: 24px;\">20.8kg<\/td>\n<td style=\"width: 20.5061%; height: 24px;\">20.8kg<\/td>\n<td style=\"width: 19.4939%; height: 24px;\">29 kg<\/td>\n<\/tr>\n<tr style=\"height: 24px;\">\n<td style=\"width: 20.1446%; height: 24px;\">Topologie<\/td>\n<td style=\"width: 79.8554%; height: 24px; text-align: center;\" colspan=\"4\">sans transformateur<\/td>\n<\/tr>\n<tr style=\"height: 24px;\">\n<td style=\"width: 20.1446%; height: 24px;\">Concept de refroidissement<\/td>\n<td style=\"width: 79.8554%; height: 24px; text-align: center;\" colspan=\"4\">IntelligentFan<\/td>\n<\/tr>\n<tr style=\"height: 24px;\">\n<td style=\"width: 20.1446%; height: 24px;\">Humidit\u00e9 relative<\/td>\n<td style=\"width: 79.8554%; height: 24px; text-align: center;\" colspan=\"4\">0-100%<\/td>\n<\/tr>\n<tr style=\"height: 24px;\">\n<td style=\"width: 20.1446%; height: 24px;\">Plage de temp\u00e9rature de fonctionnement<\/td>\n<td style=\"width: 79.8554%; height: 24px; text-align: center;\" colspan=\"4\">-25 \u00e0 60 \u2103<\/td>\n<\/tr>\n<tr style=\"height: 24px;\">\n<td style=\"width: 20.1446%; height: 24px;\">Altitude de fonctionnement<\/td>\n<td style=\"width: 79.8554%; height: 24px; text-align: center;\" colspan=\"4\">&lt; 4000m<\/td>\n<\/tr>\n<tr style=\"height: 24px;\">\n<td style=\"width: 20.1446%; height: 24px;\">\u00c9missions de bruit<\/td>\n<td style=\"width: 79.8554%; height: 24px; text-align: center;\" colspan=\"4\">&amp; lt; 30db<\/td>\n<\/tr>\n<tr style=\"height: 24px;\">\n<td style=\"width: 20.1446%; height: 24px;\">Consommation en attente<\/td>\n<td style=\"width: 79.8554%; height: 24px; text-align: center;\" colspan=\"4\">&lt; 5 watts<\/td>\n<\/tr>\n<tr style=\"height: 24px;\">\n<td style=\"width: 20.1446%; height: 24px;\">Affichage &amp; Interfaces de communication<\/td>\n<td style=\"width: 79.8554%; height: 24px; text-align: center;\" colspan=\"4\">LCD, LED, RS485, CAN, Wi-Fi, GPRS, 4G<\/td>\n<\/tr>\n<tr style=\"height: 24px;\">\n<td style=\"width: 20.1446%; height: 24px;\">Certification et Approbations<\/td>\n<td style=\"width: 79.8554%; height: 24px; text-align: center;\" colspan=\"4\">NRS097, G98 \/ G99, EN50549-1, C10 \/ C11, AS4777.2, VDE-AR-N4105, VDE0126, IEC62109-1, IEC62109-2<\/td>\n<\/tr>\n<tr style=\"height: 24px;\">\n<td style=\"width: 20.1446%; height: 24px;\">EMC<\/td>\n<td style=\"height: 24px; text-align: center; width: 79.8554%;\" colspan=\"4\">EN61000-6-2, EN61000-6-3<\/td>\n<\/tr>\n<\/tbody>\n<\/table>","protected":false},"excerpt":{"rendered":"<p><span style=\"font-family: 'arial black', sans-serif; font-size: 14pt;\"><strong>Inverteur hybride HV triphase<\/strong><\/span><br \/>\nCon\u00e7u pour des maisons plus grandes et des usages commerciaux, l'inverseur hybride HV triphase offre des performances robustes avec compatibilit\u00e9 avec la batterie haute tension, \u00e9quilibrage de charge triphase et contr\u00f4le \u00e9nerg\u00e9tique avanc\u00e9 pour une efficacit\u00e9 et une stabilit\u00e9 maximales.<\/p>","protected":false},"featured_media":1411,"comment_status":"closed","ping_status":"closed","template":"","meta":[],"product_brand":[],"product_cat":[30],"product_tag":[],"class_list":{"0":"post-1410","1":"product","2":"type-product","3":"status-publish","4":"has-post-thumbnail","6":"product_cat-hybrid-inverter","8":"first","9":"instock","10":"shipping-taxable","11":"product-type-simple"},"_links":{"self":[{"href":"https:\/\/www.epotr.com\/fr\/wp-json\/wp\/v2\/product\/1410","targetHints":{"allow":["GET"]}}],"collection":[{"href":"https:\/\/www.epotr.com\/fr\/wp-json\/wp\/v2\/product"}],"about":[{"href":"https:\/\/www.epotr.com\/fr\/wp-json\/wp\/v2\/types\/product"}],"replies":[{"embeddable":true,"href":"https:\/\/www.epotr.com\/fr\/wp-json\/wp\/v2\/comments?post=1410"}],"wp:featuredmedia":[{"embeddable":true,"href":"https:\/\/www.epotr.com\/fr\/wp-json\/wp\/v2\/media\/1411"}],"wp:attachment":[{"href":"https:\/\/www.epotr.com\/fr\/wp-json\/wp\/v2\/media?parent=1410"}],"wp:term":[{"taxonomy":"product_brand","embeddable":true,"href":"https:\/\/www.epotr.com\/fr\/wp-json\/wp\/v2\/product_brand?post=1410"},{"taxonomy":"product_cat","embeddable":true,"href":"https:\/\/www.epotr.com\/fr\/wp-json\/wp\/v2\/product_cat?post=1410"},{"taxonomy":"product_tag","embeddable":true,"href":"https:\/\/www.epotr.com\/fr\/wp-json\/wp\/v2\/product_tag?post=1410"}],"curies":[{"name":"WP","href":"https:\/\/api.w.org\/{rel}","templated":true}]}}