{"id":1408,"date":"2025-06-23T14:15:27","date_gmt":"2025-06-23T06:15:27","guid":{"rendered":"https:\/\/www.epotr.com\/?post_type=product&#038;p=1408"},"modified":"2025-07-17T14:20:27","modified_gmt":"2025-07-17T06:20:27","slug":"single-phase-hv-hibrid-inverter","status":"publish","type":"product","link":"https:\/\/www.epotr.com\/fr\/hybrid-inverter\/single-phase-hv-hibrid-inverter\/","title":{"rendered":"Inverteur hybride-Inverteur hybride HV monophase | EPOTR"},"content":{"rendered":"<table style=\"width: 80.6191%; height: 2598px;\" width=\"281\">\n<tbody>\n<tr>\n<td style=\"width: 26.8509%; text-align: center;\" width=\"128\">PVInput<\/td>\n<td style=\"width: 42.152%; text-align: center;\" width=\"40\">Ar\u00e9s 3.6KL<\/td>\n<td style=\"text-align: center;\" width=\"49\">Ares 5KL<\/td>\n<td style=\"width: 78.0715%; text-align: center;\" width=\"64\">Ares 6KL<\/td>\n<\/tr>\n<tr>\n<td style=\"width: 26.8509%; text-align: center;\" width=\"128\">Puissance Max.Input<\/td>\n<td style=\"width: 42.152%; text-align: center;\" width=\"40\">5.4kW<\/td>\n<td style=\"width: 0.985222%; text-align: center;\" width=\"49\">\u00a07.5kW<\/td>\n<td style=\"width: 78.0715%; text-align: center;\" width=\"64\">9.0kW<\/td>\n<\/tr>\n<tr>\n<td style=\"width: 26.8509%; text-align: center;\" width=\"128\">Voltage Max.PV<\/td>\n<td style=\"width: 121.209%; text-align: center;\" colspan=\"3\" width=\"153\">550V<\/td>\n<\/tr>\n<tr>\n<td style=\"width: 26.8509%; text-align: center;\" width=\"128\">plage MPPT<\/td>\n<td style=\"width: 121.209%; text-align: center;\" colspan=\"3\" width=\"153\">\u00a0\u00a0\u00a0\u00a0 80 \u00e0 500V<\/td>\n<\/tr>\n<tr>\n<td style=\"width: 26.8509%; text-align: center;\" width=\"128\">S\u00e9rie MPPT tout plomb<\/td>\n<td style=\"width: 42.152%; text-align: center;\" width=\"40\">110-50DV<\/td>\n<td style=\"width: 0.985222%; text-align: center;\" width=\"49\">150 \u00e0 500V<\/td>\n<td style=\"width: 78.0715%; text-align: center;\" width=\"64\">170 \u00e0 500V<\/td>\n<\/tr>\n<tr>\n<td style=\"width: 26.8509%; text-align: center;\" width=\"128\">Tension normale<\/td>\n<td style=\"width: 121.209%; text-align: center;\" colspan=\"3\" width=\"153\">\u00a0\u00a0\u00a0\u00a0\u00a0\u00a0\u00a0 360V<\/td>\n<\/tr>\n<tr>\n<td style=\"width: 26.8509%; text-align: center;\" width=\"128\">Voltage de d\u00e9marrage<\/td>\n<td style=\"width: 121.209%; text-align: center;\" colspan=\"3\" width=\"153\">100V<\/td>\n<\/tr>\n<tr>\n<td style=\"width: 26.8509%; text-align: center;\" width=\"128\">Max.Input courant<\/td>\n<td style=\"width: 121.209%; text-align: center;\" colspan=\"3\" width=\"153\">\u00a0\u00a0\u00a0\u00a0 18,5 \u00d7 2A<\/td>\n<\/tr>\n<tr>\n<td style=\"width: 26.8509%; text-align: center;\" width=\"128\">Courant Max.Short<\/td>\n<td style=\"width: 121.209%; text-align: center;\" colspan=\"3\" width=\"153\">26 \u00d7 2A<\/td>\n<\/tr>\n<tr>\n<td style=\"width: 26.8509%; text-align: center;\" width=\"128\">Node MPPTracker\/No. de PVString<\/td>\n<td style=\"width: 121.209%; text-align: center;\" colspan=\"3\" width=\"153\">\u00a0\u00a0\u00a0\u00a0\u00a0\u00a0\u00a0 2\/2<\/td>\n<\/tr>\n<tr>\n<td style=\"width: 148.06%; text-align: center;\" colspan=\"4\" width=\"281\">Port de batterie<\/td>\n<\/tr>\n<tr>\n<td style=\"width: 26.8509%; text-align: center;\" width=\"128\">Puissance Max.Charge\/Discharge<\/td>\n<td style=\"width: 42.152%; text-align: center;\" width=\"40\">3.6kw<\/td>\n<td style=\"width: 0.985222%; text-align: center;\" width=\"49\">\u00a048kw<\/td>\n<td style=\"width: 78.0715%; text-align: center;\" width=\"64\">\u00a048kw<\/td>\n<\/tr>\n<tr>\n<td style=\"width: 26.8509%; text-align: center;\" width=\"128\">Max.Charge \/ courant de d\u00e9charge<\/td>\n<td style=\"width: 121.209%; text-align: center;\" colspan=\"3\" width=\"153\">8DA<\/td>\n<\/tr>\n<tr>\n<td style=\"width: 26.8509%; text-align: center;\" width=\"128\">Batterie NormalVoltage<\/td>\n<td style=\"width: 121.209%; text-align: center;\" colspan=\"3\" width=\"153\">\u00a0\u00a0\u00a0\u00a0\u00a0\u00a0\u00a0 51.2V<\/td>\n<\/tr>\n<tr>\n<td style=\"width: 26.8509%; text-align: center;\" width=\"128\">Gamme de tension de la batterie<\/td>\n<td style=\"width: 121.209%; text-align: center;\" colspan=\"3\" width=\"153\">40 \u00e0 60V<\/td>\n<\/tr>\n<tr>\n<td style=\"width: 26.8509%; text-align: center;\" width=\"128\">Type de batterie<\/td>\n<td style=\"width: 121.209%; text-align: center;\" colspan=\"3\" width=\"153\">\u00a0\u00a0\u00a0 Li-ion\/acide plomb etc.<\/td>\n<\/tr>\n<tr>\n<td style=\"width: 148.06%; text-align: center;\" colspan=\"4\" width=\"281\">\u00a0\u00a0\u00a0\u00a0\u00a0\u00a0\u00a0\u00a0\u00a0\u00a0\u00a0\u00a0\u00a0\u00a0\u00a0\u00a0\u00a0\u00a0\u00a0\u00a0\u00a0\u00a0\u00a0\u00a0\u00a0\u00a0\u00a0\u00a0 Grille AC<\/td>\n<\/tr>\n<tr>\n<td style=\"width: 26.8509%; text-align: center;\" width=\"128\">Max courant continu<\/td>\n<td style=\"width: 42.152%; text-align: center;\" width=\"40\">17.0A<\/td>\n<td style=\"width: 0.985222%; text-align: center;\" width=\"49\">23.0A<\/td>\n<td style=\"width: 78.0715%; text-align: center;\" width=\"64\">28.0A<\/td>\n<\/tr>\n<tr>\n<td style=\"width: 26.8509%; text-align: center;\" width=\"128\">Puissance continue maximale<\/td>\n<td style=\"width: 42.152%; text-align: center;\" width=\"40\">3.6kVA<\/td>\n<td style=\"width: 0.985222%; text-align: center;\" width=\"49\">\u00a0\u00a0\u00a0\u00a0 5.0kva pour drag \u00ab 6.0kva<\/td>\n<td style=\"width: 78.0715%; text-align: center;\" width=\"64\">6.0KVA<\/td>\n<\/tr>\n<tr>\n<td style=\"width: 26.8509%; text-align: center;\" width=\"128\">\u00a0\u00a0\u00a0\u00a0\u00a0 Courant nominal de grille<\/td>\n<td style=\"width: 42.152%; text-align: center;\" width=\"40\">16.4\/15.7A<\/td>\n<td style=\"width: 0.985222%; text-align: center;\" width=\"49\">22.8\/21.8A<\/td>\n<td style=\"width: 78.0715%; text-align: center;\" width=\"64\">27.3\/26.1A<\/td>\n<\/tr>\n<tr>\n<td style=\"width: 26.8509%; text-align: center;\" width=\"128\">\u00a0\u00a0\u00a0\u00a0\u00a0 Voltage nominale de la grille<\/td>\n<td style=\"width: 121.209%; text-align: center;\" colspan=\"3\" width=\"153\">198 \u00e0 242@220 207 \u00e0 253@230V<\/td>\n<\/tr>\n<tr>\n<td style=\"width: 26.8509%; text-align: center;\" width=\"128\">Fr\u00e9quence nominale de la grille<\/td>\n<td style=\"width: 121.209%; text-align: center;\" colspan=\"3\" width=\"153\">\u00a0\u00a0\u00a0\u00a0 50\/60Hz<\/td>\n<\/tr>\n<tr>\n<td style=\"width: 26.8509%; text-align: center;\" width=\"128\">Facteur de puissance<\/td>\n<td style=\"width: 121.209%; text-align: center;\" colspan=\"3\" width=\"153\">0,999 (r\u00e9glable de 0,8 surexcit\u00e9 \u00e0 0,8 sous-excit\u00e9)<\/td>\n<\/tr>\n<tr>\n<td style=\"width: 26.8509%; text-align: center;\" width=\"128\">THD actuel<\/td>\n<td style=\"width: 121.209%; text-align: center;\" colspan=\"3\" width=\"153\">\u00a0\u00a0\u00a0 &amp; lt; 3.<\/td>\n<\/tr>\n<tr>\n<td style=\"width: 148.06%; text-align: center;\" colspan=\"4\" width=\"281\">Sortie de charge AC<\/td>\n<\/tr>\n<tr>\n<td style=\"width: 26.8509%; text-align: center;\" width=\"128\">Max courant continu<\/td>\n<td style=\"width: 42.152%; text-align: center;\" width=\"40\">17.0A<\/td>\n<td style=\"width: 0.985222%; text-align: center;\" width=\"49\">23.0A<\/td>\n<td style=\"width: 78.0715%; text-align: center;\" width=\"64\">28.0A<\/td>\n<\/tr>\n<tr>\n<td style=\"width: 26.8509%; text-align: center;\" width=\"128\">Puissance continue maximale<\/td>\n<td style=\"width: 42.152%; text-align: center;\" width=\"40\">3.6kVA<\/td>\n<td style=\"width: 0.985222%; text-align: center;\" width=\"49\">5.0KVA<\/td>\n<td style=\"width: 78.0715%; text-align: center;\" width=\"64\">6.0KVA<\/td>\n<\/tr>\n<tr>\n<td style=\"width: 26.8509%; text-align: center;\" width=\"128\">Courant de pic maximum (10min)<\/td>\n<td style=\"width: 42.152%; text-align: center;\" width=\"40\">24.6\/23.5A<\/td>\n<td style=\"width: 0.985222%; text-align: center;\" width=\"49\">34.1\/32.7A<\/td>\n<td style=\"width: 78.0715%; text-align: center;\" width=\"64\">41.0\/39.2A<\/td>\n<\/tr>\n<tr>\n<td style=\"width: 26.8509%; text-align: center;\" width=\"128\">Max PeakPower (10min)<\/td>\n<td style=\"width: 42.152%; text-align: center;\" width=\"40\">5.4KVA<\/td>\n<td style=\"width: 0.985222%; text-align: center;\" width=\"49\">7.5kVA<\/td>\n<td style=\"width: 78.0715%; text-align: center;\" width=\"64\">9.0KVA<\/td>\n<\/tr>\n<tr>\n<td style=\"width: 26.8509%; text-align: center;\" width=\"128\">Courant AC nominal<\/td>\n<td style=\"width: 42.152%; text-align: center;\" width=\"40\">16.4\/15.7A<\/td>\n<td style=\"width: 0.985222%; text-align: center;\" width=\"49\">\u00a022.8\/21.8A<\/td>\n<td style=\"width: 78.0715%; text-align: center;\" width=\"64\">27.3\/26.1A<\/td>\n<\/tr>\n<tr>\n<td style=\"width: 26.8509%; text-align: center;\" width=\"128\">Voltage AC nominalL-N<\/td>\n<td style=\"width: 121.209%; text-align: center;\" colspan=\"3\" width=\"153\">\u00a0 220\/230V<\/td>\n<\/tr>\n<tr>\n<td style=\"width: 26.8509%; text-align: center;\" width=\"128\">NominalACFr\u00e9quence<\/td>\n<td style=\"width: 121.209%; text-align: center;\" colspan=\"3\" width=\"153\">\u00a0\u00a0 50\/60Hz<\/td>\n<\/tr>\n<tr>\n<td style=\"width: 26.8509%; text-align: center;\" width=\"128\">Temps de commutation<\/td>\n<td style=\"width: 121.209%; text-align: center;\" colspan=\"3\" width=\"153\">sans couture<\/td>\n<\/tr>\n<tr>\n<td style=\"width: 26.8509%; text-align: center;\" width=\"128\">Tension THD<\/td>\n<td style=\"width: 121.209%; text-align: center;\" colspan=\"3\" width=\"153\">\u00a0\u00a0\u00a0 &amp; lt; 3.<\/td>\n<\/tr>\n<tr>\n<td style=\"width: 148.06%; text-align: center;\" colspan=\"4\" width=\"281\">Efficacit\u00e9<\/td>\n<\/tr>\n<tr>\n<td style=\"width: 26.8509%; text-align: center;\" width=\"128\">Efficacit\u00e9 CEC<\/td>\n<td style=\"width: 121.209%; text-align: center;\" colspan=\"3\" width=\"153\">\u00a0\u00a0\u00a0\u00a0\u00a0\u00a0\u00a0 97.0%<\/td>\n<\/tr>\n<tr>\n<td style=\"width: 26.8509%; text-align: center;\" width=\"128\">Max.Efficiency<\/td>\n<td style=\"width: 121.209%; text-align: center;\" colspan=\"3\" width=\"153\">97.6%<\/td>\n<\/tr>\n<tr>\n<td style=\"width: 26.8509%; text-align: center;\" width=\"128\">\u00a0\u00a0\u00a0\u00a0\u00a0\u00a0\u00a0 PV \u00e0 Bat. Efficacit\u00e9<\/td>\n<td style=\"width: 121.209%; text-align: center;\" colspan=\"3\" width=\"153\">\u00a0\u00a0\u00a0\u00a0\u00a0\u00a0\u00a0 98.1%<\/td>\n<\/tr>\n<tr>\n<td style=\"width: 26.8509%; text-align: center;\" width=\"128\">Bat.between Efficacit\u00e9 AC<\/td>\n<td style=\"width: 121.209%; text-align: center;\" colspan=\"3\" width=\"153\">96.8%<\/td>\n<\/tr>\n<tr>\n<td style=\"width: 148.06%; text-align: center;\" colspan=\"4\" width=\"281\">\u00a0\u00a0\u00a0\u00a0\u00a0\u00a0\u00a0\u00a0\u00a0\u00a0\u00a0\u00a0\u00a0\u00a0\u00a0\u00a0\u00a0\u00a0\u00a0\u00a0\u00a0\u00a0\u00a0\u00a0\u00a0 Protection<\/td>\n<\/tr>\n<tr>\n<td style=\"width: 26.8509%; text-align: center;\" width=\"128\">\u00a0\u00a0\u00a0\u00a0\u00a0\u00a0\u00a0 Protection contre la polarit\u00e9 inverse PV<\/td>\n<td style=\"width: 121.209%; text-align: center;\" colspan=\"3\" width=\"153\">\u00a0\u00a0\u00a0\u00a0\u00a0\u00a0\u00a0 Oui<\/td>\n<\/tr>\n<tr>\n<td style=\"width: 26.8509%; text-align: center;\" width=\"128\">\u00a0\u00a0\u00a0\u00a0\u00a0 Protection contre le courant\/la tension<\/td>\n<td style=\"width: 121.209%; text-align: center;\" colspan=\"3\" width=\"153\">Oui<\/td>\n<\/tr>\n<tr>\n<td style=\"width: 26.8509%; text-align: center;\" width=\"128\">Protection anti-slanding<\/td>\n<td style=\"width: 121.209%; text-align: center;\" colspan=\"3\" width=\"153\">\u00a0\u00a0\u00a0\u00a0\u00a0\u00a0\u00a0 Oui<\/td>\n<\/tr>\n<tr>\n<td style=\"width: 26.8509%; text-align: center;\" width=\"128\">Protection contre le court-circuit AC<\/td>\n<td style=\"width: 121.209%; text-align: center;\" colspan=\"3\" width=\"153\">\u00a0\u00a0\u00a0\u00a0\u00a0\u00a0\u00a0\u00a0\u00a0\u00a0\u00a0\u00a0\u00a0\u00a0\u00a0\u00a0\u00a0\u00a0\u00a0\u00a0\u00a0\u00a0\u00a0\u00a0\u00a0\u00a0\u00a0\u00a0\u00a0\u00a0\u00a0\u00a0\u00a0\u00a0\u00a0\u00a0\u00a0\u00a0\u00a0\u00a0\u00a0\u00a0\u00a0\u00a0\u00a0\u00a0\u00a0\u00a0\u00a0\u00a0\u00a0\u00a0\u00a0\u00a0\u00a0\u00a0\u00a0\u00a0\u00a0\u00a0\u00a0\u00a0\u00a0\u00a0\u00a0\u00a0\u00a0\u00a0\u00a0\u00a0\u00a0\u00a0\u00a0\u00a0\u00a0\u00a0\u00a0\u00a0\u00a0\u00a0\u00a0\u00a0\u00a0\u00a0\u00a0\u00a0\u00a0\u00a0 Oui<\/td>\n<\/tr>\n<tr>\n<td style=\"width: 26.8509%; text-align: center;\" width=\"128\">D\u00e9tection du courant r\u00e9siduel<\/td>\n<td style=\"width: 121.209%; text-align: center;\" colspan=\"3\" width=\"153\">\u00a0\u00a0\u00a0\u00a0\u00a0\u00a0\u00a0 Oui<\/td>\n<\/tr>\n<tr>\n<td style=\"width: 26.8509%; text-align: center;\" width=\"128\">Surveillance des d\u00e9faillances au sol<\/td>\n<td style=\"width: 121.209%; text-align: center;\" colspan=\"3\" width=\"153\">\u00a0\u00a0\u00a0\u00a0\u00a0\u00a0\u00a0\u00a0\u00a0\u00a0\u00a0\u00a0\u00a0\u00a0\u00a0\u00a0\u00a0\u00a0\u00a0\u00a0\u00a0\u00a0\u00a0\u00a0\u00a0\u00a0\u00a0\u00a0\u00a0\u00a0\u00a0\u00a0\u00a0\u00a0\u00a0\u00a0\u00a0\u00a0\u00a0\u00a0\u00a0\u00a0\u00a0\u00a0\u00a0\u00a0\u00a0\u00a0\u00a0\u00a0\u00a0\u00a0\u00a0\u00a0\u00a0\u00a0\u00a0\u00a0\u00a0\u00a0\u00a0\u00a0\u00a0\u00a0\u00a0\u00a0\u00a0\u00a0\u00a0\u00a0\u00a0\u00a0\u00a0\u00a0\u00a0\u00a0\u00a0\u00a0\u00a0\u00a0\u00a0\u00a0\u00a0\u00a0\u00a0\u00a0\u00a0\u00a0 Oui<\/td>\n<\/tr>\n<tr>\n<td style=\"width: 26.8509%; text-align: center;\" width=\"128\">D\u00e9tection de r\u00e9sistance d'isolation<\/td>\n<td style=\"width: 121.209%; text-align: center;\" colspan=\"3\" width=\"153\">\u00a0\u00a0\u00a0\u00a0\u00a0\u00a0\u00a0 Oui<\/td>\n<\/tr>\n<tr>\n<td style=\"width: 26.8509%; text-align: center;\" width=\"128\">D\u00e9tection d'arc PV<\/td>\n<td style=\"width: 121.209%; text-align: center;\" colspan=\"3\" width=\"153\">\u00a0\u00a0\u00a0\u00a0\u00a0\u00a0\u00a0\u00a0\u00a0\u00a0\u00a0\u00a0\u00a0\u00a0\u00a0\u00a0\u00a0\u00a0\u00a0\u00a0\u00a0\u00a0\u00a0\u00a0\u00a0\u00a0\u00a0\u00a0\u00a0\u00a0\u00a0\u00a0\u00a0\u00a0\u00a0\u00a0\u00a0\u00a0\u00a0\u00a0\u00a0\u00a0\u00a0\u00a0\u00a0\u00a0\u00a0\u00a0\u00a0\u00a0\u00a0\u00a0\u00a0\u00a0\u00a0\u00a0\u00a0\u00a0\u00a0\u00a0\u00a0\u00a0\u00a0\u00a0\u00a0\u00a0\u00a0\u00a0\u00a0\u00a0\u00a0\u00a0\u00a0\u00a0\u00a0\u00a0\u00a0\u00a0\u00a0\u00a0\u00a0\u00a0\u00a0\u00a0\u00a0\u00a0\u00a0\u00a0 Oui<\/td>\n<\/tr>\n<tr>\n<td style=\"width: 26.8509%; text-align: center;\" width=\"128\">Niveau de protection de l'enceinte<\/td>\n<td style=\"width: 121.209%; text-align: center;\" colspan=\"3\" width=\"153\">IP65 \/ NEMA4X<\/td>\n<\/tr>\n<tr>\n<td style=\"width: 148.06%; text-align: center;\" colspan=\"4\" width=\"281\">Donn\u00e9es g\u00e9n\u00e9rales<\/td>\n<\/tr>\n<tr>\n<td style=\"width: 26.8509%; text-align: center;\" width=\"128\">Dimensions<\/td>\n<td style=\"width: 121.209%; text-align: center;\" colspan=\"3\" width=\"153\">\u00a0\u00a0\u00a0\u00a0\u00a0\u00a0\u00a0\u00a0 370 x 535 x 192 mm<\/td>\n<\/tr>\n<tr>\n<td style=\"width: 26.8509%; text-align: center;\" width=\"128\">Poids<\/td>\n<td style=\"width: 42.152%; text-align: center;\" width=\"40\">18.5kg<\/td>\n<td style=\"width: 79.0567%; text-align: center;\" colspan=\"2\" width=\"113\">20.5kg<\/td>\n<\/tr>\n<tr>\n<td style=\"width: 26.8509%; text-align: center;\" width=\"128\">\u00a0\u00a0\u00a0\u00a0\u00a0\u00a0 Topologie<\/td>\n<td style=\"width: 121.209%; text-align: center;\" colspan=\"3\" width=\"153\">\u00a0\u00a0\u00a0\u00a0\u00a0\u00a0\u00a0 sans transformateur<\/td>\n<\/tr>\n<tr>\n<td style=\"width: 26.8509%; text-align: center;\" width=\"128\">\u00a0\u00a0\u00a0\u00a0\u00a0\u00a0 refroidissement<\/td>\n<td style=\"width: 121.209%; text-align: center;\" colspan=\"3\" width=\"153\">ventilateur intelligent<\/td>\n<\/tr>\n<tr>\n<td style=\"width: 26.8509%; text-align: center;\" width=\"128\">\u00a0\u00a0\u00a0\u00a0\u00a0\u00a0\u00a0 Humidit\u00e9 relative<\/td>\n<td style=\"width: 121.209%; text-align: center;\" colspan=\"3\" width=\"153\">\u00a0\u00a0\u00a0\u00a0 0-100%<\/td>\n<\/tr>\n<tr>\n<td style=\"width: 26.8509%; text-align: center;\" width=\"128\">\u00a0\u00a0\u00a0\u00a0\u00a0\u00a0\u00a0 Plage de temp\u00e9rature de fonctionnement<\/td>\n<td style=\"width: 121.209%; text-align: center;\" colspan=\"3\" width=\"153\">-25 \u00e0 60 \u2103<\/td>\n<\/tr>\n<tr>\n<td style=\"width: 26.8509%; text-align: center;\" width=\"128\">\u00a0\u00a0\u00a0\u00a0\u00a0\u00a0\u00a0 Alitude op\u00e9rationnelle<\/td>\n<td style=\"width: 121.209%; text-align: center;\" colspan=\"3\" width=\"153\">\u00a0\u00a0\u00a0\u00a0 c4000m<\/td>\n<\/tr>\n<tr>\n<td style=\"width: 26.8509%; text-align: center;\" width=\"128\">\u00c9missions de bruit<\/td>\n<td style=\"width: 121.209%; text-align: center;\" colspan=\"3\" width=\"153\">&amp; lt; 25db<\/td>\n<\/tr>\n<tr>\n<td style=\"width: 26.8509%; text-align: center;\" width=\"128\">Consommation en attente<\/td>\n<td style=\"width: 121.209%; text-align: center;\" colspan=\"3\" width=\"153\">\u00a0\u00a0\u00a0\u00a0\u00a0\u00a0\u00a0 &lt; 10 watts<\/td>\n<\/tr>\n<tr>\n<td style=\"width: 26.8509%; text-align: center;\" width=\"128\">\u00a0\u00a0\u00a0\u00a0\u00a0\u00a0 Montage<\/td>\n<td style=\"width: 121.209%; text-align: center;\" colspan=\"3\" width=\"153\">Support mural<\/td>\n<\/tr>\n<tr>\n<td style=\"width: 26.8509%; text-align: center;\" width=\"128\">Communication avec RSD<\/td>\n<td style=\"width: 121.209%; text-align: center;\" colspan=\"3\" width=\"153\">\u00a0\u00a0\u00a0\u00a0 SUNSPEC<\/td>\n<\/tr>\n<tr>\n<td style=\"width: 26.8509%; text-align: center;\" width=\"128\">Affichage &amp; Interfaces de communication<\/td>\n<td style=\"width: 121.209%; text-align: center;\" colspan=\"3\" width=\"153\">LCD, LED, R54B5, CAN, Wi-Fi, GPRS, 4G<\/td>\n<\/tr>\n<tr>\n<td style=\"width: 26.8509%; text-align: center;\" width=\"128\">Certification&amp; Approbations<\/td>\n<td style=\"width: 121.209%; text-align: center;\" colspan=\"3\" width=\"153\">NR5097, G98\/G99, EN50549-1, C10\/C11, A54777.2, VDE-AR-N4105, VDE0126, IEC62109-1, IEC62109-2<\/td>\n<\/tr>\n<tr>\n<td style=\"width: 26.8509%; text-align: center;\" width=\"128\">EMC<\/td>\n<td style=\"width: 121.209%; text-align: center;\" colspan=\"3\" width=\"153\">EN61000-6-2, EN61000-6-3<\/td>\n<\/tr>\n<\/tbody>\n<\/table>","protected":false},"excerpt":{"rendered":"<p><span style=\"font-family: 'arial black', sans-serif; font-size: 14pt;\"><strong>Inverteur hybride HV monophase<\/strong><\/span><br \/>\nFiable et efficace, notre onduleur hybride monophase HV est con\u00e7u pour les applications r\u00e9sidentielles. Il prend en charge les syst\u00e8mes de batteries haute tension, l'interaction sans faille avec le r\u00e9seau et la gestion intelligente de l'\u00e9nergie pour une autoconsommation optimale et une alimentation de secours.<\/p>","protected":false},"featured_media":1409,"comment_status":"closed","ping_status":"closed","template":"","meta":[],"product_brand":[],"product_cat":[30],"product_tag":[],"class_list":{"0":"post-1408","1":"product","2":"type-product","3":"status-publish","4":"has-post-thumbnail","6":"product_cat-hybrid-inverter","8":"first","9":"instock","10":"shipping-taxable","11":"product-type-simple"},"_links":{"self":[{"href":"https:\/\/www.epotr.com\/fr\/wp-json\/wp\/v2\/product\/1408","targetHints":{"allow":["GET"]}}],"collection":[{"href":"https:\/\/www.epotr.com\/fr\/wp-json\/wp\/v2\/product"}],"about":[{"href":"https:\/\/www.epotr.com\/fr\/wp-json\/wp\/v2\/types\/product"}],"replies":[{"embeddable":true,"href":"https:\/\/www.epotr.com\/fr\/wp-json\/wp\/v2\/comments?post=1408"}],"wp:featuredmedia":[{"embeddable":true,"href":"https:\/\/www.epotr.com\/fr\/wp-json\/wp\/v2\/media\/1409"}],"wp:attachment":[{"href":"https:\/\/www.epotr.com\/fr\/wp-json\/wp\/v2\/media?parent=1408"}],"wp:term":[{"taxonomy":"product_brand","embeddable":true,"href":"https:\/\/www.epotr.com\/fr\/wp-json\/wp\/v2\/product_brand?post=1408"},{"taxonomy":"product_cat","embeddable":true,"href":"https:\/\/www.epotr.com\/fr\/wp-json\/wp\/v2\/product_cat?post=1408"},{"taxonomy":"product_tag","embeddable":true,"href":"https:\/\/www.epotr.com\/fr\/wp-json\/wp\/v2\/product_tag?post=1408"}],"curies":[{"name":"WP","href":"https:\/\/api.w.org\/{rel}","templated":true}]}}