{"id":2186,"date":"2026-03-24T15:22:35","date_gmt":"2026-03-24T07:22:35","guid":{"rendered":"https:\/\/www.epotr.com\/?post_type=product&#038;p=2186"},"modified":"2026-04-01T14:04:49","modified_gmt":"2026-04-01T06:04:49","slug":"epotr-taipower-series-floor-standing-residential-esslow-voltage","status":"publish","type":"product","link":"https:\/\/www.epotr.com\/es\/home-ess\/epotr-taipower-series-floor-standing-residential-esslow-voltage\/","title":{"rendered":"EPOTR TaiPower Serie Piso de pie ESS Residencial (BAJO VOLTAJE)"},"content":{"rendered":"<table style=\"border-collapse: collapse; width: 487.52pt;\" border=\"0\" width=\"650\" cellspacing=\"0\" cellpadding=\"0\">\n<tbody>\n<tr style=\"height: 14.25pt;\">\n<td class=\"et3\" style=\"height: 14.25pt; width: 207.75pt;\" width=\"277\" height=\"19\">modelo<\/td>\n<td class=\"et4\" style=\"width: 279.75pt;\" width=\"373\">EP-FS016KS<\/td>\n<\/tr>\n<tr style=\"height: 14.25pt;\">\n<td class=\"et5\" style=\"height: 14.25pt; width: 207.75pt;\" width=\"277\" height=\"19\">Voltaje nominal<\/td>\n<td class=\"et6\" style=\"width: 279.75pt;\" width=\"373\">51.2Vdc<\/td>\n<\/tr>\n<tr style=\"height: 14.25pt;\">\n<td class=\"et5\" style=\"height: 14.25pt; width: 207.75pt;\" width=\"277\" height=\"19\">Capacidad nominal<\/td>\n<td class=\"et6\" style=\"width: 279.75pt;\" width=\"373\">314Ah<\/td>\n<\/tr>\n<tr style=\"height: 14.25pt;\">\n<td class=\"et5\" style=\"height: 14.25pt; width: 207.75pt;\" width=\"277\" height=\"19\">Energ\u00eda de la bater\u00eda<\/td>\n<td class=\"et6\" style=\"width: 279.75pt;\" width=\"373\">16.08kWh<\/td>\n<\/tr>\n<tr style=\"height: 14.25pt;\">\n<td class=\"et5\" style=\"height: 14.25pt; width: 207.75pt;\" width=\"277\" height=\"19\">Corriente de carga m\u00e1xima<\/td>\n<td class=\"et6\" style=\"width: 279.75pt;\" width=\"373\">150A<\/td>\n<\/tr>\n<tr style=\"height: 14.25pt;\">\n<td class=\"et5\" style=\"height: 14.25pt; width: 207.75pt;\" width=\"277\" height=\"19\">Potencia de carga m\u00e1xima<\/td>\n<td class=\"et6\" style=\"width: 279.75pt;\" width=\"373\">7680W<\/td>\n<\/tr>\n<tr style=\"height: 14.25pt;\">\n<td class=\"et5\" style=\"height: 14.25pt; width: 207.75pt;\" width=\"277\" height=\"19\">Corriente de descarga m\u00e1xima<\/td>\n<td class=\"et6\" style=\"width: 279.75pt;\" width=\"373\">200A<\/td>\n<\/tr>\n<tr style=\"height: 14.25pt;\">\n<td class=\"et5\" style=\"height: 14.25pt; width: 207.75pt;\" width=\"277\" height=\"19\">Potencia de descarga m\u00e1xima<\/td>\n<td class=\"et6\" style=\"width: 279.75pt;\" width=\"373\">10240W<\/td>\n<\/tr>\n<tr style=\"height: 14.25pt;\">\n<td class=\"et5\" style=\"height: 14.25pt; width: 207.75pt;\" width=\"277\" height=\"19\">Corriente de cortocircuito<\/td>\n<td class=\"et6\" style=\"width: 279.75pt;\" width=\"373\">540A<\/td>\n<\/tr>\n<tr style=\"height: 14.25pt;\">\n<td class=\"et5\" style=\"height: 14.25pt; width: 207.75pt;\" width=\"277\" height=\"19\">Max.Recomendado DOD<\/td>\n<td class=\"et7\" style=\"width: 279.75pt;\" width=\"373\">90%<\/td>\n<\/tr>\n<tr style=\"height: 14.25pt;\">\n<td class=\"et5\" style=\"height: 14.25pt; width: 207.75pt;\" width=\"277\" height=\"19\">Peso<\/td>\n<td class=\"et6\" style=\"width: 279.75pt;\" width=\"373\">120 kg<\/td>\n<\/tr>\n<tr style=\"height: 14.25pt;\">\n<td class=\"et5\" style=\"height: 14.25pt; width: 207.75pt;\" width=\"277\" height=\"19\">Dimensi\u00f3n (mm) (H)<span class=\"font1\">L<\/span><span class=\"font0\">W)<\/span><\/td>\n<td class=\"et6\" style=\"width: 279.75pt;\" width=\"373\">870<span class=\"font1\">425<\/span><span class=\"font0\">230 mm<\/span><\/td>\n<\/tr>\n<tr style=\"height: 14.25pt;\">\n<td class=\"et5\" style=\"height: 14.25pt; width: 207.75pt;\" width=\"277\" height=\"19\">Instalaci\u00f3n<\/td>\n<td class=\"et6\" style=\"width: 279.75pt;\" width=\"373\">soporte de piso<\/td>\n<\/tr>\n<tr style=\"height: 14.25pt;\">\n<td class=\"et5\" style=\"height: 14.25pt; width: 207.75pt;\" width=\"277\" height=\"19\">Tecnolog\u00eda Celular<\/td>\n<td class=\"et6\" style=\"width: 279.75pt;\" width=\"373\">LiFePO4, fosfato de hierro de litio<\/td>\n<\/tr>\n<tr style=\"height: 14.25pt;\">\n<td class=\"et5\" style=\"height: 14.25pt; width: 207.75pt;\" width=\"277\" height=\"19\">Ciclo de vida<\/td>\n<td class=\"et6\" style=\"width: 279.75pt;\" width=\"373\">8000 ciclos @ 90% DOD, 25 \u2103 \/ 0.5C<\/td>\n<\/tr>\n<tr style=\"height: 14.25pt;\">\n<td class=\"et5\" style=\"height: 14.25pt; width: 207.75pt;\" width=\"277\" height=\"19\">Protocolo del inversor<\/td>\n<td class=\"et6\" style=\"width: 279.75pt;\" width=\"373\">Opcional<\/td>\n<\/tr>\n<tr style=\"height: 14.25pt;\">\n<td class=\"et5\" style=\"height: 14.25pt; width: 207.75pt;\" width=\"277\" height=\"19\">Control de APP<\/td>\n<td class=\"et6\" style=\"width: 279.75pt;\" width=\"373\">S\u00ed<\/td>\n<\/tr>\n<tr style=\"height: 14.25pt;\">\n<td class=\"et5\" style=\"height: 14.25pt; width: 207.75pt;\" width=\"277\" height=\"19\">Conexi\u00f3n WiFi<\/td>\n<td class=\"et6\" style=\"width: 279.75pt;\" width=\"373\">S\u00ed<\/td>\n<\/tr>\n<tr style=\"height: 14.25pt;\">\n<td class=\"et5\" style=\"height: 14.25pt; width: 207.75pt;\" width=\"277\" height=\"19\">Bluetooth<\/td>\n<td class=\"et6\" style=\"width: 279.75pt;\" width=\"373\">S\u00ed<\/td>\n<\/tr>\n<tr style=\"height: 14.25pt;\">\n<td class=\"et3\" style=\"height: 14.25pt; width: 207.75pt;\" width=\"277\" height=\"19\">Condici\u00f3n de funcionamiento<\/td>\n<td class=\"et6\" style=\"width: 279.75pt;\" width=\"373\"><\/td>\n<\/tr>\n<tr style=\"height: 14.25pt;\">\n<td class=\"et5\" style=\"height: 14.25pt; width: 207.75pt;\" width=\"277\" height=\"19\">Temperatura de carga de funcionamiento<\/td>\n<td class=\"et6\" style=\"width: 279.75pt;\" width=\"373\">0 - 55 \u00b0 C<\/td>\n<\/tr>\n<tr style=\"height: 14.25pt;\">\n<td class=\"et5\" style=\"height: 14.25pt; width: 207.75pt;\" width=\"277\" height=\"19\">Descarga de temperatura<\/td>\n<td class=\"et6\" style=\"width: 279.75pt;\" width=\"373\">-15-55\u2103<\/td>\n<\/tr>\n<tr style=\"height: 14.25pt;\">\n<td class=\"et5\" style=\"height: 14.25pt; width: 207.75pt;\" width=\"277\" height=\"19\">Rango de temperatura ambiente est\u00e1ndar<\/td>\n<td class=\"et6\" style=\"width: 279.75pt;\" width=\"373\">0 - 40 \u00b0 C<\/td>\n<\/tr>\n<tr style=\"height: 14.25pt;\">\n<td class=\"et5\" style=\"height: 14.25pt; width: 207.75pt;\" width=\"277\" height=\"19\">Humedad de funcionamiento\/Sotrage<\/td>\n<td class=\"et6\" style=\"width: 279.75pt;\" width=\"373\">95% (RH) (sin condensaci\u00f3n)<\/td>\n<\/tr>\n<tr style=\"height: 14.25pt;\">\n<td class=\"et5\" style=\"height: 14.25pt; width: 207.75pt;\" width=\"277\" height=\"19\">Tipo de refrigeraci\u00f3n<\/td>\n<td class=\"et6\" style=\"width: 279.75pt;\" width=\"373\">Refrigeraci\u00f3n natural<\/td>\n<\/tr>\n<tr style=\"height: 14.25pt;\">\n<td class=\"et5\" style=\"height: 14.25pt; width: 207.75pt;\" width=\"277\" height=\"19\">Material del caso<\/td>\n<td class=\"et6\" style=\"width: 279.75pt;\" width=\"373\">Metales<\/td>\n<\/tr>\n<tr style=\"height: 14.25pt;\">\n<td class=\"et5\" style=\"height: 14.25pt; width: 207.75pt;\" width=\"277\" height=\"19\">Clasificaci\u00f3n IP<\/td>\n<td class=\"et6\" style=\"width: 279.75pt;\" width=\"373\">IP20<\/td>\n<\/tr>\n<tr style=\"height: 14.25pt;\">\n<td class=\"et5\" style=\"height: 14.25pt; width: 207.75pt;\" width=\"277\" height=\"19\">Clase protectora<\/td>\n<td class=\"et6\" style=\"width: 279.75pt;\" width=\"373\">Yo<\/td>\n<\/tr>\n<tr style=\"height: 14.25pt;\">\n<td class=\"et5\" style=\"height: 14.25pt; width: 207.75pt;\" width=\"277\" height=\"19\">Escalabilidad<\/td>\n<td class=\"et6\" style=\"width: 279.75pt;\" width=\"373\">Max.25 bater\u00edas en paralelo<\/td>\n<\/tr>\n<tr style=\"height: 14.25pt;\">\n<td class=\"et5\" style=\"height: 14.25pt; width: 207.75pt;\" width=\"277\" height=\"19\">Comunicaci\u00f3n<\/td>\n<td class=\"et6\" style=\"width: 279.75pt;\" width=\"373\">CAN \/ RS485<\/td>\n<\/tr>\n<tr style=\"height: 14.25pt;\">\n<td class=\"et5\" style=\"height: 14.25pt; width: 207.75pt;\" width=\"277\" height=\"19\">Mostrar<\/td>\n<td class=\"et6\" style=\"width: 279.75pt;\" width=\"373\">Indicador de estado SOC, indicador led, pantalla LCD<\/td>\n<\/tr>\n<tr style=\"height: 14.25pt;\">\n<td class=\"et5\" style=\"height: 14.25pt; width: 207.75pt;\" width=\"277\" height=\"19\">Certificados<\/td>\n<td class=\"et6\" style=\"width: 279.75pt;\" width=\"373\">CE, UN38.3, MSDS<\/td>\n<\/tr>\n<tr style=\"height: 14.25pt;\">\n<td class=\"et5\" style=\"height: 14.25pt; width: 207.75pt;\" width=\"277\" height=\"19\">Garant\u00eda<\/td>\n<td class=\"et6\" style=\"width: 279.75pt;\" width=\"373\">10 a\u00f1os<\/td>\n<\/tr>\n<tr style=\"height: 14.25pt;\">\n<td class=\"et3\" style=\"height: 14.25pt; width: 207.75pt;\" width=\"277\" height=\"19\">Par\u00e1metros de la pantalla t\u00e1ctil<\/td>\n<td class=\"et6\" style=\"width: 279.75pt;\" width=\"373\"><\/td>\n<\/tr>\n<tr style=\"height: 14.25pt;\">\n<td class=\"et5\" style=\"height: 14.25pt; width: 207.75pt;\" width=\"277\" height=\"19\">Art\u00edculo<\/td>\n<td class=\"et6\" style=\"width: 279.75pt;\" width=\"373\">Detalles<\/td>\n<\/tr>\n<tr style=\"height: 14.25pt;\">\n<td class=\"et5\" style=\"height: 14.25pt; width: 207.75pt;\" width=\"277\" height=\"19\">Tipo<\/td>\n<td class=\"et6\" style=\"width: 279.75pt;\" width=\"373\">Panel t\u00e1ctil capacitivo<\/td>\n<\/tr>\n<tr style=\"height: 14.25pt;\">\n<td class=\"et5\" style=\"height: 14.25pt; width: 207.75pt;\" width=\"277\" height=\"19\">Tama\u00f1o<\/td>\n<td class=\"et6\" style=\"width: 279.75pt;\" width=\"373\">Circular de 2,1 pulgadas<\/td>\n<\/tr>\n<tr style=\"height: 14.25pt;\">\n<td class=\"et5\" style=\"height: 14.25pt; width: 207.75pt;\" width=\"277\" height=\"19\">Par\u00e1metros t\u00e1ctiles Interfaz<\/td>\n<td class=\"et6\" style=\"width: 279.75pt;\" width=\"373\">Opcional<\/td>\n<\/tr>\n<\/tbody>\n<\/table>\n<p><img fetchpriority=\"high\" decoding=\"async\" class=\"aligncenter size-full wp-image-2224\" src=\"https:\/\/www.epotr.com\/wp-content\/uploads\/2026\/03\/2026.3.30\u827e\u666e\u7279\u65b0\u80fd\u6e90\u753b\u518c_\u5355\u673aEM6200T-48L-\u526f\u672c_\u5355\u673aEM6200T-48L-\u526f\u672c1-scaled.jpg\" alt=\"\" width=\"1887\" height=\"2560\" srcset=\"https:\/\/www.epotr.com\/wp-content\/uploads\/2026\/03\/2026.3.30\u827e\u666e\u7279\u65b0\u80fd\u6e90\u753b\u518c_\u5355\u673aEM6200T-48L-\u526f\u672c_\u5355\u673aEM6200T-48L-\u526f\u672c1-scaled.jpg 1887w, https:\/\/www.epotr.com\/wp-content\/uploads\/2026\/03\/2026.3.30\u827e\u666e\u7279\u65b0\u80fd\u6e90\u753b\u518c_\u5355\u673aEM6200T-48L-\u526f\u672c_\u5355\u673aEM6200T-48L-\u526f\u672c1-221x300.jpg 221w, https:\/\/www.epotr.com\/wp-content\/uploads\/2026\/03\/2026.3.30\u827e\u666e\u7279\u65b0\u80fd\u6e90\u753b\u518c_\u5355\u673aEM6200T-48L-\u526f\u672c_\u5355\u673aEM6200T-48L-\u526f\u672c1-755x1024.jpg 755w, https:\/\/www.epotr.com\/wp-content\/uploads\/2026\/03\/2026.3.30\u827e\u666e\u7279\u65b0\u80fd\u6e90\u753b\u518c_\u5355\u673aEM6200T-48L-\u526f\u672c_\u5355\u673aEM6200T-48L-\u526f\u672c1-768x1042.jpg 768w, https:\/\/www.epotr.com\/wp-content\/uploads\/2026\/03\/2026.3.30\u827e\u666e\u7279\u65b0\u80fd\u6e90\u753b\u518c_\u5355\u673aEM6200T-48L-\u526f\u672c_\u5355\u673aEM6200T-48L-\u526f\u672c1-1132x1536.jpg 1132w, https:\/\/www.epotr.com\/wp-content\/uploads\/2026\/03\/2026.3.30\u827e\u666e\u7279\u65b0\u80fd\u6e90\u753b\u518c_\u5355\u673aEM6200T-48L-\u526f\u672c_\u5355\u673aEM6200T-48L-\u526f\u672c1-1510x2048.jpg 1510w, https:\/\/www.epotr.com\/wp-content\/uploads\/2026\/03\/2026.3.30\u827e\u666e\u7279\u65b0\u80fd\u6e90\u753b\u518c_\u5355\u673aEM6200T-48L-\u526f\u672c_\u5355\u673aEM6200T-48L-\u526f\u672c1-9x12.jpg 9w, https:\/\/www.epotr.com\/wp-content\/uploads\/2026\/03\/2026.3.30\u827e\u666e\u7279\u65b0\u80fd\u6e90\u753b\u518c_\u5355\u673aEM6200T-48L-\u526f\u672c_\u5355\u673aEM6200T-48L-\u526f\u672c1-600x814.jpg 600w\" sizes=\"(max-width: 1887px) 100vw, 1887px\" \/> <img decoding=\"async\" class=\"aligncenter size-full wp-image-2223\" src=\"https:\/\/www.epotr.com\/wp-content\/uploads\/2026\/03\/2026.3.30\u827e\u666e\u7279\u65b0\u80fd\u6e90\u753b\u518c_\u5355\u673aEM6200T-48L-\u526f\u672c122-scaled.jpg\" alt=\"\" width=\"1875\" height=\"2560\" srcset=\"https:\/\/www.epotr.com\/wp-content\/uploads\/2026\/03\/2026.3.30\u827e\u666e\u7279\u65b0\u80fd\u6e90\u753b\u518c_\u5355\u673aEM6200T-48L-\u526f\u672c122-scaled.jpg 1875w, https:\/\/www.epotr.com\/wp-content\/uploads\/2026\/03\/2026.3.30\u827e\u666e\u7279\u65b0\u80fd\u6e90\u753b\u518c_\u5355\u673aEM6200T-48L-\u526f\u672c122-220x300.jpg 220w, https:\/\/www.epotr.com\/wp-content\/uploads\/2026\/03\/2026.3.30\u827e\u666e\u7279\u65b0\u80fd\u6e90\u753b\u518c_\u5355\u673aEM6200T-48L-\u526f\u672c122-750x1024.jpg 750w, https:\/\/www.epotr.com\/wp-content\/uploads\/2026\/03\/2026.3.30\u827e\u666e\u7279\u65b0\u80fd\u6e90\u753b\u518c_\u5355\u673aEM6200T-48L-\u526f\u672c122-768x1049.jpg 768w, https:\/\/www.epotr.com\/wp-content\/uploads\/2026\/03\/2026.3.30\u827e\u666e\u7279\u65b0\u80fd\u6e90\u753b\u518c_\u5355\u673aEM6200T-48L-\u526f\u672c122-1125x1536.jpg 1125w, https:\/\/www.epotr.com\/wp-content\/uploads\/2026\/03\/2026.3.30\u827e\u666e\u7279\u65b0\u80fd\u6e90\u753b\u518c_\u5355\u673aEM6200T-48L-\u526f\u672c122-1500x2048.jpg 1500w, https:\/\/www.epotr.com\/wp-content\/uploads\/2026\/03\/2026.3.30\u827e\u666e\u7279\u65b0\u80fd\u6e90\u753b\u518c_\u5355\u673aEM6200T-48L-\u526f\u672c122-9x12.jpg 9w, https:\/\/www.epotr.com\/wp-content\/uploads\/2026\/03\/2026.3.30\u827e\u666e\u7279\u65b0\u80fd\u6e90\u753b\u518c_\u5355\u673aEM6200T-48L-\u526f\u672c122-600x819.jpg 600w\" sizes=\"(max-width: 1875px) 100vw, 1875px\" \/><\/p>\n<p>&nbsp;<\/p>\n<p>&nbsp;<\/p>","protected":false},"excerpt":{"rendered":"<p><strong>\u00a1La nueva serie TaiPower Residencial ESS (Bajo Voltaje) de EPOTR est\u00e1 en vivo!<\/strong><\/p>\n<div><\/div>\n<p>Versi\u00f3n de pantalla redonda de 16 kW: almacenamiento fiable de energ\u00eda en el hogar, respaldo sin problemas y gesti\u00f3n de energ\u00eda m\u00e1s inteligente.<\/p>\n<div><\/div>\n<p>Di adi\u00f3s a las interrupciones y hola a la independencia energ\u00e9tica.<\/p>","protected":false},"featured_media":2184,"comment_status":"closed","ping_status":"closed","template":"","meta":[],"product_brand":[],"product_cat":[15],"product_tag":[],"class_list":{"0":"post-2186","1":"product","2":"type-product","3":"status-publish","4":"has-post-thumbnail","6":"product_cat-home-ess","8":"first","9":"instock","10":"shipping-taxable","11":"product-type-simple"},"_links":{"self":[{"href":"https:\/\/www.epotr.com\/es\/wp-json\/wp\/v2\/product\/2186","targetHints":{"allow":["GET"]}}],"collection":[{"href":"https:\/\/www.epotr.com\/es\/wp-json\/wp\/v2\/product"}],"about":[{"href":"https:\/\/www.epotr.com\/es\/wp-json\/wp\/v2\/types\/product"}],"replies":[{"embeddable":true,"href":"https:\/\/www.epotr.com\/es\/wp-json\/wp\/v2\/comments?post=2186"}],"wp:featuredmedia":[{"embeddable":true,"href":"https:\/\/www.epotr.com\/es\/wp-json\/wp\/v2\/media\/2184"}],"wp:attachment":[{"href":"https:\/\/www.epotr.com\/es\/wp-json\/wp\/v2\/media?parent=2186"}],"wp:term":[{"taxonomy":"product_brand","embeddable":true,"href":"https:\/\/www.epotr.com\/es\/wp-json\/wp\/v2\/product_brand?post=2186"},{"taxonomy":"product_cat","embeddable":true,"href":"https:\/\/www.epotr.com\/es\/wp-json\/wp\/v2\/product_cat?post=2186"},{"taxonomy":"product_tag","embeddable":true,"href":"https:\/\/www.epotr.com\/es\/wp-json\/wp\/v2\/product_tag?post=2186"}],"curies":[{"name":"WP","href":"https:\/\/api.w.org\/{rel}","templated":true}]}}