{"id":1909,"date":"2025-11-27T14:41:30","date_gmt":"2025-11-27T06:41:30","guid":{"rendered":"https:\/\/www.epotr.com\/?post_type=product&#038;p=1909"},"modified":"2026-01-19T16:03:54","modified_gmt":"2026-01-19T08:03:54","slug":"eph-off-grid-hybrid-inverter","status":"publish","type":"product","link":"https:\/\/www.epotr.com\/es\/off-grid-inverter\/eph-off-grid-hybrid-inverter\/","title":{"rendered":"EPH OFF GRID INVERTER H\u00cdBRIDO"},"content":{"rendered":"<table style=\"width: 64.0859%; height: 1035px;\" width=\"931\">\n<tbody>\n<tr style=\"height: 23px;\">\n<td style=\"height: 23px;\" width=\"347\">MODELO<\/td>\n<td style=\"height: 23px;\" colspan=\"2\" width=\"296\">EP-H8K5S-48L-NG<\/td>\n<td style=\"height: 23px;\" colspan=\"2\" width=\"288\">EP-H11KS-48L-NG<\/td>\n<\/tr>\n<tr style=\"height: 23px;\">\n<td style=\"height: 23px;\" width=\"347\">Capacidad<\/td>\n<td style=\"height: 23px;\" colspan=\"2\" width=\"296\">8.5KVA\/8.5KW<\/td>\n<td style=\"height: 23px;\" colspan=\"2\" width=\"288\">11 kilovatios<\/td>\n<\/tr>\n<tr style=\"height: 23px;\">\n<td style=\"height: 23px;\" width=\"347\">Potencia m\u00e1xima de entrada fotovoltaica<\/td>\n<td style=\"height: 23px;\" colspan=\"2\" width=\"296\">10KW<\/td>\n<td style=\"height: 23px;\" colspan=\"2\" width=\"288\">11 KW<\/td>\n<\/tr>\n<tr style=\"height: 23px;\">\n<td style=\"height: 23px;\" width=\"347\">Capacidad paralela<\/td>\n<td style=\"height: 23px;\" colspan=\"2\" width=\"296\">NO<\/td>\n<td style=\"height: 23px;\" colspan=\"2\" width=\"288\">NO<\/td>\n<\/tr>\n<tr style=\"height: 23px;\">\n<td style=\"height: 23px;\" width=\"347\">Activaci\u00f3n de bater\u00eda de litio<\/td>\n<td style=\"height: 23px;\" colspan=\"4\" width=\"584\">S\u00ed (por PV o utilidad)<\/td>\n<\/tr>\n<tr style=\"height: 23px;\">\n<td style=\"height: 23px;\" width=\"347\">Bater\u00eda de litio Comunicaci\u00f3n<\/td>\n<td style=\"height: 23px;\" colspan=\"4\" width=\"584\">S\u00ed (RS485)<\/td>\n<\/tr>\n<tr style=\"height: 23px;\">\n<td style=\"height: 23px;\" colspan=\"5\" width=\"931\">INPUTACI\u00d3N<\/td>\n<\/tr>\n<tr style=\"height: 23px;\">\n<td style=\"height: 23px;\" width=\"347\">Voltaje nominal<\/td>\n<td style=\"height: 23px;\" colspan=\"4\" width=\"584\">230VAC<\/td>\n<\/tr>\n<tr style=\"height: 23px;\">\n<td style=\"height: 23px;\" width=\"347\">Rango de tensi\u00f3n aceptable<\/td>\n<td style=\"height: 23px;\" colspan=\"4\" width=\"584\">170-280VAC (para ordenador personal); 90-280VAC (para electrodom\u00e9sticos)<\/td>\n<\/tr>\n<tr style=\"height: 23px;\">\n<td style=\"height: 23px;\" width=\"347\">Frecuencia<\/td>\n<td style=\"height: 23px;\" colspan=\"4\" width=\"584\">50\/60 Hz (detecci\u00f3n autom\u00e1tica)<\/td>\n<\/tr>\n<tr style=\"height: 23px;\">\n<td style=\"height: 23px;\" colspan=\"5\" width=\"931\">Salida<\/td>\n<\/tr>\n<tr style=\"height: 23px;\">\n<td style=\"height: 23px;\" width=\"347\">Voltaje nominal<\/td>\n<td style=\"height: 23px;\" colspan=\"4\" width=\"584\">220\/230\/240VAC<\/td>\n<\/tr>\n<tr style=\"height: 23px;\">\n<td style=\"height: 23px;\" width=\"347\">Potencia Surge<\/td>\n<td style=\"height: 23px;\" colspan=\"2\" width=\"296\">17000VA<\/td>\n<td style=\"height: 23px;\" colspan=\"2\" width=\"288\">22000VA<\/td>\n<\/tr>\n<tr style=\"height: 23px;\">\n<td style=\"height: 23px;\" width=\"347\">Frecuencia<\/td>\n<td style=\"height: 23px;\" colspan=\"4\" width=\"584\">50\/60 Hz<\/td>\n<\/tr>\n<tr style=\"height: 23px;\">\n<td style=\"height: 23px;\" width=\"347\">Forma de onda<\/td>\n<td style=\"height: 23px;\" colspan=\"4\" width=\"584\">Pura onda sinusoidal<\/td>\n<\/tr>\n<tr style=\"height: 23px;\">\n<td style=\"height: 23px;\" width=\"347\">Salidas dobles<\/td>\n<td style=\"height: 23px;\" colspan=\"4\" width=\"584\">S\u00ed<\/td>\n<\/tr>\n<tr style=\"height: 23px;\">\n<td style=\"height: 23px;\" width=\"347\">Tiempo de transferencia<\/td>\n<td style=\"height: 23px;\" colspan=\"4\" width=\"584\">10ms (para ordenador personal); 20ms (para electrodom\u00e9sticos)<\/td>\n<\/tr>\n<tr style=\"height: 23px;\">\n<td style=\"height: 23px;\" width=\"347\">M\u00e1xima eficiencia<\/td>\n<td style=\"height: 23px;\" colspan=\"4\" width=\"584\">94%<\/td>\n<\/tr>\n<tr style=\"height: 23px;\">\n<td style=\"height: 23px;\" width=\"347\">Protecci\u00f3n contra sobrecarga<\/td>\n<td style=\"height: 23px;\" colspan=\"4\" width=\"584\">5s@&gt;  = 140% de carga; 10s@110 Carga del% ~ 140%<\/td>\n<\/tr>\n<tr style=\"height: 23px;\">\n<td style=\"height: 23px;\" width=\"347\">Factor de potencia admisible<\/td>\n<td style=\"height: 23px;\" colspan=\"4\" width=\"584\">0,6 ~ 1 (inductivo o capacitivo)<\/td>\n<\/tr>\n<tr style=\"height: 23px;\">\n<td style=\"height: 23px;\" colspan=\"5\" width=\"931\">Bater\u00eda<\/td>\n<\/tr>\n<tr style=\"height: 23px;\">\n<td style=\"height: 23px;\" width=\"347\">Voltaje de la bater\u00eda<\/td>\n<td style=\"height: 23px;\" colspan=\"2\" width=\"296\">48Vdc<\/td>\n<td style=\"height: 23px;\" colspan=\"2\" width=\"288\">48Vdc<\/td>\n<\/tr>\n<tr style=\"height: 23px;\">\n<td style=\"height: 23px;\" width=\"347\">Corriente de descarga m\u00e1xima<\/td>\n<td style=\"height: 23px;\" colspan=\"2\" width=\"296\">180A<\/td>\n<td style=\"height: 23px;\" colspan=\"2\" width=\"288\">220A<\/td>\n<\/tr>\n<tr style=\"height: 23px;\">\n<td style=\"height: 23px;\" width=\"347\">Voltaje de carga flotante<\/td>\n<td style=\"height: 23px;\" colspan=\"2\" width=\"296\">54 Vdc<\/td>\n<td style=\"height: 23px;\" colspan=\"2\" width=\"288\">54 Vdc<\/td>\n<\/tr>\n<tr style=\"height: 23px;\">\n<td style=\"height: 23px;\" width=\"347\">Protecci\u00f3n contra sobrecarga<\/td>\n<td style=\"height: 23px;\" colspan=\"2\" width=\"296\">63 Vdc<\/td>\n<td style=\"height: 23px;\" colspan=\"2\" width=\"288\">63 Vdc<\/td>\n<\/tr>\n<tr style=\"height: 23px;\">\n<td style=\"height: 23px;\" width=\"347\">M\u00e9todo de carga<\/td>\n<td style=\"height: 23px;\" colspan=\"4\" width=\"584\">CC\/CV<\/td>\n<\/tr>\n<tr style=\"height: 23px;\">\n<td style=\"height: 23px;\" colspan=\"5\" width=\"931\">CARGADOR SOLAR &amp; Cargador AC<\/td>\n<\/tr>\n<tr style=\"height: 23px;\">\n<td style=\"height: 23px;\" width=\"347\">Tipo de cargador solar<\/td>\n<td style=\"height: 23px;\" colspan=\"2\" width=\"296\">MPPT<\/td>\n<td style=\"height: 23px;\" colspan=\"2\" width=\"288\">MPPT<\/td>\n<\/tr>\n<tr style=\"height: 23px;\">\n<td style=\"height: 23px;\" width=\"347\">\u00a0Potencia de la matriz Max.PV<\/td>\n<td style=\"height: 23px;\" colspan=\"2\" width=\"296\">5000W * 2<\/td>\n<td style=\"height: 23px;\" colspan=\"2\" width=\"288\">5000W * 2<\/td>\n<\/tr>\n<tr style=\"height: 23px;\">\n<td style=\"height: 23px;\" width=\"347\">Voltaje de circuito abierto de la matriz Max.PV<\/td>\n<td style=\"height: 23px;\" colspan=\"2\" width=\"296\">500Vdc<\/td>\n<td style=\"height: 23px;\" colspan=\"2\" width=\"288\">500Vdc<\/td>\n<\/tr>\n<tr style=\"height: 23px;\">\n<td style=\"height: 23px;\" width=\"347\">Rango de tensi\u00f3n MPPT de la matriz PV<\/td>\n<td style=\"height: 23px;\" colspan=\"2\" width=\"296\">60Vdc ~ 500Vdc<\/td>\n<td style=\"height: 23px;\" colspan=\"2\" width=\"288\">60Vdc ~ 500Vdc<\/td>\n<\/tr>\n<tr style=\"height: 23px;\">\n<td style=\"height: 23px;\" width=\"347\">Corriente de entrada Max.Solar<\/td>\n<td style=\"height: 23px;\" colspan=\"2\" width=\"296\">18A * 2<\/td>\n<td style=\"height: 23px;\" colspan=\"2\" width=\"288\">18A * 2<\/td>\n<\/tr>\n<tr style=\"height: 23px;\">\n<td style=\"height: 23px;\" width=\"347\">Corriente de carga Max.Solar<\/td>\n<td style=\"height: 23px;\" colspan=\"2\" width=\"296\">140A<\/td>\n<td style=\"height: 23px;\" colspan=\"2\" width=\"288\">160A<\/td>\n<\/tr>\n<tr style=\"height: 23px;\">\n<td style=\"height: 23px;\" width=\"347\">Corriente de carga Max.AC<\/td>\n<td style=\"height: 23px;\" colspan=\"2\" width=\"296\">120A<\/td>\n<td style=\"height: 23px;\" colspan=\"2\" width=\"288\">120A<\/td>\n<\/tr>\n<tr style=\"height: 23px;\">\n<td style=\"height: 23px;\" width=\"347\">\u00a0Corriente Max.Charge<\/td>\n<td style=\"height: 23px;\" colspan=\"2\" width=\"296\">140A<\/td>\n<td style=\"height: 23px;\" colspan=\"2\" width=\"288\">160A<\/td>\n<\/tr>\n<tr style=\"height: 23px;\">\n<td style=\"height: 23px;\" colspan=\"5\" width=\"931\">F\u00cdSICO<\/td>\n<\/tr>\n<tr style=\"height: 23px;\">\n<td style=\"height: 23px;\" width=\"347\">Dimensiones, DxWxH (mm)<\/td>\n<td style=\"height: 23px;\" colspan=\"2\" width=\"296\">540x403x122<\/td>\n<td style=\"height: 23px;\" colspan=\"2\" width=\"288\">540x403x122<\/td>\n<\/tr>\n<tr style=\"height: 23px;\">\n<td style=\"height: 23px;\" width=\"347\">Dimensiones del paquete, D \u00d7 W \u00d7 H (mm)<\/td>\n<td style=\"height: 23px;\" colspan=\"2\" width=\"296\">637x495x214<\/td>\n<td style=\"height: 23px;\" colspan=\"2\" width=\"288\">637x495x214<\/td>\n<\/tr>\n<tr style=\"height: 23px;\">\n<td style=\"height: 23px;\" width=\"347\">Peso neto (kg)<\/td>\n<td style=\"height: 23px;\" colspan=\"2\" width=\"296\">14.5<\/td>\n<td style=\"height: 23px;\" colspan=\"2\" width=\"288\">14.8<\/td>\n<\/tr>\n<tr style=\"height: 23px;\">\n<td style=\"height: 23px;\" width=\"347\">Interfaz de comunicaci\u00f3n<\/td>\n<td style=\"height: 23px;\" colspan=\"4\" width=\"584\">RS232\/RS485\/SECO CONTACTO<\/td>\n<\/tr>\n<tr style=\"height: 23px;\">\n<td style=\"height: 23px;\" width=\"347\">pantalla LCD<\/td>\n<td style=\"height: 23px;\" colspan=\"4\" width=\"584\">\u00a0Pantalla colorida luz RGB<\/td>\n<\/tr>\n<tr style=\"height: 23px;\">\n<td style=\"height: 23px;\" colspan=\"5\" width=\"931\">MEDIAMENTE<\/td>\n<\/tr>\n<tr style=\"height: 23px;\">\n<td style=\"height: 23px;\" width=\"347\">Rango de temperatura de funcionamiento<\/td>\n<td style=\"height: 23px;\" colspan=\"4\" width=\"584\">\u00a0-10\u2103 a 55\u2103<\/td>\n<\/tr>\n<tr style=\"height: 23px;\">\n<td style=\"height: 23px;\" width=\"347\">Temperatura de almacenamiento<\/td>\n<td style=\"height: 23px;\" colspan=\"4\" width=\"584\">- 15 \u00b0 C a 60 \u00b0 C<\/td>\n<\/tr>\n<tr style=\"height: 23px;\">\n<td style=\"height: 23px;\" width=\"347\">Humedad<\/td>\n<td style=\"height: 23px;\" colspan=\"4\" width=\"584\">Humedad relativa del 5% al 95% (sin condensaci\u00f3n)<\/td>\n<\/tr>\n<\/tbody>\n<\/table>","protected":false},"excerpt":{"rendered":"<p>Nuevo dise\u00f1o, dise\u00f1o tecnol\u00f3gico, calidad confiable, precio razonable<\/p>","protected":false},"featured_media":1910,"comment_status":"closed","ping_status":"closed","template":"","meta":[],"product_brand":[],"product_cat":[30,31],"product_tag":[],"class_list":{"0":"post-1909","1":"product","2":"type-product","3":"status-publish","4":"has-post-thumbnail","6":"product_cat-hybrid-inverter","7":"product_cat-off-grid-inverter","9":"first","10":"instock","11":"shipping-taxable","12":"product-type-simple"},"_links":{"self":[{"href":"https:\/\/www.epotr.com\/es\/wp-json\/wp\/v2\/product\/1909","targetHints":{"allow":["GET"]}}],"collection":[{"href":"https:\/\/www.epotr.com\/es\/wp-json\/wp\/v2\/product"}],"about":[{"href":"https:\/\/www.epotr.com\/es\/wp-json\/wp\/v2\/types\/product"}],"replies":[{"embeddable":true,"href":"https:\/\/www.epotr.com\/es\/wp-json\/wp\/v2\/comments?post=1909"}],"wp:featuredmedia":[{"embeddable":true,"href":"https:\/\/www.epotr.com\/es\/wp-json\/wp\/v2\/media\/1910"}],"wp:attachment":[{"href":"https:\/\/www.epotr.com\/es\/wp-json\/wp\/v2\/media?parent=1909"}],"wp:term":[{"taxonomy":"product_brand","embeddable":true,"href":"https:\/\/www.epotr.com\/es\/wp-json\/wp\/v2\/product_brand?post=1909"},{"taxonomy":"product_cat","embeddable":true,"href":"https:\/\/www.epotr.com\/es\/wp-json\/wp\/v2\/product_cat?post=1909"},{"taxonomy":"product_tag","embeddable":true,"href":"https:\/\/www.epotr.com\/es\/wp-json\/wp\/v2\/product_tag?post=1909"}],"curies":[{"name":"WP","href":"https:\/\/api.w.org\/{rel}","templated":true}]}}