{"id":1663,"date":"2025-08-29T16:45:59","date_gmt":"2025-08-29T08:45:59","guid":{"rendered":"https:\/\/www.epotr.com\/?post_type=product&#038;p=1663"},"modified":"2025-09-18T13:46:03","modified_gmt":"2025-09-18T05:46:03","slug":"ci-ess-solutions","status":"publish","type":"product","link":"https:\/\/www.epotr.com\/es\/ci-ess\/ci-ess-solutions\/","title":{"rendered":"C&#038; I Soluciones ESS"},"content":{"rendered":"<table width=\"887\">\n<tbody>\n<tr>\n<td style=\"text-align: center;\" colspan=\"5\" width=\"887\">Modelo ESS<br \/>\nEP-ST-80KH-40K<\/td>\n<\/tr>\n<tr>\n<td style=\"text-align: center;\" colspan=\"4\" width=\"485\">Par\u00e1metros principales<\/td>\n<td style=\"text-align: center;\" width=\"402\"><\/td>\n<\/tr>\n<tr>\n<td style=\"text-align: center;\" colspan=\"4\" width=\"485\">Energ\u00eda del m\u00f3dulo de la bater\u00eda (kWh)<\/td>\n<td style=\"text-align: center;\" width=\"402\">16.08<\/td>\n<\/tr>\n<tr>\n<td style=\"text-align: center;\" colspan=\"4\" width=\"485\">Voltaje nominal del m\u00f3dulo de la bater\u00eda (V)<\/td>\n<td style=\"text-align: center;\" width=\"402\">51.2<\/td>\n<\/tr>\n<tr>\n<td style=\"text-align: center;\" colspan=\"4\" width=\"485\">Capacidad del m\u00f3dulo de la bater\u00eda (Ah)<\/td>\n<td style=\"text-align: center;\" width=\"402\">314<\/td>\n<\/tr>\n<tr>\n<td style=\"text-align: center;\" colspan=\"4\" width=\"485\">Peso del m\u00f3dulo Aproximado (kg)<\/td>\n<td style=\"text-align: center;\" width=\"402\">135<\/td>\n<\/tr>\n<tr>\n<td style=\"text-align: center;\" colspan=\"4\" width=\"485\">Qty del m\u00f3dulo de la bater\u00eda en serie (opcional)<\/td>\n<td style=\"text-align: center;\" width=\"402\">15<\/td>\n<\/tr>\n<tr>\n<td style=\"text-align: center;\" colspan=\"4\" width=\"485\">Escalabilidad<\/td>\n<td style=\"text-align: center;\" width=\"402\">5 a 15<\/td>\n<\/tr>\n<tr>\n<td style=\"text-align: center;\" colspan=\"4\" width=\"485\">Voltaje nominal del sistema (V)<\/td>\n<td style=\"text-align: center;\" width=\"402\">768<\/td>\n<\/tr>\n<tr>\n<td style=\"text-align: center;\" colspan=\"4\" width=\"485\">Energ\u00eda del sistema (kWh)<\/td>\n<td style=\"text-align: center;\" width=\"402\">241<\/td>\n<\/tr>\n<tr>\n<td style=\"text-align: center;\" colspan=\"4\" width=\"485\">Energ\u00eda utilizable del sistema (kWh)<\/td>\n<td style=\"text-align: center;\" width=\"402\">216.9<\/td>\n<\/tr>\n<tr>\n<td style=\"text-align: center;\" colspan=\"4\" width=\"485\">Corriente de carga\/descarga (A)<\/td>\n<td style=\"text-align: center;\" width=\"402\">Recomendar 150<\/td>\n<\/tr>\n<tr>\n<td style=\"text-align: center;\" colspan=\"4\" width=\"485\"><\/td>\n<td style=\"text-align: center;\" width=\"402\">MAX 200<\/td>\n<\/tr>\n<tr>\n<td style=\"text-align: center;\" colspan=\"5\" width=\"887\">Otros parlamentos<\/td>\n<\/tr>\n<tr>\n<td style=\"text-align: center;\" colspan=\"2\" width=\"329\">Temperatura de funcionamiento (\u2103)<\/td>\n<td style=\"text-align: center;\" colspan=\"3\" width=\"557\">descarga: -20 ~ 55 carga: 0 ~ 55<\/td>\n<\/tr>\n<tr>\n<td style=\"text-align: center;\" colspan=\"2\" width=\"329\">Temperatura de almacenamiento (\u2103)<\/td>\n<td style=\"text-align: center;\" colspan=\"3\" width=\"557\">0 a 35<\/td>\n<\/tr>\n<tr>\n<td style=\"text-align: center;\" colspan=\"2\" width=\"329\">Gesti\u00f3n t\u00e9rmica<\/td>\n<td style=\"text-align: center;\" colspan=\"3\" width=\"557\">Enfriamiento inteligente del ventilador<\/td>\n<\/tr>\n<tr>\n<td style=\"text-align: center;\" colspan=\"2\" width=\"329\"><\/td>\n<td style=\"text-align: center;\" colspan=\"3\" width=\"557\">SOC\/C\u00f3digo de falla<\/td>\n<\/tr>\n<tr>\n<td style=\"text-align: center;\" colspan=\"2\" width=\"329\">Indicador de estado<\/td>\n<td style=\"text-align: center;\" colspan=\"3\" width=\"557\">Amarillo: Alimentaci\u00f3n de alta tensi\u00f3n de la bater\u00eda en rojo: Alarma del sistema de bater\u00eda<\/td>\n<\/tr>\n<tr>\n<td style=\"text-align: center;\" colspan=\"2\" width=\"329\">Puerto de Comunicaci\u00f3n<\/td>\n<td style=\"text-align: center;\" colspan=\"3\" width=\"557\">TCP \/ RS485 \/ CAN<\/td>\n<\/tr>\n<tr>\n<td style=\"text-align: center;\" colspan=\"2\" width=\"329\">Comunicaci\u00f3n con BMS<\/td>\n<td style=\"text-align: center;\" colspan=\"3\" width=\"557\">CAN<\/td>\n<\/tr>\n<tr>\n<td style=\"text-align: center;\" colspan=\"2\" width=\"329\"><\/td>\n<td style=\"text-align: center;\" colspan=\"3\" width=\"557\">5% a 85%<\/td>\n<\/tr>\n<tr>\n<td style=\"text-align: center;\" colspan=\"2\" width=\"329\">Altitud<\/td>\n<td style=\"text-align: center;\" colspan=\"3\" width=\"557\">\u22643000m<\/td>\n<\/tr>\n<tr>\n<td style=\"text-align: center;\" colspan=\"2\" width=\"329\">Clasificaci\u00f3n IP del recinto<\/td>\n<td style=\"text-align: center;\" colspan=\"3\" width=\"557\">IP20<\/td>\n<\/tr>\n<tr>\n<td style=\"text-align: center;\" colspan=\"2\" width=\"329\">Ruido (dB)<\/td>\n<td style=\"text-align: center;\" colspan=\"3\" width=\"557\">TBD<\/td>\n<\/tr>\n<tr>\n<td style=\"text-align: center;\" colspan=\"2\" width=\"329\">Dimensi\u00f3n del sistema (W \u00d7 H \u00d7 D, mm)<\/td>\n<td style=\"text-align: center;\" colspan=\"3\" width=\"557\">2.150 \u00d7 1.100 \u00d7 810<\/td>\n<\/tr>\n<tr>\n<td style=\"text-align: center;\" colspan=\"2\" width=\"329\">Peso del sistema Aproximado (kg)<\/td>\n<td style=\"text-align: center;\" colspan=\"3\" width=\"557\">1920<\/td>\n<\/tr>\n<tr>\n<td style=\"text-align: center;\" colspan=\"2\" width=\"329\">Ubicaci\u00f3n de la instalaci\u00f3n<\/td>\n<td style=\"text-align: center;\" colspan=\"3\" width=\"557\">Montado en rack<\/td>\n<\/tr>\n<tr>\n<td style=\"text-align: center;\" colspan=\"2\" width=\"329\">Recomendar profundidad de descarga<\/td>\n<td style=\"text-align: center;\" colspan=\"3\" width=\"557\">0.9<\/td>\n<\/tr>\n<tr>\n<td style=\"text-align: center;\" colspan=\"2\" width=\"329\"><\/td>\n<td style=\"text-align: center;\" colspan=\"3\" width=\"557\">25 \u00b1 2 \u2103, 0.5C \/ 0.5C, EOL70% \u22658000<\/td>\n<\/tr>\n<tr>\n<td style=\"text-align: center;\" colspan=\"2\" width=\"329\">Per\u00edodo de garant\u00eda<\/td>\n<td style=\"text-align: center;\" colspan=\"3\" width=\"557\">5 a\u00f1os<\/td>\n<\/tr>\n<\/tbody>\n<\/table>\n<p>&nbsp;<\/p>","protected":false},"excerpt":{"rendered":"<p>Nuestro C&amp; La soluci\u00f3n I BESS optimiza el uso de energ\u00eda comercial\/industrial con almacenamiento inteligente de bater\u00edas, lo que permite el afeitado de pico, la integraci\u00f3n con energ\u00edas renovables, la energ\u00eda de respaldo y la reducci\u00f3n de costos para operaciones m\u00e1s limpias y eficientes.<\/p>","protected":false},"featured_media":1665,"comment_status":"closed","ping_status":"closed","template":"","meta":[],"product_brand":[],"product_cat":[29,15],"product_tag":[],"class_list":{"0":"post-1663","1":"product","2":"type-product","3":"status-publish","4":"has-post-thumbnail","6":"product_cat-ci-ess","7":"product_cat-home-ess","9":"first","10":"instock","11":"shipping-taxable","12":"product-type-simple"},"_links":{"self":[{"href":"https:\/\/www.epotr.com\/es\/wp-json\/wp\/v2\/product\/1663","targetHints":{"allow":["GET"]}}],"collection":[{"href":"https:\/\/www.epotr.com\/es\/wp-json\/wp\/v2\/product"}],"about":[{"href":"https:\/\/www.epotr.com\/es\/wp-json\/wp\/v2\/types\/product"}],"replies":[{"embeddable":true,"href":"https:\/\/www.epotr.com\/es\/wp-json\/wp\/v2\/comments?post=1663"}],"wp:featuredmedia":[{"embeddable":true,"href":"https:\/\/www.epotr.com\/es\/wp-json\/wp\/v2\/media\/1665"}],"wp:attachment":[{"href":"https:\/\/www.epotr.com\/es\/wp-json\/wp\/v2\/media?parent=1663"}],"wp:term":[{"taxonomy":"product_brand","embeddable":true,"href":"https:\/\/www.epotr.com\/es\/wp-json\/wp\/v2\/product_brand?post=1663"},{"taxonomy":"product_cat","embeddable":true,"href":"https:\/\/www.epotr.com\/es\/wp-json\/wp\/v2\/product_cat?post=1663"},{"taxonomy":"product_tag","embeddable":true,"href":"https:\/\/www.epotr.com\/es\/wp-json\/wp\/v2\/product_tag?post=1663"}],"curies":[{"name":"WP","href":"https:\/\/api.w.org\/{rel}","templated":true}]}}