{"id":1452,"date":"2025-06-23T17:34:28","date_gmt":"2025-06-23T09:34:28","guid":{"rendered":"https:\/\/www.epotr.com\/?post_type=product&#038;p=1452"},"modified":"2025-07-17T10:16:53","modified_gmt":"2025-07-17T02:16:53","slug":"commercialindustrial-ess","status":"publish","type":"product","link":"https:\/\/www.epotr.com\/es\/ci-ess\/commercialindustrial-ess\/","title":{"rendered":"C&#038; I ESS-Comercial&#038; ESS industriales | EPOTR"},"content":{"rendered":"<table style=\"width: 98.0846%; height: 1082px;\" width=\"704\">\n<tbody>\n<tr style=\"height: 24px;\">\n<td style=\"height: 24px; text-align: center; width: 32.8612%;\" width=\"267\">\u00a0 modelo<\/td>\n<td style=\"height: 24px; text-align: center; width: 88.8102%;\" width=\"437\">EP215L-100K<\/td>\n<\/tr>\n<tr style=\"height: 24px;\">\n<td style=\"height: 24px; text-align: center; width: 121.671%;\" colspan=\"2\" width=\"704\">\u00a0 AC (en la red)<\/td>\n<\/tr>\n<tr style=\"height: 24px;\">\n<td style=\"height: 24px; text-align: center; width: 32.8612%;\" width=\"267\">\u00a0 Potencia nominal de CA<\/td>\n<td style=\"height: 24px; text-align: center; width: 88.8102%;\" width=\"437\">100 kW<\/td>\n<\/tr>\n<tr style=\"height: 24px;\">\n<td style=\"height: 24px; text-align: center; width: 32.8612%;\" width=\"267\">\u00a0 Potencia Max.output<\/td>\n<td style=\"height: 24px; text-align: center; width: 88.8102%;\" width=\"437\">110kW de potencia<\/td>\n<\/tr>\n<tr style=\"height: 24px;\">\n<td style=\"height: 24px; text-align: center; width: 32.8612%;\" width=\"267\">\u00a0 Voltaje de red permitido<\/td>\n<td style=\"height: 24px; text-align: center; width: 88.8102%;\" width=\"437\">400V (-15% ~ 10%)<\/td>\n<\/tr>\n<tr style=\"height: 24px;\">\n<td style=\"height: 24px; text-align: center; width: 32.8612%;\" width=\"267\">\u00a0 Frecuencia de red permitida<\/td>\n<td style=\"height: 24px; text-align: center; width: 88.8102%;\" width=\"437\">50\/60Hz \u00b1 5Hz<\/td>\n<\/tr>\n<tr style=\"height: 24px;\">\n<td style=\"height: 24px; text-align: center; width: 32.8612%;\" width=\"267\">\u00a0 Max.THD de la corriente<\/td>\n<td style=\"height: 24px; text-align: center; width: 88.8102%;\" width=\"437\">&lt; 3% (potencia nominal)<\/td>\n<\/tr>\n<tr style=\"height: 24px;\">\n<td style=\"height: 24px; text-align: center; width: 32.8612%;\" width=\"267\">\u00a0 Componente DC<\/td>\n<td style=\"height: 24px; text-align: center; width: 88.8102%;\" width=\"437\">&lt; 5% (potencia nominal)<\/td>\n<\/tr>\n<tr style=\"height: 24px;\">\n<td style=\"height: 24px; text-align: center; width: 32.8612%;\" width=\"267\">\u00a0 Rango del factor de potencia<\/td>\n<td style=\"height: 24px; text-align: center; width: 88.8102%;\" width=\"437\">501.0 liderando ~ 1.0 retrasado<\/td>\n<\/tr>\n<tr style=\"height: 24px;\">\n<td style=\"height: 24px; text-align: center; width: 32.8612%;\" width=\"267\">\u00a0 M\u00e9todo de cableado<\/td>\n<td style=\"height: 24px; text-align: center; width: 88.8102%;\" width=\"437\">3P4W PE<\/td>\n<\/tr>\n<tr style=\"height: 24px;\">\n<td style=\"height: 24px; text-align: center; width: 121.671%;\" colspan=\"2\" width=\"704\">\u00a0 AC (fuera de la red)<\/td>\n<\/tr>\n<tr style=\"height: 24px;\">\n<td style=\"height: 24px; text-align: center; width: 32.8612%;\" width=\"267\">\u00a0 Voltaje nominal<\/td>\n<td style=\"height: 24px; text-align: center; width: 88.8102%;\" width=\"437\">400 V<\/td>\n<\/tr>\n<tr style=\"height: 1.86917px;\">\n<td style=\"height: 49.8692px; text-align: center; width: 32.8612%;\" rowspan=\"2\" width=\"267\">\u00a0 Max.THD de voltaje<\/td>\n<td style=\"height: 49.8692px; text-align: center; width: 88.8102%;\" rowspan=\"2\" width=\"437\">&lt; 3% (carga lineal)<br \/>\n100 %<\/td>\n<\/tr>\n<tr style=\"height: 48px;\">\n<td style=\"height: 48px; width: 2.83286%;\" colspan=\"2\" width=\"704\">\u00a0 lado DC<\/td>\n<\/tr>\n<tr style=\"height: 24px;\">\n<td style=\"height: 24px; text-align: center; width: 32.8612%;\" width=\"267\">\u00a0 C\u00e9lulas de bater\u00eda<\/td>\n<td style=\"height: 24px; text-align: center; width: 88.8102%;\" width=\"437\">LFP 3.2V \/ 280Ah<\/td>\n<\/tr>\n<tr style=\"height: 24px;\">\n<td style=\"height: 24px; text-align: center; width: 32.8612%;\" width=\"267\">\u00a0 Configuraci\u00f3n del PACK<\/td>\n<td style=\"height: 24px; text-align: center; width: 88.8102%;\" width=\"437\">1P48S \/ 43kWh<\/td>\n<\/tr>\n<tr style=\"height: 24px;\">\n<td style=\"height: 24px; text-align: center; width: 32.8612%;\" width=\"267\">\u00a0 Configuraci\u00f3n del sistema<\/td>\n<td style=\"height: 24px; text-align: center; width: 88.8102%;\" width=\"437\">1P240S<\/td>\n<\/tr>\n<tr style=\"height: 24px;\">\n<td style=\"height: 24px; text-align: center; width: 32.8612%;\" width=\"267\">\u00a0 Capacidad del sistema<\/td>\n<td style=\"height: 24px; text-align: center; width: 88.8102%;\" width=\"437\">215.04kWh<\/td>\n<\/tr>\n<tr style=\"height: 24px;\">\n<td style=\"height: 24px; text-align: center; width: 32.8612%;\" width=\"267\">\u00a0 Rango de tensi\u00f3n<\/td>\n<td style=\"height: 24px; text-align: center; width: 88.8102%;\" width=\"437\">648 ~ 864V<\/td>\n<\/tr>\n<tr style=\"height: 24px;\">\n<td style=\"height: 24px; text-align: center; width: 32.8612%;\" width=\"267\">\u00a0 Eficiencia Max.EPS<\/td>\n<td style=\"height: 24px; text-align: center; width: 88.8102%;\" width=\"437\">98%<\/td>\n<\/tr>\n<tr style=\"height: 24px;\">\n<td style=\"height: 24px; text-align: center; width: 32.8612%;\" width=\"267\">\u00a0 Eficiencia del sistema<\/td>\n<td style=\"height: 24px; text-align: center; width: 88.8102%;\" width=\"437\">&gt; 88%<\/td>\n<\/tr>\n<tr style=\"height: 24px;\">\n<td style=\"height: 24px; text-align: center; width: 32.8612%;\" width=\"267\">\u00a0 Tasa C<\/td>\n<td style=\"height: 24px; text-align: center; width: 88.8102%;\" width=\"437\">\u22640.5C<\/td>\n<\/tr>\n<tr style=\"height: 24px;\">\n<td style=\"height: 24px; text-align: center; width: 121.671%;\" colspan=\"2\" width=\"704\">Par\u00e1metro del sistema<\/td>\n<\/tr>\n<tr style=\"height: 48px;\">\n<td style=\"height: 48px; text-align: center; width: 32.8612%;\" width=\"267\">\u00a0 Dimensiones<\/td>\n<td style=\"height: 48px; text-align: center; width: 88.8102%;\" width=\"437\">1000 * 1350 * 2391 mm (Incl.<br \/>\n1000 * 1350 * 2300 mm (Excl.<\/td>\n<\/tr>\n<tr style=\"height: 24px;\">\n<td style=\"height: 24px; text-align: center; width: 32.8612%;\" width=\"267\">\u00a0 Peso<\/td>\n<td style=\"height: 24px; text-align: center; width: 88.8102%;\" width=\"437\">2400kg<\/td>\n<\/tr>\n<tr style=\"height: 24px;\">\n<td style=\"height: 24px; text-align: center; width: 32.8612%;\" width=\"267\">\u00a0 Ruido<\/td>\n<td style=\"height: 24px; text-align: center; width: 88.8102%;\" width=\"437\">&lt; 75dB @ 1m<\/td>\n<\/tr>\n<tr style=\"height: 24px;\">\n<td style=\"height: 24px; text-align: center; width: 32.8612%;\" width=\"267\">\u00a0 Clase IP<\/td>\n<td style=\"height: 24px; text-align: center; width: 88.8102%;\" width=\"437\">IP54<\/td>\n<\/tr>\n<tr style=\"height: 24px;\">\n<td style=\"height: 24px; text-align: center; width: 32.8612%;\" width=\"267\">\u00a0 Refrigeraci\u00f3n<\/td>\n<td style=\"height: 24px; text-align: center; width: 88.8102%;\" width=\"437\">Enfriamiento por aire<\/td>\n<\/tr>\n<tr style=\"height: 24px;\">\n<td style=\"height: 24px; text-align: center; width: 32.8612%;\" width=\"267\">\u00a0 Temperatura ambiente<\/td>\n<td style=\"height: 24px; text-align: center; width: 88.8102%;\" width=\"437\">-20 ~ 50 \u2103 (&gt; 45 \u2103 deslizando)<\/td>\n<\/tr>\n<tr style=\"height: 24px;\">\n<td style=\"height: 24px; text-align: center; width: 32.8612%;\" width=\"267\">\u00a0 Humedad<\/td>\n<td style=\"height: 24px; text-align: center; width: 88.8102%;\" width=\"437\">\u2264 95%<\/td>\n<\/tr>\n<tr style=\"height: 24px;\">\n<td style=\"height: 24px; text-align: center; width: 32.8612%;\" width=\"267\">\u00a0 Altitud<\/td>\n<td style=\"height: 24px; text-align: center; width: 88.8102%;\" width=\"437\">&gt; 2000m de desviaci\u00f3n<\/td>\n<\/tr>\n<tr style=\"height: 72px;\">\n<td style=\"height: 72px; text-align: center; width: 32.8612%;\" width=\"267\">\u00a0 Protecci\u00f3n contra incendios<\/td>\n<td style=\"height: 72px; text-align: center; width: 88.8102%;\" width=\"437\">Por defecto:Detector de gas inflamable,Detector de humo,Detector de calor,<br \/>\nSonador de alarma, Aersol, rociador, opcional: FK5112<\/td>\n<\/tr>\n<tr style=\"height: 24px;\">\n<td style=\"height: 24px; text-align: center; width: 32.8612%;\" width=\"267\">\u00a0 Comunicaci\u00f3n<\/td>\n<td style=\"height: 24px; text-align: center; width: 88.8102%;\" width=\"437\">RS485 \/ Ethernet<\/td>\n<\/tr>\n<tr style=\"height: 23px;\">\n<td style=\"height: 23px; text-align: center; width: 32.8612%;\" width=\"267\">\u00a0 Protocolo de comunicaci\u00f3n<\/td>\n<td style=\"height: 23px; text-align: center; width: 88.8102%;\" width=\"437\">IEC61850\/MODBUS-RTU\/MODBUS-TCP<\/td>\n<\/tr>\n<\/tbody>\n<\/table>","protected":false},"excerpt":{"rendered":"<p><span style=\"font-family: 'arial black', sans-serif; font-size: 14pt;\"><strong>Sistema de almacenamiento de energ\u00eda comercial e industrial (ESS)<\/strong><\/span><br \/>\nNuestro ESS comercial e industrial es una soluci\u00f3n totalmente integrada dise\u00f1ada para aplicaciones comerciales e industriales. Combinando tecnolog\u00eda avanzada de bater\u00eda de litio, un inversor de alto rendimiento y una gesti\u00f3n inteligente de energ\u00eda en una \u00fanica unidad compacta, garantiza un almacenamiento eficiente de energ\u00eda, una interacci\u00f3n sin problemas con la red y un respaldo fiable. Ideal para el afeitado de picos, el cambio de carga y la integraci\u00f3n de energ\u00eda renovable, este sistema ayuda a las empresas a reducir los costos de energ\u00eda, mejorar la estabilidad de la energ\u00eda y apoyar los objetivos de sostenibilidad.<\/p>","protected":false},"featured_media":1453,"comment_status":"closed","ping_status":"closed","template":"","meta":[],"product_brand":[],"product_cat":[29],"product_tag":[],"class_list":{"0":"post-1452","1":"product","2":"type-product","3":"status-publish","4":"has-post-thumbnail","6":"product_cat-ci-ess","8":"first","9":"instock","10":"virtual","11":"product-type-simple"},"_links":{"self":[{"href":"https:\/\/www.epotr.com\/es\/wp-json\/wp\/v2\/product\/1452","targetHints":{"allow":["GET"]}}],"collection":[{"href":"https:\/\/www.epotr.com\/es\/wp-json\/wp\/v2\/product"}],"about":[{"href":"https:\/\/www.epotr.com\/es\/wp-json\/wp\/v2\/types\/product"}],"replies":[{"embeddable":true,"href":"https:\/\/www.epotr.com\/es\/wp-json\/wp\/v2\/comments?post=1452"}],"wp:featuredmedia":[{"embeddable":true,"href":"https:\/\/www.epotr.com\/es\/wp-json\/wp\/v2\/media\/1453"}],"wp:attachment":[{"href":"https:\/\/www.epotr.com\/es\/wp-json\/wp\/v2\/media?parent=1452"}],"wp:term":[{"taxonomy":"product_brand","embeddable":true,"href":"https:\/\/www.epotr.com\/es\/wp-json\/wp\/v2\/product_brand?post=1452"},{"taxonomy":"product_cat","embeddable":true,"href":"https:\/\/www.epotr.com\/es\/wp-json\/wp\/v2\/product_cat?post=1452"},{"taxonomy":"product_tag","embeddable":true,"href":"https:\/\/www.epotr.com\/es\/wp-json\/wp\/v2\/product_tag?post=1452"}],"curies":[{"name":"WP","href":"https:\/\/api.w.org\/{rel}","templated":true}]}}