{"id":1443,"date":"2025-06-23T17:01:51","date_gmt":"2025-06-23T09:01:51","guid":{"rendered":"https:\/\/www.epotr.com\/?post_type=product&#038;p=1443"},"modified":"2025-07-17T10:01:02","modified_gmt":"2025-07-17T02:01:02","slug":"stack-mounted-residential-ess-hv","status":"publish","type":"product","link":"https:\/\/www.epotr.com\/es\/off-grid-inverter\/stack-mounted-residential-ess-hv\/","title":{"rendered":"Inverter fuera de la red ESS-HV Residencial montado en pila | EPOTR"},"content":{"rendered":"<table width=\"597\">\n<tbody>\n<tr>\n<td style=\"text-align: center;\" width=\"139\">modelo<\/td>\n<td style=\"text-align: center;\" colspan=\"6\" width=\"457\">\u00a0 PowerCool-LFP-HV2<\/td>\n<\/tr>\n<tr>\n<td style=\"text-align: center;\" width=\"139\">Tipo de bater\u00eda<\/td>\n<td style=\"text-align: center;\" colspan=\"6\" width=\"457\">\u00a0LFP<\/td>\n<\/tr>\n<tr>\n<td style=\"text-align: center;\" width=\"139\">N\u00famero de conexi\u00f3n<\/td>\n<td style=\"text-align: center;\" width=\"73\">2 piezas<\/td>\n<td style=\"text-align: center;\" width=\"76\">3 piezas<\/td>\n<td style=\"text-align: center;\" width=\"76\">4 piezas<\/td>\n<td style=\"text-align: center;\" width=\"76\">5 piezas<\/td>\n<td style=\"text-align: center;\" width=\"74\">6 piezas<\/td>\n<td style=\"text-align: center;\" width=\"81\">7 piezas<\/td>\n<\/tr>\n<tr>\n<td style=\"text-align: center;\" width=\"139\">Energ\u00eda total<\/td>\n<td style=\"text-align: center;\" width=\"73\">10.44kWh<\/td>\n<td style=\"text-align: center;\" width=\"76\">15.67kWh<\/td>\n<td style=\"text-align: center;\" width=\"76\">20.89kWh<\/td>\n<td style=\"text-align: center;\" width=\"76\">26.11kWh<\/td>\n<td style=\"text-align: center;\" width=\"74\">31.33kWh<\/td>\n<td style=\"text-align: center;\" width=\"81\">36.56kWh<\/td>\n<\/tr>\n<tr>\n<td style=\"text-align: center;\" width=\"139\">Energ\u00eda utilizable<\/td>\n<td style=\"text-align: center;\" width=\"73\">9.92kWh<\/td>\n<td style=\"text-align: center;\" width=\"76\">14.88kWh<\/td>\n<td style=\"text-align: center;\" width=\"76\">19.85kWh<\/td>\n<td style=\"text-align: center;\" width=\"76\">24.81kWh<\/td>\n<td style=\"text-align: center;\" width=\"74\">29.77kWh<\/td>\n<td style=\"text-align: center;\" width=\"81\">34.73kWh<\/td>\n<\/tr>\n<tr>\n<td style=\"text-align: center;\" width=\"139\">Cadenas m\u00e1ximas paralelas<\/td>\n<td style=\"text-align: center;\" colspan=\"6\" width=\"457\">8P<\/td>\n<\/tr>\n<tr>\n<td style=\"text-align: center;\" width=\"139\">Voltaje<\/td>\n<td style=\"text-align: center;\" width=\"73\">102.4V<\/td>\n<td style=\"text-align: center;\" width=\"76\">153.6V<\/td>\n<td style=\"text-align: center;\" width=\"76\">204.8V<\/td>\n<td style=\"text-align: center;\" width=\"76\">256V<\/td>\n<td style=\"text-align: center;\" width=\"74\">307.2V<\/td>\n<td style=\"text-align: center;\" width=\"81\">358.4V<\/td>\n<\/tr>\n<tr>\n<td style=\"text-align: center;\" width=\"139\">Voltaje de carga nominal<\/td>\n<td style=\"text-align: center;\" width=\"73\">115.2V<\/td>\n<td style=\"text-align: center;\" width=\"76\">172.8V<\/td>\n<td style=\"text-align: center;\" width=\"76\">230.4V<\/td>\n<td style=\"text-align: center;\" width=\"76\">288V<\/td>\n<td style=\"text-align: center;\" width=\"74\">345.6V<\/td>\n<td style=\"text-align: center;\" width=\"81\">403.2V<\/td>\n<\/tr>\n<tr>\n<td style=\"text-align: center;\" width=\"139\">Corriente de carga m\u00e1xima<\/td>\n<td style=\"text-align: center;\" colspan=\"6\" width=\"457\">50A<\/td>\n<\/tr>\n<tr>\n<td style=\"text-align: center;\" width=\"139\">Voltaje de descarga nominal<\/td>\n<td style=\"text-align: center;\" colspan=\"6\" width=\"457\">50A<\/td>\n<\/tr>\n<tr>\n<td style=\"text-align: center;\" width=\"139\">Voltaje de corte de descarga<\/td>\n<td style=\"text-align: center;\" width=\"73\">89.6V<\/td>\n<td style=\"text-align: center;\" width=\"76\">134.4V<\/td>\n<td style=\"text-align: center;\" width=\"76\">179.2V<\/td>\n<td style=\"text-align: center;\" width=\"76\">224V<\/td>\n<td style=\"text-align: center;\" width=\"74\">268.8V<\/td>\n<td style=\"text-align: center;\" width=\"81\">313.6V<\/td>\n<\/tr>\n<tr>\n<td style=\"text-align: center;\" width=\"139\">Eficiencia de la bater\u00eda<\/td>\n<td style=\"text-align: center;\" colspan=\"6\" width=\"457\">95%<\/td>\n<\/tr>\n<tr>\n<td style=\"text-align: center;\" width=\"139\">Protecci\u00f3n de la bater\u00eda<\/td>\n<td style=\"text-align: center;\" colspan=\"6\" width=\"457\">\u00a0 Sobre corriente \/ Sobre voltaje \/ Cortocircuito \/ Bajo voltaje \/ Sobre temperatura<\/td>\n<\/tr>\n<tr>\n<td style=\"text-align: center;\" width=\"139\">M\u00e1ximo recomendado DOD<\/td>\n<td style=\"text-align: center;\" colspan=\"6\" width=\"457\">95%<\/td>\n<\/tr>\n<tr>\n<td style=\"text-align: center;\" width=\"139\">Comunicaci\u00f3n<\/td>\n<td style=\"text-align: center;\" colspan=\"6\" width=\"457\">RS485 \/ CAN<\/td>\n<\/tr>\n<tr>\n<td style=\"text-align: center;\" width=\"139\">Clasificaci\u00f3n IP<\/td>\n<td style=\"text-align: center;\" colspan=\"6\" width=\"457\">IP65<\/td>\n<\/tr>\n<tr>\n<td style=\"text-align: center;\" width=\"139\">Temperatura de funcionamiento<\/td>\n<td style=\"text-align: center;\" colspan=\"6\" width=\"457\">- 10 a 50 \u00b0 C<\/td>\n<\/tr>\n<tr>\n<td style=\"text-align: center;\" width=\"139\">Altitud<\/td>\n<td style=\"text-align: center;\" colspan=\"6\" width=\"457\">\u22645.000m<\/td>\n<\/tr>\n<tr>\n<td style=\"text-align: center;\" width=\"139\">Humedad<\/td>\n<td style=\"text-align: center;\" colspan=\"6\" width=\"457\">5% a 95%<\/td>\n<\/tr>\n<tr>\n<td style=\"text-align: center;\" width=\"139\">Garant\u00eda<\/td>\n<td style=\"text-align: center;\" colspan=\"6\" width=\"457\">10 a\u00f1os<\/td>\n<\/tr>\n<tr>\n<td style=\"text-align: center;\" width=\"139\">Dimensiones<\/td>\n<td style=\"text-align: center;\" width=\"73\">660 * 390 * 515 mm<\/td>\n<td style=\"text-align: center;\" width=\"76\">660 * 390 * 665 mm<\/td>\n<td style=\"text-align: center;\" width=\"76\">660 * 390 * 815 mm<\/td>\n<td style=\"text-align: center;\" colspan=\"3\" width=\"232\">660 * 390 * 965 mm 660 * 390 * 1115 mm 660 * 390 * 1265 mm<\/td>\n<\/tr>\n<tr>\n<td style=\"text-align: center;\" width=\"139\">Peso neto<\/td>\n<td style=\"text-align: center;\" width=\"73\">110 kg<\/td>\n<td style=\"text-align: center;\" width=\"76\">156kg<\/td>\n<td style=\"text-align: center;\" width=\"76\">202kg<\/td>\n<td style=\"text-align: center;\" width=\"76\">248kg<\/td>\n<td style=\"text-align: center;\" width=\"74\">294kg<\/td>\n<td style=\"text-align: center;\" width=\"81\">340kg<\/td>\n<\/tr>\n<tr>\n<td style=\"text-align: center;\" width=\"139\">Certificados<\/td>\n<td style=\"text-align: center;\" colspan=\"6\" width=\"457\">\u00a0 CE, IEC62619, IEC61000, IEC62040, IEC63056, UN38.3, MSDS<\/td>\n<\/tr>\n<tr>\n<td style=\"text-align: center;\" width=\"139\">Instalaci\u00f3n<\/td>\n<td style=\"text-align: center;\" colspan=\"6\" width=\"457\">\u00a0 Instalaci\u00f3n en tierra<\/td>\n<\/tr>\n<\/tbody>\n<\/table>","protected":false},"excerpt":{"rendered":"<h2><strong><b>PowerCool-LFP-HV2 \u2013 ESS residencial montado en pila (de alto voltaje)<\/b><\/strong><\/h2>\n<p>La serie PowerCool-LFP-HV2 ofrece almacenamiento de energ\u00eda residencial flexible de alto voltaje de 10,44 kWh a 36,56 kWh, en 2-7 m\u00f3dulos apilables. Utilizando c\u00e9lulas LiFePO4 con protecci\u00f3n IP65, comunicaci\u00f3n CAN \/ RS485 y garant\u00eda de 10 a\u00f1os de forma aceptable, soporta aplicaciones de copia de seguridad y tiempo de uso. Adecuado para hogares modernos que buscan la reducci\u00f3n de costos energ\u00e9ticos a largo plazo y la independencia.<\/p>","protected":false},"featured_media":1444,"comment_status":"closed","ping_status":"closed","template":"","meta":[],"product_brand":[],"product_cat":[31],"product_tag":[],"class_list":{"0":"post-1443","1":"product","2":"type-product","3":"status-publish","4":"has-post-thumbnail","6":"product_cat-off-grid-inverter","8":"first","9":"instock","10":"shipping-taxable","11":"product-type-simple"},"_links":{"self":[{"href":"https:\/\/www.epotr.com\/es\/wp-json\/wp\/v2\/product\/1443","targetHints":{"allow":["GET"]}}],"collection":[{"href":"https:\/\/www.epotr.com\/es\/wp-json\/wp\/v2\/product"}],"about":[{"href":"https:\/\/www.epotr.com\/es\/wp-json\/wp\/v2\/types\/product"}],"replies":[{"embeddable":true,"href":"https:\/\/www.epotr.com\/es\/wp-json\/wp\/v2\/comments?post=1443"}],"wp:featuredmedia":[{"embeddable":true,"href":"https:\/\/www.epotr.com\/es\/wp-json\/wp\/v2\/media\/1444"}],"wp:attachment":[{"href":"https:\/\/www.epotr.com\/es\/wp-json\/wp\/v2\/media?parent=1443"}],"wp:term":[{"taxonomy":"product_brand","embeddable":true,"href":"https:\/\/www.epotr.com\/es\/wp-json\/wp\/v2\/product_brand?post=1443"},{"taxonomy":"product_cat","embeddable":true,"href":"https:\/\/www.epotr.com\/es\/wp-json\/wp\/v2\/product_cat?post=1443"},{"taxonomy":"product_tag","embeddable":true,"href":"https:\/\/www.epotr.com\/es\/wp-json\/wp\/v2\/product_tag?post=1443"}],"curies":[{"name":"WP","href":"https:\/\/api.w.org\/{rel}","templated":true}]}}