{"id":1439,"date":"2025-06-23T16:47:52","date_gmt":"2025-06-23T08:47:52","guid":{"rendered":"https:\/\/www.epotr.com\/?post_type=product&#038;p=1439"},"modified":"2025-12-22T11:02:00","modified_gmt":"2025-12-22T03:02:00","slug":"floor-standing-residential-ess","status":"publish","type":"product","link":"https:\/\/www.epotr.com\/es\/home-ess\/floor-standing-residential-ess\/","title":{"rendered":"Sistema de almacenamiento de energ\u00eda para el hogar - ESS residencial de pie | EPOTR"},"content":{"rendered":"<table style=\"border-collapse: collapse; width: 98.4604%;\" border=\"0\" width=\"547\" cellspacing=\"0\" cellpadding=\"0\">\n<tbody>\n<tr style=\"height: 13.75pt;\">\n<td class=\"et3\" style=\"height: 13.75pt; width: 36.7089%; background-color: #0068b7;\" width=\"201\" height=\"18\"><span style=\"color: #ffffff;\"><strong>modelo<\/strong><\/span><\/td>\n<td class=\"et4\" style=\"width: 206.51%; background-color: #0068b7;\" width=\"346\"><span style=\"color: #ffffff;\"><strong><span class=\"font3\">EP-FS016K<\/span><\/strong><\/span><\/td>\n<\/tr>\n<tr style=\"height: 15.50pt;\">\n<td class=\"et5\" style=\"height: 15.5pt; width: 36.7089%;\" width=\"201\" height=\"20\"><span class=\"font4\">Energ\u00eda Total<\/span><\/td>\n<td class=\"et6\" style=\"width: 206.51%;\" width=\"346\"><span class=\"font4\">16.08kWh<\/span><\/td>\n<\/tr>\n<tr style=\"height: 13.00pt;\">\n<td class=\"et5\" style=\"height: 13pt; width: 36.7089%;\" width=\"201\" height=\"17\"><span class=\"font4\">Enemigo Usable (DC)*<\/span><\/td>\n<td class=\"et6\" style=\"width: 206.51%;\" width=\"346\"><span class=\"font4\">15.27kWh<\/span><\/td>\n<\/tr>\n<tr style=\"height: 12.50pt;\">\n<td class=\"et5\" style=\"height: 12.5pt; width: 36.7089%;\" width=\"201\" height=\"16\"><span class=\"font4\">Voltaje<\/span><\/td>\n<td class=\"et6\" style=\"width: 206.51%;\" width=\"346\"><span class=\"font4\">44.8 ~ 57.6Vdc<\/span><\/td>\n<\/tr>\n<tr style=\"height: 12.50pt;\">\n<td class=\"et5\" style=\"height: 12.5pt; width: 36.7089%;\" width=\"201\" height=\"16\"><span class=\"font4\">Voltaje nominal<\/span><\/td>\n<td class=\"et6\" style=\"width: 206.51%;\" width=\"346\"><span class=\"font4\">51.2Vdc<\/span><\/td>\n<\/tr>\n<tr style=\"height: 12.50pt;\">\n<td class=\"et5\" style=\"height: 12.5pt; width: 36.7089%;\" width=\"201\" height=\"16\"><span class=\"font4\">Capacidad nominal<\/span><\/td>\n<td class=\"et6\" style=\"width: 206.51%;\" width=\"346\"><span class=\"font4\">314Ah<\/span><\/td>\n<\/tr>\n<tr style=\"height: 13.00pt;\">\n<td class=\"et5\" style=\"height: 13pt; width: 36.7089%;\" width=\"201\" height=\"17\"><span class=\"font4\">Voltaje Max.Charge<\/span><\/td>\n<td class=\"et6\" style=\"width: 206.51%;\" width=\"346\"><span class=\"font4\">57.6Vdc<\/span><\/td>\n<\/tr>\n<tr style=\"height: 12.50pt;\">\n<td class=\"et5\" style=\"height: 12.5pt; width: 36.7089%;\" width=\"201\" height=\"16\"><span class=\"font4\">Corriente de carga m\u00e1xima<\/span><\/td>\n<td class=\"et6\" style=\"width: 206.51%;\" width=\"346\"><span class=\"font4\">150A<\/span><\/td>\n<\/tr>\n<tr style=\"height: 13.50pt;\">\n<td class=\"et5\" style=\"height: 13.5pt; width: 36.7089%;\" width=\"201\" height=\"18\"><span class=\"font4\">Potencia de carga m\u00e1xima<\/span><\/td>\n<td class=\"et6\" style=\"width: 206.51%;\" width=\"346\"><span class=\"font4\">7680W<\/span><\/td>\n<\/tr>\n<tr style=\"height: 12.00pt;\">\n<td class=\"et7\" style=\"height: 12pt; width: 36.7089%;\" width=\"201\" height=\"16\">Max.Dischaging corriente<\/td>\n<td class=\"et6\" style=\"width: 206.51%;\" width=\"346\"><span class=\"font4\">200A<\/span><\/td>\n<\/tr>\n<tr style=\"height: 12.50pt;\">\n<td class=\"et5\" style=\"height: 12.5pt; width: 36.7089%;\" width=\"201\" height=\"16\"><span class=\"font4\">Potencia de descarga m\u00e1xima<\/span><\/td>\n<td class=\"et6\" style=\"width: 206.51%;\" width=\"346\"><span class=\"font4\">10240W<\/span><\/td>\n<\/tr>\n<tr style=\"height: 11.50pt;\">\n<td class=\"et5\" style=\"height: 11.5pt; width: 36.7089%;\" width=\"201\" height=\"15\"><span class=\"font4\">Corriente corta<\/span><\/td>\n<td class=\"et6\" style=\"width: 206.51%;\" width=\"346\"><span class=\"font4\">540A<\/span><\/td>\n<\/tr>\n<tr style=\"height: 11.50pt;\">\n<td class=\"et5\" style=\"height: 11.5pt; width: 36.7089%;\" width=\"201\" height=\"15\"><span class=\"font4\">Max. recomendado DOD<\/span><\/td>\n<td class=\"et8\" style=\"width: 206.51%;\" width=\"346\">95%<\/td>\n<\/tr>\n<tr style=\"height: 12.00pt;\">\n<td class=\"et5\" style=\"height: 12pt; width: 36.7089%;\" width=\"201\" height=\"16\"><span class=\"font4\">Peso<\/span><\/td>\n<td class=\"et6\" style=\"width: 206.51%;\" width=\"346\"><span class=\"font4\">135 kg<\/span><\/td>\n<\/tr>\n<tr style=\"height: 12.00pt;\">\n<td class=\"et5\" style=\"height: 12pt; width: 36.7089%;\" width=\"201\" height=\"16\"><span class=\"font4\">Dimensi\u00f3n (mm) (H * L * W)<\/span><\/td>\n<td class=\"et9\" style=\"width: 206.51%;\" width=\"346\"><span class=\"font4\">870 * 425 * 230 mm<\/span><\/td>\n<\/tr>\n<tr style=\"height: 12.00pt;\">\n<td class=\"et10\" style=\"height: 12pt; width: 36.7089%;\" width=\"201\" height=\"16\"><span class=\"font4\">Instalaci\u00f3n<\/span><\/td>\n<td class=\"et9\" style=\"width: 206.51%;\" width=\"346\"><span class=\"font4\">soporte de piso<\/span><\/td>\n<\/tr>\n<tr style=\"height: 11.50pt;\">\n<td class=\"et5\" style=\"height: 11.5pt; width: 36.7089%;\" width=\"201\" height=\"15\"><span class=\"font4\">Tecnolog\u00eda Celular<\/span><\/td>\n<td class=\"et6\" style=\"width: 206.51%;\" width=\"346\"><span class=\"font4\">LiFePO4, fosfato de hierro de litio<\/span><\/td>\n<\/tr>\n<tr style=\"height: 11.50pt;\">\n<td class=\"et5\" style=\"height: 11.5pt; width: 36.7089%;\" width=\"201\" height=\"15\"><span class=\"font4\">Ciclo de vida<\/span><\/td>\n<td class=\"et6\" style=\"width: 206.51%;\" width=\"346\"><span class=\"font4\">6000 Cydes@90  % DOD, 25 \u2103 \/ 0.5C, 60% EOL<\/span><\/td>\n<\/tr>\n<tr style=\"height: 11.00pt;\">\n<td class=\"et7\" style=\"height: 11pt; width: 243.219%;\" colspan=\"2\" width=\"547\" height=\"14\"><strong>Condici\u00f3n de funcionamiento:<\/strong><\/td>\n<\/tr>\n<tr style=\"height: 12.00pt;\">\n<td class=\"et7\" style=\"height: 12pt; width: 36.7089%;\" width=\"201\" height=\"16\">Cargo de operaci\u00f3n<\/td>\n<td class=\"et9\" style=\"width: 206.51%;\" width=\"346\"><span class=\"font4\">0 a 55 \u00b0 C<\/span><\/td>\n<\/tr>\n<tr style=\"height: 13.00pt;\">\n<td class=\"et7\" style=\"height: 13pt; width: 36.7089%;\" width=\"201\" height=\"17\">Descarga de temperatura<\/td>\n<td class=\"et6\" style=\"width: 206.51%;\" width=\"346\"><span class=\"font4\">0 a 55 \u00b0 C<\/span><\/td>\n<\/tr>\n<tr style=\"height: 12.50pt;\">\n<td class=\"et5\" style=\"height: 12.5pt; width: 36.7089%;\" width=\"201\" height=\"16\"><span class=\"font4\">Rango de temperatura ambiente est\u00e1ndar<\/span><\/td>\n<td class=\"et6\" style=\"width: 206.51%;\" width=\"346\"><span class=\"font4\">0 a 40 \u00b0 C<\/span><\/td>\n<\/tr>\n<tr style=\"height: 12.00pt;\">\n<td class=\"et5\" style=\"height: 12pt; width: 36.7089%;\" width=\"201\" height=\"16\"><span class=\"font4\">Rango de temperatura de almacenamiento<\/span><\/td>\n<td class=\"et6\" style=\"width: 206.51%;\" width=\"346\"><span class=\"font4\">&gt; 1 mes 0 ~ 35 \u2103 \/ \u22641 mes -20 ~ 45 \u2103<\/span><\/td>\n<\/tr>\n<tr style=\"height: 11.00pt;\">\n<td class=\"et5\" style=\"height: 11pt; width: 36.7089%;\" width=\"201\" height=\"14\"><span class=\"font4\">Humedad<\/span><\/td>\n<td class=\"et6\" style=\"width: 206.51%;\" width=\"346\"><span class=\"font4\">5% ~ 95% (RH) (sin condensaci\u00f3n)<\/span><\/td>\n<\/tr>\n<tr style=\"height: 11.50pt;\">\n<td class=\"et5\" style=\"height: 11.5pt; width: 36.7089%;\" width=\"201\" height=\"15\"><span class=\"font4\">Tipo de refrigeraci\u00f3n<\/span><\/td>\n<td class=\"et6\" style=\"width: 206.51%;\" width=\"346\"><span class=\"font4\">Refrigeraci\u00f3n natural<\/span><\/td>\n<\/tr>\n<tr style=\"height: 12.50pt;\">\n<td class=\"et5\" style=\"height: 12.5pt; width: 36.7089%;\" width=\"201\" height=\"16\"><span class=\"font4\">Material del caso<\/span><\/td>\n<td class=\"et6\" style=\"width: 206.51%;\" width=\"346\"><span class=\"font4\">Metales<\/span><\/td>\n<\/tr>\n<tr style=\"height: 13.00pt;\">\n<td class=\"et5\" style=\"height: 13pt; width: 36.7089%;\" width=\"201\" height=\"17\"><span class=\"font4\">Clasificaci\u00f3n IP<\/span><\/td>\n<td class=\"et6\" style=\"width: 206.51%;\" width=\"346\"><span class=\"font4\">IP20<\/span><\/td>\n<\/tr>\n<tr style=\"height: 12.50pt;\">\n<td class=\"et5\" style=\"height: 12.5pt; width: 36.7089%;\" width=\"201\" height=\"16\"><span class=\"font4\">Clase protectora<\/span><\/td>\n<td class=\"et6\" style=\"width: 206.51%;\" width=\"346\"><span class=\"font4\">Yo<\/span><\/td>\n<\/tr>\n<tr style=\"height: 12.00pt;\">\n<td class=\"et5\" style=\"height: 12pt; width: 36.7089%;\" width=\"201\" height=\"16\"><span class=\"font4\">Escalabilidad<\/span><\/td>\n<td class=\"et9\" style=\"width: 206.51%;\" width=\"346\"><span class=\"font4\">Max.25 bater\u00edas en paralelo<\/span><\/td>\n<\/tr>\n<tr style=\"height: 13.50pt;\">\n<td class=\"et5\" style=\"height: 13.5pt; width: 36.7089%;\" width=\"201\" height=\"18\"><span class=\"font4\">Comunicaci\u00f3n<\/span><\/td>\n<td class=\"et6\" style=\"width: 206.51%;\" width=\"346\"><span class=\"font4\">CAN \/ RS485<\/span><\/td>\n<\/tr>\n<tr style=\"height: 12.50pt;\">\n<td class=\"et5\" style=\"height: 12.5pt; width: 36.7089%;\" width=\"201\" height=\"16\"><span class=\"font4\">Protecci\u00f3n de la bater\u00eda<\/span><\/td>\n<td class=\"et6\" style=\"width: 206.51%;\" width=\"346\"><span class=\"font4\">Sobre corriente \/ Sobre voltaje \/ Cortocircuito \/ Sobre voltaje \/ Sobre temperatura<\/span><\/td>\n<\/tr>\n<tr style=\"height: 13.00pt;\">\n<td class=\"et5\" style=\"height: 13pt; width: 36.7089%;\" width=\"201\" height=\"17\"><span class=\"font4\">Certificados<\/span><\/td>\n<td class=\"et6\" style=\"width: 206.51%;\" width=\"346\"><span class=\"font4\">CE, UN38.3, MSDS<\/span><\/td>\n<\/tr>\n<tr style=\"height: 13.25pt;\">\n<td class=\"et5\" style=\"height: 13.25pt; width: 36.7089%;\" width=\"201\" height=\"17\"><span class=\"font4\">Garant\u00eda<\/span><\/td>\n<td class=\"et6\" style=\"width: 206.51%;\" width=\"346\"><span class=\"font4\">10 a\u00f1os<\/span><\/td>\n<\/tr>\n<\/tbody>\n<\/table>","protected":false},"excerpt":{"rendered":"<h2><strong><b>El <\/b><\/strong><strong><b>EP-FS016A1 \u2013 ESS Residencial de pie en el suelo<\/b><\/strong><\/h2>\n<p>El ESS de pie en suelo EP-FS016A1 cuenta con un total de 16,08 kWh y 15,27 kWh de energ\u00eda utilizable. Construido con c\u00e9lulas LiFePO4 robustas por c\u00e9lulas de 314 Ah, ofrece una vida \u00fatil s\u00faper larga (8000 ciclos). Con una potencia m\u00e1xima de 10,24 kW, 95% DOD y expansibilidad de 25 paralelos, comunicaci\u00f3n CAN \/ RS485 \/ wifi (opcional), est\u00e1 dise\u00f1ado para usuarios residenciales o comerciales peque\u00f1os de alta demanda que requieren almacenamiento de energ\u00eda fuera de la red estable, sostenible y escalable.<\/p>","protected":false},"featured_media":1433,"comment_status":"closed","ping_status":"closed","template":"","meta":[],"product_brand":[],"product_cat":[15],"product_tag":[],"class_list":{"0":"post-1439","1":"product","2":"type-product","3":"status-publish","4":"has-post-thumbnail","6":"product_cat-home-ess","8":"first","9":"instock","10":"shipping-taxable","11":"product-type-simple"},"_links":{"self":[{"href":"https:\/\/www.epotr.com\/es\/wp-json\/wp\/v2\/product\/1439","targetHints":{"allow":["GET"]}}],"collection":[{"href":"https:\/\/www.epotr.com\/es\/wp-json\/wp\/v2\/product"}],"about":[{"href":"https:\/\/www.epotr.com\/es\/wp-json\/wp\/v2\/types\/product"}],"replies":[{"embeddable":true,"href":"https:\/\/www.epotr.com\/es\/wp-json\/wp\/v2\/comments?post=1439"}],"wp:featuredmedia":[{"embeddable":true,"href":"https:\/\/www.epotr.com\/es\/wp-json\/wp\/v2\/media\/1433"}],"wp:attachment":[{"href":"https:\/\/www.epotr.com\/es\/wp-json\/wp\/v2\/media?parent=1439"}],"wp:term":[{"taxonomy":"product_brand","embeddable":true,"href":"https:\/\/www.epotr.com\/es\/wp-json\/wp\/v2\/product_brand?post=1439"},{"taxonomy":"product_cat","embeddable":true,"href":"https:\/\/www.epotr.com\/es\/wp-json\/wp\/v2\/product_cat?post=1439"},{"taxonomy":"product_tag","embeddable":true,"href":"https:\/\/www.epotr.com\/es\/wp-json\/wp\/v2\/product_tag?post=1439"}],"curies":[{"name":"WP","href":"https:\/\/api.w.org\/{rel}","templated":true}]}}