{"id":1431,"date":"2025-06-23T16:41:35","date_gmt":"2025-06-23T08:41:35","guid":{"rendered":"https:\/\/www.epotr.com\/?post_type=product&#038;p=1431"},"modified":"2025-12-22T11:02:31","modified_gmt":"2025-12-22T03:02:31","slug":"floor-staning-ess","status":"publish","type":"product","link":"https:\/\/www.epotr.com\/es\/home-ess\/floor-staning-ess\/","title":{"rendered":"Sistema de almacenamiento de energ\u00eda para el hogar - ESS de pie | EPOTR"},"content":{"rendered":"<table style=\"width: 99.8716%;\" width=\"469\">\n<tbody>\n<tr>\n<td style=\"width: 42.5532%; background-color: #0068b7;\" width=\"172\"><strong><span style=\"color: #ffffff;\">modelo<\/span><\/strong><\/td>\n<td style=\"width: 248.723%; background-color: #0068b7;\" width=\"297\"><strong><span style=\"color: #ffffff;\">EP-WL012A1<\/span><\/strong><\/td>\n<\/tr>\n<tr>\n<td style=\"width: 42.5532%;\" width=\"172\">Energ\u00eda Total<\/td>\n<td style=\"width: 248.723%;\" width=\"297\">11.78kWh<\/td>\n<\/tr>\n<tr>\n<td style=\"width: 42.5532%;\" width=\"172\">Energ\u00eda utilizable (CC)<\/td>\n<td style=\"width: 248.723%;\" width=\"297\">11.00kWh<\/td>\n<\/tr>\n<tr>\n<td style=\"width: 42.5532%;\" width=\"172\">Voltaje<\/td>\n<td style=\"width: 248.723%;\" width=\"297\">44.8 ~ 57.6Vdc<\/td>\n<\/tr>\n<tr>\n<td style=\"width: 42.5532%;\" width=\"172\">Voltaje nominal<\/td>\n<td style=\"width: 248.723%;\" width=\"297\">51.2Vdc<\/td>\n<\/tr>\n<tr>\n<td style=\"width: 42.5532%;\" width=\"172\">Capacidad nominal<\/td>\n<td style=\"width: 248.723%;\" width=\"297\">230Ah<\/td>\n<\/tr>\n<tr>\n<td style=\"width: 42.5532%;\" width=\"172\">Voltaje de carga m\u00e1ximo<\/td>\n<td style=\"width: 248.723%;\" width=\"297\">57.6Vdc<\/td>\n<\/tr>\n<tr>\n<td style=\"width: 42.5532%;\" width=\"172\">Corriente de carga m\u00e1xima<\/td>\n<td style=\"width: 248.723%;\" width=\"297\">115A<\/td>\n<\/tr>\n<tr>\n<td style=\"width: 42.5532%;\" width=\"172\">Potencia de carga m\u00e1xima<\/td>\n<td style=\"width: 248.723%;\" width=\"297\">6144W<\/td>\n<\/tr>\n<tr>\n<td style=\"width: 42.5532%;\" width=\"172\">Corriente de descarga m\u00e1xima<\/td>\n<td style=\"width: 248.723%;\" width=\"297\">150A<\/td>\n<\/tr>\n<tr>\n<td style=\"width: 42.5532%;\" width=\"172\">Potencia de descarga m\u00e1xima<\/td>\n<td style=\"width: 248.723%;\" width=\"297\">7680W<\/td>\n<\/tr>\n<tr>\n<td style=\"width: 42.5532%;\" width=\"172\">Corriente de cortocircuito<\/td>\n<td style=\"width: 248.723%;\" width=\"297\">540A<\/td>\n<\/tr>\n<tr>\n<td style=\"width: 42.5532%;\" width=\"172\">Max.Recomendado DOD<\/td>\n<td style=\"width: 248.723%;\" width=\"297\">95%<\/td>\n<\/tr>\n<tr>\n<td style=\"width: 42.5532%;\" width=\"172\">Peso<\/td>\n<td style=\"width: 248.723%;\" width=\"297\">82 kg<\/td>\n<\/tr>\n<tr>\n<td style=\"width: 42.5532%;\" width=\"172\">Dimensi\u00f3n (mm) (HL * W)<\/td>\n<td style=\"width: 248.723%;\" width=\"297\">720 * 425 * 230 mm<\/td>\n<\/tr>\n<tr>\n<td style=\"width: 42.5532%;\" width=\"172\">Instalaci\u00f3n<\/td>\n<td style=\"width: 248.723%;\" width=\"297\">Montaje en pared o piso<\/td>\n<\/tr>\n<tr>\n<td style=\"width: 42.5532%;\" width=\"172\">Tecnolog\u00eda Celular<\/td>\n<td style=\"width: 248.723%;\" width=\"297\">LIEePO4, fosfato de hierro de litio<\/td>\n<\/tr>\n<tr>\n<td style=\"width: 42.5532%;\" width=\"172\">Ciclo de vida<\/td>\n<td style=\"width: 248.723%;\" width=\"297\">6000 ciclos @90%DOD, 25\u00b0C\/0.5C, 60%EOL<\/td>\n<\/tr>\n<tr>\n<td style=\"width: 42.5532%;\" width=\"172\"><strong>Condici\u00f3n de funcionamiento:<\/strong><\/td>\n<td style=\"width: 248.723%;\" width=\"297\"><\/td>\n<\/tr>\n<tr>\n<td style=\"width: 42.5532%;\" width=\"172\">Cargo de operaci\u00f3n<\/td>\n<td style=\"width: 248.723%;\" width=\"297\">0 a 55 \u00b0 C<\/td>\n<\/tr>\n<tr>\n<td style=\"width: 42.5532%;\" width=\"172\">Descarga de temperatura<\/td>\n<td style=\"width: 248.723%;\" width=\"297\">- 15 a 55 \u00b0 C<\/td>\n<\/tr>\n<tr>\n<td style=\"width: 42.5532%;\" width=\"172\">Rango de temperatura ambiente est\u00e1ndar<\/td>\n<td style=\"width: 248.723%;\" width=\"297\">0 a 40 \u00b0 C<\/td>\n<\/tr>\n<tr>\n<td style=\"width: 42.5532%;\" width=\"172\">Rango de temperatura de almacenamiento<\/td>\n<td style=\"width: 248.723%;\" width=\"297\">&gt; 1 mes 0~35\u2103\/\u22641 mes-20~45\u2103<\/td>\n<\/tr>\n<tr>\n<td style=\"width: 42.5532%;\" width=\"172\">Humedad<\/td>\n<td style=\"width: 248.723%;\" width=\"297\">5% ~ 85% (RH) (sin condensaci\u00f3n)<\/td>\n<\/tr>\n<tr>\n<td style=\"width: 42.5532%;\" width=\"172\">Tipo de refrigeraci\u00f3n<\/td>\n<td style=\"width: 248.723%;\" width=\"297\">Refrigeraci\u00f3n natural<\/td>\n<\/tr>\n<tr>\n<td style=\"width: 42.5532%;\" width=\"172\">Protecci\u00f3n contra la entrada<\/td>\n<td style=\"width: 248.723%;\" width=\"297\">IP20<\/td>\n<\/tr>\n<tr>\n<td style=\"width: 42.5532%;\" width=\"172\">Clase protectora<\/td>\n<td style=\"width: 248.723%;\" width=\"297\">Yo<\/td>\n<\/tr>\n<tr>\n<td style=\"width: 42.5532%;\" width=\"172\">Escalabilidad<\/td>\n<td style=\"width: 248.723%;\" width=\"297\">Max.25 bater\u00edas en paralelo<\/td>\n<\/tr>\n<tr>\n<td style=\"width: 42.5532%;\" width=\"172\">Comunicaci\u00f3n<\/td>\n<td style=\"width: 248.723%;\" width=\"297\">CAN \/ RS485<\/td>\n<\/tr>\n<tr>\n<td style=\"width: 42.5532%;\" width=\"172\">Protecci\u00f3n de la bater\u00eda<\/td>\n<td style=\"width: 248.723%;\" width=\"297\">Sobre corriente \/ Sobre voltaje \/ Cortocircuito \/ Sobre voltaje \/ Sobre temperatura<\/td>\n<\/tr>\n<tr>\n<td style=\"width: 42.5532%;\" width=\"172\">Certificados<\/td>\n<td style=\"width: 248.723%;\" width=\"297\">CE, UN38.3, MSDS<\/td>\n<\/tr>\n<tr>\n<td style=\"width: 42.5532%;\" width=\"172\">Garant\u00eda<\/td>\n<td style=\"width: 248.723%;\" width=\"297\">10 a\u00f1os<\/td>\n<\/tr>\n<\/tbody>\n<\/table>","protected":false},"excerpt":{"rendered":"<h2><strong><b>EP-WL010A1 \u2013 ESS de pie en el suelo<\/b><\/strong><\/h2>\n<p>El EP-WL010A1 es un robusto sistema de almacenamiento de energ\u00eda residencial de baja tensi\u00f3n de 11,78 kWh dise\u00f1ado espec\u00edficamente para instalaciones en suelo. Con avanzado 230Ah LiFePO \u2084  Esta unidad ofrece una capacidad de energ\u00eda utilizable de 11.00kWh y soporta una larga vida \u00fatil de m\u00e1s de 6000 ciclos. Dise\u00f1ado para una integraci\u00f3n sin problemas con sistemas solares residenciales, permite hasta 25 unidades en paralelo para necesidades de almacenamiento ampliadas.<\/p>\n<p>El EP-WL010A1 garantiza un rendimiento fiable con refrigeraci\u00f3n natural y ofrece opciones de comunicaci\u00f3n vers\u00e1tiles, incluyendo CAN, RS485 y Wi-Fi opcional. Su dise\u00f1o compacto y montado en tierra lo hace ideal para servicios p\u00fablicos, garajes y centros de energ\u00eda interiores. Una soluci\u00f3n ecol\u00f3gica perfecta para la energ\u00eda de respaldo en el hogar, el cambio de carga y el autoconsumo solar.<\/p>","protected":false},"featured_media":1433,"comment_status":"closed","ping_status":"closed","template":"","meta":[],"product_brand":[],"product_cat":[15],"product_tag":[],"class_list":{"0":"post-1431","1":"product","2":"type-product","3":"status-publish","4":"has-post-thumbnail","6":"product_cat-home-ess","8":"first","9":"instock","10":"shipping-taxable","11":"product-type-simple"},"_links":{"self":[{"href":"https:\/\/www.epotr.com\/es\/wp-json\/wp\/v2\/product\/1431","targetHints":{"allow":["GET"]}}],"collection":[{"href":"https:\/\/www.epotr.com\/es\/wp-json\/wp\/v2\/product"}],"about":[{"href":"https:\/\/www.epotr.com\/es\/wp-json\/wp\/v2\/types\/product"}],"replies":[{"embeddable":true,"href":"https:\/\/www.epotr.com\/es\/wp-json\/wp\/v2\/comments?post=1431"}],"wp:featuredmedia":[{"embeddable":true,"href":"https:\/\/www.epotr.com\/es\/wp-json\/wp\/v2\/media\/1433"}],"wp:attachment":[{"href":"https:\/\/www.epotr.com\/es\/wp-json\/wp\/v2\/media?parent=1431"}],"wp:term":[{"taxonomy":"product_brand","embeddable":true,"href":"https:\/\/www.epotr.com\/es\/wp-json\/wp\/v2\/product_brand?post=1431"},{"taxonomy":"product_cat","embeddable":true,"href":"https:\/\/www.epotr.com\/es\/wp-json\/wp\/v2\/product_cat?post=1431"},{"taxonomy":"product_tag","embeddable":true,"href":"https:\/\/www.epotr.com\/es\/wp-json\/wp\/v2\/product_tag?post=1431"}],"curies":[{"name":"WP","href":"https:\/\/api.w.org\/{rel}","templated":true}]}}