{"id":1430,"date":"2025-06-23T16:38:17","date_gmt":"2025-06-23T08:38:17","guid":{"rendered":"https:\/\/www.epotr.com\/?post_type=product&#038;p=1430"},"modified":"2025-12-22T11:03:05","modified_gmt":"2025-12-22T03:03:05","slug":"wall-mounted-residential-ess","status":"publish","type":"product","link":"https:\/\/www.epotr.com\/es\/home-ess\/wall-mounted-residential-ess\/","title":{"rendered":"Sistema de almacenamiento de energ\u00eda para el hogar-ESS residencial montado en pared | EPOTR"},"content":{"rendered":"<table style=\"width: 97.6776%;\" width=\"329\">\n<tbody>\n<tr>\n<td style=\"width: 37.2159%; background-color: #0068b7;\" width=\"117\"><span style=\"color: #ffffff;\"><strong>modelo<\/strong><\/span><\/td>\n<td style=\"width: 347.753%; background-color: #0068b7;\" width=\"212\"><span style=\"color: #ffffff;\"><strong>EP-WL005A1<\/strong><\/span><\/td>\n<\/tr>\n<tr>\n<td style=\"width: 37.2159%;\" width=\"117\">Energ\u00eda Total<\/td>\n<td style=\"width: 347.753%;\" width=\"212\">5.22kWh<\/td>\n<\/tr>\n<tr>\n<td style=\"width: 37.2159%;\" width=\"117\">Energ\u00eda utilizable (CC) \u00b0<\/td>\n<td style=\"width: 347.753%;\" width=\"212\">4.96kWh<\/td>\n<\/tr>\n<tr>\n<td style=\"width: 37.2159%;\" width=\"117\">voltaje<\/td>\n<td style=\"width: 347.753%;\" width=\"212\">44.8-57.6ve<\/td>\n<\/tr>\n<tr>\n<td style=\"width: 37.2159%;\" width=\"117\">Voltaje nominal<\/td>\n<td style=\"width: 347.753%;\" width=\"212\">5.1ZVdc<\/td>\n<\/tr>\n<tr>\n<td style=\"width: 37.2159%;\" width=\"117\">Capacidad nominal<\/td>\n<td style=\"width: 347.753%;\" width=\"212\">102Ah<\/td>\n<\/tr>\n<tr>\n<td style=\"width: 37.2159%;\" width=\"117\">M&amp; x Voltaje de carga<\/td>\n<td style=\"width: 347.753%;\" width=\"212\">57.6Vdc<\/td>\n<\/tr>\n<tr>\n<td style=\"width: 37.2159%;\" width=\"117\">Corriente de carga nominal<\/td>\n<td style=\"width: 347.753%;\" width=\"212\">50A<\/td>\n<\/tr>\n<tr>\n<td style=\"width: 37.2159%;\" width=\"117\">Potencia de carga nominal<\/td>\n<td style=\"width: 347.753%;\" width=\"212\">2500W<\/td>\n<\/tr>\n<tr>\n<td style=\"width: 37.2159%;\" width=\"117\">Corriente de descarga m\u00e1xima<\/td>\n<td style=\"width: 347.753%;\" width=\"212\">100A<\/td>\n<\/tr>\n<tr>\n<td style=\"width: 37.2159%;\" width=\"117\">Potencia de descarga m\u00e1xima<\/td>\n<td style=\"width: 347.753%;\" width=\"212\">5000W<\/td>\n<\/tr>\n<tr>\n<td style=\"width: 37.2159%;\" width=\"117\">Curret de cortocircuito<\/td>\n<td style=\"width: 347.753%;\" width=\"212\">350A<\/td>\n<\/tr>\n<tr>\n<td style=\"width: 37.2159%;\" width=\"117\">Max recomendado DOD<\/td>\n<td style=\"width: 347.753%;\" width=\"212\">95%<\/td>\n<\/tr>\n<tr>\n<td style=\"width: 37.2159%;\" width=\"117\">Peso<\/td>\n<td style=\"width: 347.753%;\" width=\"212\">42 kg<\/td>\n<\/tr>\n<tr>\n<td style=\"width: 37.2159%;\" width=\"117\">Dimensioni (mm) (H&#8221;L&#8221;W)<\/td>\n<td style=\"width: 347.753%;\" width=\"212\">600 * 380 * 136,5 mm<\/td>\n<\/tr>\n<tr>\n<td style=\"width: 37.2159%;\" width=\"117\">Instalaci\u00f3n<\/td>\n<td style=\"width: 347.753%;\" width=\"212\">Montado en pared<\/td>\n<\/tr>\n<tr>\n<td style=\"width: 37.2159%;\" width=\"117\">Tecnolog\u00eda Celular<\/td>\n<td style=\"width: 347.753%;\" width=\"212\">LIFePO4, fosfato de hierro de litio<\/td>\n<\/tr>\n<tr>\n<td style=\"width: 37.2159%;\" width=\"117\">Ciclo Ife<\/td>\n<td style=\"width: 347.753%;\" width=\"212\">6000 ciclos @90%DoD.25C\/O.5C, 60%EOL<\/td>\n<\/tr>\n<tr>\n<td style=\"width: 384.969%;\" colspan=\"2\" width=\"329\"><strong>Operabng Condtlon:<\/strong><\/td>\n<\/tr>\n<tr>\n<td style=\"width: 37.2159%;\" width=\"117\">Cargo de operaci\u00f3n<\/td>\n<td style=\"width: 347.753%;\" width=\"212\">0-55C<\/td>\n<\/tr>\n<tr>\n<td style=\"width: 37.2159%;\" width=\"117\">Descarga de temperatura<\/td>\n<td style=\"width: 347.753%;\" width=\"212\">0 - 55 \u00b0 C<\/td>\n<\/tr>\n<tr>\n<td style=\"width: 37.2159%;\" width=\"117\">Rango de temperatura ambiente est\u00e1ndar<\/td>\n<td style=\"width: 347.753%;\" width=\"212\">0 - 40 \u00b0 C<\/td>\n<\/tr>\n<tr>\n<td style=\"width: 37.2159%;\" width=\"117\">Rango de temperatura de almacenamiento<\/td>\n<td style=\"width: 347.753%;\" width=\"212\">1 mes 0-35\u2103\/\u22641 mes-20-45\u2103<\/td>\n<\/tr>\n<tr>\n<td style=\"width: 37.2159%;\" width=\"117\">Humedad<\/td>\n<td style=\"width: 347.753%;\" width=\"212\">5% -95% \/ (RH) (sin condensaci\u00f3n)<\/td>\n<\/tr>\n<tr>\n<td style=\"width: 37.2159%;\" width=\"117\">Tipo de refrigeraci\u00f3n<\/td>\n<td style=\"width: 347.753%;\" width=\"212\">Refrigeraci\u00f3n Naturad<\/td>\n<\/tr>\n<tr>\n<td style=\"width: 37.2159%;\" width=\"117\">Protecci\u00f3n contra la entrada<\/td>\n<td style=\"width: 347.753%;\" width=\"212\">IP20<\/td>\n<\/tr>\n<tr>\n<td style=\"width: 37.2159%;\" width=\"117\">Clase protectora<\/td>\n<td style=\"width: 347.753%;\" width=\"212\">Yo<\/td>\n<\/tr>\n<tr>\n<td style=\"width: 37.2159%;\" width=\"117\">Escalabilidad<\/td>\n<td style=\"width: 347.753%;\" width=\"212\">M\u00e1ximo 25 bater\u00edas en prallel<\/td>\n<\/tr>\n<tr>\n<td style=\"width: 37.2159%;\" width=\"117\">Comunicaci\u00f3n<\/td>\n<td style=\"width: 347.753%;\" width=\"212\">CAN \/ RS485<\/td>\n<\/tr>\n<tr>\n<td style=\"width: 37.2159%;\" width=\"117\">Protecci\u00f3n de la bater\u00eda<\/td>\n<td style=\"width: 347.753%;\" width=\"212\">Sobre corriente \/ Sobre voltaje cortocircuito \/ Sobre voltaje \/ Sobre temperatura<\/td>\n<\/tr>\n<tr>\n<td style=\"width: 37.2159%;\" width=\"117\">Certificados<\/td>\n<td style=\"width: 347.753%;\" width=\"212\">CE. UN38.3, MSDS<\/td>\n<\/tr>\n<tr>\n<td style=\"width: 37.2159%;\" width=\"117\">Garant\u00eda<\/td>\n<td style=\"width: 347.753%;\" width=\"212\">10 a\u00f1os<\/td>\n<\/tr>\n<\/tbody>\n<\/table>","protected":false},"excerpt":{"rendered":"<p>EP-WL005A1 \u2013 ESS residencial montado en pared<\/p>\n<p>El EP-WL005A1 de EPOTR ofrece una capacidad compacta de energ\u00eda total de 5,22 kWh, con energ\u00eda utilizable de 4,96 kWh. Utilizando c\u00e9lulas LiFePO4 de 100Ah, entrega en ciclos s\u00faper largos. Ideal para hogares peque\u00f1os y \u00e1reas remotas, soporta la refrigeraci\u00f3n natural y la instalaci\u00f3n en pared. Soporta hasta 20 unidades paralelas. La potencia de descarga m\u00e1xima de 5000W del sistema proporciona una robusta independencia energ\u00e9tica para aplicaciones fuera de la red o de respaldo. Los usuarios objetivo se benefician de la estabilidad, la sostenibilidad y la seguridad.<\/p>","protected":false},"featured_media":1432,"comment_status":"closed","ping_status":"closed","template":"","meta":[],"product_brand":[],"product_cat":[15],"product_tag":[],"class_list":{"0":"post-1430","1":"product","2":"type-product","3":"status-publish","4":"has-post-thumbnail","6":"product_cat-home-ess","8":"first","9":"instock","10":"shipping-taxable","11":"product-type-simple"},"_links":{"self":[{"href":"https:\/\/www.epotr.com\/es\/wp-json\/wp\/v2\/product\/1430","targetHints":{"allow":["GET"]}}],"collection":[{"href":"https:\/\/www.epotr.com\/es\/wp-json\/wp\/v2\/product"}],"about":[{"href":"https:\/\/www.epotr.com\/es\/wp-json\/wp\/v2\/types\/product"}],"replies":[{"embeddable":true,"href":"https:\/\/www.epotr.com\/es\/wp-json\/wp\/v2\/comments?post=1430"}],"wp:featuredmedia":[{"embeddable":true,"href":"https:\/\/www.epotr.com\/es\/wp-json\/wp\/v2\/media\/1432"}],"wp:attachment":[{"href":"https:\/\/www.epotr.com\/es\/wp-json\/wp\/v2\/media?parent=1430"}],"wp:term":[{"taxonomy":"product_brand","embeddable":true,"href":"https:\/\/www.epotr.com\/es\/wp-json\/wp\/v2\/product_brand?post=1430"},{"taxonomy":"product_cat","embeddable":true,"href":"https:\/\/www.epotr.com\/es\/wp-json\/wp\/v2\/product_cat?post=1430"},{"taxonomy":"product_tag","embeddable":true,"href":"https:\/\/www.epotr.com\/es\/wp-json\/wp\/v2\/product_tag?post=1430"}],"curies":[{"name":"WP","href":"https:\/\/api.w.org\/{rel}","templated":true}]}}