{"id":1419,"date":"2025-06-23T15:45:00","date_gmt":"2025-06-23T07:45:00","guid":{"rendered":"https:\/\/www.epotr.com\/?post_type=product&#038;p=1419"},"modified":"2025-07-17T14:43:51","modified_gmt":"2025-07-17T06:43:51","slug":"ep2-single-phase-all-in-one-solution-2","status":"publish","type":"product","link":"https:\/\/www.epotr.com\/es\/home-ess\/ep2-single-phase-all-in-one-solution-2\/","title":{"rendered":"Sistema de almacenamiento de energ\u00eda para el hogar - EP2 Soluci\u00f3n monof\u00e1sica todo en uno | EPOTR"},"content":{"rendered":"<table style=\"width: 95.7285%; height: 1380px;\" width=\"1002\">\n<tbody>\n<tr>\n<td style=\"text-align: center;\" colspan=\"9\" width=\"1002\">\u00a0 AC\u00a0Input\u00a0[On-grid]<\/td>\n<\/tr>\n<tr>\n<td style=\"text-align: center;\" width=\"274\">\u00a0 Rated AC Voltage\/Range [V]<\/td>\n<td style=\"text-align: center;\" colspan=\"8\" width=\"728\">L+N+PE,220,230,240\/180\uff5e280<\/td>\n<\/tr>\n<tr>\n<td style=\"text-align: center;\" width=\"274\">\u00a0\u00a0\u00a0 Rated Input Frequency [Hz]<\/td>\n<td style=\"text-align: center;\" colspan=\"7\" width=\"646\">\u00a050,60<\/td>\n<td style=\"text-align: center;\" width=\"82\"><\/td>\n<\/tr>\n<tr>\n<td style=\"text-align: center;\" width=\"274\">\u00a0 Max.Input Current [A]@230Vac<\/td>\n<td style=\"text-align: center;\" width=\"86\">26.1<\/td>\n<td style=\"text-align: center;\" width=\"90\">32.0<\/td>\n<td style=\"text-align: center;\" width=\"82\">34.8<\/td>\n<td style=\"text-align: center;\" width=\"131\">40.0<\/td>\n<td style=\"text-align: center;\" width=\"76\">43.5<\/td>\n<td style=\"text-align: center;\" width=\"77\">43.5<\/td>\n<td style=\"text-align: center;\" colspan=\"2\" width=\"183\">52.2\u00a0\u00a0\u00a0\u00a0\u00a0\u00a0\u00a0\u00a0\u00a0\u00a0\u00a0 52.2<\/td>\n<\/tr>\n<tr>\n<td style=\"text-align: center;\" colspan=\"9\" width=\"1002\">\u00a0 AC Output [Back-up]<\/td>\n<\/tr>\n<tr>\n<td style=\"text-align: center;\" width=\"274\">\u00a0 Max.Output Power [VA]<\/td>\n<td style=\"text-align: center;\" width=\"86\">3000<\/td>\n<td style=\"text-align: center;\" width=\"90\">3680<\/td>\n<td style=\"text-align: center;\" width=\"82\">4000<\/td>\n<td style=\"text-align: center;\" width=\"131\">4600<\/td>\n<td style=\"text-align: center;\" width=\"76\">5000<\/td>\n<td style=\"text-align: center;\" width=\"77\">5000<\/td>\n<td style=\"text-align: center;\" colspan=\"2\" width=\"183\">5500\u00a0\u00a0\u00a0\u00a0\u00a0\u00a0\u00a0\u00a0\u00a0\u00a0\u00a0 6000<\/td>\n<\/tr>\n<tr>\n<td style=\"text-align: center;\" width=\"274\">\u00a0 Max.Output Current [A]<\/td>\n<td style=\"text-align: center;\" width=\"86\">13.6<\/td>\n<td style=\"text-align: center;\" width=\"90\">16.7<\/td>\n<td style=\"text-align: center;\" width=\"82\">18.2<\/td>\n<td style=\"text-align: center;\" width=\"131\">20.9<\/td>\n<td style=\"text-align: center;\" width=\"76\">22.7<\/td>\n<td style=\"text-align: center;\" width=\"77\">23<\/td>\n<td style=\"text-align: center;\" colspan=\"2\" width=\"183\">25.0\u00a0\u00a0\u00a0\u00a0\u00a0\u00a0\u00a0\u00a0\u00a0\u00a0\u00a0 27.3<\/td>\n<\/tr>\n<tr>\n<td style=\"text-align: center;\" width=\"274\">\u00a0 Peak Output Apparent Power [VA]<\/td>\n<td style=\"text-align: center;\" colspan=\"7\" width=\"646\">L+N+PE, 220,230,240\/180\uff5e280<\/td>\n<td style=\"text-align: center;\" width=\"82\"><\/td>\n<\/tr>\n<tr>\n<td style=\"text-align: center;\" width=\"274\">\u00a0\u00a0 Rated AC Voltage\/Range [V]<\/td>\n<td style=\"text-align: center;\" width=\"86\">3600,60s<\/td>\n<td style=\"text-align: center;\" width=\"90\">4416,60s<\/td>\n<td style=\"text-align: center;\" width=\"82\">4800,60s<\/td>\n<td style=\"text-align: center;\" width=\"131\">\u00a0 5520,60s<\/td>\n<td style=\"text-align: center;\" width=\"76\">\u00a06000,60s<\/td>\n<td style=\"text-align: center;\" width=\"77\">\u00a06000,60s<\/td>\n<td style=\"text-align: center;\" width=\"101\">7200,60s<\/td>\n<td style=\"text-align: center;\" width=\"82\">7200,60s<\/td>\n<\/tr>\n<tr>\n<td style=\"text-align: center;\" width=\"274\">\u00a0 Rated Output Frequency\/Range [Hz]<\/td>\n<td style=\"text-align: center;\" colspan=\"8\" width=\"728\">50,60\/45\uff5e55,55\uff5e65<\/td>\n<\/tr>\n<tr>\n<td style=\"text-align: center;\" width=\"274\">\u00a0 Output THDv(@Linear Load)<\/td>\n<td style=\"text-align: center;\" colspan=\"8\" width=\"728\">&lt;3%<\/td>\n<\/tr>\n<tr>\n<td style=\"text-align: center;\" colspan=\"9\" width=\"1002\">\u00a0 Efficiency<\/td>\n<\/tr>\n<tr>\n<td style=\"text-align: center;\" width=\"274\">\u00a0 Max.Efficiency<\/td>\n<td style=\"text-align: center;\" colspan=\"8\" width=\"728\">\u00a0 97.6%<\/td>\n<\/tr>\n<tr>\n<td style=\"text-align: center;\" width=\"274\">\u00a0 Euro Efficiency<\/td>\n<td style=\"text-align: center;\" colspan=\"8\" width=\"728\">97.0%<\/td>\n<\/tr>\n<tr>\n<td style=\"text-align: center;\" colspan=\"9\" width=\"1002\">\u00a0 Protection<\/td>\n<\/tr>\n<tr>\n<td style=\"text-align: center;\" width=\"274\">Battery Input Reverse Polarity Protection<\/td>\n<td style=\"text-align: center;\" colspan=\"8\" width=\"728\">\u00a0 Integrated<\/td>\n<\/tr>\n<tr>\n<td style=\"text-align: center;\" width=\"274\">\u00a0 Over load Protection<\/td>\n<td style=\"text-align: center;\" colspan=\"8\" width=\"728\">\u00a0 Integrated<\/td>\n<\/tr>\n<tr>\n<td style=\"text-align: center;\" width=\"274\">\u00a0 AC Short Circuit Current Protection<\/td>\n<td style=\"text-align: center;\" colspan=\"8\" width=\"728\">\u00a0 Integrated<\/td>\n<\/tr>\n<tr>\n<td style=\"text-align: center;\" width=\"274\">\u00a0 DC Surge Protection<\/td>\n<td style=\"text-align: center;\" colspan=\"8\" width=\"728\">\u00a0 Integrated<\/td>\n<\/tr>\n<tr>\n<td style=\"text-align: center;\" width=\"274\">\u00a0 AC Surge Protection<\/td>\n<td style=\"text-align: center;\" colspan=\"8\" width=\"728\">Integrated<\/td>\n<\/tr>\n<tr>\n<td style=\"text-align: center;\" width=\"274\">\u00a0 Anti-islanding Protection<\/td>\n<td style=\"text-align: center;\" colspan=\"8\" width=\"728\">\u00a0 Integrated<\/td>\n<\/tr>\n<tr>\n<td style=\"text-align: center;\" width=\"274\">\u00a0 AFCI Protection<\/td>\n<td style=\"text-align: center;\" colspan=\"8\" width=\"728\">\u00a0 Optional<\/td>\n<\/tr>\n<tr>\n<td style=\"text-align: center;\" width=\"274\">\u00a0 RSD Protection<\/td>\n<td style=\"text-align: center;\" colspan=\"8\" width=\"728\">\u00a0 Optional<\/td>\n<\/tr>\n<tr>\n<td style=\"text-align: center;\" colspan=\"9\" width=\"1002\">\u00a0 Interface<\/td>\n<\/tr>\n<tr>\n<td style=\"text-align: center;\" width=\"274\">\u00a0 PV Connection<\/td>\n<td style=\"text-align: center;\" colspan=\"8\" width=\"728\">\u00a0 MC4\/D4<\/td>\n<\/tr>\n<tr>\n<td style=\"text-align: center;\" width=\"274\">\u00a0 AC Connection<\/td>\n<td style=\"text-align: center;\" colspan=\"8\" width=\"728\">\u00a0\u00a0 Plug-in connector<\/td>\n<\/tr>\n<tr>\n<td style=\"text-align: center;\" width=\"274\">\u00a0 Battery Connection<\/td>\n<td style=\"text-align: center;\" colspan=\"8\" width=\"728\">\u00a0 Quick connector<\/td>\n<\/tr>\n<tr>\n<td style=\"text-align: center;\" width=\"274\">\u00a0 Display<\/td>\n<td style=\"text-align: center;\" colspan=\"8\" width=\"728\">\u00a0 LED+APP<\/td>\n<\/tr>\n<tr>\n<td style=\"text-align: center;\" width=\"274\">\u00a0 Communication<\/td>\n<td style=\"text-align: center;\" colspan=\"8\" width=\"728\">Wi-Fi\/Ethernet\/4G\u00a0 (Optional)<\/td>\n<\/tr>\n<tr>\n<td style=\"text-align: center;\" colspan=\"9\" width=\"1002\">\u00a0 General\u00a0Parameters<\/td>\n<\/tr>\n<tr>\n<td style=\"text-align: center;\" width=\"274\">\u00a0 Topology<\/td>\n<td style=\"text-align: center;\" colspan=\"8\" width=\"728\">\u00a0 Non-isolated<\/td>\n<\/tr>\n<tr>\n<td style=\"text-align: center;\" width=\"274\">\u00a0 Operating Temperature Range<\/td>\n<td style=\"text-align: center;\" colspan=\"8\" width=\"728\">-10\u2103to+50\u2103(&gt;45\u2103 derating)<\/td>\n<\/tr>\n<tr>\n<td style=\"text-align: center;\" width=\"274\">\u00a0 Cooling Method<\/td>\n<td style=\"text-align: center;\" colspan=\"8\" width=\"728\">Natural Convection<\/td>\n<\/tr>\n<tr>\n<td style=\"text-align: center;\" width=\"274\">\u00a0 Ambient Humidity<\/td>\n<td style=\"text-align: center;\" colspan=\"8\" width=\"728\">0-100%Non-condensing<\/td>\n<\/tr>\n<tr>\n<td style=\"text-align: center;\" width=\"274\">\u00a0 Altitude<\/td>\n<td style=\"text-align: center;\" colspan=\"8\" width=\"728\">4000m(&gt;3000m Power Derating)<\/td>\n<\/tr>\n<tr>\n<td style=\"text-align: center;\" width=\"274\">\u00a0 Noise [dBA]<\/td>\n<td style=\"text-align: center;\" colspan=\"8\" width=\"728\">&lt;35<\/td>\n<\/tr>\n<tr>\n<td style=\"text-align: center;\" width=\"274\">\u00a0 Ingress Protection<\/td>\n<td style=\"text-align: center;\" colspan=\"8\" width=\"728\">IP65<\/td>\n<\/tr>\n<tr>\n<td style=\"text-align: center;\" width=\"274\">\u00a0 Dimensions [H*W*D][mm]<\/td>\n<td style=\"text-align: center;\" colspan=\"8\" width=\"728\">354*626*365<\/td>\n<\/tr>\n<tr>\n<td style=\"text-align: center;\" width=\"274\">\u00a0 Weight\u00a0 [kg]<\/td>\n<td style=\"text-align: center;\" colspan=\"8\" width=\"728\">25<\/td>\n<\/tr>\n<tr>\n<td style=\"text-align: center;\" width=\"274\">\u00a0\u00a0\u00a0 Warranty [Year]<\/td>\n<td style=\"text-align: center;\" colspan=\"8\" width=\"728\">5\/10\/15\/20<\/td>\n<\/tr>\n<tr>\n<td style=\"text-align: center;\" rowspan=\"2\" width=\"274\">\u00a0 Standard<\/td>\n<td style=\"text-align: center;\" colspan=\"8\" rowspan=\"2\" width=\"728\">EN 62109-1\/2,EN 61000-6-2\/4,EN 50438,EN 50549,C10\/11,IEC 62116,EC 61727,RD 1699,RD 413,UNE 206 006,<br \/>\nUNE 206007,NTS,CEI 0-16,CEI 0-21,AS 4777.2 NBR 16149,NBR 16150VDE-AR-N 4105,VDE 01 26-1-1<\/td>\n<\/tr>\n<\/tbody>\n<\/table>\n","protected":false},"excerpt":{"rendered":"<p><span style=\"font-family: 'arial black', sans-serif; font-size: 14pt;\"><strong>Serie EP2 \u2013 ESS modular monof\u00e1sico todo en uno (3\u20136kW)<\/strong><\/span><\/p>\n<p>La serie EP2 ofrece una soluci\u00f3n de almacenamiento de energ\u00eda monof\u00e1sica totalmente integrada que oscila entre 3 y 6 kW, combinando un inversor h\u00edbrido, BMS y LiFePO modular. \u2084  bater\u00edas en un elegante sistema plug-and-play. Dise\u00f1ado con protecci\u00f3n IP65, sin cableado externo y control inteligente basado en aplicaciones, est\u00e1 dise\u00f1ado para una instalaci\u00f3n al aire libre sin problemas.<\/p>\n<p>Con una huella compacta y un dise\u00f1o modular, la Serie EP2 es ideal para usuarios residenciales que buscan optimizaci\u00f3n de la energ\u00eda solar, energ\u00eda de respaldo y autonom\u00eda simple y escalable.<\/p>","protected":false},"featured_media":1420,"comment_status":"closed","ping_status":"closed","template":"","meta":[],"product_brand":[],"product_cat":[15],"product_tag":[],"class_list":{"0":"post-1419","1":"product","2":"type-product","3":"status-publish","4":"has-post-thumbnail","6":"product_cat-home-ess","8":"first","9":"instock","10":"shipping-taxable","11":"product-type-simple"},"_links":{"self":[{"href":"https:\/\/www.epotr.com\/es\/wp-json\/wp\/v2\/product\/1419","targetHints":{"allow":["GET"]}}],"collection":[{"href":"https:\/\/www.epotr.com\/es\/wp-json\/wp\/v2\/product"}],"about":[{"href":"https:\/\/www.epotr.com\/es\/wp-json\/wp\/v2\/types\/product"}],"replies":[{"embeddable":true,"href":"https:\/\/www.epotr.com\/es\/wp-json\/wp\/v2\/comments?post=1419"}],"wp:featuredmedia":[{"embeddable":true,"href":"https:\/\/www.epotr.com\/es\/wp-json\/wp\/v2\/media\/1420"}],"wp:attachment":[{"href":"https:\/\/www.epotr.com\/es\/wp-json\/wp\/v2\/media?parent=1419"}],"wp:term":[{"taxonomy":"product_brand","embeddable":true,"href":"https:\/\/www.epotr.com\/es\/wp-json\/wp\/v2\/product_brand?post=1419"},{"taxonomy":"product_cat","embeddable":true,"href":"https:\/\/www.epotr.com\/es\/wp-json\/wp\/v2\/product_cat?post=1419"},{"taxonomy":"product_tag","embeddable":true,"href":"https:\/\/www.epotr.com\/es\/wp-json\/wp\/v2\/product_tag?post=1419"}],"curies":[{"name":"WP","href":"https:\/\/api.w.org\/{rel}","templated":true}]}}