{"id":1410,"date":"2025-06-23T14:29:26","date_gmt":"2025-06-23T06:29:26","guid":{"rendered":"https:\/\/www.epotr.com\/?post_type=product&#038;p=1410"},"modified":"2025-07-16T16:28:01","modified_gmt":"2025-07-16T08:28:01","slug":"three-phase-hv-hybrid-inverter","status":"publish","type":"product","link":"https:\/\/www.epotr.com\/es\/hybrid-inverter\/three-phase-hv-hybrid-inverter\/","title":{"rendered":"Inversor h\u00edbrido-Inversor h\u00edbrido HV trif\u00e1sico | EPOTR"},"content":{"rendered":"<table style=\"border-collapse: collapse; width: 100%; height: 1488px;\">\n<tbody>\n<tr style=\"height: 24px;\">\n<td style=\"width: 100%; height: 24px;\" colspan=\"5\"><strong>Especificaciones t\u00e9cnicas<\/strong><\/td>\n<\/tr>\n<tr style=\"height: 24px;\">\n<td style=\"width: 20.1446%; height: 24px; background-color: #0068b7;\"><strong><span style=\"color: #ffffff;\">entrada fotovoltaica<\/span><\/strong><\/td>\n<td style=\"width: 19.9277%; height: 24px; background-color: #0068b7;\"><strong><span style=\"color: #ffffff;\">Ares 8KHP3<\/span><\/strong><\/td>\n<td style=\"width: 19.9277%; height: 24px; background-color: #0068b7;\"><span style=\"color: #ffffff;\"><strong>Ares 10KH3<\/strong><\/span><\/td>\n<td style=\"width: 20.5061%; height: 24px; background-color: #0068b7;\"><span style=\"color: #ffffff;\"><strong>Ares 12KH3<\/strong><\/span><\/td>\n<td style=\"width: 19.4939%; height: 24px; background-color: #0068b7;\"><span style=\"color: #ffffff;\"><strong>Ares 15KH3<\/strong><\/span><\/td>\n<\/tr>\n<tr style=\"height: 24px;\">\n<td style=\"width: 20.1446%; height: 24px;\">Max.DClnput Potencia<\/td>\n<td style=\"width: 19.9277%; height: 24px;\">12 kW<\/td>\n<td style=\"width: 19.9277%; height: 24px;\">15 kW<\/td>\n<td style=\"width: 20.5061%; height: 24px;\">18 kW<\/td>\n<td style=\"width: 19.4939%; height: 24px;\">22.5kW<\/td>\n<\/tr>\n<tr style=\"height: 24px;\">\n<td style=\"width: 20.1446%; height: 24px;\">Voltaje Max.PV<\/td>\n<td style=\"width: 79.8554%; height: 24px; text-align: center;\" colspan=\"4\">1000V<\/td>\n<\/tr>\n<tr style=\"height: 24px;\">\n<td style=\"width: 20.1446%; height: 24px;\">Voltaje nominal de entrada DC<\/td>\n<td style=\"width: 79.8554%; height: 24px; text-align: center;\" colspan=\"4\">620V<\/td>\n<\/tr>\n<tr style=\"height: 24px;\">\n<td style=\"width: 20.1446%; height: 24px;\">Rango de voltaje de entrada DCInput<\/td>\n<td style=\"width: 79.8554%; height: 24px; text-align: center;\" colspan=\"4\">150-1000V<\/td>\n<\/tr>\n<tr style=\"height: 24px;\">\n<td style=\"width: 20.1446%; height: 24px;\">Rango de tensi\u00f3n MPPT<\/td>\n<td style=\"width: 79.8554%; height: 24px; text-align: center;\" colspan=\"4\">150-850V<\/td>\n<\/tr>\n<tr style=\"height: 24px;\">\n<td style=\"width: 20.1446%; height: 24px;\">Gama MPPT completa<\/td>\n<td style=\"width: 19.9277%; height: 24px;\">300-850V<\/td>\n<td style=\"width: 19.9277%; height: 24px;\">500-850V<\/td>\n<td style=\"width: 20.5061%; height: 24px;\">500-850V<\/td>\n<td style=\"width: 19.4939%; height: 24px;\">500-850V<\/td>\n<\/tr>\n<tr style=\"height: 24px;\">\n<td style=\"width: 20.1446%; height: 24px;\">Voltaje de arranque<\/td>\n<td style=\"width: 79.8554%; height: 24px; text-align: center;\" colspan=\"4\">160V<\/td>\n<\/tr>\n<tr style=\"height: 24px;\">\n<td style=\"width: 20.1446%; height: 24px;\">Corriente de entrada Max.DC<\/td>\n<td style=\"width: 19.9277%; height: 24px;\"><\/td>\n<td style=\"width: 19.9277%; height: 24px;\">20\u00d72A<\/td>\n<td style=\"width: 20.5061%; height: 24px;\"><\/td>\n<td style=\"width: 19.4939%; height: 24px;\">20+32<\/td>\n<\/tr>\n<tr style=\"height: 24px;\">\n<td style=\"width: 20.1446%; height: 24px;\">Corriente Max.Short<\/td>\n<td style=\"width: 19.9277%; height: 24px;\"><\/td>\n<td style=\"width: 19.9277%; height: 24px;\">30x2A<\/td>\n<td style=\"width: 20.5061%; height: 24px;\"><\/td>\n<td style=\"width: 19.4939%; height: 24px;\">30+48<\/td>\n<\/tr>\n<tr style=\"height: 24px;\">\n<td style=\"width: 20.1446%; height: 24px;\">Corriente de entrada Max.DC<\/td>\n<td style=\"width: 19.9277%; height: 24px;\"><\/td>\n<td style=\"width: 19.9277%; height: 24px;\">2\/2<\/td>\n<td style=\"width: 20.5061%; height: 24px;\"><\/td>\n<td style=\"width: 19.4939%; height: 24px;\">2\/3<\/td>\n<\/tr>\n<tr style=\"height: 24px;\">\n<td style=\"width: 20.1446%; height: 24px;\">Corriente de entrada Max.DC<\/td>\n<td style=\"width: 19.9277%; height: 24px;\"><\/td>\n<td style=\"width: 19.9277%; height: 24px;\">20\u00d72A<\/td>\n<td style=\"width: 20.5061%; height: 24px;\"><\/td>\n<td style=\"width: 19.4939%; height: 24px;\">20+32<\/td>\n<\/tr>\n<tr style=\"height: 24px;\">\n<td style=\"width: 100%; height: 24px; background-color: #0068b7;\" colspan=\"5\"><span style=\"color: #ffffff;\"><strong>Puerto de bater\u00eda<\/strong><\/span><\/td>\n<\/tr>\n<tr style=\"height: 24px;\">\n<td style=\"width: 20.1446%; height: 24px;\">Voltaje nominal de la bater\u00eda<\/td>\n<td style=\"width: 19.9277%; height: 24px;\">200 V<\/td>\n<td style=\"width: 19.9277%; height: 24px;\">400 V<\/td>\n<td style=\"width: 20.5061%; height: 24px;\">450V<\/td>\n<td style=\"width: 19.4939%; height: 24px;\">500V<\/td>\n<\/tr>\n<tr style=\"height: 24px;\">\n<td style=\"width: 20.1446%; height: 24px;\">Rango de voltaje de la bater\u00eda<\/td>\n<td style=\"width: 19.9277%; height: 24px;\">80-600V<\/td>\n<td style=\"width: 19.9277%; height: 24px;\">150-800V<\/td>\n<td style=\"width: 20.5061%; height: 24px;\">150-800V<\/td>\n<td style=\"width: 19.4939%; height: 24px;\">150-800V<\/td>\n<\/tr>\n<tr style=\"height: 24px;\">\n<td style=\"width: 20.1446%; height: 24px;\">Corriente de carga\/descarga m\u00e1xima<\/td>\n<td style=\"width: 19.9277%; height: 24px;\">50A<\/td>\n<td style=\"width: 19.9277%; height: 24px;\">30A<\/td>\n<td style=\"width: 20.5061%; height: 24px;\">30A<\/td>\n<td style=\"width: 19.4939%; height: 24px;\">50A<\/td>\n<\/tr>\n<tr style=\"height: 24px;\">\n<td style=\"width: 20.1446%; height: 24px;\">Potencia de carga\/descarga m\u00e1xima<\/td>\n<td style=\"width: 19.9277%; height: 24px;\">8KW<\/td>\n<td style=\"width: 19.9277%; height: 24px;\">10KW<\/td>\n<td style=\"width: 20.5061%; height: 24px;\">12KW<\/td>\n<td style=\"width: 19.4939%; height: 24px;\">15 KW<\/td>\n<\/tr>\n<tr style=\"height: 24px;\">\n<td style=\"width: 20.1446%; height: 24px;\">Curva de carga<\/td>\n<td style=\"width: 79.8554%; height: 24px; text-align: center;\" colspan=\"4\">3 Etapas<\/td>\n<\/tr>\n<tr style=\"height: 24px;\">\n<td style=\"width: 20.1446%; height: 24px;\">Tipo de bater\u00eda compatible<\/td>\n<td style=\"width: 79.8554%; height: 24px; text-align: center;\" colspan=\"4\">Bater\u00eda de iones de litio<\/td>\n<\/tr>\n<tr style=\"height: 24px;\">\n<td style=\"width: 100%; height: 24px; background-color: #0068b7;\" colspan=\"5\"><span style=\"color: #ffffff;\"><strong>AC Grid<\/strong><\/span><\/td>\n<\/tr>\n<tr style=\"height: 24px;\">\n<td style=\"width: 20.1446%; height: 24px;\">Potencia nominal de salida de CA<\/td>\n<td style=\"width: 19.9277%; height: 24px;\">8 kW<\/td>\n<td style=\"width: 19.9277%; height: 24px;\">10 kW<\/td>\n<td style=\"width: 20.5061%; height: 24px;\">12 kW<\/td>\n<td style=\"width: 19.4939%; height: 24px;\">15 kW<\/td>\n<\/tr>\n<tr style=\"height: 24px;\">\n<td style=\"width: 20.1446%; height: 24px;\">Max.ACPotencia de entrada\/salida<\/td>\n<td style=\"width: 19.9277%; height: 24px;\">12\/8.8kVA<\/td>\n<td style=\"width: 19.9277%; height: 24px;\">15 \/ 11 kVA<\/td>\n<td style=\"width: 20.5061%; height: 24px;\">18\/13.2kVA<\/td>\n<td style=\"width: 19.4939%; height: 24px;\">22.5\/16.5kVA<\/td>\n<\/tr>\n<tr style=\"height: 24px;\">\n<td style=\"width: 20.1446%; height: 24px;\">Corriente de salida Max.AC<\/td>\n<td style=\"width: 19.9277%; height: 24px;\">13.5A<\/td>\n<td style=\"width: 19.9277%; height: 24px;\">17A<\/td>\n<td style=\"width: 20.5061%; height: 24px;\">21.5A<\/td>\n<td style=\"width: 19.4939%; height: 24px;\">27A<\/td>\n<\/tr>\n<tr style=\"height: 24px;\">\n<td style=\"width: 20.1446%; height: 24px;\">Voltaje AC nominal<\/td>\n<td style=\"width: 79.8554%; height: 24px; text-align: center;\" colspan=\"4\">230\/400V<\/td>\n<\/tr>\n<tr style=\"height: 24px;\">\n<td style=\"width: 20.1446%; height: 24px;\">Frecuencia nominal de CA<\/td>\n<td style=\"width: 79.8554%; height: 24px; text-align: center;\" colspan=\"4\">50\/60Hz<\/td>\n<\/tr>\n<tr style=\"height: 24px;\">\n<td style=\"width: 20.1446%; height: 24px;\">Factor de potencia<\/td>\n<td style=\"width: 79.8554%; height: 24px; text-align: center;\" colspan=\"4\">1(-0.8-0.8)<\/td>\n<\/tr>\n<tr style=\"height: 24px;\">\n<td style=\"width: 20.1446%; height: 24px;\">THD actual<\/td>\n<td style=\"width: 79.8554%; height: 24px; text-align: center;\" colspan=\"4\">&amp; lt; 3.<\/td>\n<\/tr>\n<tr style=\"height: 24px;\">\n<td style=\"width: 100%; height: 24px; background-color: #0068b7;\" colspan=\"5\"><span style=\"color: #ffffff;\"><strong>Salida de carga de CA (respaldo)<\/strong><\/span><\/td>\n<\/tr>\n<tr style=\"height: 24px;\">\n<td style=\"width: 20.1446%; height: 24px;\">Potencia de salida nominal<\/td>\n<td style=\"width: 19.9277%; height: 24px;\">8000VA<\/td>\n<td style=\"width: 19.9277%; height: 24px;\">10000VA<\/td>\n<td style=\"width: 20.5061%; height: 24px;\">12000VA<\/td>\n<td style=\"width: 19.4939%; height: 24px;\">15000VA<\/td>\n<\/tr>\n<tr style=\"height: 24px;\">\n<td style=\"width: 20.1446%; height: 24px;\">Voltaje de salida nominal<\/td>\n<td style=\"width: 79.8554%; height: 24px; text-align: center;\" colspan=\"4\">230\/400V<\/td>\n<\/tr>\n<tr style=\"height: 24px;\">\n<td style=\"width: 20.1446%; height: 24px;\">Frecuencia de salida nominal<\/td>\n<td style=\"width: 79.8554%; height: 24px; text-align: center;\" colspan=\"4\">50\/60Hz<\/td>\n<\/tr>\n<tr style=\"height: 24px;\">\n<td style=\"width: 20.1446%; height: 24px;\">Corriente de salida nominal<\/td>\n<td style=\"width: 19.9277%; height: 24px;\">11,6 A<\/td>\n<td style=\"width: 19.9277%; height: 24px;\">14.5A<\/td>\n<td style=\"width: 20.5061%; height: 24px;\">17.4A<\/td>\n<td style=\"width: 19.4939%; height: 24px;\">21.8A<\/td>\n<\/tr>\n<tr style=\"height: 24px;\">\n<td style=\"width: 20.1446%; height: 24px;\">Potencia de salida m\u00e1xima<\/td>\n<td style=\"width: 19.9277%; height: 24px;\">8800VA, 60s<\/td>\n<td style=\"width: 19.9277%; height: 24px;\">11000VA, 60s<\/td>\n<td style=\"width: 20.5061%; height: 24px;\">13200VA, 60s<\/td>\n<td style=\"width: 19.4939%; height: 24px;\">16500VA, 60s<\/td>\n<\/tr>\n<tr style=\"height: 24px;\">\n<td style=\"width: 20.1446%; height: 24px;\">THDV (con carga lineal)<\/td>\n<td style=\"width: 79.8554%; height: 24px; text-align: center;\" colspan=\"4\">&amp; lt; 3.<\/td>\n<\/tr>\n<tr style=\"height: 24px;\">\n<td style=\"width: 20.1446%; height: 24px;\">Tiempo de conmutaci\u00f3n<\/td>\n<td style=\"width: 79.8554%; height: 24px; text-align: center;\" colspan=\"4\">&lt; 10 ms<\/td>\n<\/tr>\n<tr style=\"height: 24px;\">\n<td style=\"width: 100%; height: 24px; background-color: #0068b7;\" colspan=\"5\"><span style=\"color: #ffffff;\"><strong>Eficiencia<\/strong><\/span><\/td>\n<\/tr>\n<tr style=\"height: 24px;\">\n<td style=\"width: 20.1446%; height: 24px;\">Europa Eficiencia<\/td>\n<td style=\"width: 79.8554%; height: 24px; text-align: center;\" colspan=\"4\">97.50%<\/td>\n<\/tr>\n<tr style=\"height: 24px;\">\n<td style=\"width: 20.1446%; height: 24px;\">Max.Efficiency<\/td>\n<td style=\"width: 19.9277%; height: 24px;\">98.20%<\/td>\n<td style=\"width: 19.9277%; height: 24px;\">98.20%<\/td>\n<td style=\"width: 20.5061%; height: 24px;\">98.30%<\/td>\n<td style=\"width: 19.4939%; height: 24px;\">98.30%<\/td>\n<\/tr>\n<tr style=\"height: 24px;\">\n<td style=\"width: 20.1446%; height: 24px;\">Eficiencia de carga\/descarga de la bater\u00eda<\/td>\n<td style=\"width: 79.8554%; height: 24px; text-align: center;\" colspan=\"4\">98.00%<\/td>\n<\/tr>\n<tr style=\"height: 24px;\">\n<td style=\"width: 100%; height: 24px; background-color: #0068b7;\" colspan=\"5\"><span style=\"color: #ffffff;\"><strong>Protecci\u00f3n<\/strong><\/span><\/td>\n<\/tr>\n<tr style=\"height: 24px;\">\n<td style=\"width: 20.1446%; height: 24px;\">Protecci\u00f3n contra polaridad inversa<\/td>\n<td style=\"width: 79.8554%; height: 24px; text-align: center;\" colspan=\"4\">S\u00ed. S\u00ed.<\/td>\n<\/tr>\n<tr style=\"height: 24px;\">\n<td style=\"width: 20.1446%; height: 24px;\">Protecci\u00f3n contra sobrecorriente\/voltaje<\/td>\n<td style=\"width: 79.8554%; height: 24px; text-align: center;\" colspan=\"4\">S\u00ed. S\u00ed.<\/td>\n<\/tr>\n<tr style=\"height: 24px;\">\n<td style=\"width: 20.1446%; height: 24px;\">Protecci\u00f3n contra las islas<\/td>\n<td style=\"width: 79.8554%; height: 24px; text-align: center;\" colspan=\"4\">S\u00ed. S\u00ed.<\/td>\n<\/tr>\n<tr style=\"height: 24px;\">\n<td style=\"width: 20.1446%; height: 24px;\">Protecci\u00f3n contra cortocircuitos AC<\/td>\n<td style=\"width: 79.8554%; height: 24px; text-align: center;\" colspan=\"4\">S\u00ed. S\u00ed.<\/td>\n<\/tr>\n<tr style=\"height: 24px;\">\n<td style=\"width: 20.1446%; height: 24px;\">Detecci\u00f3n de corriente de fuga<\/td>\n<td style=\"width: 79.8554%; height: 24px; text-align: center;\" colspan=\"4\">S\u00ed. S\u00ed.<\/td>\n<\/tr>\n<tr style=\"height: 24px;\">\n<td style=\"width: 20.1446%; height: 24px;\">Monitoreo de fallas de tierra<\/td>\n<td style=\"width: 79.8554%; height: 24px; text-align: center;\" colspan=\"4\">S\u00ed. S\u00ed.<\/td>\n<\/tr>\n<tr style=\"height: 24px;\">\n<td style=\"width: 20.1446%; height: 24px;\">Monitoreo de la red<\/td>\n<td style=\"width: 79.8554%; height: 24px; text-align: center;\" colspan=\"4\">S\u00ed. S\u00ed.<\/td>\n<\/tr>\n<tr style=\"height: 24px;\">\n<td style=\"width: 20.1446%; height: 24px;\">Nivel de protecci\u00f3n del recinto<\/td>\n<td style=\"width: 79.8554%; height: 24px; text-align: center;\" colspan=\"4\">IP65<\/td>\n<\/tr>\n<tr style=\"height: 24px;\">\n<td style=\"width: 100%; height: 24px; background-color: #0068b7;\" colspan=\"5\"><span style=\"color: #ffffff;\"><strong>Datos generales<\/strong><\/span><\/td>\n<\/tr>\n<tr style=\"height: 24px;\">\n<td style=\"width: 20.1446%; height: 24px;\">Dimensiones<\/td>\n<td style=\"width: 19.9277%; height: 24px;\">558 \u00d7 535 \u00d7 260 mm<\/td>\n<td style=\"width: 19.9277%; height: 24px;\">370 \u00d7 497 \u00d7 192 mm<\/td>\n<td style=\"width: 20.5061%; height: 24px;\">370 \u00d7 497 \u00d7 192 mm<\/td>\n<td style=\"width: 19.4939%; height: 24px;\">558 \u00d7 535 \u00d7 260 mm<\/td>\n<\/tr>\n<tr style=\"height: 24px;\">\n<td style=\"width: 20.1446%; height: 24px;\">Peso<\/td>\n<td style=\"width: 19.9277%; height: 24px;\">29kg<\/td>\n<td style=\"width: 19.9277%; height: 24px;\">20.8kg<\/td>\n<td style=\"width: 20.5061%; height: 24px;\">20.8kg<\/td>\n<td style=\"width: 19.4939%; height: 24px;\">29kg<\/td>\n<\/tr>\n<tr style=\"height: 24px;\">\n<td style=\"width: 20.1446%; height: 24px;\">Topolog\u00eda<\/td>\n<td style=\"width: 79.8554%; height: 24px; text-align: center;\" colspan=\"4\">sin transformador<\/td>\n<\/tr>\n<tr style=\"height: 24px;\">\n<td style=\"width: 20.1446%; height: 24px;\">Concepto de enfriamiento<\/td>\n<td style=\"width: 79.8554%; height: 24px; text-align: center;\" colspan=\"4\">InteligenteFan<\/td>\n<\/tr>\n<tr style=\"height: 24px;\">\n<td style=\"width: 20.1446%; height: 24px;\">Humedad relativa<\/td>\n<td style=\"width: 79.8554%; height: 24px; text-align: center;\" colspan=\"4\">0-100%<\/td>\n<\/tr>\n<tr style=\"height: 24px;\">\n<td style=\"width: 20.1446%; height: 24px;\">Rango de temperatura de funcionamiento<\/td>\n<td style=\"width: 79.8554%; height: 24px; text-align: center;\" colspan=\"4\">-25 a 60 \u2103<\/td>\n<\/tr>\n<tr style=\"height: 24px;\">\n<td style=\"width: 20.1446%; height: 24px;\">Altitud de operaci\u00f3n<\/td>\n<td style=\"width: 79.8554%; height: 24px; text-align: center;\" colspan=\"4\">&lt; 4000m<\/td>\n<\/tr>\n<tr style=\"height: 24px;\">\n<td style=\"width: 20.1446%; height: 24px;\">Emisi\u00f3n de ruido<\/td>\n<td style=\"width: 79.8554%; height: 24px; text-align: center;\" colspan=\"4\">&amp; lt; 30db<\/td>\n<\/tr>\n<tr style=\"height: 24px;\">\n<td style=\"width: 20.1446%; height: 24px;\">Consumo en espera<\/td>\n<td style=\"width: 79.8554%; height: 24px; text-align: center;\" colspan=\"4\">&lt; 5W<\/td>\n<\/tr>\n<tr style=\"height: 24px;\">\n<td style=\"width: 20.1446%; height: 24px;\">Exposici\u00f3n &amp; Interfaces de comunicaci\u00f3n<\/td>\n<td style=\"width: 79.8554%; height: 24px; text-align: center;\" colspan=\"4\">LCD, led, RS485, CAN, Wi-Fi, GPRS, 4G<\/td>\n<\/tr>\n<tr style=\"height: 24px;\">\n<td style=\"width: 20.1446%; height: 24px;\">Certificaci\u00f3n y Aprobaciones<\/td>\n<td style=\"width: 79.8554%; height: 24px; text-align: center;\" colspan=\"4\">NRS097\u3001G98\/G99\u3001EN50549-1\u3001C10\/C11\u3001AS4777.2\u3001VDE-AR-N4105\u3001VDE0126\u3001IEC62109-1\u3001IEC62109-2<\/td>\n<\/tr>\n<tr style=\"height: 24px;\">\n<td style=\"width: 20.1446%; height: 24px;\">EMC<\/td>\n<td style=\"height: 24px; text-align: center; width: 79.8554%;\" colspan=\"4\">EN61000-6-2, EN61000-6-3<\/td>\n<\/tr>\n<\/tbody>\n<\/table>","protected":false},"excerpt":{"rendered":"<p><span style=\"font-family: 'arial black', sans-serif; font-size: 14pt;\"><strong>Inverter HV h\u00edbrido trif\u00e1sico<\/strong><\/span><br \/>\nDise\u00f1ado para hogares m\u00e1s grandes y uso comercial, el inversor h\u00edbrido HV trif\u00e1sico ofrece un rendimiento robusto con compatibilidad con bater\u00edas de alto voltaje, equilibrio de carga trif\u00e1sico y control de energ\u00eda avanzado para la m\u00e1xima eficiencia y estabilidad.<\/p>","protected":false},"featured_media":1411,"comment_status":"closed","ping_status":"closed","template":"","meta":[],"product_brand":[],"product_cat":[30],"product_tag":[],"class_list":{"0":"post-1410","1":"product","2":"type-product","3":"status-publish","4":"has-post-thumbnail","6":"product_cat-hybrid-inverter","8":"first","9":"instock","10":"shipping-taxable","11":"product-type-simple"},"_links":{"self":[{"href":"https:\/\/www.epotr.com\/es\/wp-json\/wp\/v2\/product\/1410","targetHints":{"allow":["GET"]}}],"collection":[{"href":"https:\/\/www.epotr.com\/es\/wp-json\/wp\/v2\/product"}],"about":[{"href":"https:\/\/www.epotr.com\/es\/wp-json\/wp\/v2\/types\/product"}],"replies":[{"embeddable":true,"href":"https:\/\/www.epotr.com\/es\/wp-json\/wp\/v2\/comments?post=1410"}],"wp:featuredmedia":[{"embeddable":true,"href":"https:\/\/www.epotr.com\/es\/wp-json\/wp\/v2\/media\/1411"}],"wp:attachment":[{"href":"https:\/\/www.epotr.com\/es\/wp-json\/wp\/v2\/media?parent=1410"}],"wp:term":[{"taxonomy":"product_brand","embeddable":true,"href":"https:\/\/www.epotr.com\/es\/wp-json\/wp\/v2\/product_brand?post=1410"},{"taxonomy":"product_cat","embeddable":true,"href":"https:\/\/www.epotr.com\/es\/wp-json\/wp\/v2\/product_cat?post=1410"},{"taxonomy":"product_tag","embeddable":true,"href":"https:\/\/www.epotr.com\/es\/wp-json\/wp\/v2\/product_tag?post=1410"}],"curies":[{"name":"WP","href":"https:\/\/api.w.org\/{rel}","templated":true}]}}