{"id":1408,"date":"2025-06-23T14:15:27","date_gmt":"2025-06-23T06:15:27","guid":{"rendered":"https:\/\/www.epotr.com\/?post_type=product&#038;p=1408"},"modified":"2025-07-17T14:20:27","modified_gmt":"2025-07-17T06:20:27","slug":"single-phase-hv-hibrid-inverter","status":"publish","type":"product","link":"https:\/\/www.epotr.com\/es\/hybrid-inverter\/single-phase-hv-hibrid-inverter\/","title":{"rendered":"Inversor h\u00edbrido-Inversor h\u00edbrido HV monof\u00e1sico | EPOTR"},"content":{"rendered":"<table style=\"width: 80.6191%; height: 2598px;\" width=\"281\">\n<tbody>\n<tr>\n<td style=\"width: 26.8509%; text-align: center;\" width=\"128\">PVInput<\/td>\n<td style=\"width: 42.152%; text-align: center;\" width=\"40\">Ares 3.6KL<\/td>\n<td style=\"text-align: center;\" width=\"49\">Ares 5KL<\/td>\n<td style=\"width: 78.0715%; text-align: center;\" width=\"64\">Ares 6KL<\/td>\n<\/tr>\n<tr>\n<td style=\"width: 26.8509%; text-align: center;\" width=\"128\">Potencia Max.Input<\/td>\n<td style=\"width: 42.152%; text-align: center;\" width=\"40\">5.4kW<\/td>\n<td style=\"width: 0.985222%; text-align: center;\" width=\"49\">\u00a07.5kW<\/td>\n<td style=\"width: 78.0715%; text-align: center;\" width=\"64\">9.0kW<\/td>\n<\/tr>\n<tr>\n<td style=\"width: 26.8509%; text-align: center;\" width=\"128\">Voltaje Max.PV<\/td>\n<td style=\"width: 121.209%; text-align: center;\" colspan=\"3\" width=\"153\">550V<\/td>\n<\/tr>\n<tr>\n<td style=\"width: 26.8509%; text-align: center;\" width=\"128\">Rango MPPT<\/td>\n<td style=\"width: 121.209%; text-align: center;\" colspan=\"3\" width=\"153\">\u00a0\u00a0\u00a0\u00a0 80-500V<\/td>\n<\/tr>\n<tr>\n<td style=\"width: 26.8509%; text-align: center;\" width=\"128\">Serie mppt de plomo completo<\/td>\n<td style=\"width: 42.152%; text-align: center;\" width=\"40\">110-50DV<\/td>\n<td style=\"width: 0.985222%; text-align: center;\" width=\"49\">150-500V<\/td>\n<td style=\"width: 78.0715%; text-align: center;\" width=\"64\">170-500V<\/td>\n<\/tr>\n<tr>\n<td style=\"width: 26.8509%; text-align: center;\" width=\"128\">Voltaje normal<\/td>\n<td style=\"width: 121.209%; text-align: center;\" colspan=\"3\" width=\"153\">\u00a0\u00a0\u00a0\u00a0\u00a0\u00a0\u00a0 360V<\/td>\n<\/tr>\n<tr>\n<td style=\"width: 26.8509%; text-align: center;\" width=\"128\">Voltaje de arranque<\/td>\n<td style=\"width: 121.209%; text-align: center;\" colspan=\"3\" width=\"153\">100V<\/td>\n<\/tr>\n<tr>\n<td style=\"width: 26.8509%; text-align: center;\" width=\"128\">Corriente Max.Input<\/td>\n<td style=\"width: 121.209%; text-align: center;\" colspan=\"3\" width=\"153\">\u00a0\u00a0\u00a0\u00a0 18,5 \u00d7 2A<\/td>\n<\/tr>\n<tr>\n<td style=\"width: 26.8509%; text-align: center;\" width=\"128\">Corriente Max.Short<\/td>\n<td style=\"width: 121.209%; text-align: center;\" colspan=\"3\" width=\"153\">26\u00d72A<\/td>\n<\/tr>\n<tr>\n<td style=\"width: 26.8509%; text-align: center;\" width=\"128\">Node MPPTracker\/No. de PVString<\/td>\n<td style=\"width: 121.209%; text-align: center;\" colspan=\"3\" width=\"153\">\u00a0\u00a0\u00a0\u00a0\u00a0\u00a0\u00a0 2\/2<\/td>\n<\/tr>\n<tr>\n<td style=\"width: 148.06%; text-align: center;\" colspan=\"4\" width=\"281\">Puerto de bater\u00eda<\/td>\n<\/tr>\n<tr>\n<td style=\"width: 26.8509%; text-align: center;\" width=\"128\">Potencia de carga\/descarga m\u00e1xima<\/td>\n<td style=\"width: 42.152%; text-align: center;\" width=\"40\">3.6kw<\/td>\n<td style=\"width: 0.985222%; text-align: center;\" width=\"49\">\u00a048kw<\/td>\n<td style=\"width: 78.0715%; text-align: center;\" width=\"64\">\u00a048kw<\/td>\n<\/tr>\n<tr>\n<td style=\"width: 26.8509%; text-align: center;\" width=\"128\">Corriente de carga\/descarga m\u00e1xima<\/td>\n<td style=\"width: 121.209%; text-align: center;\" colspan=\"3\" width=\"153\">8DA<\/td>\n<\/tr>\n<tr>\n<td style=\"width: 26.8509%; text-align: center;\" width=\"128\">Bater\u00eda NormalVoltaje<\/td>\n<td style=\"width: 121.209%; text-align: center;\" colspan=\"3\" width=\"153\">\u00a0\u00a0\u00a0\u00a0\u00a0\u00a0\u00a0 51.2V<\/td>\n<\/tr>\n<tr>\n<td style=\"width: 26.8509%; text-align: center;\" width=\"128\">Rango de voltaje de la bater\u00eda<\/td>\n<td style=\"width: 121.209%; text-align: center;\" colspan=\"3\" width=\"153\">40-60V<\/td>\n<\/tr>\n<tr>\n<td style=\"width: 26.8509%; text-align: center;\" width=\"128\">Tipo de bater\u00eda<\/td>\n<td style=\"width: 121.209%; text-align: center;\" colspan=\"3\" width=\"153\">\u00a0\u00a0\u00a0 Li-ion\/plomo-\u00e1cido, etc.<\/td>\n<\/tr>\n<tr>\n<td style=\"width: 148.06%; text-align: center;\" colspan=\"4\" width=\"281\">\u00a0\u00a0\u00a0\u00a0\u00a0\u00a0\u00a0\u00a0\u00a0\u00a0\u00a0\u00a0\u00a0\u00a0\u00a0\u00a0\u00a0\u00a0\u00a0\u00a0\u00a0\u00a0\u00a0\u00a0\u00a0\u00a0\u00a0\u00a0 AC Grid<\/td>\n<\/tr>\n<tr>\n<td style=\"width: 26.8509%; text-align: center;\" width=\"128\">Corriente continua m\u00e1xima<\/td>\n<td style=\"width: 42.152%; text-align: center;\" width=\"40\">17.0A<\/td>\n<td style=\"width: 0.985222%; text-align: center;\" width=\"49\">23.0A<\/td>\n<td style=\"width: 78.0715%; text-align: center;\" width=\"64\">28.0A<\/td>\n<\/tr>\n<tr>\n<td style=\"width: 26.8509%; text-align: center;\" width=\"128\">Potencia continua m\u00e1xima<\/td>\n<td style=\"width: 42.152%; text-align: center;\" width=\"40\">3.6kVA<\/td>\n<td style=\"width: 0.985222%; text-align: center;\" width=\"49\">\u00a0\u00a0\u00a0\u00a0 5.0kva indica arrastre \"6.0kva<\/td>\n<td style=\"width: 78.0715%; text-align: center;\" width=\"64\">6.0KVA<\/td>\n<\/tr>\n<tr>\n<td style=\"width: 26.8509%; text-align: center;\" width=\"128\">\u00a0\u00a0\u00a0\u00a0\u00a0 Corriente de red nominal<\/td>\n<td style=\"width: 42.152%; text-align: center;\" width=\"40\">16.4\/15.7A<\/td>\n<td style=\"width: 0.985222%; text-align: center;\" width=\"49\">22.8\/21.8A<\/td>\n<td style=\"width: 78.0715%; text-align: center;\" width=\"64\">27.3\/26.1A<\/td>\n<\/tr>\n<tr>\n<td style=\"width: 26.8509%; text-align: center;\" width=\"128\">\u00a0\u00a0\u00a0\u00a0\u00a0 Voltaje nominal de la red<\/td>\n<td style=\"width: 121.209%; text-align: center;\" colspan=\"3\" width=\"153\">198 para 242@220 207 para 253@230V<\/td>\n<\/tr>\n<tr>\n<td style=\"width: 26.8509%; text-align: center;\" width=\"128\">Frecuencia nominal de la red<\/td>\n<td style=\"width: 121.209%; text-align: center;\" colspan=\"3\" width=\"153\">\u00a0\u00a0\u00a0\u00a0 50\/60Hz<\/td>\n<\/tr>\n<tr>\n<td style=\"width: 26.8509%; text-align: center;\" width=\"128\">Factor de potencia<\/td>\n<td style=\"width: 121.209%; text-align: center;\" colspan=\"3\" width=\"153\">0,999 (ajustable de 0,8 sobreexcitado a 0,8 subexcitado)<\/td>\n<\/tr>\n<tr>\n<td style=\"width: 26.8509%; text-align: center;\" width=\"128\">THD actual<\/td>\n<td style=\"width: 121.209%; text-align: center;\" colspan=\"3\" width=\"153\">\u00a0\u00a0\u00a0 &amp; lt; 3.<\/td>\n<\/tr>\n<tr>\n<td style=\"width: 148.06%; text-align: center;\" colspan=\"4\" width=\"281\">Salida de carga de CA<\/td>\n<\/tr>\n<tr>\n<td style=\"width: 26.8509%; text-align: center;\" width=\"128\">Corriente continua m\u00e1xima<\/td>\n<td style=\"width: 42.152%; text-align: center;\" width=\"40\">17.0A<\/td>\n<td style=\"width: 0.985222%; text-align: center;\" width=\"49\">23.0A<\/td>\n<td style=\"width: 78.0715%; text-align: center;\" width=\"64\">28.0A<\/td>\n<\/tr>\n<tr>\n<td style=\"width: 26.8509%; text-align: center;\" width=\"128\">Potencia continua m\u00e1xima<\/td>\n<td style=\"width: 42.152%; text-align: center;\" width=\"40\">3.6kVA<\/td>\n<td style=\"width: 0.985222%; text-align: center;\" width=\"49\">5.0KVA<\/td>\n<td style=\"width: 78.0715%; text-align: center;\" width=\"64\">6.0KVA<\/td>\n<\/tr>\n<tr>\n<td style=\"width: 26.8509%; text-align: center;\" width=\"128\">M\u00e1xima corriente de pico (10min)<\/td>\n<td style=\"width: 42.152%; text-align: center;\" width=\"40\">24.6\/23.5A<\/td>\n<td style=\"width: 0.985222%; text-align: center;\" width=\"49\">34.1\/32.7A<\/td>\n<td style=\"width: 78.0715%; text-align: center;\" width=\"64\">41.0\/39.2A<\/td>\n<\/tr>\n<tr>\n<td style=\"width: 26.8509%; text-align: center;\" width=\"128\">Potencia m\u00e1xima de pico (10min)<\/td>\n<td style=\"width: 42.152%; text-align: center;\" width=\"40\">5.4KVA<\/td>\n<td style=\"width: 0.985222%; text-align: center;\" width=\"49\">7.5kVA<\/td>\n<td style=\"width: 78.0715%; text-align: center;\" width=\"64\">9.0KVA<\/td>\n<\/tr>\n<tr>\n<td style=\"width: 26.8509%; text-align: center;\" width=\"128\">Corriente AC nominal<\/td>\n<td style=\"width: 42.152%; text-align: center;\" width=\"40\">16.4\/15.7A<\/td>\n<td style=\"width: 0.985222%; text-align: center;\" width=\"49\">\u00a022.8\/21.8A<\/td>\n<td style=\"width: 78.0715%; text-align: center;\" width=\"64\">27.3\/26.1A<\/td>\n<\/tr>\n<tr>\n<td style=\"width: 26.8509%; text-align: center;\" width=\"128\">Voltaje AC nominalL-N<\/td>\n<td style=\"width: 121.209%; text-align: center;\" colspan=\"3\" width=\"153\">\u00a0 220\/230V<\/td>\n<\/tr>\n<tr>\n<td style=\"width: 26.8509%; text-align: center;\" width=\"128\">NominalFrecuencia AC<\/td>\n<td style=\"width: 121.209%; text-align: center;\" colspan=\"3\" width=\"153\">\u00a0\u00a0 50\/60Hz<\/td>\n<\/tr>\n<tr>\n<td style=\"width: 26.8509%; text-align: center;\" width=\"128\">Tiempo de conmutaci\u00f3n<\/td>\n<td style=\"width: 121.209%; text-align: center;\" colspan=\"3\" width=\"153\">sin costuras<\/td>\n<\/tr>\n<tr>\n<td style=\"width: 26.8509%; text-align: center;\" width=\"128\">Voltaje THD<\/td>\n<td style=\"width: 121.209%; text-align: center;\" colspan=\"3\" width=\"153\">\u00a0\u00a0\u00a0 &amp; lt; 3.<\/td>\n<\/tr>\n<tr>\n<td style=\"width: 148.06%; text-align: center;\" colspan=\"4\" width=\"281\">Eficiencia<\/td>\n<\/tr>\n<tr>\n<td style=\"width: 26.8509%; text-align: center;\" width=\"128\">Eficiencia CEC<\/td>\n<td style=\"width: 121.209%; text-align: center;\" colspan=\"3\" width=\"153\">\u00a0\u00a0\u00a0\u00a0\u00a0\u00a0\u00a0 97.0%<\/td>\n<\/tr>\n<tr>\n<td style=\"width: 26.8509%; text-align: center;\" width=\"128\">Max.Efficiency<\/td>\n<td style=\"width: 121.209%; text-align: center;\" colspan=\"3\" width=\"153\">97.6%<\/td>\n<\/tr>\n<tr>\n<td style=\"width: 26.8509%; text-align: center;\" width=\"128\">\u00a0\u00a0\u00a0\u00a0\u00a0\u00a0\u00a0 PV a Bat. Eficiencia<\/td>\n<td style=\"width: 121.209%; text-align: center;\" colspan=\"3\" width=\"153\">\u00a0\u00a0\u00a0\u00a0\u00a0\u00a0\u00a0 98.1%<\/td>\n<\/tr>\n<tr>\n<td style=\"width: 26.8509%; text-align: center;\" width=\"128\">Bat.between Eficiencia de CA<\/td>\n<td style=\"width: 121.209%; text-align: center;\" colspan=\"3\" width=\"153\">96.8%<\/td>\n<\/tr>\n<tr>\n<td style=\"width: 148.06%; text-align: center;\" colspan=\"4\" width=\"281\">\u00a0\u00a0\u00a0\u00a0\u00a0\u00a0\u00a0\u00a0\u00a0\u00a0\u00a0\u00a0\u00a0\u00a0\u00a0\u00a0\u00a0\u00a0\u00a0\u00a0\u00a0\u00a0\u00a0\u00a0\u00a0 Protecci\u00f3n<\/td>\n<\/tr>\n<tr>\n<td style=\"width: 26.8509%; text-align: center;\" width=\"128\">\u00a0\u00a0\u00a0\u00a0\u00a0\u00a0\u00a0 Protecci\u00f3n de polaridad inversa PV<\/td>\n<td style=\"width: 121.209%; text-align: center;\" colspan=\"3\" width=\"153\">\u00a0\u00a0\u00a0\u00a0\u00a0\u00a0\u00a0 S\u00ed. S\u00ed.<\/td>\n<\/tr>\n<tr>\n<td style=\"width: 26.8509%; text-align: center;\" width=\"128\">\u00a0\u00a0\u00a0\u00a0\u00a0 Protecci\u00f3n contra sobrecorriente\/voltaje<\/td>\n<td style=\"width: 121.209%; text-align: center;\" colspan=\"3\" width=\"153\">S\u00ed. S\u00ed.<\/td>\n<\/tr>\n<tr>\n<td style=\"width: 26.8509%; text-align: center;\" width=\"128\">Protecci\u00f3n anti-slanding<\/td>\n<td style=\"width: 121.209%; text-align: center;\" colspan=\"3\" width=\"153\">\u00a0\u00a0\u00a0\u00a0\u00a0\u00a0\u00a0 S\u00ed. S\u00ed.<\/td>\n<\/tr>\n<tr>\n<td style=\"width: 26.8509%; text-align: center;\" width=\"128\">Protecci\u00f3n contra cortocircuitos de CA<\/td>\n<td style=\"width: 121.209%; text-align: center;\" colspan=\"3\" width=\"153\">\u00a0\u00a0\u00a0\u00a0\u00a0\u00a0\u00a0\u00a0\u00a0\u00a0\u00a0\u00a0\u00a0\u00a0\u00a0\u00a0\u00a0\u00a0\u00a0\u00a0\u00a0\u00a0\u00a0\u00a0\u00a0\u00a0\u00a0\u00a0\u00a0\u00a0\u00a0\u00a0\u00a0\u00a0\u00a0\u00a0\u00a0\u00a0\u00a0\u00a0\u00a0\u00a0\u00a0\u00a0\u00a0\u00a0\u00a0\u00a0\u00a0\u00a0\u00a0\u00a0\u00a0\u00a0\u00a0\u00a0\u00a0\u00a0\u00a0\u00a0\u00a0\u00a0\u00a0\u00a0\u00a0\u00a0\u00a0\u00a0\u00a0\u00a0\u00a0\u00a0\u00a0\u00a0\u00a0\u00a0\u00a0\u00a0\u00a0\u00a0\u00a0\u00a0\u00a0\u00a0\u00a0\u00a0\u00a0\u00a0 S\u00ed. S\u00ed.<\/td>\n<\/tr>\n<tr>\n<td style=\"width: 26.8509%; text-align: center;\" width=\"128\">Detecci\u00f3n de corriente residual<\/td>\n<td style=\"width: 121.209%; text-align: center;\" colspan=\"3\" width=\"153\">\u00a0\u00a0\u00a0\u00a0\u00a0\u00a0\u00a0 S\u00ed. S\u00ed.<\/td>\n<\/tr>\n<tr>\n<td style=\"width: 26.8509%; text-align: center;\" width=\"128\">Monitoreo de fallas de tierra<\/td>\n<td style=\"width: 121.209%; text-align: center;\" colspan=\"3\" width=\"153\">\u00a0\u00a0\u00a0\u00a0\u00a0\u00a0\u00a0\u00a0\u00a0\u00a0\u00a0\u00a0\u00a0\u00a0\u00a0\u00a0\u00a0\u00a0\u00a0\u00a0\u00a0\u00a0\u00a0\u00a0\u00a0\u00a0\u00a0\u00a0\u00a0\u00a0\u00a0\u00a0\u00a0\u00a0\u00a0\u00a0\u00a0\u00a0\u00a0\u00a0\u00a0\u00a0\u00a0\u00a0\u00a0\u00a0\u00a0\u00a0\u00a0\u00a0\u00a0\u00a0\u00a0\u00a0\u00a0\u00a0\u00a0\u00a0\u00a0\u00a0\u00a0\u00a0\u00a0\u00a0\u00a0\u00a0\u00a0\u00a0\u00a0\u00a0\u00a0\u00a0\u00a0\u00a0\u00a0\u00a0\u00a0\u00a0\u00a0\u00a0\u00a0\u00a0\u00a0\u00a0\u00a0\u00a0\u00a0\u00a0 S\u00ed. S\u00ed.<\/td>\n<\/tr>\n<tr>\n<td style=\"width: 26.8509%; text-align: center;\" width=\"128\">Detecci\u00f3n de resistencia de aislamiento<\/td>\n<td style=\"width: 121.209%; text-align: center;\" colspan=\"3\" width=\"153\">\u00a0\u00a0\u00a0\u00a0\u00a0\u00a0\u00a0 S\u00ed. S\u00ed.<\/td>\n<\/tr>\n<tr>\n<td style=\"width: 26.8509%; text-align: center;\" width=\"128\">Detecci\u00f3n de arco fotovoltaico<\/td>\n<td style=\"width: 121.209%; text-align: center;\" colspan=\"3\" width=\"153\">\u00a0\u00a0\u00a0\u00a0\u00a0\u00a0\u00a0\u00a0\u00a0\u00a0\u00a0\u00a0\u00a0\u00a0\u00a0\u00a0\u00a0\u00a0\u00a0\u00a0\u00a0\u00a0\u00a0\u00a0\u00a0\u00a0\u00a0\u00a0\u00a0\u00a0\u00a0\u00a0\u00a0\u00a0\u00a0\u00a0\u00a0\u00a0\u00a0\u00a0\u00a0\u00a0\u00a0\u00a0\u00a0\u00a0\u00a0\u00a0\u00a0\u00a0\u00a0\u00a0\u00a0\u00a0\u00a0\u00a0\u00a0\u00a0\u00a0\u00a0\u00a0\u00a0\u00a0\u00a0\u00a0\u00a0\u00a0\u00a0\u00a0\u00a0\u00a0\u00a0\u00a0\u00a0\u00a0\u00a0\u00a0\u00a0\u00a0\u00a0\u00a0\u00a0\u00a0\u00a0\u00a0\u00a0\u00a0\u00a0 S\u00ed. S\u00ed.<\/td>\n<\/tr>\n<tr>\n<td style=\"width: 26.8509%; text-align: center;\" width=\"128\">Nivel de protecci\u00f3n del recinto<\/td>\n<td style=\"width: 121.209%; text-align: center;\" colspan=\"3\" width=\"153\">IP65 \/ NEMA4X<\/td>\n<\/tr>\n<tr>\n<td style=\"width: 148.06%; text-align: center;\" colspan=\"4\" width=\"281\">Datos generales<\/td>\n<\/tr>\n<tr>\n<td style=\"width: 26.8509%; text-align: center;\" width=\"128\">Dimensiones<\/td>\n<td style=\"width: 121.209%; text-align: center;\" colspan=\"3\" width=\"153\">\u00a0\u00a0\u00a0\u00a0\u00a0\u00a0\u00a0\u00a0 370 \u00d7 535 \u00d7 192 mm<\/td>\n<\/tr>\n<tr>\n<td style=\"width: 26.8509%; text-align: center;\" width=\"128\">Peso<\/td>\n<td style=\"width: 42.152%; text-align: center;\" width=\"40\">18.5kg<\/td>\n<td style=\"width: 79.0567%; text-align: center;\" colspan=\"2\" width=\"113\">20.5kg<\/td>\n<\/tr>\n<tr>\n<td style=\"width: 26.8509%; text-align: center;\" width=\"128\">\u00a0\u00a0\u00a0\u00a0\u00a0\u00a0 Topolog\u00eda<\/td>\n<td style=\"width: 121.209%; text-align: center;\" colspan=\"3\" width=\"153\">\u00a0\u00a0\u00a0\u00a0\u00a0\u00a0\u00a0 sin transformadores<\/td>\n<\/tr>\n<tr>\n<td style=\"width: 26.8509%; text-align: center;\" width=\"128\">\u00a0\u00a0\u00a0\u00a0\u00a0\u00a0 Refrigeraci\u00f3n<\/td>\n<td style=\"width: 121.209%; text-align: center;\" colspan=\"3\" width=\"153\">ventilador inteligente<\/td>\n<\/tr>\n<tr>\n<td style=\"width: 26.8509%; text-align: center;\" width=\"128\">\u00a0\u00a0\u00a0\u00a0\u00a0\u00a0\u00a0 Humedad relativa<\/td>\n<td style=\"width: 121.209%; text-align: center;\" colspan=\"3\" width=\"153\">\u00a0\u00a0\u00a0\u00a0 0-100%<\/td>\n<\/tr>\n<tr>\n<td style=\"width: 26.8509%; text-align: center;\" width=\"128\">\u00a0\u00a0\u00a0\u00a0\u00a0\u00a0\u00a0 Rango de temperatura de funcionamiento<\/td>\n<td style=\"width: 121.209%; text-align: center;\" colspan=\"3\" width=\"153\">-25 a 60 \u2103<\/td>\n<\/tr>\n<tr>\n<td style=\"width: 26.8509%; text-align: center;\" width=\"128\">\u00a0\u00a0\u00a0\u00a0\u00a0\u00a0\u00a0 Alitud operativa<\/td>\n<td style=\"width: 121.209%; text-align: center;\" colspan=\"3\" width=\"153\">\u00a0\u00a0\u00a0\u00a0 c4000m<\/td>\n<\/tr>\n<tr>\n<td style=\"width: 26.8509%; text-align: center;\" width=\"128\">Emisi\u00f3n de ruido<\/td>\n<td style=\"width: 121.209%; text-align: center;\" colspan=\"3\" width=\"153\">&amp; lt; 25db<\/td>\n<\/tr>\n<tr>\n<td style=\"width: 26.8509%; text-align: center;\" width=\"128\">Consumo en espera<\/td>\n<td style=\"width: 121.209%; text-align: center;\" colspan=\"3\" width=\"153\">\u00a0\u00a0\u00a0\u00a0\u00a0\u00a0\u00a0 &lt; 10W<\/td>\n<\/tr>\n<tr>\n<td style=\"width: 26.8509%; text-align: center;\" width=\"128\">\u00a0\u00a0\u00a0\u00a0\u00a0\u00a0 Montaje<\/td>\n<td style=\"width: 121.209%; text-align: center;\" colspan=\"3\" width=\"153\">Soporte de pared<\/td>\n<\/tr>\n<tr>\n<td style=\"width: 26.8509%; text-align: center;\" width=\"128\">Comunicaci\u00f3n con RSD<\/td>\n<td style=\"width: 121.209%; text-align: center;\" colspan=\"3\" width=\"153\">\u00a0\u00a0\u00a0\u00a0 SUNSPEC<\/td>\n<\/tr>\n<tr>\n<td style=\"width: 26.8509%; text-align: center;\" width=\"128\">Exposici\u00f3n &amp; Interfaces de comunicaci\u00f3n<\/td>\n<td style=\"width: 121.209%; text-align: center;\" colspan=\"3\" width=\"153\">LCD, led, R54B5, CAN, Wi-Fi, GPRS, 4G<\/td>\n<\/tr>\n<tr>\n<td style=\"width: 26.8509%; text-align: center;\" width=\"128\">Certificaci\u00f3n &amp; amp; Aprobaciones<\/td>\n<td style=\"width: 121.209%; text-align: center;\" colspan=\"3\" width=\"153\">NR5097\u3001G98\/G99\u3001EN50549-1\u3001C10\/C11\u3001A54777.2\u3001VDE-AR-N4105\u3001VDE0126\u3001IEC62109-1\u3001IEC62109-2<\/td>\n<\/tr>\n<tr>\n<td style=\"width: 26.8509%; text-align: center;\" width=\"128\">EMC<\/td>\n<td style=\"width: 121.209%; text-align: center;\" colspan=\"3\" width=\"153\">EN61000-6-2, EN61000-6-3<\/td>\n<\/tr>\n<\/tbody>\n<\/table>","protected":false},"excerpt":{"rendered":"<p><span style=\"font-family: 'arial black', sans-serif; font-size: 14pt;\"><strong>Inverter HV h\u00edbrido monof\u00e1sico<\/strong><\/span><br \/>\nConfiable y eficiente, nuestro inversor h\u00edbrido HV monof\u00e1sico est\u00e1 dise\u00f1ado para aplicaciones residenciales. Soporta sistemas de bater\u00edas de alto voltaje, interacci\u00f3n sin problemas con la red y gesti\u00f3n inteligente de energ\u00eda para un autoconsumo \u00f3ptimo y energ\u00eda de respaldo.<\/p>","protected":false},"featured_media":1409,"comment_status":"closed","ping_status":"closed","template":"","meta":[],"product_brand":[],"product_cat":[30],"product_tag":[],"class_list":{"0":"post-1408","1":"product","2":"type-product","3":"status-publish","4":"has-post-thumbnail","6":"product_cat-hybrid-inverter","8":"first","9":"instock","10":"shipping-taxable","11":"product-type-simple"},"_links":{"self":[{"href":"https:\/\/www.epotr.com\/es\/wp-json\/wp\/v2\/product\/1408","targetHints":{"allow":["GET"]}}],"collection":[{"href":"https:\/\/www.epotr.com\/es\/wp-json\/wp\/v2\/product"}],"about":[{"href":"https:\/\/www.epotr.com\/es\/wp-json\/wp\/v2\/types\/product"}],"replies":[{"embeddable":true,"href":"https:\/\/www.epotr.com\/es\/wp-json\/wp\/v2\/comments?post=1408"}],"wp:featuredmedia":[{"embeddable":true,"href":"https:\/\/www.epotr.com\/es\/wp-json\/wp\/v2\/media\/1409"}],"wp:attachment":[{"href":"https:\/\/www.epotr.com\/es\/wp-json\/wp\/v2\/media?parent=1408"}],"wp:term":[{"taxonomy":"product_brand","embeddable":true,"href":"https:\/\/www.epotr.com\/es\/wp-json\/wp\/v2\/product_brand?post=1408"},{"taxonomy":"product_cat","embeddable":true,"href":"https:\/\/www.epotr.com\/es\/wp-json\/wp\/v2\/product_cat?post=1408"},{"taxonomy":"product_tag","embeddable":true,"href":"https:\/\/www.epotr.com\/es\/wp-json\/wp\/v2\/product_tag?post=1408"}],"curies":[{"name":"WP","href":"https:\/\/api.w.org\/{rel}","templated":true}]}}