{"id":1406,"date":"2025-06-23T14:02:45","date_gmt":"2025-06-23T06:02:45","guid":{"rendered":"https:\/\/www.epotr.com\/?post_type=product&#038;p=1406"},"modified":"2025-07-17T11:30:18","modified_gmt":"2025-07-17T03:30:18","slug":"lv-hybrid-inverter","status":"publish","type":"product","link":"https:\/\/www.epotr.com\/es\/hybrid-inverter\/lv-hybrid-inverter\/","title":{"rendered":"Inversor h\u00edbrido-LV Inversor h\u00edbrido | EPOTR"},"content":{"rendered":"<table style=\"width: 98.8316%; height: 1985px;\" width=\"962\">\n<tbody>\n<tr>\n<td style=\"text-align: center;\" colspan=\"7\" width=\"962\">DC\u00a0Input<\/td>\n<\/tr>\n<tr>\n<td style=\"text-align: center;\" width=\"269\">Max.PV Array Power [Wp]@STC<\/td>\n<td style=\"text-align: center;\" width=\"126\">10000<\/td>\n<td style=\"text-align: center;\" width=\"88\">12000<\/td>\n<td style=\"text-align: center;\" width=\"166\">15200<\/td>\n<td style=\"text-align: center;\" width=\"79\">16000<\/td>\n<td style=\"text-align: center;\" width=\"134\">20000<\/td>\n<td style=\"text-align: center;\" width=\"99\">24000<\/td>\n<\/tr>\n<tr>\n<td style=\"text-align: center;\" width=\"269\">Max.DC Voltage [V]<\/td>\n<td style=\"text-align: center;\" colspan=\"6\" width=\"692\">500<\/td>\n<\/tr>\n<tr>\n<td style=\"text-align: center;\" width=\"269\">MPPT Voltage Range [V]<\/td>\n<td style=\"text-align: center;\" colspan=\"6\" width=\"692\">90\uff5e480<\/td>\n<\/tr>\n<tr>\n<td style=\"text-align: center;\" width=\"269\">Rated DC Voltage [V]<\/td>\n<td style=\"text-align: center;\" colspan=\"6\" width=\"692\">360<\/td>\n<\/tr>\n<tr>\n<td style=\"text-align: center;\" width=\"269\">Start Voltage [V]<\/td>\n<td style=\"text-align: center;\" colspan=\"6\" width=\"692\">80<\/td>\n<\/tr>\n<tr>\n<td style=\"text-align: center;\" width=\"269\">Max.DCInput Current [A]<\/td>\n<td style=\"text-align: center;\" width=\"126\">20\/20<\/td>\n<td style=\"text-align: center;\" colspan=\"3\" rowspan=\"2\" width=\"333\"><\/td>\n<td style=\"text-align: center;\" colspan=\"2\" width=\"233\">40\/40<\/td>\n<\/tr>\n<tr>\n<td style=\"text-align: center;\" width=\"269\">Max.DC Short Circuit Current [A]<\/td>\n<td style=\"text-align: center;\" width=\"126\">25\/25<\/td>\n<td style=\"text-align: center;\" colspan=\"2\" width=\"233\">50\/50<\/td>\n<\/tr>\n<tr>\n<td style=\"text-align: center;\" width=\"269\">No.of MPPT<\/td>\n<td style=\"text-align: center;\" colspan=\"6\" width=\"692\">2<\/td>\n<\/tr>\n<tr>\n<td style=\"text-align: center;\" colspan=\"7\" width=\"962\">Battery\u00a0Parameters<\/td>\n<\/tr>\n<tr>\n<td style=\"text-align: center;\" colspan=\"3\" width=\"484\">Battery Type<\/td>\n<td style=\"text-align: center;\" colspan=\"4\" width=\"478\">Lead-acid or LiFePO4<\/td>\n<\/tr>\n<tr>\n<td style=\"text-align: center;\" colspan=\"3\" width=\"484\">Battery Voltage Range [V]<\/td>\n<td style=\"text-align: center;\" colspan=\"4\" width=\"478\">40\uff5e60<\/td>\n<\/tr>\n<tr>\n<td style=\"text-align: center;\" width=\"269\">Max.Charging\/Discharging Current [A]<\/td>\n<td style=\"text-align: center;\" width=\"126\">100<\/td>\n<td style=\"text-align: center;\" width=\"88\">120<\/td>\n<td style=\"text-align: center;\" width=\"166\">190<\/td>\n<td style=\"text-align: center;\" width=\"79\">190<\/td>\n<td style=\"text-align: center;\" width=\"134\">240<\/td>\n<td style=\"text-align: center;\" width=\"99\">240<\/td>\n<\/tr>\n<tr>\n<td style=\"text-align: center;\" colspan=\"7\" width=\"962\">AC Output [On-grid]<\/td>\n<\/tr>\n<tr>\n<td style=\"text-align: center;\" width=\"269\">Rated AC Power [W]<\/td>\n<td style=\"text-align: center;\" width=\"126\">5000<\/td>\n<td style=\"text-align: center;\" width=\"88\">6000<\/td>\n<td style=\"text-align: center;\" width=\"166\">7600<\/td>\n<td style=\"text-align: center;\" width=\"79\">8000<\/td>\n<td style=\"text-align: center;\" colspan=\"2\" width=\"233\">10000\u00a0\u00a0\u00a0\u00a0\u00a0\u00a0\u00a0\u00a0\u00a0\u00a0\u00a0\u00a0 12000<\/td>\n<\/tr>\n<tr>\n<td style=\"text-align: center;\" width=\"269\">Max.Apparent Power [VA]<\/td>\n<td style=\"text-align: center;\" colspan=\"2\" width=\"214\">5500\u00a0\u00a0\u00a0\u00a0\u00a0\u00a0\u00a0\u00a0\u00a0\u00a0\u00a0\u00a0\u00a0 6600<\/td>\n<td style=\"text-align: center;\" width=\"166\">8360<\/td>\n<td style=\"text-align: center;\" width=\"79\">8800<\/td>\n<td style=\"text-align: center;\" width=\"134\">10000<\/td>\n<td style=\"text-align: center;\" width=\"99\">12000<\/td>\n<\/tr>\n<tr>\n<td style=\"text-align: center;\" width=\"269\">Rated Output Current [A]@230Vac<\/td>\n<td style=\"text-align: center;\" colspan=\"2\" width=\"214\">21.8\u00a0\u00a0\u00a0\u00a0\u00a0\u00a0\u00a0\u00a0\u00a0\u00a0\u00a0\u00a0\u00a0\u00a0 26<\/td>\n<td style=\"text-align: center;\" width=\"166\">33<\/td>\n<td style=\"text-align: center;\" width=\"79\">34.8<\/td>\n<td style=\"text-align: center;\" width=\"134\">43.5<\/td>\n<td style=\"text-align: center;\" width=\"99\">52.2<\/td>\n<\/tr>\n<tr>\n<td style=\"text-align: center;\" width=\"269\">Max.Output Current [A]<\/td>\n<td style=\"text-align: center;\" width=\"126\">25<\/td>\n<td style=\"text-align: center;\" width=\"88\">30<\/td>\n<td style=\"text-align: center;\" width=\"166\">38<\/td>\n<td style=\"text-align: center;\" width=\"79\">40<\/td>\n<td style=\"text-align: center;\" width=\"134\">45.5<\/td>\n<td style=\"text-align: center;\" width=\"99\">54.6<\/td>\n<\/tr>\n<tr>\n<td style=\"text-align: center;\" width=\"269\">Rated AC Voltage\/Range [V]<\/td>\n<td style=\"text-align: center;\" colspan=\"6\" width=\"692\">L+N+PE,220,230,240\/180\uff5e280<\/td>\n<\/tr>\n<tr>\n<td style=\"text-align: center;\" width=\"269\">Rated Output Frequency\/Range [Hz]<\/td>\n<td style=\"text-align: center;\" colspan=\"6\" width=\"692\">50,60\/45\uff5e55,55\uff5e65<\/td>\n<\/tr>\n<tr>\n<td style=\"text-align: center;\" width=\"269\">Power Factor [cos \u03c6]<\/td>\n<td style=\"text-align: center;\" colspan=\"6\" width=\"692\">0.8 leading~0.8 lagging<\/td>\n<\/tr>\n<tr>\n<td style=\"text-align: center;\" width=\"269\">Total Harmonic Distortion [THDi]<\/td>\n<td style=\"text-align: center;\" colspan=\"6\" width=\"692\">&lt;3%<\/td>\n<\/tr>\n<tr>\n<td style=\"text-align: center;\" colspan=\"7\" width=\"962\">ACInput [On-grid]<\/td>\n<\/tr>\n<tr>\n<td style=\"text-align: center;\" width=\"269\">Rated AC Voltage\/Range [V]<\/td>\n<td style=\"text-align: center;\" colspan=\"6\" width=\"692\">L+N+PE,220,230,240\/180\uff5e280<\/td>\n<\/tr>\n<tr>\n<td style=\"text-align: center;\" width=\"269\">Rated Input Frequency [Hz]<\/td>\n<td style=\"text-align: center;\" colspan=\"6\" width=\"692\">5,060<\/td>\n<\/tr>\n<tr>\n<td style=\"text-align: center;\" width=\"269\">Max.Input Current [A]@230Vac<\/td>\n<td style=\"text-align: center;\" width=\"126\">50<\/td>\n<td style=\"text-align: center;\" width=\"88\">60<\/td>\n<td style=\"text-align: center;\" width=\"166\">76<\/td>\n<td style=\"text-align: center;\" width=\"79\">80<\/td>\n<td style=\"text-align: center;\" width=\"134\">91<\/td>\n<td style=\"text-align: center;\" width=\"99\">100<\/td>\n<\/tr>\n<tr>\n<td style=\"text-align: center;\" colspan=\"7\" width=\"962\">AC Output [Back-up]<\/td>\n<\/tr>\n<tr>\n<td style=\"text-align: center;\" width=\"269\">Max.Output Power [VA]<\/td>\n<td style=\"text-align: center;\" width=\"126\">5000<\/td>\n<td style=\"text-align: center;\" width=\"88\">6000<\/td>\n<td style=\"text-align: center;\" width=\"166\">7600<\/td>\n<td style=\"text-align: center;\" width=\"79\">8000<\/td>\n<td style=\"text-align: center;\" width=\"134\">10000<\/td>\n<td style=\"text-align: center;\" width=\"99\">12000<\/td>\n<\/tr>\n<tr>\n<td style=\"text-align: center;\" width=\"269\">Max.Output Current [A]<\/td>\n<td style=\"text-align: center;\" width=\"126\">25<\/td>\n<td style=\"text-align: center;\" width=\"88\">30<\/td>\n<td style=\"text-align: center;\" width=\"166\">38<\/td>\n<td style=\"text-align: center;\" width=\"79\">40<\/td>\n<td style=\"text-align: center;\" width=\"134\">45.5<\/td>\n<td style=\"text-align: center;\" width=\"99\">54.6<\/td>\n<\/tr>\n<tr>\n<td style=\"text-align: center;\" width=\"269\">Peak Output Apparent Power [VA]<\/td>\n<td style=\"text-align: center;\" width=\"126\">6000,60s<\/td>\n<td style=\"text-align: center;\" width=\"88\">7200,60s<\/td>\n<td style=\"text-align: center;\" width=\"166\">9120,60s<\/td>\n<td style=\"text-align: center;\" width=\"79\">\u00a0 9600,60s<\/td>\n<td style=\"text-align: center;\" colspan=\"2\" width=\"233\">12000,60s\u00a0\u00a0\u00a0\u00a0\u00a0\u00a0\u00a0\u00a0 13200,60s<\/td>\n<\/tr>\n<tr>\n<td style=\"text-align: center;\" width=\"269\">Rated AC Voltage\/Range [V]<\/td>\n<td style=\"text-align: center;\" colspan=\"6\" width=\"692\">L+N+PE,220,230,240\/180\uff5e280<\/td>\n<\/tr>\n<tr>\n<td style=\"text-align: center;\" width=\"269\">Rated Output Frequency\/Range [Hz]<\/td>\n<td style=\"text-align: center;\" colspan=\"6\" width=\"692\">50,60\/45\uff5e55,55\uff5e65<\/td>\n<\/tr>\n<tr>\n<td style=\"text-align: center;\" width=\"269\">Output THDv(@Linear Load)<\/td>\n<td style=\"text-align: center;\" colspan=\"6\" width=\"692\">&lt;3%<\/td>\n<\/tr>\n<tr>\n<td style=\"text-align: center;\" colspan=\"7\" width=\"962\">Efficiency<\/td>\n<\/tr>\n<tr>\n<td style=\"text-align: center;\" width=\"269\">Max.Efficiency<\/td>\n<td style=\"text-align: center;\" colspan=\"6\" width=\"692\">97.6%<\/td>\n<\/tr>\n<tr>\n<td style=\"text-align: center;\" width=\"269\">Euro Efficiency<\/td>\n<td style=\"text-align: center;\" colspan=\"6\" width=\"692\">97.0%<\/td>\n<\/tr>\n<tr>\n<td style=\"text-align: center;\" colspan=\"7\" width=\"962\">Protection<\/td>\n<\/tr>\n<tr>\n<td style=\"text-align: center;\" width=\"269\">Battery Input Reverse Polarity Protection<\/td>\n<td style=\"text-align: center;\" colspan=\"6\" width=\"692\">Integrated<\/td>\n<\/tr>\n<tr>\n<td style=\"text-align: center;\" width=\"269\">Over load Protection<\/td>\n<td style=\"text-align: center;\" colspan=\"6\" width=\"692\">Integrated<\/td>\n<\/tr>\n<tr>\n<td style=\"text-align: center;\" width=\"269\">AC Short Circuit Current Protection<\/td>\n<td style=\"text-align: center;\" colspan=\"6\" width=\"692\">Integrated<\/td>\n<\/tr>\n<tr>\n<td style=\"text-align: center;\" width=\"269\">DC Surge Protection<\/td>\n<td style=\"text-align: center;\" colspan=\"6\" width=\"692\">Integrated<\/td>\n<\/tr>\n<tr>\n<td style=\"text-align: center;\" width=\"269\">AC Surge Protection<\/td>\n<td style=\"text-align: center;\" colspan=\"6\" width=\"692\">Integrated<\/td>\n<\/tr>\n<tr>\n<td style=\"text-align: center;\" width=\"269\">Anti-islanding Protection<\/td>\n<td style=\"text-align: center;\" colspan=\"6\" width=\"692\">Integrated<\/td>\n<\/tr>\n<tr>\n<td style=\"text-align: center;\" width=\"269\">AFCI Protection<\/td>\n<td style=\"text-align: center;\" colspan=\"6\" width=\"692\">Optional<\/td>\n<\/tr>\n<tr>\n<td style=\"text-align: center;\" width=\"269\">RSD Protection<\/td>\n<td style=\"text-align: center;\" colspan=\"6\" width=\"692\">Optional<\/td>\n<\/tr>\n<tr>\n<td style=\"text-align: center;\" colspan=\"7\" width=\"962\">Interface<\/td>\n<\/tr>\n<tr>\n<td style=\"text-align: center;\" width=\"269\">PV Connection<\/td>\n<td style=\"text-align: center;\" colspan=\"6\" width=\"692\">Terminal Block<\/td>\n<\/tr>\n<tr>\n<td style=\"text-align: center;\" width=\"269\">AC Connection<\/td>\n<td style=\"text-align: center;\" colspan=\"6\" width=\"692\">Terminal Block<\/td>\n<\/tr>\n<tr>\n<td style=\"text-align: center;\" width=\"269\">Battery Connection<\/td>\n<td style=\"text-align: center;\" colspan=\"6\" width=\"692\">Terminal Block<\/td>\n<\/tr>\n<tr>\n<td style=\"text-align: center;\" width=\"269\">Display<\/td>\n<td style=\"text-align: center;\" colspan=\"6\" width=\"692\">LED+APP<\/td>\n<\/tr>\n<tr>\n<td style=\"text-align: center;\" width=\"269\">Communication<\/td>\n<td style=\"text-align: center;\" colspan=\"6\" width=\"692\">Wi-Fi\/Ethernet\/4G(Optional)<\/td>\n<\/tr>\n<tr>\n<td style=\"text-align: center;\" colspan=\"7\" width=\"962\">General\u00a0Parameters<\/td>\n<\/tr>\n<tr>\n<td style=\"text-align: center;\" width=\"269\">Topology<\/td>\n<td style=\"text-align: center;\" colspan=\"6\" width=\"692\">Non-isolated<\/td>\n<\/tr>\n<tr>\n<td style=\"text-align: center;\" width=\"269\">Operating Temperature Range<\/td>\n<td style=\"text-align: center;\" colspan=\"6\" width=\"692\">\u00a0-40\u2103to+60\u2103(50\u2103 to 60\u2103 with derating)<\/td>\n<\/tr>\n<tr>\n<td style=\"text-align: center;\" width=\"269\">Cooling Method<\/td>\n<td style=\"text-align: center;\" colspan=\"6\" width=\"692\">Intelligent Fan cooling<\/td>\n<\/tr>\n<tr>\n<td style=\"text-align: center;\" width=\"269\">Ambient Humidity<\/td>\n<td style=\"text-align: center;\" colspan=\"6\" width=\"692\">0-100%Non-condensing<\/td>\n<\/tr>\n<tr>\n<td style=\"text-align: center;\" width=\"269\">Altitude<\/td>\n<td style=\"text-align: center;\" colspan=\"6\" width=\"692\">4000m(&gt;3000m Power Derating)<\/td>\n<\/tr>\n<tr>\n<td style=\"text-align: center;\" width=\"269\">Noise [dBA]<\/td>\n<td style=\"text-align: center;\" colspan=\"6\" width=\"692\">&lt;50<\/td>\n<\/tr>\n<tr>\n<td style=\"text-align: center;\" width=\"269\">Ingress Protection<\/td>\n<td style=\"text-align: center;\" colspan=\"6\" width=\"692\">IP65<\/td>\n<\/tr>\n<tr>\n<td style=\"text-align: center;\" width=\"269\">Dimensions [H*W*D][mm]<\/td>\n<td style=\"text-align: center;\" colspan=\"6\" width=\"692\">590*380*241<\/td>\n<\/tr>\n<tr>\n<td style=\"text-align: center;\" width=\"269\">Weight [kg]<\/td>\n<td style=\"text-align: center;\" colspan=\"6\" width=\"692\">29<\/td>\n<\/tr>\n<tr>\n<td style=\"text-align: center;\" width=\"269\">Warranty [Year]<\/td>\n<td style=\"text-align: center;\" colspan=\"6\" width=\"692\">5\/10<\/td>\n<\/tr>\n<tr>\n<td style=\"text-align: center;\" rowspan=\"2\" width=\"269\">Standard<\/td>\n<td style=\"text-align: center;\" colspan=\"6\" rowspan=\"2\" width=\"692\">EN 62109-1\/2,EN 61000-6-1\/2\/3\/4,IEC 62116,IEC 61727,IEC62183,PEA&amp;MEA,NBR 16149,NBR 16150,<br \/>\nPORTARIA N 140,515,NRS097<\/td>\n<\/tr>\n<\/tbody>\n<\/table>\n","protected":false},"excerpt":{"rendered":"<h2><strong><b>Serie H2 \u2013 Inversor h\u00edbrido (5\u201312kW)<\/b><\/strong><\/h2>\n<p>La serie H2 soporta sistemas monof\u00e1sicos de 5 a 12 kW con dos MPPT y compatibilidad con bater\u00edas LFP y Plomo-\u00c1cido. Dise\u00f1ado para la integraci\u00f3n de generadores fuera de la red o di\u00e9sel y peque\u00f1as turbinas e\u00f3licas, es ideal para mercados de nivel inicial que buscan un inversor h\u00edbrido rentable, vers\u00e1til y f\u00e1cil de instalar para aplicaciones solares residenciales.<\/p>","protected":false},"featured_media":1407,"comment_status":"closed","ping_status":"closed","template":"","meta":[],"product_brand":[],"product_cat":[30],"product_tag":[],"class_list":{"0":"post-1406","1":"product","2":"type-product","3":"status-publish","4":"has-post-thumbnail","6":"product_cat-hybrid-inverter","8":"first","9":"instock","10":"shipping-taxable","11":"product-type-simple"},"_links":{"self":[{"href":"https:\/\/www.epotr.com\/es\/wp-json\/wp\/v2\/product\/1406","targetHints":{"allow":["GET"]}}],"collection":[{"href":"https:\/\/www.epotr.com\/es\/wp-json\/wp\/v2\/product"}],"about":[{"href":"https:\/\/www.epotr.com\/es\/wp-json\/wp\/v2\/types\/product"}],"replies":[{"embeddable":true,"href":"https:\/\/www.epotr.com\/es\/wp-json\/wp\/v2\/comments?post=1406"}],"wp:featuredmedia":[{"embeddable":true,"href":"https:\/\/www.epotr.com\/es\/wp-json\/wp\/v2\/media\/1407"}],"wp:attachment":[{"href":"https:\/\/www.epotr.com\/es\/wp-json\/wp\/v2\/media?parent=1406"}],"wp:term":[{"taxonomy":"product_brand","embeddable":true,"href":"https:\/\/www.epotr.com\/es\/wp-json\/wp\/v2\/product_brand?post=1406"},{"taxonomy":"product_cat","embeddable":true,"href":"https:\/\/www.epotr.com\/es\/wp-json\/wp\/v2\/product_cat?post=1406"},{"taxonomy":"product_tag","embeddable":true,"href":"https:\/\/www.epotr.com\/es\/wp-json\/wp\/v2\/product_tag?post=1406"}],"curies":[{"name":"WP","href":"https:\/\/api.w.org\/{rel}","templated":true}]}}