{"id":1909,"date":"2025-11-27T14:41:30","date_gmt":"2025-11-27T06:41:30","guid":{"rendered":"https:\/\/www.epotr.com\/?post_type=product&#038;p=1909"},"modified":"2026-01-19T16:03:54","modified_gmt":"2026-01-19T08:03:54","slug":"eph-off-grid-hybrid-inverter","status":"publish","type":"product","link":"https:\/\/www.epotr.com\/de\/off-grid-inverter\/eph-off-grid-hybrid-inverter\/","title":{"rendered":"EPH OFF GRID Hybrid Inverter"},"content":{"rendered":"<table style=\"width: 64.0859%; height: 1035px;\" width=\"931\">\n<tbody>\n<tr style=\"height: 23px;\">\n<td style=\"height: 23px;\" width=\"347\">Modell<\/td>\n<td style=\"height: 23px;\" colspan=\"2\" width=\"296\">EP-H8K5S-48L-NG<\/td>\n<td style=\"height: 23px;\" colspan=\"2\" width=\"288\">EP-H11KS-48L-NG<\/td>\n<\/tr>\n<tr style=\"height: 23px;\">\n<td style=\"height: 23px;\" width=\"347\">Kapazit\u00e4t<\/td>\n<td style=\"height: 23px;\" colspan=\"2\" width=\"296\">8.5KVA\/8.5KW<\/td>\n<td style=\"height: 23px;\" colspan=\"2\" width=\"288\">11qua \/ 11kw<\/td>\n<\/tr>\n<tr style=\"height: 23px;\">\n<td style=\"height: 23px;\" width=\"347\">Maximale PV-Eingangsleistung<\/td>\n<td style=\"height: 23px;\" colspan=\"2\" width=\"296\">10kw<\/td>\n<td style=\"height: 23px;\" colspan=\"2\" width=\"288\">11 KW<\/td>\n<\/tr>\n<tr style=\"height: 23px;\">\n<td style=\"height: 23px;\" width=\"347\">Parallele F\u00e4higkeit<\/td>\n<td style=\"height: 23px;\" colspan=\"2\" width=\"296\">NEIN<\/td>\n<td style=\"height: 23px;\" colspan=\"2\" width=\"288\">NEIN<\/td>\n<\/tr>\n<tr style=\"height: 23px;\">\n<td style=\"height: 23px;\" width=\"347\">Lithiumbatterie Aktivierung<\/td>\n<td style=\"height: 23px;\" colspan=\"4\" width=\"584\">JA (durch PV oder Utility)<\/td>\n<\/tr>\n<tr style=\"height: 23px;\">\n<td style=\"height: 23px;\" width=\"347\">Lithiumbatterie Kommunikation<\/td>\n<td style=\"height: 23px;\" colspan=\"4\" width=\"584\">JA (RS485)<\/td>\n<\/tr>\n<tr style=\"height: 23px;\">\n<td style=\"height: 23px;\" colspan=\"5\" width=\"931\">Eingang<\/td>\n<\/tr>\n<tr style=\"height: 23px;\">\n<td style=\"height: 23px;\" width=\"347\">Nennspannung<\/td>\n<td style=\"height: 23px;\" colspan=\"4\" width=\"584\">230VAC<\/td>\n<\/tr>\n<tr style=\"height: 23px;\">\n<td style=\"height: 23px;\" width=\"347\">Akzeptabeler Spannungsbereich<\/td>\n<td style=\"height: 23px;\" colspan=\"4\" width=\"584\">170-280VAC (f\u00fcr Personal Computer); 90-280VAC (f\u00fcr Haushaltsger\u00e4te)<\/td>\n<\/tr>\n<tr style=\"height: 23px;\">\n<td style=\"height: 23px;\" width=\"347\">Frequenz<\/td>\n<td style=\"height: 23px;\" colspan=\"4\" width=\"584\">50\/60 Hz (automatische Erkennung)<\/td>\n<\/tr>\n<tr style=\"height: 23px;\">\n<td style=\"height: 23px;\" colspan=\"5\" width=\"931\">Ausgang<\/td>\n<\/tr>\n<tr style=\"height: 23px;\">\n<td style=\"height: 23px;\" width=\"347\">Nennspannung<\/td>\n<td style=\"height: 23px;\" colspan=\"4\" width=\"584\">220\/230\/240VAC<\/td>\n<\/tr>\n<tr style=\"height: 23px;\">\n<td style=\"height: 23px;\" width=\"347\">\u00dcberspannungsleistung<\/td>\n<td style=\"height: 23px;\" colspan=\"2\" width=\"296\">17000VA<\/td>\n<td style=\"height: 23px;\" colspan=\"2\" width=\"288\">22000VA<\/td>\n<\/tr>\n<tr style=\"height: 23px;\">\n<td style=\"height: 23px;\" width=\"347\">Frequenz<\/td>\n<td style=\"height: 23px;\" colspan=\"4\" width=\"584\">50\/60 Hz<\/td>\n<\/tr>\n<tr style=\"height: 23px;\">\n<td style=\"height: 23px;\" width=\"347\">Wellenform<\/td>\n<td style=\"height: 23px;\" colspan=\"4\" width=\"584\">Reine Sinuswelle<\/td>\n<\/tr>\n<tr style=\"height: 23px;\">\n<td style=\"height: 23px;\" width=\"347\">Doppelte Ausg\u00e4nge<\/td>\n<td style=\"height: 23px;\" colspan=\"4\" width=\"584\">JA<\/td>\n<\/tr>\n<tr style=\"height: 23px;\">\n<td style=\"height: 23px;\" width=\"347\">\u00dcbertragungszeit<\/td>\n<td style=\"height: 23px;\" colspan=\"4\" width=\"584\">10ms (f\u00fcr Personal Computer); 20ms (f\u00fcr Haushaltsger\u00e4te)<\/td>\n<\/tr>\n<tr style=\"height: 23px;\">\n<td style=\"height: 23px;\" width=\"347\">Spitzeneffizienz<\/td>\n<td style=\"height: 23px;\" colspan=\"4\" width=\"584\">94%<\/td>\n<\/tr>\n<tr style=\"height: 23px;\">\n<td style=\"height: 23px;\" width=\"347\">\u00dcberlastschutz<\/td>\n<td style=\"height: 23px;\" colspan=\"4\" width=\"584\">5s@&gt;  = 140% Last; 10s@110  % bis 140% Last<\/td>\n<\/tr>\n<tr style=\"height: 23px;\">\n<td style=\"height: 23px;\" width=\"347\">Zul\u00e4ssiger Leistungsfaktor<\/td>\n<td style=\"height: 23px;\" colspan=\"4\" width=\"584\">0,6 ~ 1 (induktiv oder kapazitiv)<\/td>\n<\/tr>\n<tr style=\"height: 23px;\">\n<td style=\"height: 23px;\" colspan=\"5\" width=\"931\">BATTERIE<\/td>\n<\/tr>\n<tr style=\"height: 23px;\">\n<td style=\"height: 23px;\" width=\"347\">Batteriespannung<\/td>\n<td style=\"height: 23px;\" colspan=\"2\" width=\"296\">48Vdc<\/td>\n<td style=\"height: 23px;\" colspan=\"2\" width=\"288\">48Vdc<\/td>\n<\/tr>\n<tr style=\"height: 23px;\">\n<td style=\"height: 23px;\" width=\"347\">Maximaler Entladungsstrom<\/td>\n<td style=\"height: 23px;\" colspan=\"2\" width=\"296\">180A<\/td>\n<td style=\"height: 23px;\" colspan=\"2\" width=\"288\">220A<\/td>\n<\/tr>\n<tr style=\"height: 23px;\">\n<td style=\"height: 23px;\" width=\"347\">Schwimmende Ladungsspannung<\/td>\n<td style=\"height: 23px;\" colspan=\"2\" width=\"296\">54 Vdc<\/td>\n<td style=\"height: 23px;\" colspan=\"2\" width=\"288\">54 Vdc<\/td>\n<\/tr>\n<tr style=\"height: 23px;\">\n<td style=\"height: 23px;\" width=\"347\">\u00dcberladungsschutz<\/td>\n<td style=\"height: 23px;\" colspan=\"2\" width=\"296\">63 Vdc<\/td>\n<td style=\"height: 23px;\" colspan=\"2\" width=\"288\">63 Vdc<\/td>\n<\/tr>\n<tr style=\"height: 23px;\">\n<td style=\"height: 23px;\" width=\"347\">Lademethode<\/td>\n<td style=\"height: 23px;\" colspan=\"4\" width=\"584\">CC\/Lebenslauf<\/td>\n<\/tr>\n<tr style=\"height: 23px;\">\n<td style=\"height: 23px;\" colspan=\"5\" width=\"931\">SOLAR LADER &amp; AC-Ladeger\u00e4t<\/td>\n<\/tr>\n<tr style=\"height: 23px;\">\n<td style=\"height: 23px;\" width=\"347\">Solar Ladeger\u00e4t TYP<\/td>\n<td style=\"height: 23px;\" colspan=\"2\" width=\"296\">MPPT<\/td>\n<td style=\"height: 23px;\" colspan=\"2\" width=\"288\">MPPT<\/td>\n<\/tr>\n<tr style=\"height: 23px;\">\n<td style=\"height: 23px;\" width=\"347\">\u00a0Max.PV Array Leistung<\/td>\n<td style=\"height: 23px;\" colspan=\"2\" width=\"296\">5000W * 2<\/td>\n<td style=\"height: 23px;\" colspan=\"2\" width=\"288\">5000W * 2<\/td>\n<\/tr>\n<tr style=\"height: 23px;\">\n<td style=\"height: 23px;\" width=\"347\">Max.PV Array Open Circuit Spannung<\/td>\n<td style=\"height: 23px;\" colspan=\"2\" width=\"296\">500Vdc<\/td>\n<td style=\"height: 23px;\" colspan=\"2\" width=\"288\">500Vdc<\/td>\n<\/tr>\n<tr style=\"height: 23px;\">\n<td style=\"height: 23px;\" width=\"347\">PV-Array MPPT Spannungsbereich<\/td>\n<td style=\"height: 23px;\" colspan=\"2\" width=\"296\">60Vdc bis 500Vdc<\/td>\n<td style=\"height: 23px;\" colspan=\"2\" width=\"288\">60Vdc bis 500Vdc<\/td>\n<\/tr>\n<tr style=\"height: 23px;\">\n<td style=\"height: 23px;\" width=\"347\">Max.Solar Eingangsstrom<\/td>\n<td style=\"height: 23px;\" colspan=\"2\" width=\"296\">18A*2<\/td>\n<td style=\"height: 23px;\" colspan=\"2\" width=\"288\">18A*2<\/td>\n<\/tr>\n<tr style=\"height: 23px;\">\n<td style=\"height: 23px;\" width=\"347\">Max.Solar Ladungsstrom<\/td>\n<td style=\"height: 23px;\" colspan=\"2\" width=\"296\">140A<\/td>\n<td style=\"height: 23px;\" colspan=\"2\" width=\"288\">160A<\/td>\n<\/tr>\n<tr style=\"height: 23px;\">\n<td style=\"height: 23px;\" width=\"347\">Max.AC Ladestrom<\/td>\n<td style=\"height: 23px;\" colspan=\"2\" width=\"296\">120A<\/td>\n<td style=\"height: 23px;\" colspan=\"2\" width=\"288\">120A<\/td>\n<\/tr>\n<tr style=\"height: 23px;\">\n<td style=\"height: 23px;\" width=\"347\">\u00a0Max.Charge Strom<\/td>\n<td style=\"height: 23px;\" colspan=\"2\" width=\"296\">140A<\/td>\n<td style=\"height: 23px;\" colspan=\"2\" width=\"288\">160A<\/td>\n<\/tr>\n<tr style=\"height: 23px;\">\n<td style=\"height: 23px;\" colspan=\"5\" width=\"931\">PHYSISCHE<\/td>\n<\/tr>\n<tr style=\"height: 23px;\">\n<td style=\"height: 23px;\" width=\"347\">Abmessungen, DxWxH (mm)<\/td>\n<td style=\"height: 23px;\" colspan=\"2\" width=\"296\">540x403x122<\/td>\n<td style=\"height: 23px;\" colspan=\"2\" width=\"288\">540x403x122<\/td>\n<\/tr>\n<tr style=\"height: 23px;\">\n<td style=\"height: 23px;\" width=\"347\">Paket Abmessungen, D \u00d7 W \u00d7 H (mm)<\/td>\n<td style=\"height: 23px;\" colspan=\"2\" width=\"296\">637x495x214<\/td>\n<td style=\"height: 23px;\" colspan=\"2\" width=\"288\">637x495x214<\/td>\n<\/tr>\n<tr style=\"height: 23px;\">\n<td style=\"height: 23px;\" width=\"347\">Nettogewicht (kg)<\/td>\n<td style=\"height: 23px;\" colspan=\"2\" width=\"296\">14.5<\/td>\n<td style=\"height: 23px;\" colspan=\"2\" width=\"288\">14.8<\/td>\n<\/tr>\n<tr style=\"height: 23px;\">\n<td style=\"height: 23px;\" width=\"347\">Kommunikationsschnittstelle<\/td>\n<td style=\"height: 23px;\" colspan=\"4\" width=\"584\">RS232\/RS485\/DRY KONTAKT<\/td>\n<\/tr>\n<tr style=\"height: 23px;\">\n<td style=\"height: 23px;\" width=\"347\">LCD-Bildschirm<\/td>\n<td style=\"height: 23px;\" colspan=\"4\" width=\"584\">\u00a0Farbiges Bildschirm RGB Licht<\/td>\n<\/tr>\n<tr style=\"height: 23px;\">\n<td style=\"height: 23px;\" colspan=\"5\" width=\"931\">Umwelt<\/td>\n<\/tr>\n<tr style=\"height: 23px;\">\n<td style=\"height: 23px;\" width=\"347\">Betriebstemperaturbereich<\/td>\n<td style=\"height: 23px;\" colspan=\"4\" width=\"584\">\u00a0-10 \u2103 bis 55 \u2103<\/td>\n<\/tr>\n<tr style=\"height: 23px;\">\n<td style=\"height: 23px;\" width=\"347\">Lagertemperatur<\/td>\n<td style=\"height: 23px;\" colspan=\"4\" width=\"584\">-15\u2103~60\u2103<\/td>\n<\/tr>\n<tr style=\"height: 23px;\">\n<td style=\"height: 23px;\" width=\"347\">Luftfeuchtigkeit<\/td>\n<td style=\"height: 23px;\" colspan=\"4\" width=\"584\">5% bis 95% relative Luftfeuchtigkeit (nicht kondensierend)<\/td>\n<\/tr>\n<\/tbody>\n<\/table>","protected":false},"excerpt":{"rendered":"<p>BRAND NEW DESIGN, Technologisches Design, Zuverl\u00e4ssige Qualit\u00e4t, angemessener Preis<\/p>","protected":false},"featured_media":1910,"comment_status":"closed","ping_status":"closed","template":"","meta":[],"product_brand":[],"product_cat":[30,31],"product_tag":[],"class_list":{"0":"post-1909","1":"product","2":"type-product","3":"status-publish","4":"has-post-thumbnail","6":"product_cat-hybrid-inverter","7":"product_cat-off-grid-inverter","9":"first","10":"instock","11":"shipping-taxable","12":"product-type-simple"},"_links":{"self":[{"href":"https:\/\/www.epotr.com\/de\/wp-json\/wp\/v2\/product\/1909","targetHints":{"allow":["GET"]}}],"collection":[{"href":"https:\/\/www.epotr.com\/de\/wp-json\/wp\/v2\/product"}],"about":[{"href":"https:\/\/www.epotr.com\/de\/wp-json\/wp\/v2\/types\/product"}],"replies":[{"embeddable":true,"href":"https:\/\/www.epotr.com\/de\/wp-json\/wp\/v2\/comments?post=1909"}],"wp:featuredmedia":[{"embeddable":true,"href":"https:\/\/www.epotr.com\/de\/wp-json\/wp\/v2\/media\/1910"}],"wp:attachment":[{"href":"https:\/\/www.epotr.com\/de\/wp-json\/wp\/v2\/media?parent=1909"}],"wp:term":[{"taxonomy":"product_brand","embeddable":true,"href":"https:\/\/www.epotr.com\/de\/wp-json\/wp\/v2\/product_brand?post=1909"},{"taxonomy":"product_cat","embeddable":true,"href":"https:\/\/www.epotr.com\/de\/wp-json\/wp\/v2\/product_cat?post=1909"},{"taxonomy":"product_tag","embeddable":true,"href":"https:\/\/www.epotr.com\/de\/wp-json\/wp\/v2\/product_tag?post=1909"}],"curies":[{"name":"WP","href":"https:\/\/api.w.org\/{rel}","templated":true}]}}