{"id":1670,"date":"2025-08-29T17:14:22","date_gmt":"2025-08-29T09:14:22","guid":{"rendered":"https:\/\/www.epotr.com\/?post_type=product&#038;p=1670"},"modified":"2026-01-19T16:06:31","modified_gmt":"2026-01-19T08:06:31","slug":"eph-series-8-5-11kw-off-grid-inverter","status":"publish","type":"product","link":"https:\/\/www.epotr.com\/de\/home-ess\/eph-series-8-5-11kw-off-grid-inverter\/","title":{"rendered":"EPH-Serie 8,5 \/ 11KW OFF-Grid-Umrichter"},"content":{"rendered":"<table width=\"916\">\n<tbody>\n<tr>\n<td width=\"333\">Modell<\/td>\n<td colspan=\"3\" width=\"294\">EP-H8K5S-48L-NG<\/td>\n<td colspan=\"2\" width=\"288\">EP-H11KS-48L-NG<\/td>\n<\/tr>\n<tr>\n<td width=\"333\">Kapazit\u00e4t<\/td>\n<td colspan=\"3\" width=\"294\">8.5KVA\/8.5KW<\/td>\n<td colspan=\"2\" width=\"288\">11qua \/ 11kw<\/td>\n<\/tr>\n<tr>\n<td width=\"333\">Maximale PV-Eingangsleistung<\/td>\n<td colspan=\"3\" width=\"294\">10kw<\/td>\n<td colspan=\"2\" width=\"288\">11 KW<\/td>\n<\/tr>\n<tr>\n<td width=\"333\">Parallele F\u00e4higkeit<\/td>\n<td colspan=\"3\" width=\"294\">NEIN<\/td>\n<td colspan=\"2\" width=\"288\">NEIN<\/td>\n<\/tr>\n<tr>\n<td width=\"333\">Lithiumbatterie Aktivierung<\/td>\n<td colspan=\"5\" width=\"582\">JA (durch PV oder Utility)<\/td>\n<\/tr>\n<tr>\n<td width=\"333\">Lithiumbatterie Kommunikation<\/td>\n<td colspan=\"5\" width=\"582\">JA (RS485)<\/td>\n<\/tr>\n<tr>\n<td colspan=\"6\" width=\"916\">Eingang<\/td>\n<\/tr>\n<tr>\n<td width=\"333\">Nennspannung<\/td>\n<td colspan=\"5\" width=\"582\">\u00a0\u00a0\u00a0\u00a0\u00a0\u00a0\u00a0230VAC<\/td>\n<\/tr>\n<tr>\n<td width=\"333\">Akzeptabeler Spannungsbereich<\/td>\n<td colspan=\"5\" width=\"582\">170-280VAC (f\u00fcr Personal Computer); 90-280VAC (f\u00fcr Haushaltsger\u00e4te)<\/td>\n<\/tr>\n<tr>\n<td width=\"333\">Frequenz<\/td>\n<td colspan=\"5\" width=\"582\">50\/60 Hz (automatische Erkennung)<\/td>\n<\/tr>\n<tr>\n<td colspan=\"6\" width=\"916\">Ausgang<\/td>\n<\/tr>\n<tr>\n<td width=\"333\">Nennspannung<\/td>\n<td colspan=\"5\" width=\"582\">220\/230\/240VAC<\/td>\n<\/tr>\n<tr>\n<td width=\"333\">\u00dcberspannungsleistung<\/td>\n<td colspan=\"3\" width=\"294\">17000VA<\/td>\n<td colspan=\"2\" width=\"288\">\u00a022000VA<\/td>\n<\/tr>\n<tr>\n<td width=\"333\">Frequenz<\/td>\n<td colspan=\"5\" width=\"582\">50\/60 Hz<\/td>\n<\/tr>\n<tr>\n<td colspan=\"2\" width=\"364\"><\/td>\n<td colspan=\"4\" width=\"552\">Reine Sinuswelle<\/td>\n<\/tr>\n<tr>\n<td colspan=\"2\" width=\"364\">Doppelte Ausg\u00e4nge<\/td>\n<td colspan=\"4\" width=\"552\">JA<\/td>\n<\/tr>\n<tr>\n<td colspan=\"2\" width=\"364\"><\/td>\n<td colspan=\"4\" width=\"552\">10ms (f\u00fcr Personal Computer); 20ms (f\u00fcr Haushaltsger\u00e4te)<\/td>\n<\/tr>\n<tr>\n<td colspan=\"2\" width=\"364\">Spitzeneffizienz<\/td>\n<td colspan=\"4\" width=\"552\">94%<\/td>\n<\/tr>\n<tr>\n<td colspan=\"2\" width=\"364\">\u00dcberlastschutz<\/td>\n<td colspan=\"4\" width=\"552\">5s@&gt;  = 140% Last; 10s@110  % bis 140% Last<\/td>\n<\/tr>\n<tr>\n<td colspan=\"2\" width=\"364\">Zul\u00e4ssiger Leistungsfaktor<\/td>\n<td colspan=\"4\" width=\"552\">0,6 ~ 1 (induktiv oder kapazitiv)<\/td>\n<\/tr>\n<tr>\n<td colspan=\"6\" width=\"916\">BATTERIE<\/td>\n<\/tr>\n<tr>\n<td colspan=\"2\" width=\"364\">Batteriespannung<\/td>\n<td width=\"188\">48Vdc<\/td>\n<td colspan=\"3\" width=\"364\">48Vdc<\/td>\n<\/tr>\n<tr>\n<td colspan=\"2\" width=\"364\">Maximaler Entladungsstrom<\/td>\n<td width=\"188\">180A<\/td>\n<td colspan=\"3\" width=\"364\">220A<\/td>\n<\/tr>\n<tr>\n<td colspan=\"2\" width=\"364\">Schwimmende Ladungsspannung<\/td>\n<td width=\"188\">54 Vdc<\/td>\n<td colspan=\"3\" width=\"364\">54 Vdc<\/td>\n<\/tr>\n<tr>\n<td colspan=\"2\" width=\"364\">\u00dcberladungsschutz<\/td>\n<td width=\"188\">63 Vdc<\/td>\n<td colspan=\"3\" width=\"364\">63 Vdc<\/td>\n<\/tr>\n<tr>\n<td colspan=\"2\" width=\"364\">Lademethode<\/td>\n<td width=\"188\"><\/td>\n<td colspan=\"3\" width=\"364\">\u00a0 CC\/Lebenslauf<\/td>\n<\/tr>\n<tr>\n<td width=\"333\">SOLAR LADER &amp; AC-Ladeger\u00e4t<\/td>\n<td colspan=\"5\" width=\"582\"><\/td>\n<\/tr>\n<tr>\n<td colspan=\"2\" width=\"364\">Solar Ladeger\u00e4t TYP<\/td>\n<td width=\"188\">MPPT<\/td>\n<td colspan=\"3\" width=\"364\">MPPT<\/td>\n<\/tr>\n<tr>\n<td colspan=\"2\" width=\"364\">Max.PV Array Leistung<\/td>\n<td width=\"188\">5000W * 2<\/td>\n<td colspan=\"3\" width=\"364\">5000W * 2<\/td>\n<\/tr>\n<tr>\n<td colspan=\"2\" width=\"364\">Max.PV Array Open Circuit Spannung<\/td>\n<td width=\"188\">500Vdc<\/td>\n<td colspan=\"3\" width=\"364\">500Vdc<\/td>\n<\/tr>\n<tr>\n<td colspan=\"2\" width=\"364\">PV-Array MPPT Spannungsbereich<\/td>\n<td width=\"188\">60Vdc bis 500Vdc<\/td>\n<td colspan=\"3\" width=\"364\">60Vdc bis 500Vdc<\/td>\n<\/tr>\n<tr>\n<td colspan=\"2\" width=\"364\">Max.Solar Eingangsstrom<\/td>\n<td width=\"188\">18A*2<\/td>\n<td colspan=\"3\" width=\"364\">18A*2<\/td>\n<\/tr>\n<tr>\n<td colspan=\"2\" width=\"364\">Max.Solar Ladungsstrom<\/td>\n<td width=\"188\">140A<\/td>\n<td colspan=\"3\" width=\"364\">160A<\/td>\n<\/tr>\n<tr>\n<td colspan=\"2\" width=\"364\">Max.AC Ladestrom<\/td>\n<td width=\"188\">120A<\/td>\n<td colspan=\"3\" width=\"364\">120A<\/td>\n<\/tr>\n<tr>\n<td colspan=\"2\" width=\"364\">Max.Charge Strom<\/td>\n<td width=\"188\">140A<\/td>\n<td colspan=\"3\" width=\"364\">160A<\/td>\n<\/tr>\n<tr>\n<td colspan=\"6\" width=\"916\">PHYSISCHE<\/td>\n<\/tr>\n<tr>\n<td width=\"333\">Abmessungen, DxWxH (mm)<\/td>\n<td colspan=\"5\" width=\"582\">\u00a0 540x403x122<\/td>\n<\/tr>\n<tr>\n<td width=\"333\">Paket Abmessungen, D \u00d7 W \u00d7 H (mm)<\/td>\n<td colspan=\"3\" width=\"294\">637x495x214<\/td>\n<td colspan=\"2\" width=\"288\">637&#215; 495\u00d7214<\/td>\n<\/tr>\n<tr>\n<td width=\"333\">Nettogewicht (kg)<\/td>\n<td colspan=\"3\" width=\"294\">14.5<\/td>\n<td colspan=\"2\" width=\"288\">14.8<\/td>\n<\/tr>\n<tr>\n<td width=\"333\">Kommunikationsschnittstelle<\/td>\n<td colspan=\"5\" width=\"582\">RS232\/RS485\/DRY KONTAKT<\/td>\n<\/tr>\n<tr>\n<td width=\"333\">LCD-Bildschirm<\/td>\n<td colspan=\"5\" width=\"582\">\u00a0 Farbiges Bildschirm RGB Licht<\/td>\n<\/tr>\n<tr>\n<td colspan=\"6\" width=\"916\">Umwelt<\/td>\n<\/tr>\n<tr>\n<td width=\"333\">Betriebstemperaturbereich<\/td>\n<td colspan=\"5\" width=\"582\">\u00a0 -10 \u2103 bis 55 \u2103<\/td>\n<\/tr>\n<tr>\n<td width=\"333\">Lagertemperatur<\/td>\n<td colspan=\"5\" width=\"582\">-15\u2103~60\u2103<\/td>\n<\/tr>\n<tr>\n<td width=\"333\">Luftfeuchtigkeit<\/td>\n<td colspan=\"5\" width=\"582\">5% bis 95% relative Luftfeuchtigkeit (nicht kondensierend)<\/td>\n<\/tr>\n<\/tbody>\n<\/table>","protected":false},"excerpt":{"rendered":"<p>MODEL EP-H8K5S-48L-NG EP-H11KS-48L-NG Capacity 8.5KVA\/8.5KW 11KVA\/11KW Maximum PV Input Power 10KW 11KW Parallel Capability NO NO Lithium Battery Activation YES(By PV or Utility) Lithium Battery Communication YES(RS485) INPUT Nominal Voltage \u00a0\u00a0\u00a0\u00a0\u00a0\u00a0\u00a0230VAC Acceptable Voltage Range 170-280VAC(For\u00a0 personal\u00a0 Computer);90-280VAC(For\u00a0 Home\u00a0 Appliances) Frequency 50\/60 Hz(Auto sensing) OUTPUT Nominal Voltage 220\/230\/240VAC Surge\u00a0 Power 17000VA \u00a022000VA Frequency 50\/60\u00a0 Hz Pure [&hellip;]<\/p>\n","protected":false},"featured_media":2021,"comment_status":"closed","ping_status":"closed","template":"","meta":[],"product_brand":[],"product_cat":[15],"product_tag":[],"class_list":{"0":"post-1670","1":"product","2":"type-product","3":"status-publish","4":"has-post-thumbnail","6":"product_cat-home-ess","8":"first","9":"instock","10":"shipping-taxable","11":"product-type-simple"},"_links":{"self":[{"href":"https:\/\/www.epotr.com\/de\/wp-json\/wp\/v2\/product\/1670","targetHints":{"allow":["GET"]}}],"collection":[{"href":"https:\/\/www.epotr.com\/de\/wp-json\/wp\/v2\/product"}],"about":[{"href":"https:\/\/www.epotr.com\/de\/wp-json\/wp\/v2\/types\/product"}],"replies":[{"embeddable":true,"href":"https:\/\/www.epotr.com\/de\/wp-json\/wp\/v2\/comments?post=1670"}],"wp:featuredmedia":[{"embeddable":true,"href":"https:\/\/www.epotr.com\/de\/wp-json\/wp\/v2\/media\/2021"}],"wp:attachment":[{"href":"https:\/\/www.epotr.com\/de\/wp-json\/wp\/v2\/media?parent=1670"}],"wp:term":[{"taxonomy":"product_brand","embeddable":true,"href":"https:\/\/www.epotr.com\/de\/wp-json\/wp\/v2\/product_brand?post=1670"},{"taxonomy":"product_cat","embeddable":true,"href":"https:\/\/www.epotr.com\/de\/wp-json\/wp\/v2\/product_cat?post=1670"},{"taxonomy":"product_tag","embeddable":true,"href":"https:\/\/www.epotr.com\/de\/wp-json\/wp\/v2\/product_tag?post=1670"}],"curies":[{"name":"WP","href":"https:\/\/api.w.org\/{rel}","templated":true}]}}