{"id":1668,"date":"2025-08-29T17:03:22","date_gmt":"2025-08-29T09:03:22","guid":{"rendered":"https:\/\/www.epotr.com\/?post_type=product&#038;p=1668"},"modified":"2026-01-19T16:07:47","modified_gmt":"2026-01-19T08:07:47","slug":"eph-series-6-2kw-off-grid-inverter","status":"publish","type":"product","link":"https:\/\/www.epotr.com\/de\/home-ess\/eph-series-6-2kw-off-grid-inverter\/","title":{"rendered":"EPH-Serie 6.2KW OFF GRID-Umrichter"},"content":{"rendered":"<table width=\"916\">\n<tbody>\n<tr>\n<td width=\"339\">Lithiumbatterie Kommunikation<\/td>\n<td width=\"576\">JA (RS485)<\/td>\n<\/tr>\n<tr>\n<td width=\"339\">Eingang<\/td>\n<td width=\"576\"><\/td>\n<\/tr>\n<tr>\n<td width=\"339\">Nennspannung<\/td>\n<td width=\"576\">230VAC<\/td>\n<\/tr>\n<tr>\n<td width=\"339\">Akzeptabeler Spannungsbereich<\/td>\n<td width=\"576\">170-280VAC (f\u00fcr Personal Computer); 90-280vac (f\u00fcr Haushaltsger\u00e4te)<\/td>\n<\/tr>\n<tr>\n<td width=\"339\">Frequenz<\/td>\n<td width=\"576\">50\/60 Hz (automatische Erkennung)<\/td>\n<\/tr>\n<tr>\n<td width=\"339\">Ausgang<\/td>\n<td width=\"576\"><\/td>\n<\/tr>\n<tr>\n<td width=\"339\">Nennspannung<\/td>\n<td width=\"576\">\u00a0220\/230VAC \u00b1 5%<\/td>\n<\/tr>\n<tr>\n<td width=\"339\">\u00dcberspannungsleistung<\/td>\n<td width=\"576\">12400VA<\/td>\n<\/tr>\n<tr>\n<td width=\"339\">Frequenz<\/td>\n<td width=\"576\">50\/60Hz<\/td>\n<\/tr>\n<tr>\n<td width=\"339\">Wellenform<\/td>\n<td width=\"576\">Reine Sinuswelle<\/td>\n<\/tr>\n<tr>\n<td width=\"339\">\u00dcbertragungszeit<\/td>\n<td width=\"576\">10ms (f\u00fcr Personal Computer); 20ms (f\u00fcr Haushaltsger\u00e4te)<\/td>\n<\/tr>\n<tr>\n<td width=\"339\">Spitzeneffizienz<\/td>\n<td width=\"576\">94%<\/td>\n<\/tr>\n<tr>\n<td width=\"339\">\u00dcberlastschutz<\/td>\n<td width=\"576\">5s@&gt;  = 140% Last; 10s@110  % bis 140% Last<\/td>\n<\/tr>\n<tr>\n<td width=\"339\">Krestfaktor<\/td>\n<td width=\"576\">3:1<\/td>\n<\/tr>\n<tr>\n<td width=\"339\">Zul\u00e4ssiger Leistungsfaktor<\/td>\n<td width=\"576\">0,6 ~ 1 (induktiv oder kapazitiv)<\/td>\n<\/tr>\n<tr>\n<td width=\"339\">BATTERIE<\/td>\n<td width=\"576\"><\/td>\n<\/tr>\n<tr>\n<td width=\"339\">Batteriespannung<\/td>\n<td width=\"576\">48Vdc<\/td>\n<\/tr>\n<tr>\n<td width=\"339\">Schwimmende Ladungsspannung<\/td>\n<td width=\"576\">54 Vdc<\/td>\n<\/tr>\n<tr>\n<td width=\"339\">\u00dcberladungsschutz<\/td>\n<td width=\"576\">63 Vdc<\/td>\n<\/tr>\n<tr>\n<td width=\"339\">Lademethode<\/td>\n<td width=\"576\">CC\/Lebenslauf<\/td>\n<\/tr>\n<tr>\n<td width=\"339\">SOLAR LADER&amp; AC-Ladeger\u00e4t<\/td>\n<td width=\"576\"><\/td>\n<\/tr>\n<tr>\n<td width=\"339\">Solarlader Typ<\/td>\n<td width=\"576\">MPPT<\/td>\n<\/tr>\n<tr>\n<td width=\"339\">Max.PV Array Leistung<\/td>\n<td width=\"576\">6500W<\/td>\n<\/tr>\n<tr>\n<td width=\"339\">Max.PV Array Open Circuit Spannung<\/td>\n<td width=\"576\">500Vdc<\/td>\n<\/tr>\n<tr>\n<td width=\"339\">PV-Array MPPT Spannungsbereich<\/td>\n<td width=\"576\">60Vdc bis 500Vdc<\/td>\n<\/tr>\n<tr>\n<td width=\"339\">Max.Solar Eingangsstrom<\/td>\n<td width=\"576\">27A<\/td>\n<\/tr>\n<tr>\n<td width=\"339\">Max.Solar Ladungsstrom<\/td>\n<td width=\"576\">120A<\/td>\n<\/tr>\n<tr>\n<td width=\"339\">Max.AC Ladestrom<\/td>\n<td width=\"576\">80A<\/td>\n<\/tr>\n<tr>\n<td width=\"339\">Max.Charge Strom<\/td>\n<td width=\"576\">120A<\/td>\n<\/tr>\n<tr>\n<td width=\"339\">PHYSISCHE<\/td>\n<td width=\"576\"><\/td>\n<\/tr>\n<tr>\n<td colspan=\"2\" width=\"916\">Abmessungen, D \u00d7 W \u00d7 H (mm) 450 * 300 * 130<\/td>\n<\/tr>\n<tr>\n<td width=\"339\">Paket Abmessungen, D \u00d7 W \u00d7 H (mm)<\/td>\n<td width=\"576\">540x390x210<\/td>\n<\/tr>\n<tr>\n<td colspan=\"2\" width=\"916\">Nettogewicht (kg) 12<\/td>\n<\/tr>\n<tr>\n<td width=\"339\">Kommunikationsschnittstelle<\/td>\n<td width=\"576\">RS232 und RS485<\/td>\n<\/tr>\n<tr>\n<td width=\"339\">Umwelt<\/td>\n<td width=\"576\"><\/td>\n<\/tr>\n<tr>\n<td width=\"339\">Betriebstemperaturbereich<\/td>\n<td width=\"576\">\u00a0(-10 \u2103 bis 50 \u2103)<\/td>\n<\/tr>\n<tr>\n<td width=\"339\">Lagertemperatur<\/td>\n<td width=\"576\">(-15\u2103~50\u2103)<\/td>\n<\/tr>\n<tr>\n<td width=\"339\">Luftfeuchtigkeit<\/td>\n<td width=\"576\">\u00a0 5% bis 95% relative Luftfeuchtigkeit (nicht kondensierend)<\/td>\n<\/tr>\n<\/tbody>\n<\/table>","protected":false},"excerpt":{"rendered":"<p>Lithium\u00a0battery\u00a0Communication YES(RS485) INPUT Nominal Voltage 230VAC Acceptable\u00a0 Voltage\u00a0 Range 170-280VAC(For\u00a0 personal\u00a0 Computer);90-280vac(For\u00a0 Home\u00a0 Appliances) Frequency 50\/60\u00a0 Hz(Auto\u00a0 sensing) OUTPUT Nominal Voltage \u00a0220\/230VAC\u00b15% Surge Power 12400VA Frequency 50\/60Hz Waveform Pure Sine wave Transfer Time 10ms(For\u00a0 personal\u00a0 Computer);20ms(For\u00a0 Home\u00a0 Appliances) Peak Efficiency 94% Overload\u00a0\u00a0 Protection 5s@&gt;=140%load;10s@110%~140%load Crest Factor 3:1 Admissible\u00a0 Power\u00a0 Factor 0.6~1(inductive\u00a0 or\u00a0 capacitive) BATTERY Battery\u00a0 [&hellip;]<\/p>\n","protected":false},"featured_media":2021,"comment_status":"closed","ping_status":"closed","template":"","meta":[],"product_brand":[],"product_cat":[15],"product_tag":[],"class_list":{"0":"post-1668","1":"product","2":"type-product","3":"status-publish","4":"has-post-thumbnail","6":"product_cat-home-ess","8":"first","9":"instock","10":"shipping-taxable","11":"product-type-simple"},"_links":{"self":[{"href":"https:\/\/www.epotr.com\/de\/wp-json\/wp\/v2\/product\/1668","targetHints":{"allow":["GET"]}}],"collection":[{"href":"https:\/\/www.epotr.com\/de\/wp-json\/wp\/v2\/product"}],"about":[{"href":"https:\/\/www.epotr.com\/de\/wp-json\/wp\/v2\/types\/product"}],"replies":[{"embeddable":true,"href":"https:\/\/www.epotr.com\/de\/wp-json\/wp\/v2\/comments?post=1668"}],"wp:featuredmedia":[{"embeddable":true,"href":"https:\/\/www.epotr.com\/de\/wp-json\/wp\/v2\/media\/2021"}],"wp:attachment":[{"href":"https:\/\/www.epotr.com\/de\/wp-json\/wp\/v2\/media?parent=1668"}],"wp:term":[{"taxonomy":"product_brand","embeddable":true,"href":"https:\/\/www.epotr.com\/de\/wp-json\/wp\/v2\/product_brand?post=1668"},{"taxonomy":"product_cat","embeddable":true,"href":"https:\/\/www.epotr.com\/de\/wp-json\/wp\/v2\/product_cat?post=1668"},{"taxonomy":"product_tag","embeddable":true,"href":"https:\/\/www.epotr.com\/de\/wp-json\/wp\/v2\/product_tag?post=1668"}],"curies":[{"name":"WP","href":"https:\/\/api.w.org\/{rel}","templated":true}]}}