{"id":1666,"date":"2025-08-29T16:57:56","date_gmt":"2025-08-29T08:57:56","guid":{"rendered":"https:\/\/www.epotr.com\/?post_type=product&#038;p=1666"},"modified":"2026-01-19T16:08:46","modified_gmt":"2026-01-19T08:08:46","slug":"eph-series-230vac-output-off-gird-inverter","status":"publish","type":"product","link":"https:\/\/www.epotr.com\/de\/home-ess\/eph-series-230vac-output-off-gird-inverter\/","title":{"rendered":"EPH-Serie 230Vac Ausgang OFF GIRD INVERTER"},"content":{"rendered":"<table width=\"938\">\n<tbody>\n<tr>\n<td colspan=\"2\" width=\"342\">Modell<\/td>\n<td colspan=\"2\" width=\"185\">EP-H1K5S-24L-NG<\/td>\n<td width=\"201\">EP-H2K5S-24L-NG<\/td>\n<td width=\"209\">EP-H3K5S-24L-NG<\/td>\n<\/tr>\n<tr>\n<td colspan=\"2\" width=\"342\">Kapazit\u00e4t<\/td>\n<td colspan=\"2\" width=\"185\">\u00a0 1.5KVA\/1.5KW<\/td>\n<td width=\"201\">2.5KVA\/2.5KW<\/td>\n<td width=\"209\">\u00a03.5KVA\/3.5KW<\/td>\n<\/tr>\n<tr>\n<td colspan=\"2\" width=\"342\">Parallele F\u00e4higkeit<\/td>\n<td colspan=\"2\" width=\"185\">\u00a0NEIN<\/td>\n<td width=\"201\">NEIN<\/td>\n<td width=\"209\">NEIN<\/td>\n<\/tr>\n<tr>\n<td colspan=\"2\" width=\"342\">Lithiumbatterie Aktivierung<\/td>\n<td colspan=\"4\" width=\"596\">JA (nur durch PV) JA (durch PV oder Utility)<\/td>\n<\/tr>\n<tr>\n<td colspan=\"2\" width=\"342\">Lithiumbatterie Kommunikation<\/td>\n<td colspan=\"4\" width=\"596\">JA (RS485)<\/td>\n<\/tr>\n<tr>\n<td colspan=\"2\" width=\"342\">Eingebautes WIFl<\/td>\n<td colspan=\"2\" width=\"185\"><\/td>\n<td width=\"201\">Optional<\/td>\n<td width=\"209\"><\/td>\n<\/tr>\n<tr>\n<td colspan=\"2\" width=\"342\">Eingang<\/td>\n<td colspan=\"4\" width=\"596\"><\/td>\n<\/tr>\n<tr>\n<td colspan=\"2\" width=\"342\">Nennspannung<\/td>\n<td colspan=\"2\" width=\"185\"><\/td>\n<td width=\"201\">230VAC<\/td>\n<td width=\"209\"><\/td>\n<\/tr>\n<tr>\n<td colspan=\"2\" width=\"342\">Akzeptabeler Spannungsbereich<\/td>\n<td colspan=\"4\" width=\"596\">170-280VAC (f\u00fcr Personal Computer); 90-280vac (f\u00fcr Haushaltsger\u00e4te)<\/td>\n<\/tr>\n<tr>\n<td colspan=\"2\" width=\"342\">Frequenz<\/td>\n<td colspan=\"4\" width=\"596\">50\/60 Hz (automatische Erkennung)<\/td>\n<\/tr>\n<tr>\n<td colspan=\"2\" width=\"342\">Ausgang<\/td>\n<td colspan=\"4\" width=\"596\"><\/td>\n<\/tr>\n<tr>\n<td colspan=\"2\" width=\"342\">Nennspannung<\/td>\n<td colspan=\"4\" width=\"596\">220\/230VAC \u00b1 5%<\/td>\n<\/tr>\n<tr>\n<td colspan=\"2\" width=\"342\">\u00dcberspannungsleistung<\/td>\n<td colspan=\"2\" width=\"185\">3000VA<\/td>\n<td width=\"201\">\u00a05000VA<\/td>\n<td width=\"209\">7000VA<\/td>\n<\/tr>\n<tr>\n<td colspan=\"2\" width=\"342\">Frequenz<\/td>\n<td colspan=\"4\" width=\"596\">50\/60Hz<\/td>\n<\/tr>\n<tr>\n<td colspan=\"2\" width=\"342\">Wellenform<\/td>\n<td colspan=\"4\" width=\"596\">Reine Sinuswelle<\/td>\n<\/tr>\n<tr>\n<td colspan=\"2\" width=\"342\">\u00dcbertragungszeit<\/td>\n<td colspan=\"4\" width=\"596\">10ms (f\u00fcr Personal Computer); 20ms (f\u00fcr Haushaltsger\u00e4te)<\/td>\n<\/tr>\n<tr>\n<td colspan=\"2\" width=\"342\">Spitzeneffizienz (PV bis INV)<\/td>\n<td colspan=\"4\" width=\"596\">96%<\/td>\n<\/tr>\n<tr>\n<td colspan=\"2\" width=\"342\">Spitzeneffizienz (Batterie zu INV)<\/td>\n<td colspan=\"4\" width=\"596\">93%<\/td>\n<\/tr>\n<tr>\n<td colspan=\"2\" width=\"342\">\u00dcberlastschutz<\/td>\n<td colspan=\"4\" width=\"596\">5s@&gt;  = 140% Last; 10s@110  % bis 140% Last<\/td>\n<\/tr>\n<tr>\n<td colspan=\"2\" width=\"342\">Krestfaktor<\/td>\n<td colspan=\"4\" width=\"596\">3:1<\/td>\n<\/tr>\n<tr>\n<td colspan=\"2\" width=\"342\">Zul\u00e4ssiger Leistungsfaktor<\/td>\n<td colspan=\"4\" width=\"596\">0,6 ~ 1 (induktiv oder kapazitiv)<\/td>\n<\/tr>\n<tr>\n<td colspan=\"2\" width=\"342\">BATTERIE<\/td>\n<td colspan=\"4\" width=\"596\"><\/td>\n<\/tr>\n<tr>\n<td colspan=\"2\" width=\"342\">Batteriespannung<\/td>\n<td colspan=\"2\" width=\"185\">24Vdc<\/td>\n<td width=\"201\">24Vdc<\/td>\n<td width=\"209\">24Vdc<\/td>\n<\/tr>\n<tr>\n<td width=\"21\"><\/td>\n<td width=\"321\">Schwimmende Ladungsspannung<\/td>\n<td colspan=\"2\" width=\"185\">27Vdc<\/td>\n<td width=\"201\">27Vdc<\/td>\n<td width=\"209\">27Vdc<\/td>\n<\/tr>\n<tr>\n<td colspan=\"2\" width=\"342\">\u00dcberladungsschutz<\/td>\n<td colspan=\"2\" width=\"185\">33 Vdc<\/td>\n<td width=\"201\">33 Vdc<\/td>\n<td width=\"209\">33 Vdc<\/td>\n<\/tr>\n<tr>\n<td colspan=\"5\" width=\"728\">Lademethode CC\/CV<\/td>\n<td width=\"209\"><\/td>\n<\/tr>\n<tr>\n<td colspan=\"2\" width=\"342\">SOLAR LADER&amp; AC-Ladeger\u00e4t<\/td>\n<td colspan=\"4\" width=\"596\"><\/td>\n<\/tr>\n<tr>\n<td colspan=\"2\" width=\"342\">Solarlader Typ<\/td>\n<td colspan=\"4\" width=\"596\">MPPT<\/td>\n<\/tr>\n<tr>\n<td colspan=\"2\" width=\"342\">Max.PV Array Leistung<\/td>\n<td colspan=\"2\" width=\"185\">2000W<\/td>\n<td width=\"201\">3000W<\/td>\n<td width=\"209\">4000W<\/td>\n<\/tr>\n<tr>\n<td colspan=\"2\" width=\"342\">Max.PV Array Open Circuit Spannung<\/td>\n<td colspan=\"4\" width=\"596\">500VDC<\/td>\n<\/tr>\n<tr>\n<td colspan=\"6\" width=\"938\">PV-Array MPPT Spannungsbereich 60VDC ~ 500VDC<\/td>\n<\/tr>\n<tr>\n<td colspan=\"2\" width=\"342\">Max.Solar Eingangsstrom<\/td>\n<td colspan=\"2\" width=\"185\">15A<\/td>\n<td width=\"201\">15A<\/td>\n<td width=\"209\">15A<\/td>\n<\/tr>\n<tr>\n<td colspan=\"6\" width=\"938\">Max.Solar Ladungsstrom 60A 100A 100A<\/td>\n<\/tr>\n<tr>\n<td colspan=\"2\" width=\"342\">Max.AC Ladestrom<\/td>\n<td colspan=\"2\" width=\"185\">60A<\/td>\n<td width=\"201\">60A<\/td>\n<td width=\"209\">80A<\/td>\n<\/tr>\n<tr>\n<td colspan=\"2\" width=\"342\">Max.Charge Strom (PV AC)<\/td>\n<td colspan=\"2\" width=\"185\">60A<\/td>\n<td width=\"201\">100A<\/td>\n<td width=\"209\">100A<\/td>\n<\/tr>\n<tr>\n<td colspan=\"2\" width=\"342\">PHYSISCHE<\/td>\n<td colspan=\"4\" width=\"596\"><\/td>\n<\/tr>\n<tr>\n<td colspan=\"2\" width=\"342\">Abmessungen, D\u00d7WxH (mm)<\/td>\n<td colspan=\"2\" width=\"185\">358*295*100<\/td>\n<td width=\"201\">358*295*100<\/td>\n<td width=\"209\">358*295*100<\/td>\n<\/tr>\n<tr>\n<td colspan=\"6\" width=\"938\">Paketabmessungen, D \u00d7 W \u00d7 H (mm) 465 * 380 * 175 465 * 380 * 175 465 * 380 * 175<\/td>\n<\/tr>\n<tr>\n<td colspan=\"2\" width=\"342\">Nettogewicht (kg)<\/td>\n<td colspan=\"2\" width=\"185\">6<\/td>\n<td width=\"201\">6.5<\/td>\n<td width=\"209\">7<\/td>\n<\/tr>\n<tr>\n<td colspan=\"6\" width=\"938\">Kommunikationsschnittstelle RS232 RS485<\/td>\n<\/tr>\n<tr>\n<td colspan=\"6\" width=\"938\">Umwelt<\/td>\n<\/tr>\n<tr>\n<td colspan=\"3\" width=\"356\">Betriebstemperaturbereich<\/td>\n<td colspan=\"3\" width=\"582\">\u00a0\u00a0\u00a0\u00a0 (-10 \u2103 bis 55 \u2103)<\/td>\n<\/tr>\n<tr>\n<td colspan=\"3\" width=\"356\">Lagertemperatur<\/td>\n<td colspan=\"3\" width=\"582\">(-15\u2103~60\u2103)<\/td>\n<\/tr>\n<tr>\n<td colspan=\"3\" width=\"356\">Luftfeuchtigkeit<\/td>\n<td colspan=\"3\" width=\"582\">5% bis 95% relative Luftfeuchtigkeit (nicht kondensierend)<\/td>\n<\/tr>\n<tr>\n<td colspan=\"3\" width=\"356\">Eingangsschutz<\/td>\n<td colspan=\"3\" width=\"582\">IP21<\/td>\n<\/tr>\n<\/tbody>\n<\/table>","protected":false},"excerpt":{"rendered":"<p>MODEL EP-H1K5S-24L-NG EP-H2K5S-24L-NG EP-H3K5S-24L-NG Capacity \u00a0 1.5KVA\/1.5KW 2.5KVA\/2.5KW \u00a03.5KVA\/3.5KW Parallel Capability \u00a0NO NO NO Lithium Battery activation YES(By PV only)\u00a0\u00a0\u00a0\u00a0\u00a0\u00a0\u00a0\u00a0\u00a0\u00a0\u00a0\u00a0\u00a0\u00a0\u00a0\u00a0\u00a0\u00a0 YES(By PV or Utility) Lithium\u00a0\u00a0 Battery\u00a0\u00a0 communication YES(RS485) Built-in\u00a0 WIFl Optional INPUT Nominal\u00a0\u00a0 Voltage 230VAC Acceptable\u00a0 Voltage\u00a0 Range 170-280VAC(For\u00a0 personal\u00a0 Computer);90-280vac(For\u00a0 Home\u00a0 Appliances) Frequency 50\/60 Hz(Auto sensing) OUTPUT Nominal\u00a0Voltage 220\/230VAC\u00b15% Surge Power 3000VA \u00a05000VA 7000VA [&hellip;]<\/p>\n","protected":false},"featured_media":2021,"comment_status":"closed","ping_status":"closed","template":"","meta":[],"product_brand":[],"product_cat":[15],"product_tag":[],"class_list":{"0":"post-1666","1":"product","2":"type-product","3":"status-publish","4":"has-post-thumbnail","6":"product_cat-home-ess","8":"first","9":"instock","10":"shipping-taxable","11":"product-type-simple"},"_links":{"self":[{"href":"https:\/\/www.epotr.com\/de\/wp-json\/wp\/v2\/product\/1666","targetHints":{"allow":["GET"]}}],"collection":[{"href":"https:\/\/www.epotr.com\/de\/wp-json\/wp\/v2\/product"}],"about":[{"href":"https:\/\/www.epotr.com\/de\/wp-json\/wp\/v2\/types\/product"}],"replies":[{"embeddable":true,"href":"https:\/\/www.epotr.com\/de\/wp-json\/wp\/v2\/comments?post=1666"}],"wp:featuredmedia":[{"embeddable":true,"href":"https:\/\/www.epotr.com\/de\/wp-json\/wp\/v2\/media\/2021"}],"wp:attachment":[{"href":"https:\/\/www.epotr.com\/de\/wp-json\/wp\/v2\/media?parent=1666"}],"wp:term":[{"taxonomy":"product_brand","embeddable":true,"href":"https:\/\/www.epotr.com\/de\/wp-json\/wp\/v2\/product_brand?post=1666"},{"taxonomy":"product_cat","embeddable":true,"href":"https:\/\/www.epotr.com\/de\/wp-json\/wp\/v2\/product_cat?post=1666"},{"taxonomy":"product_tag","embeddable":true,"href":"https:\/\/www.epotr.com\/de\/wp-json\/wp\/v2\/product_tag?post=1666"}],"curies":[{"name":"WP","href":"https:\/\/api.w.org\/{rel}","templated":true}]}}