{"id":1452,"date":"2025-06-23T17:34:28","date_gmt":"2025-06-23T09:34:28","guid":{"rendered":"https:\/\/www.epotr.com\/?post_type=product&#038;p=1452"},"modified":"2025-07-17T10:16:53","modified_gmt":"2025-07-17T02:16:53","slug":"commercialindustrial-ess","status":"publish","type":"product","link":"https:\/\/www.epotr.com\/de\/ci-ess\/commercialindustrial-ess\/","title":{"rendered":"C&#038; I ESS-Commercial&#038; Industrielle ESS | EPOTR"},"content":{"rendered":"<table style=\"width: 98.0846%; height: 1082px;\" width=\"704\">\n<tbody>\n<tr style=\"height: 24px;\">\n<td style=\"height: 24px; text-align: center; width: 32.8612%;\" width=\"267\">\u00a0 Modell<\/td>\n<td style=\"height: 24px; text-align: center; width: 88.8102%;\" width=\"437\">EP215L-100K<\/td>\n<\/tr>\n<tr style=\"height: 24px;\">\n<td style=\"height: 24px; text-align: center; width: 121.671%;\" colspan=\"2\" width=\"704\">\u00a0 AC (im Netz)<\/td>\n<\/tr>\n<tr style=\"height: 24px;\">\n<td style=\"height: 24px; text-align: center; width: 32.8612%;\" width=\"267\">\u00a0 Nennleistung AC<\/td>\n<td style=\"height: 24px; text-align: center; width: 88.8102%;\" width=\"437\">100 kW<\/td>\n<\/tr>\n<tr style=\"height: 24px;\">\n<td style=\"height: 24px; text-align: center; width: 32.8612%;\" width=\"267\">\u00a0 Max. Ausgangsleistung<\/td>\n<td style=\"height: 24px; text-align: center; width: 88.8102%;\" width=\"437\">110 kW<\/td>\n<\/tr>\n<tr style=\"height: 24px;\">\n<td style=\"height: 24px; text-align: center; width: 32.8612%;\" width=\"267\">\u00a0 Zul\u00e4ssige Netzspannung<\/td>\n<td style=\"height: 24px; text-align: center; width: 88.8102%;\" width=\"437\">400V (-15% ~ 10%)<\/td>\n<\/tr>\n<tr style=\"height: 24px;\">\n<td style=\"height: 24px; text-align: center; width: 32.8612%;\" width=\"267\">\u00a0 Zul\u00e4ssige Netzfrequenz<\/td>\n<td style=\"height: 24px; text-align: center; width: 88.8102%;\" width=\"437\">50\/60Hz \u00b1 5Hz<\/td>\n<\/tr>\n<tr style=\"height: 24px;\">\n<td style=\"height: 24px; text-align: center; width: 32.8612%;\" width=\"267\">\u00a0 Max.THD des Stroms<\/td>\n<td style=\"height: 24px; text-align: center; width: 88.8102%;\" width=\"437\">&lt; 3% (Nennleistung)<\/td>\n<\/tr>\n<tr style=\"height: 24px;\">\n<td style=\"height: 24px; text-align: center; width: 32.8612%;\" width=\"267\">\u00a0 DC-Komponente<\/td>\n<td style=\"height: 24px; text-align: center; width: 88.8102%;\" width=\"437\">&lt; 5% (Nennleistung)<\/td>\n<\/tr>\n<tr style=\"height: 24px;\">\n<td style=\"height: 24px; text-align: center; width: 32.8612%;\" width=\"267\">\u00a0 Leistungsfaktorbereich<\/td>\n<td style=\"height: 24px; text-align: center; width: 88.8102%;\" width=\"437\">501,0 f\u00fchrend ~ 1,0 hinterher<\/td>\n<\/tr>\n<tr style=\"height: 24px;\">\n<td style=\"height: 24px; text-align: center; width: 32.8612%;\" width=\"267\">\u00a0 Verdrahtungsmethode<\/td>\n<td style=\"height: 24px; text-align: center; width: 88.8102%;\" width=\"437\">3P4W PE<\/td>\n<\/tr>\n<tr style=\"height: 24px;\">\n<td style=\"height: 24px; text-align: center; width: 121.671%;\" colspan=\"2\" width=\"704\">\u00a0 AC (au\u00dfer Netz)<\/td>\n<\/tr>\n<tr style=\"height: 24px;\">\n<td style=\"height: 24px; text-align: center; width: 32.8612%;\" width=\"267\">\u00a0 Nennspannung<\/td>\n<td style=\"height: 24px; text-align: center; width: 88.8102%;\" width=\"437\">400 V<\/td>\n<\/tr>\n<tr style=\"height: 1.86917px;\">\n<td style=\"height: 49.8692px; text-align: center; width: 32.8612%;\" rowspan=\"2\" width=\"267\">\u00a0 Max.THD der Spannung<\/td>\n<td style=\"height: 49.8692px; text-align: center; width: 88.8102%;\" rowspan=\"2\" width=\"437\">&lt; 3% (lineare Last)<br \/>\n100 %<\/td>\n<\/tr>\n<tr style=\"height: 48px;\">\n<td style=\"height: 48px; width: 2.83286%;\" colspan=\"2\" width=\"704\">\u00a0 DC Seite<\/td>\n<\/tr>\n<tr style=\"height: 24px;\">\n<td style=\"height: 24px; text-align: center; width: 32.8612%;\" width=\"267\">\u00a0 Batteriezellen<\/td>\n<td style=\"height: 24px; text-align: center; width: 88.8102%;\" width=\"437\">LFP 3.2V \/ 280Ah<\/td>\n<\/tr>\n<tr style=\"height: 24px;\">\n<td style=\"height: 24px; text-align: center; width: 32.8612%;\" width=\"267\">\u00a0 PACK Konfiguration<\/td>\n<td style=\"height: 24px; text-align: center; width: 88.8102%;\" width=\"437\">1P48S\/43kWh<\/td>\n<\/tr>\n<tr style=\"height: 24px;\">\n<td style=\"height: 24px; text-align: center; width: 32.8612%;\" width=\"267\">\u00a0 Systemkonfiguration<\/td>\n<td style=\"height: 24px; text-align: center; width: 88.8102%;\" width=\"437\">1P240S<\/td>\n<\/tr>\n<tr style=\"height: 24px;\">\n<td style=\"height: 24px; text-align: center; width: 32.8612%;\" width=\"267\">\u00a0 Systemkapazit\u00e4t<\/td>\n<td style=\"height: 24px; text-align: center; width: 88.8102%;\" width=\"437\">215.04kWh<\/td>\n<\/tr>\n<tr style=\"height: 24px;\">\n<td style=\"height: 24px; text-align: center; width: 32.8612%;\" width=\"267\">\u00a0 Spannungsbereich<\/td>\n<td style=\"height: 24px; text-align: center; width: 88.8102%;\" width=\"437\">648 ~ 864V<\/td>\n<\/tr>\n<tr style=\"height: 24px;\">\n<td style=\"height: 24px; text-align: center; width: 32.8612%;\" width=\"267\">\u00a0 Max.EPS Effizienz<\/td>\n<td style=\"height: 24px; text-align: center; width: 88.8102%;\" width=\"437\">98%<\/td>\n<\/tr>\n<tr style=\"height: 24px;\">\n<td style=\"height: 24px; text-align: center; width: 32.8612%;\" width=\"267\">\u00a0 Systemeffizienz<\/td>\n<td style=\"height: 24px; text-align: center; width: 88.8102%;\" width=\"437\">&gt; 88%<\/td>\n<\/tr>\n<tr style=\"height: 24px;\">\n<td style=\"height: 24px; text-align: center; width: 32.8612%;\" width=\"267\">\u00a0 C-Rate<\/td>\n<td style=\"height: 24px; text-align: center; width: 88.8102%;\" width=\"437\">\u22640,5C<\/td>\n<\/tr>\n<tr style=\"height: 24px;\">\n<td style=\"height: 24px; text-align: center; width: 121.671%;\" colspan=\"2\" width=\"704\">Systemparameter<\/td>\n<\/tr>\n<tr style=\"height: 48px;\">\n<td style=\"height: 48px; text-align: center; width: 32.8612%;\" width=\"267\">\u00a0 Dimension<\/td>\n<td style=\"height: 48px; text-align: center; width: 88.8102%;\" width=\"437\">1000 * 1350 * 2391mm (Incl.lifting lug)<br \/>\n1000 * 1350 * 2300mm (Excl.lifting lug)<\/td>\n<\/tr>\n<tr style=\"height: 24px;\">\n<td style=\"height: 24px; text-align: center; width: 32.8612%;\" width=\"267\">\u00a0 Gewicht<\/td>\n<td style=\"height: 24px; text-align: center; width: 88.8102%;\" width=\"437\">2400kg<\/td>\n<\/tr>\n<tr style=\"height: 24px;\">\n<td style=\"height: 24px; text-align: center; width: 32.8612%;\" width=\"267\">\u00a0 L\u00e4rm<\/td>\n<td style=\"height: 24px; text-align: center; width: 88.8102%;\" width=\"437\">&lt; 75dB @ 1 m<\/td>\n<\/tr>\n<tr style=\"height: 24px;\">\n<td style=\"height: 24px; text-align: center; width: 32.8612%;\" width=\"267\">\u00a0 IP-Klasse<\/td>\n<td style=\"height: 24px; text-align: center; width: 88.8102%;\" width=\"437\">IP54<\/td>\n<\/tr>\n<tr style=\"height: 24px;\">\n<td style=\"height: 24px; text-align: center; width: 32.8612%;\" width=\"267\">\u00a0 K\u00fchlung<\/td>\n<td style=\"height: 24px; text-align: center; width: 88.8102%;\" width=\"437\">Luftk\u00fchlung<\/td>\n<\/tr>\n<tr style=\"height: 24px;\">\n<td style=\"height: 24px; text-align: center; width: 32.8612%;\" width=\"267\">\u00a0 Umgebungstemperatur<\/td>\n<td style=\"height: 24px; text-align: center; width: 88.8102%;\" width=\"437\">-20 ~ 50 \u2103 (&gt; 45 \u2103 derating)<\/td>\n<\/tr>\n<tr style=\"height: 24px;\">\n<td style=\"height: 24px; text-align: center; width: 32.8612%;\" width=\"267\">\u00a0 Luftfeuchtigkeit<\/td>\n<td style=\"height: 24px; text-align: center; width: 88.8102%;\" width=\"437\">\u226495%<\/td>\n<\/tr>\n<tr style=\"height: 24px;\">\n<td style=\"height: 24px; text-align: center; width: 32.8612%;\" width=\"267\">\u00a0 H\u00f6he<\/td>\n<td style=\"height: 24px; text-align: center; width: 88.8102%;\" width=\"437\">&gt; 2000m derating<\/td>\n<\/tr>\n<tr style=\"height: 72px;\">\n<td style=\"height: 72px; text-align: center; width: 32.8612%;\" width=\"267\">\u00a0 Brandschutz<\/td>\n<td style=\"height: 72px; text-align: center; width: 88.8102%;\" width=\"437\">Standard:Entz\u00fcndlicher Gasdetektor,Rauchdetektor,W\u00e4rmedetektor,<br \/>\nAlarmlaut, Aersol, Sprinkler, optional: FK5112<\/td>\n<\/tr>\n<tr style=\"height: 24px;\">\n<td style=\"height: 24px; text-align: center; width: 32.8612%;\" width=\"267\">\u00a0 Kommunikation<\/td>\n<td style=\"height: 24px; text-align: center; width: 88.8102%;\" width=\"437\">RS485 \/ Ethernet<\/td>\n<\/tr>\n<tr style=\"height: 23px;\">\n<td style=\"height: 23px; text-align: center; width: 32.8612%;\" width=\"267\">\u00a0 Kommunikationsprotokoll<\/td>\n<td style=\"height: 23px; text-align: center; width: 88.8102%;\" width=\"437\">IEC61850\/MODBUS-RTU\/MODBUS-TCP<\/td>\n<\/tr>\n<\/tbody>\n<\/table>","protected":false},"excerpt":{"rendered":"<p><span style=\"font-family: 'arial black', sans-serif; font-size: 14pt;\"><strong>Gewerbliche und industrielle Energiespeichersysteme (ESS)<\/strong><\/span><br \/>\nUnser kommerzielles und industrielles ESS ist eine vollst\u00e4ndig integrierte L\u00f6sung f\u00fcr kommerzielle und industrielle Anwendungen. Durch die Kombination fortgeschrittener Lithiumbatterietechnologie, eines leistungsstarken Wechselrichters und eines intelligenten Energiemanagements in einer einzigen kompakten Einheit wird eine effiziente Stromspeicherung, eine nahtlose Netzinteraktion und eine zuverl\u00e4ssige Sicherung gew\u00e4hrleistet. Ideal f\u00fcr Spitzenrasierung, Lastverschaltung und Integration erneuerbarer Energien hilft dieses System Unternehmen, Energiekosten zu senken, die Stromstabilit\u00e4t zu verbessern und Nachhaltigkeitsziele zu erreichen.<\/p>","protected":false},"featured_media":1453,"comment_status":"closed","ping_status":"closed","template":"","meta":[],"product_brand":[],"product_cat":[29],"product_tag":[],"class_list":{"0":"post-1452","1":"product","2":"type-product","3":"status-publish","4":"has-post-thumbnail","6":"product_cat-ci-ess","8":"first","9":"instock","10":"virtual","11":"product-type-simple"},"_links":{"self":[{"href":"https:\/\/www.epotr.com\/de\/wp-json\/wp\/v2\/product\/1452","targetHints":{"allow":["GET"]}}],"collection":[{"href":"https:\/\/www.epotr.com\/de\/wp-json\/wp\/v2\/product"}],"about":[{"href":"https:\/\/www.epotr.com\/de\/wp-json\/wp\/v2\/types\/product"}],"replies":[{"embeddable":true,"href":"https:\/\/www.epotr.com\/de\/wp-json\/wp\/v2\/comments?post=1452"}],"wp:featuredmedia":[{"embeddable":true,"href":"https:\/\/www.epotr.com\/de\/wp-json\/wp\/v2\/media\/1453"}],"wp:attachment":[{"href":"https:\/\/www.epotr.com\/de\/wp-json\/wp\/v2\/media?parent=1452"}],"wp:term":[{"taxonomy":"product_brand","embeddable":true,"href":"https:\/\/www.epotr.com\/de\/wp-json\/wp\/v2\/product_brand?post=1452"},{"taxonomy":"product_cat","embeddable":true,"href":"https:\/\/www.epotr.com\/de\/wp-json\/wp\/v2\/product_cat?post=1452"},{"taxonomy":"product_tag","embeddable":true,"href":"https:\/\/www.epotr.com\/de\/wp-json\/wp\/v2\/product_tag?post=1452"}],"curies":[{"name":"WP","href":"https:\/\/api.w.org\/{rel}","templated":true}]}}