{"id":1443,"date":"2025-06-23T17:01:51","date_gmt":"2025-06-23T09:01:51","guid":{"rendered":"https:\/\/www.epotr.com\/?post_type=product&#038;p=1443"},"modified":"2025-07-17T10:01:02","modified_gmt":"2025-07-17T02:01:02","slug":"stack-mounted-residential-ess-hv","status":"publish","type":"product","link":"https:\/\/www.epotr.com\/de\/off-grid-inverter\/stack-mounted-residential-ess-hv\/","title":{"rendered":"Off-grid-Wechselrichter-Stack-Mounted Residential ESS-HV | EPOTR"},"content":{"rendered":"<table width=\"597\">\n<tbody>\n<tr>\n<td style=\"text-align: center;\" width=\"139\">Modell<\/td>\n<td style=\"text-align: center;\" colspan=\"6\" width=\"457\">\u00a0 PowerCool-LFP-HV2<\/td>\n<\/tr>\n<tr>\n<td style=\"text-align: center;\" width=\"139\">Typ der Batterie<\/td>\n<td style=\"text-align: center;\" colspan=\"6\" width=\"457\">\u00a0LFP<\/td>\n<\/tr>\n<tr>\n<td style=\"text-align: center;\" width=\"139\">Anzahl der Verbindungen<\/td>\n<td style=\"text-align: center;\" width=\"73\">2 St\u00fcck<\/td>\n<td style=\"text-align: center;\" width=\"76\">3 St\u00fcck<\/td>\n<td style=\"text-align: center;\" width=\"76\">4 St\u00fcck<\/td>\n<td style=\"text-align: center;\" width=\"76\">5 St\u00fcck<\/td>\n<td style=\"text-align: center;\" width=\"74\">6 St\u00fcck<\/td>\n<td style=\"text-align: center;\" width=\"81\">7 St\u00fcck<\/td>\n<\/tr>\n<tr>\n<td style=\"text-align: center;\" width=\"139\">Gesamte Energie<\/td>\n<td style=\"text-align: center;\" width=\"73\">10.44kWh<\/td>\n<td style=\"text-align: center;\" width=\"76\">15.67kWh<\/td>\n<td style=\"text-align: center;\" width=\"76\">20.89kWh<\/td>\n<td style=\"text-align: center;\" width=\"76\">26.11kWh<\/td>\n<td style=\"text-align: center;\" width=\"74\">31.33kWh<\/td>\n<td style=\"text-align: center;\" width=\"81\">36.56kWh<\/td>\n<\/tr>\n<tr>\n<td style=\"text-align: center;\" width=\"139\">Nutzbare Energie<\/td>\n<td style=\"text-align: center;\" width=\"73\">9.92kWh<\/td>\n<td style=\"text-align: center;\" width=\"76\">14.88kWh<\/td>\n<td style=\"text-align: center;\" width=\"76\">19.85kWh<\/td>\n<td style=\"text-align: center;\" width=\"76\">24.81kWh<\/td>\n<td style=\"text-align: center;\" width=\"74\">29.77kWh<\/td>\n<td style=\"text-align: center;\" width=\"81\">34.73kWh<\/td>\n<\/tr>\n<tr>\n<td style=\"text-align: center;\" width=\"139\">Max. parallele Strings<\/td>\n<td style=\"text-align: center;\" colspan=\"6\" width=\"457\">8P<\/td>\n<\/tr>\n<tr>\n<td style=\"text-align: center;\" width=\"139\">Spannung<\/td>\n<td style=\"text-align: center;\" width=\"73\">102.4V<\/td>\n<td style=\"text-align: center;\" width=\"76\">153.6V<\/td>\n<td style=\"text-align: center;\" width=\"76\">204.8V<\/td>\n<td style=\"text-align: center;\" width=\"76\">256V<\/td>\n<td style=\"text-align: center;\" width=\"74\">307.2V<\/td>\n<td style=\"text-align: center;\" width=\"81\">358.4V<\/td>\n<\/tr>\n<tr>\n<td style=\"text-align: center;\" width=\"139\">Nennspannung<\/td>\n<td style=\"text-align: center;\" width=\"73\">115.2V<\/td>\n<td style=\"text-align: center;\" width=\"76\">172.8V<\/td>\n<td style=\"text-align: center;\" width=\"76\">230.4V<\/td>\n<td style=\"text-align: center;\" width=\"76\">288V<\/td>\n<td style=\"text-align: center;\" width=\"74\">345.6V<\/td>\n<td style=\"text-align: center;\" width=\"81\">403.2V<\/td>\n<\/tr>\n<tr>\n<td style=\"text-align: center;\" width=\"139\">Max. Ladestrom<\/td>\n<td style=\"text-align: center;\" colspan=\"6\" width=\"457\">50A<\/td>\n<\/tr>\n<tr>\n<td style=\"text-align: center;\" width=\"139\">Nominale Entladungsspannung<\/td>\n<td style=\"text-align: center;\" colspan=\"6\" width=\"457\">50A<\/td>\n<\/tr>\n<tr>\n<td style=\"text-align: center;\" width=\"139\">Entladungsabschnittsspannung<\/td>\n<td style=\"text-align: center;\" width=\"73\">89.6V<\/td>\n<td style=\"text-align: center;\" width=\"76\">134.4V<\/td>\n<td style=\"text-align: center;\" width=\"76\">179.2V<\/td>\n<td style=\"text-align: center;\" width=\"76\">224V<\/td>\n<td style=\"text-align: center;\" width=\"74\">268.8V<\/td>\n<td style=\"text-align: center;\" width=\"81\">313.6V<\/td>\n<\/tr>\n<tr>\n<td style=\"text-align: center;\" width=\"139\">Batterieeffizienz<\/td>\n<td style=\"text-align: center;\" colspan=\"6\" width=\"457\">95%<\/td>\n<\/tr>\n<tr>\n<td style=\"text-align: center;\" width=\"139\">Batterieschutz<\/td>\n<td style=\"text-align: center;\" colspan=\"6\" width=\"457\">\u00a0 \u00dcberstrom\/\u00dcberspannung\/Kurzschluss\/Unterspannung\/\u00dcbertemperatur<\/td>\n<\/tr>\n<tr>\n<td style=\"text-align: center;\" width=\"139\">Maximale empfohlene DOD<\/td>\n<td style=\"text-align: center;\" colspan=\"6\" width=\"457\">95%<\/td>\n<\/tr>\n<tr>\n<td style=\"text-align: center;\" width=\"139\">Kommunikation<\/td>\n<td style=\"text-align: center;\" colspan=\"6\" width=\"457\">RS485\/KANNEN<\/td>\n<\/tr>\n<tr>\n<td style=\"text-align: center;\" width=\"139\">IP-Bewertung<\/td>\n<td style=\"text-align: center;\" colspan=\"6\" width=\"457\">IP65<\/td>\n<\/tr>\n<tr>\n<td style=\"text-align: center;\" width=\"139\">Betriebstemperatur<\/td>\n<td style=\"text-align: center;\" colspan=\"6\" width=\"457\">-10\uff5e50\u2103<\/td>\n<\/tr>\n<tr>\n<td style=\"text-align: center;\" width=\"139\">H\u00f6he<\/td>\n<td style=\"text-align: center;\" colspan=\"6\" width=\"457\">\u22645.000m<\/td>\n<\/tr>\n<tr>\n<td style=\"text-align: center;\" width=\"139\">Luftfeuchtigkeit<\/td>\n<td style=\"text-align: center;\" colspan=\"6\" width=\"457\">5%\uff5e95%<\/td>\n<\/tr>\n<tr>\n<td style=\"text-align: center;\" width=\"139\">Garantie<\/td>\n<td style=\"text-align: center;\" colspan=\"6\" width=\"457\">10 Jahre<\/td>\n<\/tr>\n<tr>\n<td style=\"text-align: center;\" width=\"139\">Dimension<\/td>\n<td style=\"text-align: center;\" width=\"73\">660 * 390 * 515mm<\/td>\n<td style=\"text-align: center;\" width=\"76\">660 * 390 * 665mm<\/td>\n<td style=\"text-align: center;\" width=\"76\">660 * 390 * 815mm<\/td>\n<td style=\"text-align: center;\" colspan=\"3\" width=\"232\">660 * 390 * 965 mm 660 * 390 * 1115 mm 660 * 390 * 1265 mm<\/td>\n<\/tr>\n<tr>\n<td style=\"text-align: center;\" width=\"139\">Nettogewicht<\/td>\n<td style=\"text-align: center;\" width=\"73\">110 kg<\/td>\n<td style=\"text-align: center;\" width=\"76\">156kg<\/td>\n<td style=\"text-align: center;\" width=\"76\">202kg<\/td>\n<td style=\"text-align: center;\" width=\"76\">248kg<\/td>\n<td style=\"text-align: center;\" width=\"74\">294kg<\/td>\n<td style=\"text-align: center;\" width=\"81\">340kg<\/td>\n<\/tr>\n<tr>\n<td style=\"text-align: center;\" width=\"139\">Zertifikate<\/td>\n<td style=\"text-align: center;\" colspan=\"6\" width=\"457\">\u00a0 CE, IEC62619, IEC61000, IEC62040, IEC63056, UN38.3, MSDS<\/td>\n<\/tr>\n<tr>\n<td style=\"text-align: center;\" width=\"139\">Installation<\/td>\n<td style=\"text-align: center;\" colspan=\"6\" width=\"457\">\u00a0 Bodeninstallation<\/td>\n<\/tr>\n<\/tbody>\n<\/table>","protected":false},"excerpt":{"rendered":"<h2><strong><b>PowerCool-LFP-HV2 \u2013 Stack-mounted Residential ESS (Hochspannung)<\/b><\/strong><\/h2>\n<p>Die PowerCool-LFP-HV2-Serie bietet flexible Hochspannungsspeicher von 10,44 kWh bis 36,56 kWh in 2 bis 7 stapelbaren Modulen. Mit LiFePO4-Zellen mit IP65-Schutz, CAN\/RS485-Kommunikation und 10-j\u00e4hriger Garantie unterst\u00fctzt es Backup- und Gebrauchszeitanwendungen. Geeignet f\u00fcr moderne H\u00e4user mit dem Ziel, langfristig Energiekosten zu senken und unabh\u00e4ngig zu sein.<\/p>","protected":false},"featured_media":1444,"comment_status":"closed","ping_status":"closed","template":"","meta":[],"product_brand":[],"product_cat":[31],"product_tag":[],"class_list":{"0":"post-1443","1":"product","2":"type-product","3":"status-publish","4":"has-post-thumbnail","6":"product_cat-off-grid-inverter","8":"first","9":"instock","10":"shipping-taxable","11":"product-type-simple"},"_links":{"self":[{"href":"https:\/\/www.epotr.com\/de\/wp-json\/wp\/v2\/product\/1443","targetHints":{"allow":["GET"]}}],"collection":[{"href":"https:\/\/www.epotr.com\/de\/wp-json\/wp\/v2\/product"}],"about":[{"href":"https:\/\/www.epotr.com\/de\/wp-json\/wp\/v2\/types\/product"}],"replies":[{"embeddable":true,"href":"https:\/\/www.epotr.com\/de\/wp-json\/wp\/v2\/comments?post=1443"}],"wp:featuredmedia":[{"embeddable":true,"href":"https:\/\/www.epotr.com\/de\/wp-json\/wp\/v2\/media\/1444"}],"wp:attachment":[{"href":"https:\/\/www.epotr.com\/de\/wp-json\/wp\/v2\/media?parent=1443"}],"wp:term":[{"taxonomy":"product_brand","embeddable":true,"href":"https:\/\/www.epotr.com\/de\/wp-json\/wp\/v2\/product_brand?post=1443"},{"taxonomy":"product_cat","embeddable":true,"href":"https:\/\/www.epotr.com\/de\/wp-json\/wp\/v2\/product_cat?post=1443"},{"taxonomy":"product_tag","embeddable":true,"href":"https:\/\/www.epotr.com\/de\/wp-json\/wp\/v2\/product_tag?post=1443"}],"curies":[{"name":"WP","href":"https:\/\/api.w.org\/{rel}","templated":true}]}}