{"id":1431,"date":"2025-06-23T16:41:35","date_gmt":"2025-06-23T08:41:35","guid":{"rendered":"https:\/\/www.epotr.com\/?post_type=product&#038;p=1431"},"modified":"2025-12-22T11:02:31","modified_gmt":"2025-12-22T03:02:31","slug":"floor-staning-ess","status":"publish","type":"product","link":"https:\/\/www.epotr.com\/de\/home-ess\/floor-staning-ess\/","title":{"rendered":"Energiespeichersystem f\u00fcr Haushalt - Bodenstehendes ESS | EPOTR"},"content":{"rendered":"<table style=\"width: 99.8716%;\" width=\"469\">\n<tbody>\n<tr>\n<td style=\"width: 42.5532%; background-color: #0068b7;\" width=\"172\"><strong><span style=\"color: #ffffff;\">Modell<\/span><\/strong><\/td>\n<td style=\"width: 248.723%; background-color: #0068b7;\" width=\"297\"><strong><span style=\"color: #ffffff;\">EP-WL012A1<\/span><\/strong><\/td>\n<\/tr>\n<tr>\n<td style=\"width: 42.5532%;\" width=\"172\">Gesamte Energie<\/td>\n<td style=\"width: 248.723%;\" width=\"297\">11.78kWh<\/td>\n<\/tr>\n<tr>\n<td style=\"width: 42.5532%;\" width=\"172\">Nutzbare Energie (DC)<\/td>\n<td style=\"width: 248.723%;\" width=\"297\">11.00kWh<\/td>\n<\/tr>\n<tr>\n<td style=\"width: 42.5532%;\" width=\"172\">Spannung<\/td>\n<td style=\"width: 248.723%;\" width=\"297\">44,8 ~ 57,6 Vdc<\/td>\n<\/tr>\n<tr>\n<td style=\"width: 42.5532%;\" width=\"172\">Nennspannung<\/td>\n<td style=\"width: 248.723%;\" width=\"297\">51.2Vdc<\/td>\n<\/tr>\n<tr>\n<td style=\"width: 42.5532%;\" width=\"172\">Nennliche Kapazit\u00e4t<\/td>\n<td style=\"width: 248.723%;\" width=\"297\">230Ah<\/td>\n<\/tr>\n<tr>\n<td style=\"width: 42.5532%;\" width=\"172\">Max Ladungsspannung<\/td>\n<td style=\"width: 248.723%;\" width=\"297\">57.6Vdc<\/td>\n<\/tr>\n<tr>\n<td style=\"width: 42.5532%;\" width=\"172\">Max.Charging Strom<\/td>\n<td style=\"width: 248.723%;\" width=\"297\">115A<\/td>\n<\/tr>\n<tr>\n<td style=\"width: 42.5532%;\" width=\"172\">Max. Ladeleistung<\/td>\n<td style=\"width: 248.723%;\" width=\"297\">6144W<\/td>\n<\/tr>\n<tr>\n<td style=\"width: 42.5532%;\" width=\"172\">Max.Entladungsstrom<\/td>\n<td style=\"width: 248.723%;\" width=\"297\">150A<\/td>\n<\/tr>\n<tr>\n<td style=\"width: 42.5532%;\" width=\"172\">Max.Entladungsleistung<\/td>\n<td style=\"width: 248.723%;\" width=\"297\">7680W<\/td>\n<\/tr>\n<tr>\n<td style=\"width: 42.5532%;\" width=\"172\">Kurzschlussstrom<\/td>\n<td style=\"width: 248.723%;\" width=\"297\">540A<\/td>\n<\/tr>\n<tr>\n<td style=\"width: 42.5532%;\" width=\"172\">Max. DOD empfohlen<\/td>\n<td style=\"width: 248.723%;\" width=\"297\">95%<\/td>\n<\/tr>\n<tr>\n<td style=\"width: 42.5532%;\" width=\"172\">Gewicht<\/td>\n<td style=\"width: 248.723%;\" width=\"297\">82 kg<\/td>\n<\/tr>\n<tr>\n<td style=\"width: 42.5532%;\" width=\"172\">Abmessung (mm) (HL * W)<\/td>\n<td style=\"width: 248.723%;\" width=\"297\">720 * 425 * 230mm<\/td>\n<\/tr>\n<tr>\n<td style=\"width: 42.5532%;\" width=\"172\">Installation<\/td>\n<td style=\"width: 248.723%;\" width=\"297\">Wand- oder Bodenmontage<\/td>\n<\/tr>\n<tr>\n<td style=\"width: 42.5532%;\" width=\"172\">Zelltechnologie<\/td>\n<td style=\"width: 248.723%;\" width=\"297\">LIEePO4, Lithium-Eisenphoshat<\/td>\n<\/tr>\n<tr>\n<td style=\"width: 42.5532%;\" width=\"172\">Zyklus Leben<\/td>\n<td style=\"width: 248.723%;\" width=\"297\">6000 Zyklen @90%DOD, 25\u00b0C\/0.5C, 60%EOL<\/td>\n<\/tr>\n<tr>\n<td style=\"width: 42.5532%;\" width=\"172\"><strong>Betriebsbedingung:<\/strong><\/td>\n<td style=\"width: 248.723%;\" width=\"297\"><\/td>\n<\/tr>\n<tr>\n<td style=\"width: 42.5532%;\" width=\"172\">Betriebskosten<\/td>\n<td style=\"width: 248.723%;\" width=\"297\">0~55\u2103<\/td>\n<\/tr>\n<tr>\n<td style=\"width: 42.5532%;\" width=\"172\">Temperaturentladung<\/td>\n<td style=\"width: 248.723%;\" width=\"297\">-15~55\u2103<\/td>\n<\/tr>\n<tr>\n<td style=\"width: 42.5532%;\" width=\"172\">Standard Umgebungstemperaturbereich<\/td>\n<td style=\"width: 248.723%;\" width=\"297\">0~40\u2103<\/td>\n<\/tr>\n<tr>\n<td style=\"width: 42.5532%;\" width=\"172\">Lagertemperaturbereich<\/td>\n<td style=\"width: 248.723%;\" width=\"297\">&gt; 1 Monat 0 ~ 35 \u2103 \/ \u22641 Monat-20 ~ 45 \u2103<\/td>\n<\/tr>\n<tr>\n<td style=\"width: 42.5532%;\" width=\"172\">Luftfeuchtigkeit<\/td>\n<td style=\"width: 248.723%;\" width=\"297\">5% ~ 85% (RH) (keine Kondensation)<\/td>\n<\/tr>\n<tr>\n<td style=\"width: 42.5532%;\" width=\"172\">K\u00fchltyp<\/td>\n<td style=\"width: 248.723%;\" width=\"297\">Nat\u00fcrliche K\u00fchlung<\/td>\n<\/tr>\n<tr>\n<td style=\"width: 42.5532%;\" width=\"172\">Eingangsschutz<\/td>\n<td style=\"width: 248.723%;\" width=\"297\">IP20<\/td>\n<\/tr>\n<tr>\n<td style=\"width: 42.5532%;\" width=\"172\">Schutzklasse<\/td>\n<td style=\"width: 248.723%;\" width=\"297\">Ich<\/td>\n<\/tr>\n<tr>\n<td style=\"width: 42.5532%;\" width=\"172\">Skalierbarkeit<\/td>\n<td style=\"width: 248.723%;\" width=\"297\">Max.25 Akkus in Parallel<\/td>\n<\/tr>\n<tr>\n<td style=\"width: 42.5532%;\" width=\"172\">Kommunikation<\/td>\n<td style=\"width: 248.723%;\" width=\"297\">CAN\/RS485<\/td>\n<\/tr>\n<tr>\n<td style=\"width: 42.5532%;\" width=\"172\">Batterieschutz<\/td>\n<td style=\"width: 248.723%;\" width=\"297\">\u00dcberstrom\/\u00dcberspannung\/Kurzschluss\/Unterspannung\/\u00dcbertemperatur<\/td>\n<\/tr>\n<tr>\n<td style=\"width: 42.5532%;\" width=\"172\">Zertifikate<\/td>\n<td style=\"width: 248.723%;\" width=\"297\">CE, UN38.3, MSDS<\/td>\n<\/tr>\n<tr>\n<td style=\"width: 42.5532%;\" width=\"172\">Garantie<\/td>\n<td style=\"width: 248.723%;\" width=\"297\">10 Jahre<\/td>\n<\/tr>\n<\/tbody>\n<\/table>","protected":false},"excerpt":{"rendered":"<h2><strong><b>EP-WL010A1 \u2013 \u5730\u9762\u7ad9\u7acbESS<\/b><\/strong><\/h2>\n<p>Der EP-WL010A1 ist ein robustes 11,78 kWh Niedrigspannungs-Energiespeichersystem f\u00fcr Wohnungen, das speziell f\u00fcr die bodenstehende Installation entwickelt wurde. Mit fortschrittlichem 230Ah LiFePO \u2084  Diese Einheit liefert eine nutzbare Energiekapazit\u00e4t von 11,00 kWh und unterst\u00fctzt eine lange Zyklusliebzeit von \u00fcber 6000 Zyklen. Es ist f\u00fcr eine nahtlose Integration mit Wohn-Solaranlagen konzipiert und erm\u00f6glicht bis zu 25 Einheiten parallel f\u00fcr erweiterte Speicherbedarf.<\/p>\n<p>Der EP-WL010A1 gew\u00e4hrleistet eine zuverl\u00e4ssige Leistung mit nat\u00fcrlicher K\u00fchlung und bietet vielseitige Kommunikationsm\u00f6glichkeiten wie CAN, RS485 und optionales WLAN. Eine perfekte umweltfreundliche L\u00f6sung f\u00fcr Backup-Strom zu Hause, Lastschaltung und Solarverbrauch.<\/p>","protected":false},"featured_media":1433,"comment_status":"closed","ping_status":"closed","template":"","meta":[],"product_brand":[],"product_cat":[15],"product_tag":[],"class_list":{"0":"post-1431","1":"product","2":"type-product","3":"status-publish","4":"has-post-thumbnail","6":"product_cat-home-ess","8":"first","9":"instock","10":"shipping-taxable","11":"product-type-simple"},"_links":{"self":[{"href":"https:\/\/www.epotr.com\/de\/wp-json\/wp\/v2\/product\/1431","targetHints":{"allow":["GET"]}}],"collection":[{"href":"https:\/\/www.epotr.com\/de\/wp-json\/wp\/v2\/product"}],"about":[{"href":"https:\/\/www.epotr.com\/de\/wp-json\/wp\/v2\/types\/product"}],"replies":[{"embeddable":true,"href":"https:\/\/www.epotr.com\/de\/wp-json\/wp\/v2\/comments?post=1431"}],"wp:featuredmedia":[{"embeddable":true,"href":"https:\/\/www.epotr.com\/de\/wp-json\/wp\/v2\/media\/1433"}],"wp:attachment":[{"href":"https:\/\/www.epotr.com\/de\/wp-json\/wp\/v2\/media?parent=1431"}],"wp:term":[{"taxonomy":"product_brand","embeddable":true,"href":"https:\/\/www.epotr.com\/de\/wp-json\/wp\/v2\/product_brand?post=1431"},{"taxonomy":"product_cat","embeddable":true,"href":"https:\/\/www.epotr.com\/de\/wp-json\/wp\/v2\/product_cat?post=1431"},{"taxonomy":"product_tag","embeddable":true,"href":"https:\/\/www.epotr.com\/de\/wp-json\/wp\/v2\/product_tag?post=1431"}],"curies":[{"name":"WP","href":"https:\/\/api.w.org\/{rel}","templated":true}]}}