{"id":1430,"date":"2025-06-23T16:38:17","date_gmt":"2025-06-23T08:38:17","guid":{"rendered":"https:\/\/www.epotr.com\/?post_type=product&#038;p=1430"},"modified":"2025-12-22T11:03:05","modified_gmt":"2025-12-22T03:03:05","slug":"wall-mounted-residential-ess","status":"publish","type":"product","link":"https:\/\/www.epotr.com\/de\/home-ess\/wall-mounted-residential-ess\/","title":{"rendered":"Home Energiespeicher-Wand Wohn ESS | EPOTR"},"content":{"rendered":"<table style=\"width: 97.6776%;\" width=\"329\">\n<tbody>\n<tr>\n<td style=\"width: 37.2159%; background-color: #0068b7;\" width=\"117\"><span style=\"color: #ffffff;\"><strong>Modell<\/strong><\/span><\/td>\n<td style=\"width: 347.753%; background-color: #0068b7;\" width=\"212\"><span style=\"color: #ffffff;\"><strong>EP-WL005A1<\/strong><\/span><\/td>\n<\/tr>\n<tr>\n<td style=\"width: 37.2159%;\" width=\"117\">Gesamte Energie<\/td>\n<td style=\"width: 347.753%;\" width=\"212\">5.22kWh<\/td>\n<\/tr>\n<tr>\n<td style=\"width: 37.2159%;\" width=\"117\">Nutzbare Energie (DC) \u00b0<\/td>\n<td style=\"width: 347.753%;\" width=\"212\">4.96kWh<\/td>\n<\/tr>\n<tr>\n<td style=\"width: 37.2159%;\" width=\"117\">Spannung<\/td>\n<td style=\"width: 347.753%;\" width=\"212\">44.8-57.6ve<\/td>\n<\/tr>\n<tr>\n<td style=\"width: 37.2159%;\" width=\"117\">Nennspannung<\/td>\n<td style=\"width: 347.753%;\" width=\"212\">5.1ZVdc<\/td>\n<\/tr>\n<tr>\n<td style=\"width: 37.2159%;\" width=\"117\">Nennliche Kapazit\u00e4t<\/td>\n<td style=\"width: 347.753%;\" width=\"212\">102Ah<\/td>\n<\/tr>\n<tr>\n<td style=\"width: 37.2159%;\" width=\"117\">M&amp; x Ladungsspannung<\/td>\n<td style=\"width: 347.753%;\" width=\"212\">57.6Vdc<\/td>\n<\/tr>\n<tr>\n<td style=\"width: 37.2159%;\" width=\"117\">Nominaler Ladestrom<\/td>\n<td style=\"width: 347.753%;\" width=\"212\">50A<\/td>\n<\/tr>\n<tr>\n<td style=\"width: 37.2159%;\" width=\"117\">Nominale Ladeleistung<\/td>\n<td style=\"width: 347.753%;\" width=\"212\">2500W<\/td>\n<\/tr>\n<tr>\n<td style=\"width: 37.2159%;\" width=\"117\">Max.Entladungsstrom<\/td>\n<td style=\"width: 347.753%;\" width=\"212\">100A<\/td>\n<\/tr>\n<tr>\n<td style=\"width: 37.2159%;\" width=\"117\">Max Entladungsleistung<\/td>\n<td style=\"width: 347.753%;\" width=\"212\">5000W<\/td>\n<\/tr>\n<tr>\n<td style=\"width: 37.2159%;\" width=\"117\">Kurzschluss Curret<\/td>\n<td style=\"width: 347.753%;\" width=\"212\">350A<\/td>\n<\/tr>\n<tr>\n<td style=\"width: 37.2159%;\" width=\"117\">Max empfohlen DOD<\/td>\n<td style=\"width: 347.753%;\" width=\"212\">95%<\/td>\n<\/tr>\n<tr>\n<td style=\"width: 37.2159%;\" width=\"117\">Gewicht<\/td>\n<td style=\"width: 347.753%;\" width=\"212\">42 kg<\/td>\n<\/tr>\n<tr>\n<td style=\"width: 37.2159%;\" width=\"117\">Dimensioni (mm) (H&#8221;L&#8221;W)<\/td>\n<td style=\"width: 347.753%;\" width=\"212\">600 * 380 * 136,5 mm<\/td>\n<\/tr>\n<tr>\n<td style=\"width: 37.2159%;\" width=\"117\">Installation<\/td>\n<td style=\"width: 347.753%;\" width=\"212\">Wandmontage<\/td>\n<\/tr>\n<tr>\n<td style=\"width: 37.2159%;\" width=\"117\">Zelltechnologie<\/td>\n<td style=\"width: 347.753%;\" width=\"212\">LIFePO4, Lithium Eisenphosphat<\/td>\n<\/tr>\n<tr>\n<td style=\"width: 37.2159%;\" width=\"117\">Fahrrad Ife<\/td>\n<td style=\"width: 347.753%;\" width=\"212\">6000 Zyklen @90%DoD.25C\/O.5C, 60%EOL<\/td>\n<\/tr>\n<tr>\n<td style=\"width: 384.969%;\" colspan=\"2\" width=\"329\"><strong>Operabng Condtlon:<\/strong><\/td>\n<\/tr>\n<tr>\n<td style=\"width: 37.2159%;\" width=\"117\">Betriebskosten<\/td>\n<td style=\"width: 347.753%;\" width=\"212\">0 bis 55C<\/td>\n<\/tr>\n<tr>\n<td style=\"width: 37.2159%;\" width=\"117\">Temperaturentladung<\/td>\n<td style=\"width: 347.753%;\" width=\"212\">0-55\u2103<\/td>\n<\/tr>\n<tr>\n<td style=\"width: 37.2159%;\" width=\"117\">Standard Umgebungstemperaturbereich<\/td>\n<td style=\"width: 347.753%;\" width=\"212\">0-40\u2103<\/td>\n<\/tr>\n<tr>\n<td style=\"width: 37.2159%;\" width=\"117\">Lagertemperaturbereich<\/td>\n<td style=\"width: 347.753%;\" width=\"212\">1 Monat 0-35\u2103\/\u22641 Monat-20-45\u2103<\/td>\n<\/tr>\n<tr>\n<td style=\"width: 37.2159%;\" width=\"117\">Feuchtigkeit<\/td>\n<td style=\"width: 347.753%;\" width=\"212\">5% -95% \/ (RH) (keine Kondensation)<\/td>\n<\/tr>\n<tr>\n<td style=\"width: 37.2159%;\" width=\"117\">K\u00fchltyp<\/td>\n<td style=\"width: 347.753%;\" width=\"212\">Naturad K\u00fchlung<\/td>\n<\/tr>\n<tr>\n<td style=\"width: 37.2159%;\" width=\"117\">Eingangsschutz<\/td>\n<td style=\"width: 347.753%;\" width=\"212\">IP20<\/td>\n<\/tr>\n<tr>\n<td style=\"width: 37.2159%;\" width=\"117\">Schutzklasse<\/td>\n<td style=\"width: 347.753%;\" width=\"212\">Ich<\/td>\n<\/tr>\n<tr>\n<td style=\"width: 37.2159%;\" width=\"117\">Skalierbarkeit<\/td>\n<td style=\"width: 347.753%;\" width=\"212\">Max 25 Batterien im Prallel<\/td>\n<\/tr>\n<tr>\n<td style=\"width: 37.2159%;\" width=\"117\">Kommunikation<\/td>\n<td style=\"width: 347.753%;\" width=\"212\">CAN\/RS485<\/td>\n<\/tr>\n<tr>\n<td style=\"width: 37.2159%;\" width=\"117\">Batterieschutz<\/td>\n<td style=\"width: 347.753%;\" width=\"212\">\u00dcberstrom\/\u00dcberspannung Kurzschluss\/Unterspannung\/\u00dcbertemperatur<\/td>\n<\/tr>\n<tr>\n<td style=\"width: 37.2159%;\" width=\"117\">Zerifkate<\/td>\n<td style=\"width: 347.753%;\" width=\"212\">CE. UN38.3, MSDS<\/td>\n<\/tr>\n<tr>\n<td style=\"width: 37.2159%;\" width=\"117\">Garantie<\/td>\n<td style=\"width: 347.753%;\" width=\"212\">10 Jahre<\/td>\n<\/tr>\n<\/tbody>\n<\/table>","protected":false},"excerpt":{"rendered":"<p>EP-WL005A1 \u2013 \u58c1\u6302\u5f0f\u4f4f\u5b85ESS<\/p>\n<p>Der EP-WL005A1 von EPOTR bietet eine kompakte Gesamtenergiekapazit\u00e4t von 5,22 kWh mit 4,96 kWh nutzbarer Energie. Mit 100Ah LiFePO4-Zellen liefert er \u00fcber super lange Zyklen. Ideal f\u00fcr kleine H\u00e4user und abgelegene Gebiete, unterst\u00fctzt es nat\u00fcrliche K\u00fchlung und Wandmontage. Es unterst\u00fctzt bis zu 20 parallele Einheiten. Die Spitzenladungsleistung des Systems von 5000W bietet eine robuste Energieunabh\u00e4ngigkeit f\u00fcr Off-Grid- oder Backup-Anwendungen. Zielbenutzer profitieren von Stabilit\u00e4t, Nachhaltigkeit und Sicherheit.<\/p>","protected":false},"featured_media":1432,"comment_status":"closed","ping_status":"closed","template":"","meta":[],"product_brand":[],"product_cat":[15],"product_tag":[],"class_list":{"0":"post-1430","1":"product","2":"type-product","3":"status-publish","4":"has-post-thumbnail","6":"product_cat-home-ess","8":"first","9":"instock","10":"shipping-taxable","11":"product-type-simple"},"_links":{"self":[{"href":"https:\/\/www.epotr.com\/de\/wp-json\/wp\/v2\/product\/1430","targetHints":{"allow":["GET"]}}],"collection":[{"href":"https:\/\/www.epotr.com\/de\/wp-json\/wp\/v2\/product"}],"about":[{"href":"https:\/\/www.epotr.com\/de\/wp-json\/wp\/v2\/types\/product"}],"replies":[{"embeddable":true,"href":"https:\/\/www.epotr.com\/de\/wp-json\/wp\/v2\/comments?post=1430"}],"wp:featuredmedia":[{"embeddable":true,"href":"https:\/\/www.epotr.com\/de\/wp-json\/wp\/v2\/media\/1432"}],"wp:attachment":[{"href":"https:\/\/www.epotr.com\/de\/wp-json\/wp\/v2\/media?parent=1430"}],"wp:term":[{"taxonomy":"product_brand","embeddable":true,"href":"https:\/\/www.epotr.com\/de\/wp-json\/wp\/v2\/product_brand?post=1430"},{"taxonomy":"product_cat","embeddable":true,"href":"https:\/\/www.epotr.com\/de\/wp-json\/wp\/v2\/product_cat?post=1430"},{"taxonomy":"product_tag","embeddable":true,"href":"https:\/\/www.epotr.com\/de\/wp-json\/wp\/v2\/product_tag?post=1430"}],"curies":[{"name":"WP","href":"https:\/\/api.w.org\/{rel}","templated":true}]}}