{"id":1426,"date":"2025-06-23T16:30:28","date_gmt":"2025-06-23T08:30:28","guid":{"rendered":"https:\/\/www.epotr.com\/?post_type=product&#038;p=1426"},"modified":"2025-07-17T16:10:12","modified_gmt":"2025-07-17T08:10:12","slug":"ep3-three-phase-all-in-one-solution","status":"publish","type":"product","link":"https:\/\/www.epotr.com\/de\/home-ess\/ep3-three-phase-all-in-one-solution\/","title":{"rendered":"Zuhause Energiespeichersystem - EP3 Dreiphase All In One L\u00f6sung | EPOTR"},"content":{"rendered":"<table style=\"width: 96.0449%; height: 2408px;\" width=\"1024\">\n<tbody>\n<tr>\n<td style=\"text-align: center;\" width=\"239\">Module<\/td>\n<td style=\"text-align: center;\" width=\"133\">EP3-5K-T2-W\/G-PX<\/td>\n<td style=\"text-align: center;\" width=\"148\">P3-6K-T2-W\/G-PX<\/td>\n<td style=\"text-align: center;\" width=\"155\">\u00a0EP3-8K-T2-W\/G-PX<\/td>\n<td style=\"text-align: center;\" width=\"191\">\u00a0 EP3-10K-T2-W\/G-PX<\/td>\n<td style=\"text-align: center;\" width=\"155\">\u00a0EP3-12K-T2-W\/G-PX<\/td>\n<\/tr>\n<tr>\n<td style=\"text-align: center;\" colspan=\"6\" width=\"1024\">DC Input<\/td>\n<\/tr>\n<tr>\n<td style=\"text-align: center;\" width=\"239\">Max.PVArray Power [Wpl@STC<\/td>\n<td style=\"text-align: center;\" width=\"133\">10000<\/td>\n<td style=\"text-align: center;\" width=\"148\">12000<\/td>\n<td style=\"text-align: center;\" width=\"155\">12000<\/td>\n<td style=\"text-align: center;\" width=\"191\">15000<\/td>\n<td style=\"text-align: center;\" width=\"155\">15000<\/td>\n<\/tr>\n<tr>\n<td style=\"text-align: center;\" width=\"239\">Max.DCVoltage [V]<\/td>\n<td style=\"text-align: center;\" colspan=\"5\" width=\"785\">1000<\/td>\n<\/tr>\n<tr>\n<td style=\"text-align: center;\" width=\"239\">MPPTVoltage Range [V]<\/td>\n<td style=\"text-align: center;\" colspan=\"5\" width=\"785\">180\uff5e900<\/td>\n<\/tr>\n<tr>\n<td style=\"text-align: center;\" width=\"239\">Rated DC Voltage [V]<\/td>\n<td style=\"text-align: center;\" colspan=\"5\" width=\"785\">600<\/td>\n<\/tr>\n<tr>\n<td style=\"text-align: center;\" width=\"239\">Start Voltage [V]<\/td>\n<td style=\"text-align: center;\" colspan=\"5\" width=\"785\">180<\/td>\n<\/tr>\n<tr>\n<td style=\"text-align: center;\" width=\"239\">Max.DC Input Current [A]<\/td>\n<td style=\"text-align: center;\" colspan=\"5\" width=\"785\">20\/20<\/td>\n<\/tr>\n<tr>\n<td style=\"text-align: center;\" width=\"239\">Max.DC Short Circuit Current [A]<\/td>\n<td style=\"text-align: center;\" colspan=\"5\" width=\"785\">25\/25<\/td>\n<\/tr>\n<tr>\n<td style=\"text-align: center;\" width=\"239\">No.of MPPT<\/td>\n<td style=\"text-align: center;\" colspan=\"5\" width=\"785\">2<\/td>\n<\/tr>\n<tr>\n<td style=\"text-align: center;\" colspan=\"6\" width=\"1024\">AC\u00a0Output\/lnput\u00a0[On-grid]<\/td>\n<\/tr>\n<tr>\n<td style=\"text-align: center;\" width=\"239\">Rated AC Power [W]<\/td>\n<td style=\"text-align: center;\" width=\"133\">5000<\/td>\n<td style=\"text-align: center;\" width=\"148\">6000<\/td>\n<td style=\"text-align: center;\" width=\"155\">8000<\/td>\n<td style=\"text-align: center;\" width=\"191\">10000<\/td>\n<td style=\"text-align: center;\" width=\"155\">12000<\/td>\n<\/tr>\n<tr>\n<td style=\"text-align: center;\" width=\"239\">Max.Apparent Power [VA]<\/td>\n<td style=\"text-align: center;\" width=\"133\">5500<\/td>\n<td style=\"text-align: center;\" width=\"148\">6600<\/td>\n<td style=\"text-align: center;\" width=\"155\">8800<\/td>\n<td style=\"text-align: center;\" width=\"191\">11000<\/td>\n<td style=\"text-align: center;\" width=\"155\">12000<\/td>\n<\/tr>\n<tr>\n<td style=\"text-align: center;\" width=\"239\">Rated Output Current [A]@230Vac<\/td>\n<td style=\"text-align: center;\" width=\"133\">7.2<\/td>\n<td style=\"text-align: center;\" width=\"148\">8.7<\/td>\n<td style=\"text-align: center;\" width=\"155\">11.6<\/td>\n<td style=\"text-align: center;\" width=\"191\">14.5<\/td>\n<td style=\"text-align: center;\" width=\"155\">17.4<\/td>\n<\/tr>\n<tr>\n<td style=\"text-align: center;\" width=\"239\">Max.Output Current [A]<\/td>\n<td style=\"text-align: center;\" width=\"133\">8.0<\/td>\n<td style=\"text-align: center;\" width=\"148\">9.6<\/td>\n<td style=\"text-align: center;\" width=\"155\">12.8<\/td>\n<td style=\"text-align: center;\" width=\"191\">15.9<\/td>\n<td style=\"text-align: center;\" width=\"155\">17.4<\/td>\n<\/tr>\n<tr>\n<td style=\"text-align: center;\" width=\"239\">Max.Input Current [A]@230Vac<\/td>\n<td style=\"text-align: center;\" colspan=\"5\" width=\"785\">29<\/td>\n<\/tr>\n<tr>\n<td style=\"text-align: center;\" width=\"239\">Rated AC Voltage\/Range [V]<\/td>\n<td style=\"text-align: center;\" colspan=\"5\" width=\"785\">\u00a0 3L+N+PE,220\/380,230\/400,240\/415;180\uff5e280\/312\uff5e485<\/td>\n<\/tr>\n<tr>\n<td style=\"text-align: center;\" width=\"239\">Rated Output Frequency\/Range [Hz]<\/td>\n<td style=\"text-align: center;\" colspan=\"5\" width=\"785\">\u00a0\u00a0\u00a0\u00a0\u00a0\u00a0\u00a0\u00a0\u00a0\u00a0\u00a0\u00a0\u00a0\u00a0\u00a0\u00a0 50,60\/45\uff5e55,55\uff5e65<\/td>\n<\/tr>\n<tr>\n<td style=\"text-align: center;\" width=\"239\">Power Factor [cos\u03c6]<\/td>\n<td style=\"text-align: center;\" colspan=\"5\" width=\"785\">\u00a0\u00a0\u00a0\u00a0\u00a0\u00a0\u00a0\u00a0\u00a0\u00a0\u00a0\u00a0\u00a0\u00a0\u00a0\u00a0 0.8 leading~0.8 lagging<\/td>\n<\/tr>\n<tr>\n<td style=\"text-align: center;\" width=\"239\">Total Harmonic Distortion [THDi]<\/td>\n<td style=\"text-align: center;\" colspan=\"5\" width=\"785\">&lt;3%<\/td>\n<\/tr>\n<tr>\n<td style=\"text-align: center;\" colspan=\"6\" width=\"1024\">Battery\u00a0Parameters<\/td>\n<\/tr>\n<tr>\n<td style=\"text-align: center;\" width=\"239\">Battery Type<\/td>\n<td style=\"text-align: center;\" colspan=\"5\" width=\"785\">LiFePO4<\/td>\n<\/tr>\n<tr>\n<td style=\"text-align: center;\" width=\"239\">Battery Voltage Range[V]<\/td>\n<td style=\"text-align: center;\" colspan=\"5\" width=\"785\">380~500<\/td>\n<\/tr>\n<tr>\n<td style=\"text-align: center;\" width=\"239\">Max.Charging\/Discharging Current [A]<\/td>\n<td style=\"text-align: center;\" width=\"133\">30\/15.8<\/td>\n<td style=\"text-align: center;\" width=\"148\">30\/18.4<\/td>\n<td style=\"text-align: center;\" width=\"155\">30\/25<\/td>\n<td style=\"text-align: center;\" width=\"191\">30\/30<\/td>\n<td style=\"text-align: center;\" width=\"155\">30\/30<\/td>\n<\/tr>\n<tr>\n<td style=\"text-align: center;\" width=\"239\">Scalability<\/td>\n<td style=\"text-align: center;\" colspan=\"5\" width=\"785\">BU3-5.0-TV2-PRO(up to 8 battery modules)<\/td>\n<\/tr>\n<tr>\n<td style=\"text-align: center;\" colspan=\"6\" width=\"1024\">AC Output [Back-up]<\/td>\n<\/tr>\n<tr>\n<td style=\"text-align: center;\" width=\"239\">Rated Output Power [W]<\/td>\n<td style=\"text-align: center;\" width=\"133\">5000<\/td>\n<td style=\"text-align: center;\" width=\"148\">6000<\/td>\n<td style=\"text-align: center;\" width=\"155\">8000<\/td>\n<td style=\"text-align: center;\" width=\"191\">10000<\/td>\n<td style=\"text-align: center;\" width=\"155\">12000<\/td>\n<\/tr>\n<tr>\n<td style=\"text-align: center;\" width=\"239\">Peak Output Apparent Power [VA]<\/td>\n<td style=\"text-align: center;\" width=\"133\">7500,60s<\/td>\n<td style=\"text-align: center;\" width=\"148\">9000,60s<\/td>\n<td style=\"text-align: center;\" width=\"155\">12000,60s<\/td>\n<td style=\"text-align: center;\" width=\"191\">15000,60s<\/td>\n<td style=\"text-align: center;\" width=\"155\">15000,60s<\/td>\n<\/tr>\n<tr>\n<td style=\"text-align: center;\" width=\"239\">Rated AC Voltage\/Range [V]<\/td>\n<td style=\"text-align: center;\" colspan=\"5\" width=\"785\">\u00a03L+N+PE,220\/380,230\/400,240\/415;180\uff5e280\/312\uff5e485<\/td>\n<\/tr>\n<tr>\n<td style=\"text-align: center;\" width=\"239\">Rated Output Frequency\/Range [Hz]<\/td>\n<td style=\"text-align: center;\" colspan=\"5\" width=\"785\">\u00a0\u00a0\u00a0\u00a0\u00a0\u00a0\u00a0\u00a0\u00a0\u00a0\u00a0\u00a0\u00a0\u00a0\u00a0\u00a0\u00a0\u00a0 50,60\/45\uff5e55,55\uff5e65<\/td>\n<\/tr>\n<tr>\n<td style=\"text-align: center;\" width=\"239\">Output THDv(@Linear Load)<\/td>\n<td style=\"text-align: center;\" colspan=\"5\" width=\"785\">&lt;3%<\/td>\n<\/tr>\n<tr>\n<td style=\"text-align: center;\" colspan=\"6\" width=\"1024\">Efficiency<\/td>\n<\/tr>\n<tr>\n<td style=\"text-align: center;\" width=\"239\">Max.Efficiency<\/td>\n<td style=\"text-align: center;\" colspan=\"5\" width=\"785\">98.0%<\/td>\n<\/tr>\n<tr>\n<td style=\"text-align: center;\" width=\"239\">Euro Efficiency<\/td>\n<td style=\"text-align: center;\" colspan=\"5\" width=\"785\">97.60%<\/td>\n<\/tr>\n<tr>\n<td style=\"text-align: center;\" colspan=\"6\" width=\"1024\">Protection<\/td>\n<\/tr>\n<tr>\n<td style=\"text-align: center;\" width=\"239\">Battery Input Reverse Polarity\u00a0 Protection<\/td>\n<td style=\"text-align: center;\" colspan=\"5\" width=\"785\">Integrated<\/td>\n<\/tr>\n<tr>\n<td style=\"text-align: center;\" width=\"239\">Over load Protection<\/td>\n<td style=\"text-align: center;\" colspan=\"5\" width=\"785\">Integrated<\/td>\n<\/tr>\n<tr>\n<td style=\"text-align: center;\" width=\"239\">AC Short Circuit Current Protection<\/td>\n<td style=\"text-align: center;\" colspan=\"5\" width=\"785\">Integrated<\/td>\n<\/tr>\n<tr>\n<td style=\"text-align: center;\" width=\"239\">AC Overcurrent Protection<\/td>\n<td style=\"text-align: center;\" colspan=\"5\" width=\"785\">Integrated<\/td>\n<\/tr>\n<tr>\n<td style=\"text-align: center;\" width=\"239\">AC Overvoltage Protection<\/td>\n<td style=\"text-align: center;\" colspan=\"5\" width=\"785\">Integrated<\/td>\n<\/tr>\n<tr>\n<td style=\"text-align: center;\" width=\"239\">DC Surge Protection<\/td>\n<td style=\"text-align: center;\" colspan=\"5\" width=\"785\">Type ll<\/td>\n<\/tr>\n<tr>\n<td style=\"text-align: center;\" width=\"239\">AC Surge Protection<\/td>\n<td style=\"text-align: center;\" colspan=\"5\" width=\"785\">Typell<\/td>\n<\/tr>\n<tr>\n<td style=\"text-align: center;\" width=\"239\">Anti-islanding Protection<\/td>\n<td style=\"text-align: center;\" colspan=\"5\" width=\"785\">Integrated<\/td>\n<\/tr>\n<tr>\n<td style=\"text-align: center;\" width=\"239\">AFCI Protection<\/td>\n<td style=\"text-align: center;\" colspan=\"5\" width=\"785\">Integrated<\/td>\n<\/tr>\n<tr>\n<td style=\"text-align: center;\" colspan=\"6\" width=\"1024\">Interface<\/td>\n<\/tr>\n<tr>\n<td style=\"text-align: center;\" width=\"239\">PV Connection<\/td>\n<td style=\"text-align: center;\" colspan=\"5\" width=\"785\">MC4\/D4<\/td>\n<\/tr>\n<tr>\n<td style=\"text-align: center;\" width=\"239\">AC Connection<\/td>\n<td style=\"text-align: center;\" colspan=\"5\" width=\"785\">Plug-in connector<\/td>\n<\/tr>\n<tr>\n<td style=\"text-align: center;\" width=\"239\">Battery Connection<\/td>\n<td style=\"text-align: center;\" colspan=\"5\" width=\"785\">Quick connector<\/td>\n<\/tr>\n<tr>\n<td style=\"text-align: center;\" width=\"239\">Display<\/td>\n<td style=\"text-align: center;\" colspan=\"5\" width=\"785\">LED+APP<\/td>\n<\/tr>\n<tr>\n<td style=\"text-align: center;\" width=\"239\">Communication<\/td>\n<td style=\"text-align: center;\" colspan=\"5\" width=\"785\">Wi-Fi\/Ethernet\/4G(Optional)<\/td>\n<\/tr>\n<tr>\n<td style=\"text-align: center;\" colspan=\"6\" width=\"1024\">General\u00a0Parameters<\/td>\n<\/tr>\n<tr>\n<td style=\"text-align: center;\" width=\"239\">Topology<\/td>\n<td style=\"text-align: center;\" colspan=\"5\" width=\"785\">Non-isolated<\/td>\n<\/tr>\n<tr>\n<td style=\"text-align: center;\" width=\"239\">Operating Temperature Range<\/td>\n<td style=\"text-align: center;\" colspan=\"5\" width=\"785\">-30\u2103~+50\u2103<\/td>\n<\/tr>\n<tr>\n<td style=\"text-align: center;\" width=\"239\">Cooling Method<\/td>\n<td style=\"text-align: center;\" colspan=\"5\" width=\"785\">Natural Convection<\/td>\n<\/tr>\n<tr>\n<td style=\"text-align: center;\" width=\"239\">Relative Humidity Range<\/td>\n<td style=\"text-align: center;\" colspan=\"5\" width=\"785\">0-100%Non-condensing<\/td>\n<\/tr>\n<tr>\n<td style=\"text-align: center;\" width=\"239\">Max.Operating Altitude [m]<\/td>\n<td style=\"text-align: center;\" colspan=\"5\" width=\"785\">3000<\/td>\n<\/tr>\n<tr>\n<td style=\"text-align: center;\" width=\"239\">Noise [dBA]<\/td>\n<td style=\"text-align: center;\" colspan=\"5\" width=\"785\">&lt;35<\/td>\n<\/tr>\n<tr>\n<td style=\"text-align: center;\" width=\"239\">Ingress Protection<\/td>\n<td style=\"text-align: center;\" colspan=\"5\" width=\"785\">IP65<\/td>\n<\/tr>\n<tr>\n<td style=\"text-align: center;\" width=\"239\">Inverter Dimensions [H*W*D][mm]<br \/>\nBattery Dimensions\u00a0 [H*W*D][mm]<\/td>\n<td style=\"text-align: center;\" colspan=\"5\" width=\"785\">450*695*170<br \/>\n420*695*170<\/td>\n<\/tr>\n<tr>\n<td style=\"text-align: center;\" width=\"239\">Inverter Weight [kg]<\/td>\n<td style=\"text-align: center;\" colspan=\"5\" width=\"785\">34<\/td>\n<\/tr>\n<tr>\n<td style=\"text-align: center;\" width=\"239\">Battery Weight [kg]<\/td>\n<td style=\"text-align: center;\" colspan=\"5\" width=\"785\">53.0<\/td>\n<\/tr>\n<tr>\n<td style=\"text-align: center;\" width=\"239\">Standard<\/td>\n<td style=\"text-align: center;\" colspan=\"5\" width=\"785\">EN 62109-1\/2,EN61000-6-2\/4,EN 50438,EN 50549,C10\/11,IEC 62116,IEC61727,RD 1699,RD 413,UNE 206006,UNE 206007,<br \/>\nNTS,CEI 0-16,CEI 0-21,AS4777.2,NBR 16149,NBR 16150 VDE-AR-N 4105,VDE 0126-1-1<\/td>\n<\/tr>\n<tr>\n<td style=\"text-align: center;\" width=\"239\">Charger\u00a0Model<\/td>\n<td style=\"text-align: center;\" colspan=\"5\" width=\"785\">CU2-11K-T-I<\/td>\n<\/tr>\n<tr>\n<td style=\"text-align: center;\" width=\"239\">Output Voltage [VAC]<\/td>\n<td style=\"text-align: center;\" colspan=\"5\" width=\"785\">400,\u00b120%<\/td>\n<\/tr>\n<tr>\n<td style=\"text-align: center;\" width=\"239\">Max.output Current [A]<\/td>\n<td style=\"text-align: center;\" colspan=\"5\" width=\"785\">16<\/td>\n<\/tr>\n<tr>\n<td style=\"text-align: center;\" width=\"239\">Rated Output Power [kW]<\/td>\n<td style=\"text-align: center;\" colspan=\"5\" width=\"785\">11<\/td>\n<\/tr>\n<tr>\n<td style=\"text-align: center;\" width=\"239\">Power Consumption(standby)[W]<\/td>\n<td style=\"text-align: center;\" colspan=\"5\" width=\"785\">5<\/td>\n<\/tr>\n<tr>\n<td style=\"text-align: center;\" width=\"239\">Dimension [mm][H*W*D]<\/td>\n<td style=\"text-align: center;\" colspan=\"5\" width=\"785\">160*695*170<\/td>\n<\/tr>\n<tr>\n<td style=\"text-align: center;\" width=\"239\">Weight [kg]<\/td>\n<td style=\"text-align: center;\" colspan=\"5\" width=\"785\">9<\/td>\n<\/tr>\n<tr>\n<td style=\"text-align: center;\" width=\"239\">Working Temperature<\/td>\n<td style=\"text-align: center;\" colspan=\"5\" width=\"785\">\u00a0\u00a0\u00a0\u00a0\u00a0\u00a0 -30\u2103 to+50\u2103<br \/>\n5-95%non-condensing<\/td>\n<\/tr>\n<tr>\n<td style=\"text-align: center;\" width=\"239\">Ambient Humidity<\/td>\n<td style=\"text-align: center;\" colspan=\"5\" width=\"785\">\u00a0 5-95%non-condensing<\/td>\n<\/tr>\n<\/tbody>\n<\/table>\n","protected":false},"excerpt":{"rendered":"<p><span style=\"font-family: 'arial black', sans-serif; font-size: 14pt;\"><strong>\u00a0EP-3-Serie \u2013 Dreiphase All-in-One Wohn-ESS (5\u201310 kW)<\/strong><\/span><\/p>\n<p>Die EP3-P-Serie erweitert das All-in-One-ESS-Konzept auf das dreiphasige Wohn- und Leichtgewerbesegment mit einer Leistung von 5-10 kW. Dieses leistungsstarke System integriert einen dreiphasigen Hybrid-Wechselrichter, BMS, EMS und ein optionales Elektrofahrzeugladeger\u00e4t, um den h\u00f6heren Energiebedarf moderner H\u00e4user oder kleiner Unternehmen gerecht zu werden.<\/p>\n<p>Mit doppelten MPPTs, IP65-Geh\u00e4usen und fortgeschrittener Kommunikation (Wi-Fi\/4G) gew\u00e4hrleistet die EP3-P-Serie eine effiziente Solaranwendung, ununterbrochene Backup-Stromversorgung und reibungslose dreiphasige Netzinteraktion. Es&#8217; s eine leistungsstarke L\u00f6sung f\u00fcr intelligente Energieunabh\u00e4ngigkeit und EV-bereite Infrastruktur.<\/p>\n<p>&nbsp;<\/p>","protected":false},"featured_media":1429,"comment_status":"closed","ping_status":"closed","template":"","meta":[],"product_brand":[],"product_cat":[15],"product_tag":[],"class_list":{"0":"post-1426","1":"product","2":"type-product","3":"status-publish","4":"has-post-thumbnail","6":"product_cat-home-ess","8":"first","9":"instock","10":"shipping-taxable","11":"product-type-simple"},"_links":{"self":[{"href":"https:\/\/www.epotr.com\/de\/wp-json\/wp\/v2\/product\/1426","targetHints":{"allow":["GET"]}}],"collection":[{"href":"https:\/\/www.epotr.com\/de\/wp-json\/wp\/v2\/product"}],"about":[{"href":"https:\/\/www.epotr.com\/de\/wp-json\/wp\/v2\/types\/product"}],"replies":[{"embeddable":true,"href":"https:\/\/www.epotr.com\/de\/wp-json\/wp\/v2\/comments?post=1426"}],"wp:featuredmedia":[{"embeddable":true,"href":"https:\/\/www.epotr.com\/de\/wp-json\/wp\/v2\/media\/1429"}],"wp:attachment":[{"href":"https:\/\/www.epotr.com\/de\/wp-json\/wp\/v2\/media?parent=1426"}],"wp:term":[{"taxonomy":"product_brand","embeddable":true,"href":"https:\/\/www.epotr.com\/de\/wp-json\/wp\/v2\/product_brand?post=1426"},{"taxonomy":"product_cat","embeddable":true,"href":"https:\/\/www.epotr.com\/de\/wp-json\/wp\/v2\/product_cat?post=1426"},{"taxonomy":"product_tag","embeddable":true,"href":"https:\/\/www.epotr.com\/de\/wp-json\/wp\/v2\/product_tag?post=1426"}],"curies":[{"name":"WP","href":"https:\/\/api.w.org\/{rel}","templated":true}]}}