{"id":1410,"date":"2025-06-23T14:29:26","date_gmt":"2025-06-23T06:29:26","guid":{"rendered":"https:\/\/www.epotr.com\/?post_type=product&#038;p=1410"},"modified":"2025-07-16T16:28:01","modified_gmt":"2025-07-16T08:28:01","slug":"three-phase-hv-hybrid-inverter","status":"publish","type":"product","link":"https:\/\/www.epotr.com\/de\/hybrid-inverter\/three-phase-hv-hybrid-inverter\/","title":{"rendered":"Hybrid-Wechselrichter-Dreiphasen HV-Hybrid-Wechselrichter | EPOTR"},"content":{"rendered":"<table style=\"border-collapse: collapse; width: 100%; height: 1488px;\">\n<tbody>\n<tr style=\"height: 24px;\">\n<td style=\"width: 100%; height: 24px;\" colspan=\"5\"><strong>Technische Spezifikationen<\/strong><\/td>\n<\/tr>\n<tr style=\"height: 24px;\">\n<td style=\"width: 20.1446%; height: 24px; background-color: #0068b7;\"><strong><span style=\"color: #ffffff;\">PV-Eingang<\/span><\/strong><\/td>\n<td style=\"width: 19.9277%; height: 24px; background-color: #0068b7;\"><strong><span style=\"color: #ffffff;\">Ares 8KHP3<\/span><\/strong><\/td>\n<td style=\"width: 19.9277%; height: 24px; background-color: #0068b7;\"><span style=\"color: #ffffff;\"><strong>Ares 10KH3<\/strong><\/span><\/td>\n<td style=\"width: 20.5061%; height: 24px; background-color: #0068b7;\"><span style=\"color: #ffffff;\"><strong>Ares 12KH3<\/strong><\/span><\/td>\n<td style=\"width: 19.4939%; height: 24px; background-color: #0068b7;\"><span style=\"color: #ffffff;\"><strong>Ares 15KH3<\/strong><\/span><\/td>\n<\/tr>\n<tr style=\"height: 24px;\">\n<td style=\"width: 20.1446%; height: 24px;\">Max.DClnput Leistung<\/td>\n<td style=\"width: 19.9277%; height: 24px;\">12 kW<\/td>\n<td style=\"width: 19.9277%; height: 24px;\">15 kW<\/td>\n<td style=\"width: 20.5061%; height: 24px;\">18 kW<\/td>\n<td style=\"width: 19.4939%; height: 24px;\">22.5kW<\/td>\n<\/tr>\n<tr style=\"height: 24px;\">\n<td style=\"width: 20.1446%; height: 24px;\">Max.PV Spannung<\/td>\n<td style=\"width: 79.8554%; height: 24px; text-align: center;\" colspan=\"4\">1000V<\/td>\n<\/tr>\n<tr style=\"height: 24px;\">\n<td style=\"width: 20.1446%; height: 24px;\">Nennspannung DC-Eingangsspannung<\/td>\n<td style=\"width: 79.8554%; height: 24px; text-align: center;\" colspan=\"4\">620V<\/td>\n<\/tr>\n<tr style=\"height: 24px;\">\n<td style=\"width: 20.1446%; height: 24px;\">DCInput Spannungsbereich<\/td>\n<td style=\"width: 79.8554%; height: 24px; text-align: center;\" colspan=\"4\">150-1000V<\/td>\n<\/tr>\n<tr style=\"height: 24px;\">\n<td style=\"width: 20.1446%; height: 24px;\">MPPT Spannungsbereich<\/td>\n<td style=\"width: 79.8554%; height: 24px; text-align: center;\" colspan=\"4\">150-850V<\/td>\n<\/tr>\n<tr style=\"height: 24px;\">\n<td style=\"width: 20.1446%; height: 24px;\">Voller MPPT-Bereich<\/td>\n<td style=\"width: 19.9277%; height: 24px;\">300-850V<\/td>\n<td style=\"width: 19.9277%; height: 24px;\">500-850V<\/td>\n<td style=\"width: 20.5061%; height: 24px;\">500-850V<\/td>\n<td style=\"width: 19.4939%; height: 24px;\">500-850V<\/td>\n<\/tr>\n<tr style=\"height: 24px;\">\n<td style=\"width: 20.1446%; height: 24px;\">Startspannung<\/td>\n<td style=\"width: 79.8554%; height: 24px; text-align: center;\" colspan=\"4\">160V<\/td>\n<\/tr>\n<tr style=\"height: 24px;\">\n<td style=\"width: 20.1446%; height: 24px;\">Max.DC Eingangsstrom<\/td>\n<td style=\"width: 19.9277%; height: 24px;\"><\/td>\n<td style=\"width: 19.9277%; height: 24px;\">20 \u00d7 2A<\/td>\n<td style=\"width: 20.5061%; height: 24px;\"><\/td>\n<td style=\"width: 19.4939%; height: 24px;\">20+32<\/td>\n<\/tr>\n<tr style=\"height: 24px;\">\n<td style=\"width: 20.1446%; height: 24px;\">Max.Short Strom<\/td>\n<td style=\"width: 19.9277%; height: 24px;\"><\/td>\n<td style=\"width: 19.9277%; height: 24px;\">30x2A<\/td>\n<td style=\"width: 20.5061%; height: 24px;\"><\/td>\n<td style=\"width: 19.4939%; height: 24px;\">30+48<\/td>\n<\/tr>\n<tr style=\"height: 24px;\">\n<td style=\"width: 20.1446%; height: 24px;\">Max.DC Eingangsstrom<\/td>\n<td style=\"width: 19.9277%; height: 24px;\"><\/td>\n<td style=\"width: 19.9277%; height: 24px;\">2\/2<\/td>\n<td style=\"width: 20.5061%; height: 24px;\"><\/td>\n<td style=\"width: 19.4939%; height: 24px;\">2\/3<\/td>\n<\/tr>\n<tr style=\"height: 24px;\">\n<td style=\"width: 20.1446%; height: 24px;\">Max.DC Eingangsstrom<\/td>\n<td style=\"width: 19.9277%; height: 24px;\"><\/td>\n<td style=\"width: 19.9277%; height: 24px;\">20 \u00d7 2A<\/td>\n<td style=\"width: 20.5061%; height: 24px;\"><\/td>\n<td style=\"width: 19.4939%; height: 24px;\">20+32<\/td>\n<\/tr>\n<tr style=\"height: 24px;\">\n<td style=\"width: 100%; height: 24px; background-color: #0068b7;\" colspan=\"5\"><span style=\"color: #ffffff;\"><strong>Batterie Port<\/strong><\/span><\/td>\n<\/tr>\n<tr style=\"height: 24px;\">\n<td style=\"width: 20.1446%; height: 24px;\">Batterie Nennspannung<\/td>\n<td style=\"width: 19.9277%; height: 24px;\">200 V<\/td>\n<td style=\"width: 19.9277%; height: 24px;\">400 V<\/td>\n<td style=\"width: 20.5061%; height: 24px;\">450V<\/td>\n<td style=\"width: 19.4939%; height: 24px;\">500V<\/td>\n<\/tr>\n<tr style=\"height: 24px;\">\n<td style=\"width: 20.1446%; height: 24px;\">Batteriespannungsbereich<\/td>\n<td style=\"width: 19.9277%; height: 24px;\">80-600V<\/td>\n<td style=\"width: 19.9277%; height: 24px;\">150-800V<\/td>\n<td style=\"width: 20.5061%; height: 24px;\">150-800V<\/td>\n<td style=\"width: 19.4939%; height: 24px;\">150-800V<\/td>\n<\/tr>\n<tr style=\"height: 24px;\">\n<td style=\"width: 20.1446%; height: 24px;\">Max.Charge\/Entladungsstrom<\/td>\n<td style=\"width: 19.9277%; height: 24px;\">50A<\/td>\n<td style=\"width: 19.9277%; height: 24px;\">30A<\/td>\n<td style=\"width: 20.5061%; height: 24px;\">30A<\/td>\n<td style=\"width: 19.4939%; height: 24px;\">50A<\/td>\n<\/tr>\n<tr style=\"height: 24px;\">\n<td style=\"width: 20.1446%; height: 24px;\">Max.Charge\/Entladungsleistung<\/td>\n<td style=\"width: 19.9277%; height: 24px;\">8 KW<\/td>\n<td style=\"width: 19.9277%; height: 24px;\">10kw<\/td>\n<td style=\"width: 20.5061%; height: 24px;\">12 KW<\/td>\n<td style=\"width: 19.4939%; height: 24px;\">15 KW<\/td>\n<\/tr>\n<tr style=\"height: 24px;\">\n<td style=\"width: 20.1446%; height: 24px;\">Ladekurve<\/td>\n<td style=\"width: 79.8554%; height: 24px; text-align: center;\" colspan=\"4\">3 Etappen<\/td>\n<\/tr>\n<tr style=\"height: 24px;\">\n<td style=\"width: 20.1446%; height: 24px;\">Kompatible Batterie Typ<\/td>\n<td style=\"width: 79.8554%; height: 24px; text-align: center;\" colspan=\"4\">Li-Ionen-Batterie<\/td>\n<\/tr>\n<tr style=\"height: 24px;\">\n<td style=\"width: 100%; height: 24px; background-color: #0068b7;\" colspan=\"5\"><span style=\"color: #ffffff;\"><strong>AC-Netz<\/strong><\/span><\/td>\n<\/tr>\n<tr style=\"height: 24px;\">\n<td style=\"width: 20.1446%; height: 24px;\">Nominale Wechselstromleistung<\/td>\n<td style=\"width: 19.9277%; height: 24px;\">8 kW<\/td>\n<td style=\"width: 19.9277%; height: 24px;\">10kW<\/td>\n<td style=\"width: 20.5061%; height: 24px;\">12 kW<\/td>\n<td style=\"width: 19.4939%; height: 24px;\">15 kW<\/td>\n<\/tr>\n<tr style=\"height: 24px;\">\n<td style=\"width: 20.1446%; height: 24px;\">Max.ACEingangs-\/Ausgangsleistung<\/td>\n<td style=\"width: 19.9277%; height: 24px;\">12\/8.8kVA<\/td>\n<td style=\"width: 19.9277%; height: 24px;\">15\/11kVA<\/td>\n<td style=\"width: 20.5061%; height: 24px;\">18\/13.2kVA<\/td>\n<td style=\"width: 19.4939%; height: 24px;\">22.5\/16.5kVA<\/td>\n<\/tr>\n<tr style=\"height: 24px;\">\n<td style=\"width: 20.1446%; height: 24px;\">Max.AC Ausgangsstrom<\/td>\n<td style=\"width: 19.9277%; height: 24px;\">13.5A<\/td>\n<td style=\"width: 19.9277%; height: 24px;\">17A<\/td>\n<td style=\"width: 20.5061%; height: 24px;\">21.5A<\/td>\n<td style=\"width: 19.4939%; height: 24px;\">27A<\/td>\n<\/tr>\n<tr style=\"height: 24px;\">\n<td style=\"width: 20.1446%; height: 24px;\">Nominale Wechselspannung<\/td>\n<td style=\"width: 79.8554%; height: 24px; text-align: center;\" colspan=\"4\">230\/400V<\/td>\n<\/tr>\n<tr style=\"height: 24px;\">\n<td style=\"width: 20.1446%; height: 24px;\">Nominale AC Frequenz<\/td>\n<td style=\"width: 79.8554%; height: 24px; text-align: center;\" colspan=\"4\">50\/60Hz<\/td>\n<\/tr>\n<tr style=\"height: 24px;\">\n<td style=\"width: 20.1446%; height: 24px;\">Leistungsfaktor<\/td>\n<td style=\"width: 79.8554%; height: 24px; text-align: center;\" colspan=\"4\">1(-0.8-0.8)<\/td>\n<\/tr>\n<tr style=\"height: 24px;\">\n<td style=\"width: 20.1446%; height: 24px;\">Aktuelle THD<\/td>\n<td style=\"width: 79.8554%; height: 24px; text-align: center;\" colspan=\"4\">&lt; 3%<\/td>\n<\/tr>\n<tr style=\"height: 24px;\">\n<td style=\"width: 100%; height: 24px; background-color: #0068b7;\" colspan=\"5\"><span style=\"color: #ffffff;\"><strong>Wechselstromlast Ausgang (Backup)<\/strong><\/span><\/td>\n<\/tr>\n<tr style=\"height: 24px;\">\n<td style=\"width: 20.1446%; height: 24px;\">Nominale Ausgangsleistung<\/td>\n<td style=\"width: 19.9277%; height: 24px;\">8000VA<\/td>\n<td style=\"width: 19.9277%; height: 24px;\">10000VA<\/td>\n<td style=\"width: 20.5061%; height: 24px;\">12000VA<\/td>\n<td style=\"width: 19.4939%; height: 24px;\">15000VA<\/td>\n<\/tr>\n<tr style=\"height: 24px;\">\n<td style=\"width: 20.1446%; height: 24px;\">Nominale Ausgangsspannung<\/td>\n<td style=\"width: 79.8554%; height: 24px; text-align: center;\" colspan=\"4\">230\/400V<\/td>\n<\/tr>\n<tr style=\"height: 24px;\">\n<td style=\"width: 20.1446%; height: 24px;\">Nominale Ausgangsfrequenz<\/td>\n<td style=\"width: 79.8554%; height: 24px; text-align: center;\" colspan=\"4\">50\/60Hz<\/td>\n<\/tr>\n<tr style=\"height: 24px;\">\n<td style=\"width: 20.1446%; height: 24px;\">Nominaler Ausgangsstrom<\/td>\n<td style=\"width: 19.9277%; height: 24px;\">11,6 A<\/td>\n<td style=\"width: 19.9277%; height: 24px;\">14.5A<\/td>\n<td style=\"width: 20.5061%; height: 24px;\">17.4A<\/td>\n<td style=\"width: 19.4939%; height: 24px;\">21.8A<\/td>\n<\/tr>\n<tr style=\"height: 24px;\">\n<td style=\"width: 20.1446%; height: 24px;\">Spitzenleistung<\/td>\n<td style=\"width: 19.9277%; height: 24px;\">8800VA, 60s<\/td>\n<td style=\"width: 19.9277%; height: 24px;\">11000VA, 60s<\/td>\n<td style=\"width: 20.5061%; height: 24px;\">13200VA, 60s<\/td>\n<td style=\"width: 19.4939%; height: 24px;\">16500VA, 60s<\/td>\n<\/tr>\n<tr style=\"height: 24px;\">\n<td style=\"width: 20.1446%; height: 24px;\">THDV (mit linearer Last)<\/td>\n<td style=\"width: 79.8554%; height: 24px; text-align: center;\" colspan=\"4\">&lt; 3%<\/td>\n<\/tr>\n<tr style=\"height: 24px;\">\n<td style=\"width: 20.1446%; height: 24px;\">Schaltzeit<\/td>\n<td style=\"width: 79.8554%; height: 24px; text-align: center;\" colspan=\"4\">&lt; 10ms<\/td>\n<\/tr>\n<tr style=\"height: 24px;\">\n<td style=\"width: 100%; height: 24px; background-color: #0068b7;\" colspan=\"5\"><span style=\"color: #ffffff;\"><strong>Effizienz<\/strong><\/span><\/td>\n<\/tr>\n<tr style=\"height: 24px;\">\n<td style=\"width: 20.1446%; height: 24px;\">Europa Effizienz<\/td>\n<td style=\"width: 79.8554%; height: 24px; text-align: center;\" colspan=\"4\">97.50%<\/td>\n<\/tr>\n<tr style=\"height: 24px;\">\n<td style=\"width: 20.1446%; height: 24px;\">Max.Efficiency<\/td>\n<td style=\"width: 19.9277%; height: 24px;\">98.20%<\/td>\n<td style=\"width: 19.9277%; height: 24px;\">98.20%<\/td>\n<td style=\"width: 20.5061%; height: 24px;\">98.30%<\/td>\n<td style=\"width: 19.4939%; height: 24px;\">98.30%<\/td>\n<\/tr>\n<tr style=\"height: 24px;\">\n<td style=\"width: 20.1446%; height: 24px;\">Effizienz der Batterieladung\/Entladung<\/td>\n<td style=\"width: 79.8554%; height: 24px; text-align: center;\" colspan=\"4\">98.00%<\/td>\n<\/tr>\n<tr style=\"height: 24px;\">\n<td style=\"width: 100%; height: 24px; background-color: #0068b7;\" colspan=\"5\"><span style=\"color: #ffffff;\"><strong>Schutz<\/strong><\/span><\/td>\n<\/tr>\n<tr style=\"height: 24px;\">\n<td style=\"width: 20.1446%; height: 24px;\">Umkehrter Polarit\u00e4tsschutz<\/td>\n<td style=\"width: 79.8554%; height: 24px; text-align: center;\" colspan=\"4\">Ja<\/td>\n<\/tr>\n<tr style=\"height: 24px;\">\n<td style=\"width: 20.1446%; height: 24px;\">\u00dcberstrom-\/Spannungsschutz<\/td>\n<td style=\"width: 79.8554%; height: 24px; text-align: center;\" colspan=\"4\">Ja<\/td>\n<\/tr>\n<tr style=\"height: 24px;\">\n<td style=\"width: 20.1446%; height: 24px;\">Schutz gegen Inseln<\/td>\n<td style=\"width: 79.8554%; height: 24px; text-align: center;\" colspan=\"4\">Ja<\/td>\n<\/tr>\n<tr style=\"height: 24px;\">\n<td style=\"width: 20.1446%; height: 24px;\">AC Kurzschlussschutz<\/td>\n<td style=\"width: 79.8554%; height: 24px; text-align: center;\" colspan=\"4\">Ja<\/td>\n<\/tr>\n<tr style=\"height: 24px;\">\n<td style=\"width: 20.1446%; height: 24px;\">Leckstromerkennung<\/td>\n<td style=\"width: 79.8554%; height: 24px; text-align: center;\" colspan=\"4\">Ja<\/td>\n<\/tr>\n<tr style=\"height: 24px;\">\n<td style=\"width: 20.1446%; height: 24px;\">Erdfehler\u00fcberwachung<\/td>\n<td style=\"width: 79.8554%; height: 24px; text-align: center;\" colspan=\"4\">Ja<\/td>\n<\/tr>\n<tr style=\"height: 24px;\">\n<td style=\"width: 20.1446%; height: 24px;\">Netz\u00fcberwachung<\/td>\n<td style=\"width: 79.8554%; height: 24px; text-align: center;\" colspan=\"4\">Ja<\/td>\n<\/tr>\n<tr style=\"height: 24px;\">\n<td style=\"width: 20.1446%; height: 24px;\">Geh\u00e4use sch\u00fctzen Ebene<\/td>\n<td style=\"width: 79.8554%; height: 24px; text-align: center;\" colspan=\"4\">IP65<\/td>\n<\/tr>\n<tr style=\"height: 24px;\">\n<td style=\"width: 100%; height: 24px; background-color: #0068b7;\" colspan=\"5\"><span style=\"color: #ffffff;\"><strong>Allgemeine Daten<\/strong><\/span><\/td>\n<\/tr>\n<tr style=\"height: 24px;\">\n<td style=\"width: 20.1446%; height: 24px;\">Abmessungen<\/td>\n<td style=\"width: 19.9277%; height: 24px;\">558 \u00d7 535 \u00d7 260 mm<\/td>\n<td style=\"width: 19.9277%; height: 24px;\">370 \u00d7 497 \u00d7 192 mm<\/td>\n<td style=\"width: 20.5061%; height: 24px;\">370 \u00d7 497 \u00d7 192 mm<\/td>\n<td style=\"width: 19.4939%; height: 24px;\">558 \u00d7 535 \u00d7 260 mm<\/td>\n<\/tr>\n<tr style=\"height: 24px;\">\n<td style=\"width: 20.1446%; height: 24px;\">Gewicht<\/td>\n<td style=\"width: 19.9277%; height: 24px;\">29kg<\/td>\n<td style=\"width: 19.9277%; height: 24px;\">20.8kg<\/td>\n<td style=\"width: 20.5061%; height: 24px;\">20.8kg<\/td>\n<td style=\"width: 19.4939%; height: 24px;\">29kg<\/td>\n<\/tr>\n<tr style=\"height: 24px;\">\n<td style=\"width: 20.1446%; height: 24px;\">Topologie<\/td>\n<td style=\"width: 79.8554%; height: 24px; text-align: center;\" colspan=\"4\">Transformatorlos<\/td>\n<\/tr>\n<tr style=\"height: 24px;\">\n<td style=\"width: 20.1446%; height: 24px;\">K\u00fchlkonzept<\/td>\n<td style=\"width: 79.8554%; height: 24px; text-align: center;\" colspan=\"4\">\u667a\u80fd\u98ce\u6247<\/td>\n<\/tr>\n<tr style=\"height: 24px;\">\n<td style=\"width: 20.1446%; height: 24px;\">Relative Luftfeuchtigkeit<\/td>\n<td style=\"width: 79.8554%; height: 24px; text-align: center;\" colspan=\"4\">0-100%<\/td>\n<\/tr>\n<tr style=\"height: 24px;\">\n<td style=\"width: 20.1446%; height: 24px;\">Betriebstemperaturbereich<\/td>\n<td style=\"width: 79.8554%; height: 24px; text-align: center;\" colspan=\"4\">-25 bis 60 \u2103<\/td>\n<\/tr>\n<tr style=\"height: 24px;\">\n<td style=\"width: 20.1446%; height: 24px;\">Betriebsh\u00f6he<\/td>\n<td style=\"width: 79.8554%; height: 24px; text-align: center;\" colspan=\"4\">&lt; 4000m<\/td>\n<\/tr>\n<tr style=\"height: 24px;\">\n<td style=\"width: 20.1446%; height: 24px;\">L\u00e4rmemission<\/td>\n<td style=\"width: 79.8554%; height: 24px; text-align: center;\" colspan=\"4\">&lt; 30dB<\/td>\n<\/tr>\n<tr style=\"height: 24px;\">\n<td style=\"width: 20.1446%; height: 24px;\">Standby Verbrauch<\/td>\n<td style=\"width: 79.8554%; height: 24px; text-align: center;\" colspan=\"4\">&lt; 5W<\/td>\n<\/tr>\n<tr style=\"height: 24px;\">\n<td style=\"width: 20.1446%; height: 24px;\">Anzeige &amp; Kommunikationsschnittstellen<\/td>\n<td style=\"width: 79.8554%; height: 24px; text-align: center;\" colspan=\"4\">LCD, LED, RS485, CAN, WLAN, GPRS, 4G<\/td>\n<\/tr>\n<tr style=\"height: 24px;\">\n<td style=\"width: 20.1446%; height: 24px;\">Zertifizierung &amp; Genehmigungen<\/td>\n<td style=\"width: 79.8554%; height: 24px; text-align: center;\" colspan=\"4\">NRS097, G98 \/ G99, EN50549-1, C10 \/ C11, AS4777.2, VDE-AR-N4105, VDE0126, IEC62109-1, IEC62109-2<\/td>\n<\/tr>\n<tr style=\"height: 24px;\">\n<td style=\"width: 20.1446%; height: 24px;\">EMV<\/td>\n<td style=\"height: 24px; text-align: center; width: 79.8554%;\" colspan=\"4\">EN61000-6-2, EN61000-6-3<\/td>\n<\/tr>\n<\/tbody>\n<\/table>","protected":false},"excerpt":{"rendered":"<p><span style=\"font-family: 'arial black', sans-serif; font-size: 14pt;\"><strong>Dreiphasiger HV-Hybrid-Wechselrichter<\/strong><\/span><br \/>\nDer Dreiphasen-HV-Hybrid-Wechselrichter ist f\u00fcr gr\u00f6\u00dfere H\u00e4user und gewerbliche Anwendungen entwickelt und bietet robuste Leistung mit Hochspannungsbatteriekompatibilit\u00e4t, dreiphasenem Lastbalance und erweiterter Energiesteuerung f\u00fcr maximale Effizienz und Stabilit\u00e4t.<\/p>","protected":false},"featured_media":1411,"comment_status":"closed","ping_status":"closed","template":"","meta":[],"product_brand":[],"product_cat":[30],"product_tag":[],"class_list":{"0":"post-1410","1":"product","2":"type-product","3":"status-publish","4":"has-post-thumbnail","6":"product_cat-hybrid-inverter","8":"first","9":"instock","10":"shipping-taxable","11":"product-type-simple"},"_links":{"self":[{"href":"https:\/\/www.epotr.com\/de\/wp-json\/wp\/v2\/product\/1410","targetHints":{"allow":["GET"]}}],"collection":[{"href":"https:\/\/www.epotr.com\/de\/wp-json\/wp\/v2\/product"}],"about":[{"href":"https:\/\/www.epotr.com\/de\/wp-json\/wp\/v2\/types\/product"}],"replies":[{"embeddable":true,"href":"https:\/\/www.epotr.com\/de\/wp-json\/wp\/v2\/comments?post=1410"}],"wp:featuredmedia":[{"embeddable":true,"href":"https:\/\/www.epotr.com\/de\/wp-json\/wp\/v2\/media\/1411"}],"wp:attachment":[{"href":"https:\/\/www.epotr.com\/de\/wp-json\/wp\/v2\/media?parent=1410"}],"wp:term":[{"taxonomy":"product_brand","embeddable":true,"href":"https:\/\/www.epotr.com\/de\/wp-json\/wp\/v2\/product_brand?post=1410"},{"taxonomy":"product_cat","embeddable":true,"href":"https:\/\/www.epotr.com\/de\/wp-json\/wp\/v2\/product_cat?post=1410"},{"taxonomy":"product_tag","embeddable":true,"href":"https:\/\/www.epotr.com\/de\/wp-json\/wp\/v2\/product_tag?post=1410"}],"curies":[{"name":"WP","href":"https:\/\/api.w.org\/{rel}","templated":true}]}}