{"id":1408,"date":"2025-06-23T14:15:27","date_gmt":"2025-06-23T06:15:27","guid":{"rendered":"https:\/\/www.epotr.com\/?post_type=product&#038;p=1408"},"modified":"2025-07-17T14:20:27","modified_gmt":"2025-07-17T06:20:27","slug":"single-phase-hv-hibrid-inverter","status":"publish","type":"product","link":"https:\/\/www.epotr.com\/de\/hybrid-inverter\/single-phase-hv-hibrid-inverter\/","title":{"rendered":"Hybrid-Wechselrichter-Einphasenhochspannungs-Hybrid-Wechselrichter | EPOTR"},"content":{"rendered":"<table style=\"width: 80.6191%; height: 2598px;\" width=\"281\">\n<tbody>\n<tr>\n<td style=\"width: 26.8509%; text-align: center;\" width=\"128\">PVInput<\/td>\n<td style=\"width: 42.152%; text-align: center;\" width=\"40\">Ares 3.6KL<\/td>\n<td style=\"text-align: center;\" width=\"49\">Ares 5KL<\/td>\n<td style=\"width: 78.0715%; text-align: center;\" width=\"64\">Ares 6KL<\/td>\n<\/tr>\n<tr>\n<td style=\"width: 26.8509%; text-align: center;\" width=\"128\">Max.Input Leistung<\/td>\n<td style=\"width: 42.152%; text-align: center;\" width=\"40\">5.4kW<\/td>\n<td style=\"width: 0.985222%; text-align: center;\" width=\"49\">\u00a07.5kW<\/td>\n<td style=\"width: 78.0715%; text-align: center;\" width=\"64\">9.0kW<\/td>\n<\/tr>\n<tr>\n<td style=\"width: 26.8509%; text-align: center;\" width=\"128\">Max.PV Spannung<\/td>\n<td style=\"width: 121.209%; text-align: center;\" colspan=\"3\" width=\"153\">550V<\/td>\n<\/tr>\n<tr>\n<td style=\"width: 26.8509%; text-align: center;\" width=\"128\">MPPT-Bereich<\/td>\n<td style=\"width: 121.209%; text-align: center;\" colspan=\"3\" width=\"153\">\u00a0\u00a0\u00a0\u00a0 80-500V<\/td>\n<\/tr>\n<tr>\n<td style=\"width: 26.8509%; text-align: center;\" width=\"128\">Voller Blei MPPTRange<\/td>\n<td style=\"width: 42.152%; text-align: center;\" width=\"40\">110-50DV<\/td>\n<td style=\"width: 0.985222%; text-align: center;\" width=\"49\">150-500V<\/td>\n<td style=\"width: 78.0715%; text-align: center;\" width=\"64\">170-500V<\/td>\n<\/tr>\n<tr>\n<td style=\"width: 26.8509%; text-align: center;\" width=\"128\">Normalspannung<\/td>\n<td style=\"width: 121.209%; text-align: center;\" colspan=\"3\" width=\"153\">\u00a0\u00a0\u00a0\u00a0\u00a0\u00a0\u00a0 360V<\/td>\n<\/tr>\n<tr>\n<td style=\"width: 26.8509%; text-align: center;\" width=\"128\">Startspannung<\/td>\n<td style=\"width: 121.209%; text-align: center;\" colspan=\"3\" width=\"153\">100V<\/td>\n<\/tr>\n<tr>\n<td style=\"width: 26.8509%; text-align: center;\" width=\"128\">Max.Input Strom<\/td>\n<td style=\"width: 121.209%; text-align: center;\" colspan=\"3\" width=\"153\">\u00a0\u00a0\u00a0\u00a0 18,5 \u00d7 2A<\/td>\n<\/tr>\n<tr>\n<td style=\"width: 26.8509%; text-align: center;\" width=\"128\">Max.Short Strom<\/td>\n<td style=\"width: 121.209%; text-align: center;\" colspan=\"3\" width=\"153\">26 \u00d7 2A<\/td>\n<\/tr>\n<tr>\n<td style=\"width: 26.8509%; text-align: center;\" width=\"128\">Noof MPPTracker\/Nr. von PVString<\/td>\n<td style=\"width: 121.209%; text-align: center;\" colspan=\"3\" width=\"153\">\u00a0\u00a0\u00a0\u00a0\u00a0\u00a0\u00a0 2\/2<\/td>\n<\/tr>\n<tr>\n<td style=\"width: 148.06%; text-align: center;\" colspan=\"4\" width=\"281\">Batterie Port<\/td>\n<\/tr>\n<tr>\n<td style=\"width: 26.8509%; text-align: center;\" width=\"128\">Max.Charge\/Entladungsleistung<\/td>\n<td style=\"width: 42.152%; text-align: center;\" width=\"40\">3.6kw<\/td>\n<td style=\"width: 0.985222%; text-align: center;\" width=\"49\">\u00a048kw<\/td>\n<td style=\"width: 78.0715%; text-align: center;\" width=\"64\">\u00a048kw<\/td>\n<\/tr>\n<tr>\n<td style=\"width: 26.8509%; text-align: center;\" width=\"128\">Max.Charge\/Entladungsstrom<\/td>\n<td style=\"width: 121.209%; text-align: center;\" colspan=\"3\" width=\"153\">8DA<\/td>\n<\/tr>\n<tr>\n<td style=\"width: 26.8509%; text-align: center;\" width=\"128\">Batterie Normalspannung<\/td>\n<td style=\"width: 121.209%; text-align: center;\" colspan=\"3\" width=\"153\">\u00a0\u00a0\u00a0\u00a0\u00a0\u00a0\u00a0 51.2V<\/td>\n<\/tr>\n<tr>\n<td style=\"width: 26.8509%; text-align: center;\" width=\"128\">Batteriespannungsbereich<\/td>\n<td style=\"width: 121.209%; text-align: center;\" colspan=\"3\" width=\"153\">40-60V<\/td>\n<\/tr>\n<tr>\n<td style=\"width: 26.8509%; text-align: center;\" width=\"128\">Typ der Batterie<\/td>\n<td style=\"width: 121.209%; text-align: center;\" colspan=\"3\" width=\"153\">\u00a0\u00a0\u00a0 Li-Ionen\/Blei-S\u00e4ure usw.<\/td>\n<\/tr>\n<tr>\n<td style=\"width: 148.06%; text-align: center;\" colspan=\"4\" width=\"281\">\u00a0\u00a0\u00a0\u00a0\u00a0\u00a0\u00a0\u00a0\u00a0\u00a0\u00a0\u00a0\u00a0\u00a0\u00a0\u00a0\u00a0\u00a0\u00a0\u00a0\u00a0\u00a0\u00a0\u00a0\u00a0\u00a0\u00a0\u00a0 AC-Netz<\/td>\n<\/tr>\n<tr>\n<td style=\"width: 26.8509%; text-align: center;\" width=\"128\">Max kontinuierlicher Strom<\/td>\n<td style=\"width: 42.152%; text-align: center;\" width=\"40\">17.0A<\/td>\n<td style=\"width: 0.985222%; text-align: center;\" width=\"49\">23.0A<\/td>\n<td style=\"width: 78.0715%; text-align: center;\" width=\"64\">28.0A<\/td>\n<\/tr>\n<tr>\n<td style=\"width: 26.8509%; text-align: center;\" width=\"128\">Maximale kontinuierliche Leistung<\/td>\n<td style=\"width: 42.152%; text-align: center;\" width=\"40\">3.6kVA<\/td>\n<td style=\"width: 0.985222%; text-align: center;\" width=\"49\">\u00a0\u00a0\u00a0\u00a0 5.0kVA bedeutet Ziehen  \u266b\u266b 6,0KVA<\/td>\n<td style=\"width: 78.0715%; text-align: center;\" width=\"64\">6.0KVA<\/td>\n<\/tr>\n<tr>\n<td style=\"width: 26.8509%; text-align: center;\" width=\"128\">\u00a0\u00a0\u00a0\u00a0\u00a0 Nominaler Netzstrom<\/td>\n<td style=\"width: 42.152%; text-align: center;\" width=\"40\">16.4\/15.7A<\/td>\n<td style=\"width: 0.985222%; text-align: center;\" width=\"49\">22.8\/21.8A<\/td>\n<td style=\"width: 78.0715%; text-align: center;\" width=\"64\">27.3\/26.1A<\/td>\n<\/tr>\n<tr>\n<td style=\"width: 26.8509%; text-align: center;\" width=\"128\">\u00a0\u00a0\u00a0\u00a0\u00a0 Nominale Netzspannung<\/td>\n<td style=\"width: 121.209%; text-align: center;\" colspan=\"3\" width=\"153\">198 auf 242@220 207 auf 253@230V<\/td>\n<\/tr>\n<tr>\n<td style=\"width: 26.8509%; text-align: center;\" width=\"128\">Nominale Rasterfrequenz<\/td>\n<td style=\"width: 121.209%; text-align: center;\" colspan=\"3\" width=\"153\">\u00a0\u00a0\u00a0\u00a0 50\/60Hz<\/td>\n<\/tr>\n<tr>\n<td style=\"width: 26.8509%; text-align: center;\" width=\"128\">Leistungsfaktor<\/td>\n<td style=\"width: 121.209%; text-align: center;\" colspan=\"3\" width=\"153\">0,999 (verstellbar von 0,8 \u00fcbererregt auf 0,8 untererregt)<\/td>\n<\/tr>\n<tr>\n<td style=\"width: 26.8509%; text-align: center;\" width=\"128\">Aktuelle THD<\/td>\n<td style=\"width: 121.209%; text-align: center;\" colspan=\"3\" width=\"153\">\u00a0\u00a0\u00a0 &lt; 3%<\/td>\n<\/tr>\n<tr>\n<td style=\"width: 148.06%; text-align: center;\" colspan=\"4\" width=\"281\">AC Last Ausgang<\/td>\n<\/tr>\n<tr>\n<td style=\"width: 26.8509%; text-align: center;\" width=\"128\">Max kontinuierlicher Strom<\/td>\n<td style=\"width: 42.152%; text-align: center;\" width=\"40\">17.0A<\/td>\n<td style=\"width: 0.985222%; text-align: center;\" width=\"49\">23.0A<\/td>\n<td style=\"width: 78.0715%; text-align: center;\" width=\"64\">28.0A<\/td>\n<\/tr>\n<tr>\n<td style=\"width: 26.8509%; text-align: center;\" width=\"128\">Maximale kontinuierliche Leistung<\/td>\n<td style=\"width: 42.152%; text-align: center;\" width=\"40\">3.6kVA<\/td>\n<td style=\"width: 0.985222%; text-align: center;\" width=\"49\">5.0KVA<\/td>\n<td style=\"width: 78.0715%; text-align: center;\" width=\"64\">6.0KVA<\/td>\n<\/tr>\n<tr>\n<td style=\"width: 26.8509%; text-align: center;\" width=\"128\">Max Spitzenstrom (10min)<\/td>\n<td style=\"width: 42.152%; text-align: center;\" width=\"40\">24.6\/23.5A<\/td>\n<td style=\"width: 0.985222%; text-align: center;\" width=\"49\">34.1\/32.7A<\/td>\n<td style=\"width: 78.0715%; text-align: center;\" width=\"64\">41.0\/39.2A<\/td>\n<\/tr>\n<tr>\n<td style=\"width: 26.8509%; text-align: center;\" width=\"128\">Maximale Spitzenleistung (10min)<\/td>\n<td style=\"width: 42.152%; text-align: center;\" width=\"40\">5.4KVA<\/td>\n<td style=\"width: 0.985222%; text-align: center;\" width=\"49\">7.5kVA<\/td>\n<td style=\"width: 78.0715%; text-align: center;\" width=\"64\">9.0KVA<\/td>\n<\/tr>\n<tr>\n<td style=\"width: 26.8509%; text-align: center;\" width=\"128\">Nominaler Wechselstrom<\/td>\n<td style=\"width: 42.152%; text-align: center;\" width=\"40\">16.4\/15.7A<\/td>\n<td style=\"width: 0.985222%; text-align: center;\" width=\"49\">\u00a022.8\/21.8A<\/td>\n<td style=\"width: 78.0715%; text-align: center;\" width=\"64\">27.3\/26.1A<\/td>\n<\/tr>\n<tr>\n<td style=\"width: 26.8509%; text-align: center;\" width=\"128\">Nominale Wechselspannung L-N<\/td>\n<td style=\"width: 121.209%; text-align: center;\" colspan=\"3\" width=\"153\">\u00a0 220\/230V<\/td>\n<\/tr>\n<tr>\n<td style=\"width: 26.8509%; text-align: center;\" width=\"128\">NominalACFrequenz<\/td>\n<td style=\"width: 121.209%; text-align: center;\" colspan=\"3\" width=\"153\">\u00a0\u00a0 50\/60Hz<\/td>\n<\/tr>\n<tr>\n<td style=\"width: 26.8509%; text-align: center;\" width=\"128\">Schaltzeit<\/td>\n<td style=\"width: 121.209%; text-align: center;\" colspan=\"3\" width=\"153\">Nahtlos<\/td>\n<\/tr>\n<tr>\n<td style=\"width: 26.8509%; text-align: center;\" width=\"128\">Spannung THD<\/td>\n<td style=\"width: 121.209%; text-align: center;\" colspan=\"3\" width=\"153\">\u00a0\u00a0\u00a0 &lt; 3%<\/td>\n<\/tr>\n<tr>\n<td style=\"width: 148.06%; text-align: center;\" colspan=\"4\" width=\"281\">Effizienz<\/td>\n<\/tr>\n<tr>\n<td style=\"width: 26.8509%; text-align: center;\" width=\"128\">CEC Effizienz<\/td>\n<td style=\"width: 121.209%; text-align: center;\" colspan=\"3\" width=\"153\">\u00a0\u00a0\u00a0\u00a0\u00a0\u00a0\u00a0 97.0%<\/td>\n<\/tr>\n<tr>\n<td style=\"width: 26.8509%; text-align: center;\" width=\"128\">Max.Efficiency<\/td>\n<td style=\"width: 121.209%; text-align: center;\" colspan=\"3\" width=\"153\">97.6%<\/td>\n<\/tr>\n<tr>\n<td style=\"width: 26.8509%; text-align: center;\" width=\"128\">\u00a0\u00a0\u00a0\u00a0\u00a0\u00a0\u00a0 PV zu Bat. Effizienz<\/td>\n<td style=\"width: 121.209%; text-align: center;\" colspan=\"3\" width=\"153\">\u00a0\u00a0\u00a0\u00a0\u00a0\u00a0\u00a0 98.1%<\/td>\n<\/tr>\n<tr>\n<td style=\"width: 26.8509%; text-align: center;\" width=\"128\">Bat.between AC Effizienz<\/td>\n<td style=\"width: 121.209%; text-align: center;\" colspan=\"3\" width=\"153\">96.8%<\/td>\n<\/tr>\n<tr>\n<td style=\"width: 148.06%; text-align: center;\" colspan=\"4\" width=\"281\">\u00a0\u00a0\u00a0\u00a0\u00a0\u00a0\u00a0\u00a0\u00a0\u00a0\u00a0\u00a0\u00a0\u00a0\u00a0\u00a0\u00a0\u00a0\u00a0\u00a0\u00a0\u00a0\u00a0\u00a0\u00a0 Schutz<\/td>\n<\/tr>\n<tr>\n<td style=\"width: 26.8509%; text-align: center;\" width=\"128\">\u00a0\u00a0\u00a0\u00a0\u00a0\u00a0\u00a0 PV Umkehrpolarit\u00e4tsschutz<\/td>\n<td style=\"width: 121.209%; text-align: center;\" colspan=\"3\" width=\"153\">\u00a0\u00a0\u00a0\u00a0\u00a0\u00a0\u00a0 Ja<\/td>\n<\/tr>\n<tr>\n<td style=\"width: 26.8509%; text-align: center;\" width=\"128\">\u00a0\u00a0\u00a0\u00a0\u00a0 \u00dcberstrom-\/Spannungsschutz<\/td>\n<td style=\"width: 121.209%; text-align: center;\" colspan=\"3\" width=\"153\">Ja<\/td>\n<\/tr>\n<tr>\n<td style=\"width: 26.8509%; text-align: center;\" width=\"128\">Anti-Lslanding Schutz<\/td>\n<td style=\"width: 121.209%; text-align: center;\" colspan=\"3\" width=\"153\">\u00a0\u00a0\u00a0\u00a0\u00a0\u00a0\u00a0 Ja<\/td>\n<\/tr>\n<tr>\n<td style=\"width: 26.8509%; text-align: center;\" width=\"128\">AC Kurzschlussschutz<\/td>\n<td style=\"width: 121.209%; text-align: center;\" colspan=\"3\" width=\"153\">\u00a0\u00a0\u00a0\u00a0\u00a0\u00a0\u00a0\u00a0\u00a0\u00a0\u00a0\u00a0\u00a0\u00a0\u00a0\u00a0\u00a0\u00a0\u00a0\u00a0\u00a0\u00a0\u00a0\u00a0\u00a0\u00a0\u00a0\u00a0\u00a0\u00a0\u00a0\u00a0\u00a0\u00a0\u00a0\u00a0\u00a0\u00a0\u00a0\u00a0\u00a0\u00a0\u00a0\u00a0\u00a0\u00a0\u00a0\u00a0\u00a0\u00a0\u00a0\u00a0\u00a0\u00a0\u00a0\u00a0\u00a0\u00a0\u00a0\u00a0\u00a0\u00a0\u00a0\u00a0\u00a0\u00a0\u00a0\u00a0\u00a0\u00a0\u00a0\u00a0\u00a0\u00a0\u00a0\u00a0\u00a0\u00a0\u00a0\u00a0\u00a0\u00a0\u00a0\u00a0\u00a0\u00a0\u00a0\u00a0 Ja<\/td>\n<\/tr>\n<tr>\n<td style=\"width: 26.8509%; text-align: center;\" width=\"128\">Reststromerkennung<\/td>\n<td style=\"width: 121.209%; text-align: center;\" colspan=\"3\" width=\"153\">\u00a0\u00a0\u00a0\u00a0\u00a0\u00a0\u00a0 Ja<\/td>\n<\/tr>\n<tr>\n<td style=\"width: 26.8509%; text-align: center;\" width=\"128\">Erdfehler\u00fcberwachung<\/td>\n<td style=\"width: 121.209%; text-align: center;\" colspan=\"3\" width=\"153\">\u00a0\u00a0\u00a0\u00a0\u00a0\u00a0\u00a0\u00a0\u00a0\u00a0\u00a0\u00a0\u00a0\u00a0\u00a0\u00a0\u00a0\u00a0\u00a0\u00a0\u00a0\u00a0\u00a0\u00a0\u00a0\u00a0\u00a0\u00a0\u00a0\u00a0\u00a0\u00a0\u00a0\u00a0\u00a0\u00a0\u00a0\u00a0\u00a0\u00a0\u00a0\u00a0\u00a0\u00a0\u00a0\u00a0\u00a0\u00a0\u00a0\u00a0\u00a0\u00a0\u00a0\u00a0\u00a0\u00a0\u00a0\u00a0\u00a0\u00a0\u00a0\u00a0\u00a0\u00a0\u00a0\u00a0\u00a0\u00a0\u00a0\u00a0\u00a0\u00a0\u00a0\u00a0\u00a0\u00a0\u00a0\u00a0\u00a0\u00a0\u00a0\u00a0\u00a0\u00a0\u00a0\u00a0\u00a0\u00a0 Ja<\/td>\n<\/tr>\n<tr>\n<td style=\"width: 26.8509%; text-align: center;\" width=\"128\">Isolationswiderstandserkennung<\/td>\n<td style=\"width: 121.209%; text-align: center;\" colspan=\"3\" width=\"153\">\u00a0\u00a0\u00a0\u00a0\u00a0\u00a0\u00a0 Ja<\/td>\n<\/tr>\n<tr>\n<td style=\"width: 26.8509%; text-align: center;\" width=\"128\">PV-Lichtbogenerkennung<\/td>\n<td style=\"width: 121.209%; text-align: center;\" colspan=\"3\" width=\"153\">\u00a0\u00a0\u00a0\u00a0\u00a0\u00a0\u00a0\u00a0\u00a0\u00a0\u00a0\u00a0\u00a0\u00a0\u00a0\u00a0\u00a0\u00a0\u00a0\u00a0\u00a0\u00a0\u00a0\u00a0\u00a0\u00a0\u00a0\u00a0\u00a0\u00a0\u00a0\u00a0\u00a0\u00a0\u00a0\u00a0\u00a0\u00a0\u00a0\u00a0\u00a0\u00a0\u00a0\u00a0\u00a0\u00a0\u00a0\u00a0\u00a0\u00a0\u00a0\u00a0\u00a0\u00a0\u00a0\u00a0\u00a0\u00a0\u00a0\u00a0\u00a0\u00a0\u00a0\u00a0\u00a0\u00a0\u00a0\u00a0\u00a0\u00a0\u00a0\u00a0\u00a0\u00a0\u00a0\u00a0\u00a0\u00a0\u00a0\u00a0\u00a0\u00a0\u00a0\u00a0\u00a0\u00a0\u00a0\u00a0 Ja<\/td>\n<\/tr>\n<tr>\n<td style=\"width: 26.8509%; text-align: center;\" width=\"128\">Geh\u00e4use sch\u00fctzen Ebene<\/td>\n<td style=\"width: 121.209%; text-align: center;\" colspan=\"3\" width=\"153\">IP65 \/ NEMA4X<\/td>\n<\/tr>\n<tr>\n<td style=\"width: 148.06%; text-align: center;\" colspan=\"4\" width=\"281\">Allgemeine Daten<\/td>\n<\/tr>\n<tr>\n<td style=\"width: 26.8509%; text-align: center;\" width=\"128\">Abmessungen<\/td>\n<td style=\"width: 121.209%; text-align: center;\" colspan=\"3\" width=\"153\">\u00a0\u00a0\u00a0\u00a0\u00a0\u00a0\u00a0\u00a0 370 \u00d7 535 \u00d7 192 mm<\/td>\n<\/tr>\n<tr>\n<td style=\"width: 26.8509%; text-align: center;\" width=\"128\">Gewicht<\/td>\n<td style=\"width: 42.152%; text-align: center;\" width=\"40\">18.5kg<\/td>\n<td style=\"width: 79.0567%; text-align: center;\" colspan=\"2\" width=\"113\">20.5kg<\/td>\n<\/tr>\n<tr>\n<td style=\"width: 26.8509%; text-align: center;\" width=\"128\">\u00a0\u00a0\u00a0\u00a0\u00a0\u00a0 Topologie<\/td>\n<td style=\"width: 121.209%; text-align: center;\" colspan=\"3\" width=\"153\">\u00a0\u00a0\u00a0\u00a0\u00a0\u00a0\u00a0 Transfomerlos<\/td>\n<\/tr>\n<tr>\n<td style=\"width: 26.8509%; text-align: center;\" width=\"128\">\u00a0\u00a0\u00a0\u00a0\u00a0\u00a0 K\u00fchlung<\/td>\n<td style=\"width: 121.209%; text-align: center;\" colspan=\"3\" width=\"153\">Intelligenter L\u00fcfter<\/td>\n<\/tr>\n<tr>\n<td style=\"width: 26.8509%; text-align: center;\" width=\"128\">\u00a0\u00a0\u00a0\u00a0\u00a0\u00a0\u00a0 Relative Luftfeuchtigkeit<\/td>\n<td style=\"width: 121.209%; text-align: center;\" colspan=\"3\" width=\"153\">\u00a0\u00a0\u00a0\u00a0 0-100%<\/td>\n<\/tr>\n<tr>\n<td style=\"width: 26.8509%; text-align: center;\" width=\"128\">\u00a0\u00a0\u00a0\u00a0\u00a0\u00a0\u00a0 Betriebstemperaturbereich<\/td>\n<td style=\"width: 121.209%; text-align: center;\" colspan=\"3\" width=\"153\">-25 bis 60 \u2103<\/td>\n<\/tr>\n<tr>\n<td style=\"width: 26.8509%; text-align: center;\" width=\"128\">\u00a0\u00a0\u00a0\u00a0\u00a0\u00a0\u00a0 Betrieb Alitude<\/td>\n<td style=\"width: 121.209%; text-align: center;\" colspan=\"3\" width=\"153\">\u00a0\u00a0\u00a0\u00a0 c4000m<\/td>\n<\/tr>\n<tr>\n<td style=\"width: 26.8509%; text-align: center;\" width=\"128\">L\u00e4rmemission<\/td>\n<td style=\"width: 121.209%; text-align: center;\" colspan=\"3\" width=\"153\">&lt; 25dB<\/td>\n<\/tr>\n<tr>\n<td style=\"width: 26.8509%; text-align: center;\" width=\"128\">Standby Verbrauch<\/td>\n<td style=\"width: 121.209%; text-align: center;\" colspan=\"3\" width=\"153\">\u00a0\u00a0\u00a0\u00a0\u00a0\u00a0\u00a0 &lt; 10W<\/td>\n<\/tr>\n<tr>\n<td style=\"width: 26.8509%; text-align: center;\" width=\"128\">\u00a0\u00a0\u00a0\u00a0\u00a0\u00a0 Montage<\/td>\n<td style=\"width: 121.209%; text-align: center;\" colspan=\"3\" width=\"153\">Wandhalter<\/td>\n<\/tr>\n<tr>\n<td style=\"width: 26.8509%; text-align: center;\" width=\"128\">Kommunikation mit RSD<\/td>\n<td style=\"width: 121.209%; text-align: center;\" colspan=\"3\" width=\"153\">\u00a0\u00a0\u00a0\u00a0 SUNSPEC<\/td>\n<\/tr>\n<tr>\n<td style=\"width: 26.8509%; text-align: center;\" width=\"128\">Anzeige &amp; Kommunikationsschnittstellen<\/td>\n<td style=\"width: 121.209%; text-align: center;\" colspan=\"3\" width=\"153\">LCD, LED, R54B5, CAN, WLAN, GPRS, 4G<\/td>\n<\/tr>\n<tr>\n<td style=\"width: 26.8509%; text-align: center;\" width=\"128\">Zertifizierung&amp; Genehmigungen<\/td>\n<td style=\"width: 121.209%; text-align: center;\" colspan=\"3\" width=\"153\">NR5097, G98 \/ G99, EN50549-1, C10 \/ C11, A54777.2, VDE-AR-N4105, VDE0126, IEC62109-1, IEC62109-2<\/td>\n<\/tr>\n<tr>\n<td style=\"width: 26.8509%; text-align: center;\" width=\"128\">EMV<\/td>\n<td style=\"width: 121.209%; text-align: center;\" colspan=\"3\" width=\"153\">EN61000-6-2, EN61000-6-3<\/td>\n<\/tr>\n<\/tbody>\n<\/table>","protected":false},"excerpt":{"rendered":"<p><span style=\"font-family: 'arial black', sans-serif; font-size: 14pt;\"><strong>Einphasiger HV-Hybrid-Wechselrichter<\/strong><\/span><br \/>\nZuverl\u00e4ssig und effizient ist unser Single-Phase HV Hybrid Inverter f\u00fcr Wohnanwendungen konzipiert. Es unterst\u00fctzt Hochspannungsbatteriesysteme, nahtlose Netzinteraktion und intelligentes Energiemanagement f\u00fcr optimalen Eigenverbrauch und Backup-Strom.<\/p>","protected":false},"featured_media":1409,"comment_status":"closed","ping_status":"closed","template":"","meta":[],"product_brand":[],"product_cat":[30],"product_tag":[],"class_list":{"0":"post-1408","1":"product","2":"type-product","3":"status-publish","4":"has-post-thumbnail","6":"product_cat-hybrid-inverter","8":"first","9":"instock","10":"shipping-taxable","11":"product-type-simple"},"_links":{"self":[{"href":"https:\/\/www.epotr.com\/de\/wp-json\/wp\/v2\/product\/1408","targetHints":{"allow":["GET"]}}],"collection":[{"href":"https:\/\/www.epotr.com\/de\/wp-json\/wp\/v2\/product"}],"about":[{"href":"https:\/\/www.epotr.com\/de\/wp-json\/wp\/v2\/types\/product"}],"replies":[{"embeddable":true,"href":"https:\/\/www.epotr.com\/de\/wp-json\/wp\/v2\/comments?post=1408"}],"wp:featuredmedia":[{"embeddable":true,"href":"https:\/\/www.epotr.com\/de\/wp-json\/wp\/v2\/media\/1409"}],"wp:attachment":[{"href":"https:\/\/www.epotr.com\/de\/wp-json\/wp\/v2\/media?parent=1408"}],"wp:term":[{"taxonomy":"product_brand","embeddable":true,"href":"https:\/\/www.epotr.com\/de\/wp-json\/wp\/v2\/product_brand?post=1408"},{"taxonomy":"product_cat","embeddable":true,"href":"https:\/\/www.epotr.com\/de\/wp-json\/wp\/v2\/product_cat?post=1408"},{"taxonomy":"product_tag","embeddable":true,"href":"https:\/\/www.epotr.com\/de\/wp-json\/wp\/v2\/product_tag?post=1408"}],"curies":[{"name":"WP","href":"https:\/\/api.w.org\/{rel}","templated":true}]}}